{"id":6353,"date":"2026-04-24T09:02:02","date_gmt":"2026-04-24T02:02:02","guid":{"rendered":"https:\/\/nhadepbepxinh.com.vn\/?post_type=product&#038;p=6353"},"modified":"2026-04-24T09:02:02","modified_gmt":"2026-04-24T02:02:02","slug":"bep-tu-kaff-kf-fl999ii","status":"publish","type":"product","link":"https:\/\/nhadepbepxinh.com.vn\/?product=bep-tu-kaff-kf-fl999ii","title":{"rendered":"B\u1ebeP T\u1eea KAFF KF-FL999II"},"content":{"rendered":"<h3 class=\"text-uppercase product-setting position-relative mt-sm-3\">M\u00f4 t\u1ea3 s\u1ea3n ph\u1ea9m<\/h3>\n<ul class=\"short_pro_desc\">\n<li>B\u1ebfp 02 t\u1eeb \u2013 Xu\u1ea5t X\u1ee9: Made In Malaysia<\/li>\n<li>M\u1eb7t k\u00ednh Eurokera (k+)<\/li>\n<li>\u0110\u1ea7u \u0111\u1ed1t EGO Made in Germany<\/li>\n<li>Ch\u1ee9c n\u0103ng Booster c\u1ef1c nhanh v\u1edbi b\u1ebfp t\u1eeb<\/li>\n<li>10 d\u1ea3i c\u00f4ng su\u1ea5t<\/li>\n<li>\u0110i\u1ec1u khi\u1ec3n c\u1ea3m \u1ee9ng Slider d\u1ea1ng \u1ea9n tr\u1ef1c ti\u1ebfp tr\u00ean m\u1eb7t b\u1ebfp<\/li>\n<li>Ch\u1ebf \u0111\u1ed9 h\u1eb9n gi\u1edd, kh\u00f3a tr\u1ebb em th\u00f4ng minh, ti\u1ec7n d\u1ee5ng<\/li>\n<li>Ch\u1ee9c n\u0103ng t\u1ef1 nh\u1eadn di\u1ec7n v\u00f9ng n\u1ea5u<\/li>\n<li>Ch\u1ee9c n\u0103ng Inverter v\u00e0 chia c\u00f4ng su\u1ea5t ti\u1ebft ki\u1ec7m \u0111i\u1ec7n n\u0103ng, b\u1ea3o v\u1ec7 b\u1ebfp<\/li>\n<li>\n<table class=\"table table-bordered\">\n<thead>\n<tr>\n<th>M\u00e3 s\u1ea3n ph\u1ea9m<\/th>\n<th>KF-FL999II<\/th>\n<\/tr>\n<\/thead>\n<tbody>\n<tr>\n<td>* Xu\u1ea5t s\u1ee9<\/td>\n<td>Made In Malaysia<\/td>\n<\/tr>\n<tr>\n<td>* Lo\u1ea1i b\u1ebfp<\/td>\n<td>B\u1ebfp 2 l\u00f2 t\u1eeb c\u1ea3m \u1ee9ng<\/td>\n<\/tr>\n<tr>\n<td>* C\u00f4ng su\u1ea5t b\u1ebfp:<\/td>\n<td>2000Wx2000W<\/td>\n<\/tr>\n<tr>\n<td>* M\u1eb7t k\u00ednh<\/td>\n<td>M\u1eb7t k\u00ednh Eurokera (k+)<\/td>\n<\/tr>\n<tr>\n<td>* \u0110\u1ea7u \u0111\u1ed1t<\/td>\n<td>EGO Made in Germany<\/td>\n<\/tr>\n<tr>\n<td>* N\u00fat \u0110i\u1ec1u khi\u1ec3n<\/td>\n<td>\u0110i\u1ec1u khi\u1ec3n c\u1ea3m \u1ee9ng Slider d\u1ea1ng \u1ea9n tr\u1ef1c ti\u1ebfp tr\u00ean m\u1eb7t b\u1ebfp<\/td>\n<\/tr>\n<tr>\n<td>* Booster<\/td>\n<td>Ch\u1ee9c n\u0103ng Booster c\u1ef1c nhanh v\u1edbi b\u1ebfp t\u1eeb<\/td>\n<\/tr>\n<tr>\n<td>* Ch\u1ee9c n\u0103ng h\u1eb9n gi\u1edd<\/td>\n<td>Ch\u1ebf \u0111\u1ed9 h\u1eb9n gi\u1edd, kh\u00f3a tr\u1ebb em th\u00f4ng minh, ti\u1ec7n d\u1ee5ng<\/td>\n<\/tr>\n<tr>\n<td>* Ch\u1ee9c n\u0103ng 02 v\u00f2ng nhi\u1ec7t<\/td>\n<td>Ch\u1ebf \u0111\u1ed9 03 v\u00f2ng nhi\u1ec7t ti\u1ec7n d\u1ee5ng v\u1edbi c\u00e1c lo\u1ea1i n\u1ed3i l\u1edbn nh\u1ecf<\/td>\n<\/tr>\n<tr>\n<td>* Ch\u1ee9c n\u0103ng Inverter<\/td>\n<td>Ch\u1ee9c n\u0103ng Inverter v\u00e0 chia c\u00f4ng su\u1ea5t ti\u1ebft ki\u1ec7m \u0111i\u1ec7n n\u0103ng, b\u1ea3o v\u1ec7 b\u1ebfp<\/td>\n<\/tr>\n<tr>\n<td>* Ch\u1ee9c n\u0103ng t\u1ef1 nh\u1eadn di\u1ec7n v\u00f9ng n\u1ea5u<\/td>\n<td>C\u00f3<\/td>\n<\/tr>\n<tr>\n<td>* Ch\u1ee9c n\u0103ng chi\u00ean x\u00e0o<\/td>\n<td>C\u00f3<\/td>\n<\/tr>\n<tr>\n<td>* Ch\u1ee9c n\u0103ng h\u00e2m<\/td>\n<td>C\u00f3<\/td>\n<\/tr>\n<tr>\n<td>* Ch\u1ee9c n\u0103ng ch\u1ed1ng tr\u00e0n<\/td>\n<td>C\u00f3<\/td>\n<\/tr>\n<tr>\n<td>* C\u1ea3m \u1ee9ng qu\u00e1 nhi\u1ec7t<\/td>\n<td>C\u00f3<\/td>\n<\/tr>\n<tr>\n<td>* K\u00edch th\u01b0\u1edbc m\u1eb7t k\u00ednh<\/td>\n<td>720x430mm<\/td>\n<\/tr>\n<tr>\n<td>*\u00a0K\u00edch th\u01b0\u1edbc kho\u00e9t \u0111\u00e1<\/td>\n<td>680x390mm<\/td>\n<\/tr>\n<tr>\n<td>*\u00a0B\u1ea3o h\u00e0nh<\/td>\n<td>05 N\u0103m<\/td>\n<\/tr>\n<\/tbody>\n<\/table>\n<\/li>\n<\/ul>\n","protected":false},"excerpt":{"rendered":"<p>M\u00f4 t\u1ea3 s\u1ea3n ph\u1ea9m B\u1ebfp 02 t\u1eeb \u2013 Xu\u1ea5t X\u1ee9: Made In Malaysia M\u1eb7t k\u00ednh Eurokera (k+) \u0110\u1ea7u \u0111\u1ed1t EGO Made in Germany Ch\u1ee9c n\u0103ng Booster c\u1ef1c nhanh v\u1edbi b\u1ebfp t\u1eeb 10 d\u1ea3i c\u00f4ng su\u1ea5t \u0110i\u1ec1u khi\u1ec3n c\u1ea3m \u1ee9ng Slider d\u1ea1ng \u1ea9n tr\u1ef1c ti\u1ebfp tr\u00ean m\u1eb7t b\u1ebfp Ch\u1ebf \u0111\u1ed9 h\u1eb9n gi\u1edd, kh\u00f3a tr\u1ebb em th\u00f4ng&#8230;<\/p>\n","protected":false},"featured_media":6354,"comment_status":"open","ping_status":"closed","template":"","meta":[],"product_brand":[],"product_cat":[15,33],"product_tag":[],"class_list":{"0":"post-6353","1":"product","2":"type-product","3":"status-publish","4":"has-post-thumbnail","6":"product_cat-bep-tu","7":"product_cat-hang-kaff","9":"first","10":"instock","11":"shipping-taxable","12":"product-type-simple"},"_links":{"self":[{"href":"https:\/\/nhadepbepxinh.com.vn\/index.php?rest_route=\/wp\/v2\/product\/6353","targetHints":{"allow":["GET"]}}],"collection":[{"href":"https:\/\/nhadepbepxinh.com.vn\/index.php?rest_route=\/wp\/v2\/product"}],"about":[{"href":"https:\/\/nhadepbepxinh.com.vn\/index.php?rest_route=\/wp\/v2\/types\/product"}],"replies":[{"embeddable":true,"href":"https:\/\/nhadepbepxinh.com.vn\/index.php?rest_route=%2Fwp%2Fv2%2Fcomments&post=6353"}],"wp:featuredmedia":[{"embeddable":true,"href":"https:\/\/nhadepbepxinh.com.vn\/index.php?rest_route=\/wp\/v2\/media\/6354"}],"wp:attachment":[{"href":"https:\/\/nhadepbepxinh.com.vn\/index.php?rest_route=%2Fwp%2Fv2%2Fmedia&parent=6353"}],"wp:term":[{"taxonomy":"product_brand","embeddable":true,"href":"https:\/\/nhadepbepxinh.com.vn\/index.php?rest_route=%2Fwp%2Fv2%2Fproduct_brand&post=6353"},{"taxonomy":"product_cat","embeddable":true,"href":"https:\/\/nhadepbepxinh.com.vn\/index.php?rest_route=%2Fwp%2Fv2%2Fproduct_cat&post=6353"},{"taxonomy":"product_tag","embeddable":true,"href":"https:\/\/nhadepbepxinh.com.vn\/index.php?rest_route=%2Fwp%2Fv2%2Fproduct_tag&post=6353"}],"curies":[{"name":"wp","href":"https:\/\/api.w.org\/{rel}","templated":true}]}}