{"id":6342,"date":"2026-04-06T14:27:14","date_gmt":"2026-04-06T07:27:14","guid":{"rendered":"https:\/\/nhadepbepxinh.com.vn\/?post_type=product&#038;p=6342"},"modified":"2026-04-06T14:27:14","modified_gmt":"2026-04-06T07:27:14","slug":"bep-tu-kocher-di-221-2","status":"publish","type":"product","link":"https:\/\/nhadepbepxinh.com.vn\/?product=bep-tu-kocher-di-221-2","title":{"rendered":"B\u1ebeP T\u1eea KOCHER DI-221"},"content":{"rendered":"<p class=\"parameter__title\">Th\u00f4ng s\u1ed1 k\u1ef9 thu\u1eadt<strong>B\u1ebfp t\u1eeb Kocher DI-221<\/strong><\/p>\n<div class=\"parameter js-content-tskt expandts\">\n<ul>\n<li>C\u00f4ng su\u1ea5t: Tr\u00e1i 2000W (booster 2200W); Ph\u1ea3i 2000W (booster 2200W)<\/li>\n<li>Ch\u1ea5t li\u1ec7u: M\u1eb7t k\u00ednh Keramik v\u00e1t c\u1ea1nh\u00a0bo vi\u1ec1n Aluminum<\/li>\n<li>\u0110i\u1ec1u khi\u1ec3n t\u1ed5 h\u1ee3p ph\u00edm Slider v\u1edbi 9 m\u1ee9c c\u00f4ng su\u1ea5t<\/li>\n<li>Ch\u1ee9c n\u0103ng t\u0103ng t\u1ed1c khi \u0111un n\u1ea5u Booster<\/li>\n<li>V\u00f9ng n\u1ea5u t\u1eeb t\u1ef1 nh\u1eadn bi\u1ebft k\u00edch c\u1ee1 xoong n\u1ed3i<\/li>\n<li>H\u1eb9n gi\u1edd \u0111\u1ed9c l\u1eadp cho t\u1eebng v\u00f9ng n\u1ea5u, th\u1eddi gian h\u1eb9n 99 ph\u00fat<\/li>\n<li>Inverter ti\u1ebft ki\u1ec7m \u0111i\u1ec7n n\u0103ng<\/li>\n<li>T\u00cdNH N\u0102NG AN TO\u00c0N:<\/li>\n<li>C\u1ea3nh b\u00e1o nhi\u1ec7t d\u01b0 v\u00f9ng n\u1ea5u Residual Heal (H)<\/li>\n<li>T\u1ef1 \u0111\u1ed9ng t\u1eaft b\u1ebfp khi kh\u00f4ng c\u00f3 n\u1ed3i Pot Detection<\/li>\n<li>T\u1ef1 \u0111\u1ed9ng t\u1eaft b\u1ebfp khi \u0111\u1ec3 qu\u00ean Automatic switch off<\/li>\n<li>T\u00ednh n\u0103ng t\u1ea1m d\u1eebng Pause<\/li>\n<li>H\u1ec7 th\u1ed1ng t\u1ef1 t\u1eaft khi nhi\u1ec7t \u0111\u1ed9 qu\u00e1 cao Over heating shut off<\/li>\n<li>Ch\u1ee9c n\u0103ng ch\u1ed1ng tr\u00e0o n\u01b0\u1edbc t\u1ef1 \u0111\u1ed9ng ng\u1eaft<\/li>\n<li>Kh\u00f3a an to\u00e0n tr\u1ebb em Child Lock<\/li>\n<li>\u0110i\u1ec7n \u00e1p 220V\/50Hz<\/li>\n<li>K\u00edch th\u01b0\u1edbc s\u1ea3n ph\u1ea9m: 730R x 430S x 56C mm<\/li>\n<li>K\u00edch th\u01b0\u1edbc c\u1eaft \u0111\u00e1: 695R x 395S mm<\/li>\n<li>Xu\u1ea5t x\u1ee9: Malaysia<\/li>\n<li>B\u1ea3o h\u00e0nh: 3 n\u0103m<\/li>\n<\/ul>\n<\/div>\n","protected":false},"excerpt":{"rendered":"<p>Th\u00f4ng s\u1ed1 k\u1ef9 thu\u1eadtB\u1ebfp t\u1eeb Kocher DI-221 C\u00f4ng su\u1ea5t: Tr\u00e1i 2000W (booster 2200W); Ph\u1ea3i 2000W (booster 2200W) Ch\u1ea5t li\u1ec7u: M\u1eb7t k\u00ednh Keramik v\u00e1t c\u1ea1nh\u00a0bo vi\u1ec1n Aluminum \u0110i\u1ec1u khi\u1ec3n t\u1ed5 h\u1ee3p ph\u00edm Slider v\u1edbi 9 m\u1ee9c c\u00f4ng su\u1ea5t Ch\u1ee9c n\u0103ng t\u0103ng t\u1ed1c khi \u0111un n\u1ea5u Booster V\u00f9ng n\u1ea5u t\u1eeb t\u1ef1 nh\u1eadn bi\u1ebft k\u00edch c\u1ee1 xoong n\u1ed3i&#8230;<\/p>\n","protected":false},"featured_media":6343,"comment_status":"open","ping_status":"closed","template":"","meta":[],"product_brand":[],"product_cat":[15,35],"product_tag":[],"class_list":{"0":"post-6342","1":"product","2":"type-product","3":"status-publish","4":"has-post-thumbnail","6":"product_cat-bep-tu","7":"product_cat-hang-kocher","9":"first","10":"instock","11":"shipping-taxable","12":"product-type-simple"},"_links":{"self":[{"href":"https:\/\/nhadepbepxinh.com.vn\/index.php?rest_route=\/wp\/v2\/product\/6342","targetHints":{"allow":["GET"]}}],"collection":[{"href":"https:\/\/nhadepbepxinh.com.vn\/index.php?rest_route=\/wp\/v2\/product"}],"about":[{"href":"https:\/\/nhadepbepxinh.com.vn\/index.php?rest_route=\/wp\/v2\/types\/product"}],"replies":[{"embeddable":true,"href":"https:\/\/nhadepbepxinh.com.vn\/index.php?rest_route=%2Fwp%2Fv2%2Fcomments&post=6342"}],"wp:featuredmedia":[{"embeddable":true,"href":"https:\/\/nhadepbepxinh.com.vn\/index.php?rest_route=\/wp\/v2\/media\/6343"}],"wp:attachment":[{"href":"https:\/\/nhadepbepxinh.com.vn\/index.php?rest_route=%2Fwp%2Fv2%2Fmedia&parent=6342"}],"wp:term":[{"taxonomy":"product_brand","embeddable":true,"href":"https:\/\/nhadepbepxinh.com.vn\/index.php?rest_route=%2Fwp%2Fv2%2Fproduct_brand&post=6342"},{"taxonomy":"product_cat","embeddable":true,"href":"https:\/\/nhadepbepxinh.com.vn\/index.php?rest_route=%2Fwp%2Fv2%2Fproduct_cat&post=6342"},{"taxonomy":"product_tag","embeddable":true,"href":"https:\/\/nhadepbepxinh.com.vn\/index.php?rest_route=%2Fwp%2Fv2%2Fproduct_tag&post=6342"}],"curies":[{"name":"wp","href":"https:\/\/api.w.org\/{rel}","templated":true}]}}