{"id":6336,"date":"2026-03-27T14:57:02","date_gmt":"2026-03-27T07:57:02","guid":{"rendered":"https:\/\/nhadepbepxinh.com.vn\/?post_type=product&#038;p=6336"},"modified":"2026-03-27T14:57:02","modified_gmt":"2026-03-27T07:57:02","slug":"voi-sen-nong-lanh-caesar-s493c","status":"publish","type":"product","link":"https:\/\/nhadepbepxinh.com.vn\/?product=voi-sen-nong-lanh-caesar-s493c","title":{"rendered":"V\u00f2i Sen N\u00f3ng L\u1ea1nh CAESAR S493C"},"content":{"rendered":"<h2><strong>Th\u00f4ng tin v\u00f2i sen n\u00f3ng l\u1ea1nh Caesar S493C<\/strong><\/h2>\n<ul>\n<li>T\u00ean s\u1ea3n ph\u1ea9m :\u00a0<strong>V\u00f2i sen n\u00f3ng l\u1ea1nh\u00a0Caesar\u00a0<\/strong>S493C<\/li>\n<li>\u00c1p l\u1ef1c n\u01b0\u1edbc<strong>\u00a0: 0.05\u00a0<\/strong>MPa<strong>\u00a0~ 0.75\u00a0<\/strong>MPa<\/li>\n<li>Ch\u1ea5t li\u1ec7u ch\u1ee7 y\u1ebfu :\u00a0<b>\u0110\u1ed3ng<\/b><\/li>\n<li>Ch\u1ea5t li\u1ec7u l\u1edbp m\u1ea1: Crom, Niken<\/li>\n<li>D\u00e2y sen v\u00e0 B\u00e1t sen b\u1eb1ng nh\u1ef1a m\u1ea1 Crom \u2013 Niken<\/li>\n<li>C\u00f4ng ngh\u00ea: \u0110\u00e0i Loan<\/li>\n<li>Xu\u1ea5t x\u1ee9: Vi\u1ec7t Nam<\/li>\n<\/ul>\n<h2><strong>T\u00ednh n\u0103ng v\u00f2i hoa sen Caesar S493C n\u00f3ng l\u1ea1nh<\/strong><\/h2>\n<ul>\n<li>C\u00f3 2 ch\u1ebf \u0111\u1ed9 r\u1eeda : N\u00f3ng \u2013 L\u1ea1nh<\/li>\n<li>L\u1edbp m\u1ea1 b\u1ec1n v\u1eefng v\u1edbi th\u1eddi gian<\/li>\n<li>Thi\u1ebft k\u1ebf trang nh\u00e3<\/li>\n<li>V\u00f2i sen Caesar\u00a0n\u00f3ng l\u1ea1nh\u00a0S493C\u00a0\u0111\u01b0\u1ee3c thi\u1ebft k\u1ebf (tinh t\u1ebf, sang tr\u1ecdng) t\u1eeb\u00a0th\u01b0\u01a1ng hi\u1ec7u\u00a0<strong>thi\u1ebft b\u1ecb v\u1ec7 sinh\u00a0CAESAR<\/strong><\/li>\n<li>B\u00e1t sen \u0111\u01b0\u1ee3c thi\u1ebft k\u1ebf \u0111\u1eb7c bi\u1ec7t gi\u00fap cho phun n\u01b0\u1edbc \u0111\u1ec1u, Tay sen 1 ch\u1ebf \u0111\u1ed9<\/li>\n<li>Sen \u0111\u01b0\u1ee3c thi\u1ebft k\u1ebf v\u1edbi c\u00f4ng ngh\u1ec7 (ECOFUL SHOWER) gi\u00fap ti\u1ebft ki\u1ec7m n\u01b0\u1edbc<\/li>\n<li>D\u1ec5 d\u00e0ng v\u00e0 ti\u1ec7n l\u1ee3i khi s\u1eed d\u1ee5ng<\/li>\n<\/ul>\n<h2><strong>B\u1ea3n v\u1ebd k\u1ef9 thu\u1eadt v\u00f2i sen t\u1eafm caesar S 493C<\/strong><\/h2>\n<p><img decoding=\"async\" class=\"lozad loaded\" src=\"https:\/\/www.tdm.vn\/image\/catalog\/products\/product_s493c\/ban-ve-voi-sen-nong-lanh-caesar-s493c.jpg\" alt=\"B\u1ea3n v\u1ebd k\u1ef9 thu\u1eadt v\u00f2i sen t\u1eafm caesar S 493C\" data-src=\"https:\/\/www.tdm.vn\/image\/catalog\/products\/product_s493c\/ban-ve-voi-sen-nong-lanh-caesar-s493c.jpg\" data-loaded=\"true\" \/><\/p>\n","protected":false},"excerpt":{"rendered":"<p>Th\u00f4ng tin v\u00f2i sen n\u00f3ng l\u1ea1nh Caesar S493C T\u00ean s\u1ea3n ph\u1ea9m :\u00a0V\u00f2i sen n\u00f3ng l\u1ea1nh\u00a0Caesar\u00a0S493C \u00c1p l\u1ef1c n\u01b0\u1edbc\u00a0: 0.05\u00a0MPa\u00a0~ 0.75\u00a0MPa Ch\u1ea5t li\u1ec7u ch\u1ee7 y\u1ebfu :\u00a0\u0110\u1ed3ng Ch\u1ea5t li\u1ec7u l\u1edbp m\u1ea1: Crom, Niken D\u00e2y sen v\u00e0 B\u00e1t sen b\u1eb1ng nh\u1ef1a m\u1ea1 Crom \u2013 Niken C\u00f4ng ngh\u00ea: \u0110\u00e0i Loan Xu\u1ea5t x\u1ee9: Vi\u1ec7t Nam T\u00ednh n\u0103ng v\u00f2i hoa sen&#8230;<\/p>\n","protected":false},"featured_media":6337,"comment_status":"open","ping_status":"closed","template":"","meta":[],"product_brand":[],"product_cat":[18,30],"product_tag":[],"class_list":{"0":"post-6336","1":"product","2":"type-product","3":"status-publish","4":"has-post-thumbnail","6":"product_cat-thiet-bi-ve-sinh","7":"product_cat-sen-tam-thuong","9":"first","10":"instock","11":"shipping-taxable","12":"product-type-simple"},"_links":{"self":[{"href":"https:\/\/nhadepbepxinh.com.vn\/index.php?rest_route=\/wp\/v2\/product\/6336","targetHints":{"allow":["GET"]}}],"collection":[{"href":"https:\/\/nhadepbepxinh.com.vn\/index.php?rest_route=\/wp\/v2\/product"}],"about":[{"href":"https:\/\/nhadepbepxinh.com.vn\/index.php?rest_route=\/wp\/v2\/types\/product"}],"replies":[{"embeddable":true,"href":"https:\/\/nhadepbepxinh.com.vn\/index.php?rest_route=%2Fwp%2Fv2%2Fcomments&post=6336"}],"wp:featuredmedia":[{"embeddable":true,"href":"https:\/\/nhadepbepxinh.com.vn\/index.php?rest_route=\/wp\/v2\/media\/6337"}],"wp:attachment":[{"href":"https:\/\/nhadepbepxinh.com.vn\/index.php?rest_route=%2Fwp%2Fv2%2Fmedia&parent=6336"}],"wp:term":[{"taxonomy":"product_brand","embeddable":true,"href":"https:\/\/nhadepbepxinh.com.vn\/index.php?rest_route=%2Fwp%2Fv2%2Fproduct_brand&post=6336"},{"taxonomy":"product_cat","embeddable":true,"href":"https:\/\/nhadepbepxinh.com.vn\/index.php?rest_route=%2Fwp%2Fv2%2Fproduct_cat&post=6336"},{"taxonomy":"product_tag","embeddable":true,"href":"https:\/\/nhadepbepxinh.com.vn\/index.php?rest_route=%2Fwp%2Fv2%2Fproduct_tag&post=6336"}],"curies":[{"name":"wp","href":"https:\/\/api.w.org\/{rel}","templated":true}]}}