{"id":6333,"date":"2026-03-27T14:17:55","date_gmt":"2026-03-27T07:17:55","guid":{"rendered":"https:\/\/nhadepbepxinh.com.vn\/?post_type=product&#038;p=6333"},"modified":"2026-03-27T14:17:56","modified_gmt":"2026-03-27T07:17:56","slug":"chau-rua-lavabo-va-chan-ngan-viglacera-v59-treo-tuong","status":"publish","type":"product","link":"https:\/\/nhadepbepxinh.com.vn\/?product=chau-rua-lavabo-va-chan-ngan-viglacera-v59-treo-tuong","title":{"rendered":"Ch\u1eadu R\u1eeda Lavabo V\u00e0 Ch\u00e2n Ng\u1eafn Viglacera V59 Treo T\u01b0\u1eddng"},"content":{"rendered":"<h2><strong>Th\u00f4ng s\u1ed1\u00a0ch\u1eadu lavabo treo t\u01b0\u1eddng Viglacera V59:<\/strong><\/h2>\n<ul>\n<li>S\u1ea3n ph\u1ea9m thu\u1ed9c danh m\u1ee5c:\u00a0Lavabo treo t\u01b0\u1eddng<\/li>\n<li>K\u00edch th\u01b0\u1edbc: D\u00e0i 510\u00a0x R\u1ed9ng 370\u00a0x Cao 366\u00a0mm<\/li>\n<li>\u0110\u01b0\u1eddng k\u00ednh l\u1ed7 b\u1eaft v\u00f2i: \u00d835 mm<\/li>\n<li>M\u00e0u s\u1eafc: Tr\u1eafng<\/li>\n<li>V\u1eadt li\u1ec7u ph\u1ee7: Ag+ Ceramic<\/li>\n<li>L\u1ed7 b\u1eaft v\u00f2i: Tr\u00ean ch\u1eadu<\/li>\n<li>L\u1ed7 x\u1ea3 tho\u00e1t tr\u00e0n: C\u00f3<\/li>\n<li>L\u1eafp \u0111\u1eb7t: Treo t\u01b0\u1eddng<\/li>\n<\/ul>\n<h2><strong>B\u1ea3n v\u1ebd\u00a0<\/strong><strong>ch\u1eadu lavabo treo t\u01b0\u1eddng Viglacera V59:<\/strong><\/h2>\n<p><img loading=\"lazy\" decoding=\"async\" class=\"alignnone size-full wp-image-6081\" src=\"https:\/\/viglacerats.com\/wp-content\/uploads\/2025\/11\/ban-ve-chau-v59.jpg\" alt=\"\" width=\"471\" height=\"469\" \/><\/p>\n","protected":false},"excerpt":{"rendered":"<p>Th\u00f4ng s\u1ed1\u00a0ch\u1eadu lavabo treo t\u01b0\u1eddng Viglacera V59: S\u1ea3n ph\u1ea9m thu\u1ed9c danh m\u1ee5c:\u00a0Lavabo treo t\u01b0\u1eddng K\u00edch th\u01b0\u1edbc: D\u00e0i 510\u00a0x R\u1ed9ng 370\u00a0x Cao 366\u00a0mm \u0110\u01b0\u1eddng k\u00ednh l\u1ed7 b\u1eaft v\u00f2i: \u00d835 mm M\u00e0u s\u1eafc: Tr\u1eafng V\u1eadt li\u1ec7u ph\u1ee7: Ag+ Ceramic L\u1ed7 b\u1eaft v\u00f2i: Tr\u00ean ch\u1eadu L\u1ed7 x\u1ea3 tho\u00e1t tr\u00e0n: C\u00f3 L\u1eafp \u0111\u1eb7t: Treo t\u01b0\u1eddng B\u1ea3n v\u1ebd\u00a0ch\u1eadu lavabo treo&#8230;<\/p>\n","protected":false},"featured_media":6334,"comment_status":"open","ping_status":"closed","template":"","meta":[],"product_brand":[],"product_cat":[18,27],"product_tag":[],"class_list":{"0":"post-6333","1":"product","2":"type-product","3":"status-publish","4":"has-post-thumbnail","6":"product_cat-thiet-bi-ve-sinh","7":"product_cat-lavabo","9":"first","10":"instock","11":"shipping-taxable","12":"product-type-simple"},"_links":{"self":[{"href":"https:\/\/nhadepbepxinh.com.vn\/index.php?rest_route=\/wp\/v2\/product\/6333","targetHints":{"allow":["GET"]}}],"collection":[{"href":"https:\/\/nhadepbepxinh.com.vn\/index.php?rest_route=\/wp\/v2\/product"}],"about":[{"href":"https:\/\/nhadepbepxinh.com.vn\/index.php?rest_route=\/wp\/v2\/types\/product"}],"replies":[{"embeddable":true,"href":"https:\/\/nhadepbepxinh.com.vn\/index.php?rest_route=%2Fwp%2Fv2%2Fcomments&post=6333"}],"wp:featuredmedia":[{"embeddable":true,"href":"https:\/\/nhadepbepxinh.com.vn\/index.php?rest_route=\/wp\/v2\/media\/6334"}],"wp:attachment":[{"href":"https:\/\/nhadepbepxinh.com.vn\/index.php?rest_route=%2Fwp%2Fv2%2Fmedia&parent=6333"}],"wp:term":[{"taxonomy":"product_brand","embeddable":true,"href":"https:\/\/nhadepbepxinh.com.vn\/index.php?rest_route=%2Fwp%2Fv2%2Fproduct_brand&post=6333"},{"taxonomy":"product_cat","embeddable":true,"href":"https:\/\/nhadepbepxinh.com.vn\/index.php?rest_route=%2Fwp%2Fv2%2Fproduct_cat&post=6333"},{"taxonomy":"product_tag","embeddable":true,"href":"https:\/\/nhadepbepxinh.com.vn\/index.php?rest_route=%2Fwp%2Fv2%2Fproduct_tag&post=6333"}],"curies":[{"name":"wp","href":"https:\/\/api.w.org\/{rel}","templated":true}]}}