{"id":6318,"date":"2026-03-27T09:59:28","date_gmt":"2026-03-27T02:59:28","guid":{"rendered":"https:\/\/nhadepbepxinh.com.vn\/?post_type=product&#038;p=6318"},"modified":"2026-03-27T09:59:28","modified_gmt":"2026-03-27T02:59:28","slug":"may-hut-mui-kocher-k6370","status":"publish","type":"product","link":"https:\/\/nhadepbepxinh.com.vn\/?product=may-hut-mui-kocher-k6370","title":{"rendered":"M\u00c1Y H\u00daT M\u00d9I KOCHER K6370"},"content":{"rendered":"<div id=\"product_desc\" class=\"col large-12\">\n<div class=\"box_desc\">\n<div class=\"text_white heading_sec fs_32 uppercase text-center\">M\u00f4 t\u1ea3 s\u1ea3n ph\u1ea9m<\/div>\n<div class=\"list_desc trim\">\n<div class=\"item flex items-center\">\n<div class=\"box_img\"><img loading=\"lazy\" decoding=\"async\" class=\"lazyloaded\" src=\"https:\/\/kocher.vn\/wp-content\/uploads\/2025\/11\/6370_5.png\" sizes=\"auto, (max-width: 1200px) 100vw, 1200px\" srcset=\"https:\/\/kocher.vn\/wp-content\/uploads\/2025\/11\/6370_5.png 1200w, https:\/\/kocher.vn\/wp-content\/uploads\/2025\/11\/6370_5-400x400.png 400w, https:\/\/kocher.vn\/wp-content\/uploads\/2025\/11\/6370_5-800x800.png 800w, https:\/\/kocher.vn\/wp-content\/uploads\/2025\/11\/6370_5-300x300.png 300w, https:\/\/kocher.vn\/wp-content\/uploads\/2025\/11\/6370_5-768x768.png 768w\" alt=\"\" width=\"1200\" height=\"1200\" data-ll-status=\"loaded\" \/><\/div>\n<div class=\"content last-reset\">\n<h2><strong>M\u00c1Y H\u00daT M\u00d9I \u00c2M T\u1ee6 70CM K6370 \u2013 PHI\u00caN B\u1ea2N TH\u1ebe H\u1ec6 M\u1edaI PH\u00d9 H\u1ee2P V\u1edaI M\u1eccI KH\u00d4NG GIAN B\u1ebeP<\/strong><\/h2>\n<p data-start=\"564\" data-end=\"901\"><strong data-start=\"564\" data-end=\"580\">K\u00f6cher K6370<\/strong>\u00a0l\u00e0 m\u1eabu\u00a0<strong data-start=\"588\" data-end=\"614\">m\u00e1y h\u00fat m\u00f9i \u00e2m t\u1ee7 70cm<\/strong>\u00a0th\u1ebf h\u1ec7 m\u1edbi, \u0111\u01b0\u1ee3c ph\u00e1t tri\u1ec3n d\u1ef1a tr\u00ean ti\u00eau ch\u00ed: g\u1ecdn g\u00e0ng, m\u1ea1nh m\u1ebd v\u00e0 b\u1ec1n b\u1ec9 trong qu\u00e1 tr\u00ecnh s\u1eed d\u1ee5ng l\u00e2u d\u00e0i. V\u1edbi thi\u1ebft k\u1ebf\u00a0<strong data-start=\"736\" data-end=\"766\">ph\u1eb3ng \u2013 nguy\u00ean kh\u1ed1i \u2013 70cm<\/strong>, s\u1ea3n ph\u1ea9m \u0111\u00e1p \u1ee9ng t\u1ed1t nhu c\u1ea7u c\u1ee7a nh\u1eefng c\u0103n b\u1ebfp c\u00f3 di\u1ec7n t\u00edch l\u1edbn ho\u1eb7c b\u1ebfp n\u1ea5u r\u1ed9ng, \u0111\u00f2i h\u1ecfi kh\u1ea3 n\u0103ng h\u00fat m\u00f9i hi\u1ec7u qu\u1ea3 v\u00e0 bao ph\u1ee7 r\u1ed9ng.<\/p>\n<p data-start=\"903\" data-end=\"1033\">K6370 \u0111\u01b0\u1ee3c s\u1ea3n xu\u1ea5t t\u1ea1i Vi\u1ec7t Nam theo ti\u00eau chu\u1ea9n\u00a0<strong data-start=\"952\" data-end=\"969\">ISO 9001:2015<\/strong>, \u0111\u1ea3m b\u1ea3o ch\u1ea5t l\u01b0\u1ee3ng \u1ed5n \u0111\u1ecbnh, v\u1eadt li\u1ec7u b\u1ec1n v\u00e0 \u0111\u1ed9 ho\u00e0n thi\u1ec7n cao.<\/p>\n<p>&nbsp;<\/p>\n<\/div>\n<\/div>\n<\/div>\n<div class=\"list_desc list_desc_2 light_blur_bf light_blur_af\">\n<div class=\"item flex items-center\">\n<div class=\"box_img\"><img loading=\"lazy\" decoding=\"async\" class=\"lazyloaded\" src=\"https:\/\/kocher.vn\/wp-content\/uploads\/2025\/11\/6370_4.png\" sizes=\"auto, (max-width: 1200px) 100vw, 1200px\" srcset=\"https:\/\/kocher.vn\/wp-content\/uploads\/2025\/11\/6370_4.png 1200w, https:\/\/kocher.vn\/wp-content\/uploads\/2025\/11\/6370_4-400x400.png 400w, https:\/\/kocher.vn\/wp-content\/uploads\/2025\/11\/6370_4-800x800.png 800w, https:\/\/kocher.vn\/wp-content\/uploads\/2025\/11\/6370_4-300x300.png 300w, https:\/\/kocher.vn\/wp-content\/uploads\/2025\/11\/6370_4-768x768.png 768w\" alt=\"\" width=\"1200\" height=\"1200\" data-ll-status=\"loaded\" \/><\/div>\n<div class=\"content last-reset\">\n<p><strong>THI\u1ebeT K\u1ebe PH\u1eb2NG \u2013 NGUY\u00caN KH\u1ed0I, T\u1ed0I \u01afU KH\u00d4NG GIAN B\u1ebeP<\/strong><\/p>\n<p data-start=\"1108\" data-end=\"1372\">K6370 s\u1edf h\u1eefu chi\u1ec1u ngang\u00a0<strong data-start=\"1133\" data-end=\"1141\">70cm<\/strong>, ph\u00f9 h\u1ee3p v\u1edbi c\u00e1c h\u1ec7 t\u1ee7 b\u1ebfp k\u00edch th\u01b0\u1edbc l\u1edbn v\u00e0 b\u1ebfp n\u1ea5u \u0111\u00f4i. Ki\u1ec3u d\u00e1ng\u00a0<strong data-start=\"1210\" data-end=\"1242\">ph\u1eb3ng \u2013 li\u1ec1n m\u1ea1ch \u2013 t\u1ed1i gi\u1ea3n<\/strong>\u00a0kh\u00f4ng ch\u1ec9 mang \u0111\u1ebfn s\u1ef1 sang tr\u1ecdng cho c\u0103n b\u1ebfp m\u00e0 c\u00f2n gi\u00fap ti\u1ebft ki\u1ec7m di\u1ec7n t\u00edch t\u1ed1i \u0111a so v\u1edbi c\u00e1c d\u00f2ng h\u00fat m\u00f9i k\u00e9o\u2013\u0111\u1ea9y truy\u1ec1n th\u1ed1ng.<\/p>\n<p data-start=\"1374\" data-end=\"1497\">B\u1ec1 m\u1eb7t ph\u1ee7\u00a0<strong data-start=\"1385\" data-end=\"1402\">s\u01a1n t\u0129nh \u0111i\u1ec7n<\/strong>\u00a0gi\u00fap m\u00e1y gi\u1eef \u0111\u01b0\u1ee3c v\u1ebb \u0111\u1eb9p hi\u1ec7n \u0111\u1ea1i, h\u1ea1n ch\u1ebf b\u00e1m b\u1ea9n v\u00e0 d\u1ec5 d\u00e0ng v\u1ec7 sinh trong qu\u00e1 tr\u00ecnh s\u1eed d\u1ee5ng.<\/p>\n<\/div>\n<\/div>\n<div class=\"item flex items-center\">\n<div class=\"box_img\"><img loading=\"lazy\" decoding=\"async\" class=\"lazyloaded\" src=\"https:\/\/kocher.vn\/wp-content\/uploads\/2025\/11\/6370_3.png\" sizes=\"auto, (max-width: 1200px) 100vw, 1200px\" srcset=\"https:\/\/kocher.vn\/wp-content\/uploads\/2025\/11\/6370_3.png 1200w, https:\/\/kocher.vn\/wp-content\/uploads\/2025\/11\/6370_3-400x400.png 400w, https:\/\/kocher.vn\/wp-content\/uploads\/2025\/11\/6370_3-800x800.png 800w, https:\/\/kocher.vn\/wp-content\/uploads\/2025\/11\/6370_3-300x300.png 300w, https:\/\/kocher.vn\/wp-content\/uploads\/2025\/11\/6370_3-768x768.png 768w\" alt=\"\" width=\"1200\" height=\"1200\" data-ll-status=\"loaded\" \/><\/div>\n<div class=\"content last-reset\">\n<p><strong>CH\u1ee8C N\u0102NG H\u00daT M\u00d9I LINH HO\u1ea0T \u2013 PH\u00d9 H\u1ee2P M\u1eccI M\u00d3N \u0102N C\u1ee6A GIA \u0110\u00ccNH VI\u1ec6T<\/strong><\/p>\n<p data-start=\"1780\" data-end=\"1884\">M\u00e1y h\u00fat m\u00f9i \u00e2m t\u1ee7\u00a0<strong data-start=\"256\" data-end=\"272\">K\u00f6cher K6370<\/strong>\u00a0\u0111\u01b0\u1ee3c trang b\u1ecb\u00a0<strong data-start=\"287\" data-end=\"320\">3 m\u1ee9c c\u00f4ng su\u1ea5t h\u00fat linh ho\u1ea1t<\/strong>, \u0111\u00e1p \u1ee9ng t\u1ed1t nhu c\u1ea7u n\u1ea5u \u0103n h\u00e0ng ng\u00e0y trong gia \u0111\u00ecnh Vi\u1ec7t. \u1ede m\u1ee9c c\u00f4ng su\u1ea5t th\u1ea5p, m\u00e1y v\u1eadn h\u00e0nh\u00a0<strong data-start=\"415\" data-end=\"424\">\u00eam \u00e1i<\/strong>, ph\u00f9 h\u1ee3p v\u1edbi c\u00e1c m\u00f3n nh\u1eb9 m\u00f9i; m\u1ee9c trung b\u00ecnh mang \u0111\u1ebfn s\u1ef1 c\u00e2n b\u1eb1ng gi\u1eefa l\u1ef1c h\u00fat v\u00e0 \u0111\u1ed9 \u1ed3n, \u0111\u1ea3m b\u1ea3o kh\u00f4ng gian n\u1ea5u n\u01b0\u1edbng lu\u00f4n d\u1ec5 ch\u1ecbu; trong khi \u0111\u00f3 m\u1ee9c c\u00f4ng su\u1ea5t cao cho kh\u1ea3 n\u0103ng\u00a0<strong data-start=\"601\" data-end=\"613\">h\u00fat kh\u1ecfe<\/strong>, x\u1eed l\u00fd hi\u1ec7u qu\u1ea3 c\u00e1c m\u00f3n chi\u00ean x\u00e0o nhi\u1ec1u kh\u00f3i. Nh\u1edd c\u00f4ng su\u1ea5t h\u00fat\u00a0<strong data-start=\"678\" data-end=\"690\">900 m\u00b3\/h<\/strong>, motor 120W v\u00e0 \u0111\u1ed9 \u1ed3n ch\u1ec9\u00a0<strong data-start=\"716\" data-end=\"725\">38 dB<\/strong>, K6370 gi\u00fap lo\u1ea1i b\u1ecf m\u00f9i th\u1ee9c \u0103n nhanh ch\u00f3ng m\u00e0 v\u1eabn duy tr\u00ec \u0111\u01b0\u1ee3c s\u1ef1 \u00eam \u00e1i, kh\u00f4ng g\u00e2y \u1ea3nh h\u01b0\u1edfng \u0111\u1ebfn sinh ho\u1ea1t c\u1ee7a gia \u0111\u00ecnh.<\/p>\n<\/div>\n<\/div>\n<div class=\"item flex items-center\">\n<div class=\"box_img\"><img loading=\"lazy\" decoding=\"async\" class=\"lazyloaded\" src=\"https:\/\/kocher.vn\/wp-content\/uploads\/2025\/11\/6370_2.png\" sizes=\"auto, (max-width: 1200px) 100vw, 1200px\" srcset=\"https:\/\/kocher.vn\/wp-content\/uploads\/2025\/11\/6370_2.png 1200w, https:\/\/kocher.vn\/wp-content\/uploads\/2025\/11\/6370_2-400x400.png 400w, https:\/\/kocher.vn\/wp-content\/uploads\/2025\/11\/6370_2-800x800.png 800w, https:\/\/kocher.vn\/wp-content\/uploads\/2025\/11\/6370_2-300x300.png 300w, https:\/\/kocher.vn\/wp-content\/uploads\/2025\/11\/6370_2-768x768.png 768w\" alt=\"\" width=\"1200\" height=\"1200\" data-ll-status=\"loaded\" \/><\/div>\n<div class=\"content last-reset\">\n<p><strong>M\u00c1Y H\u00daT M\u00d9I \u00c2M T\u1ee6 70CM K6370 \u2013 NH\u1ece G\u1eccN NH\u01afNG M\u1ea0NH M\u1ebc<\/strong><\/p>\n<p>V\u1edbi thi\u1ebft k\u1ebf ph\u1eb3ng r\u1ed9ng 70cm, c\u00f4ng su\u1ea5t h\u00fat m\u1ea1nh m\u1ebd, v\u1eadn h\u00e0nh \u00eam \u00e1i v\u00e0 kh\u1ea3 n\u0103ng kh\u1eed m\u00f9i hi\u1ec7u qu\u1ea3,\u00a0<strong data-start=\"312\" data-end=\"346\">m\u00e1y h\u00fat m\u00f9i \u00e2m t\u1ee7 K\u00f6cher K6370<\/strong>\u00a0l\u00e0 l\u1ef1a ch\u1ecdn \u0111\u00e1ng tin c\u1eady cho nh\u1eefng c\u0103n b\u1ebfp y\u00eau c\u1ea7u s\u1ef1 g\u1ecdn g\u00e0ng, s\u1ea1ch s\u1ebd v\u00e0 hi\u1ec7n \u0111\u1ea1i. S\u1ea3n ph\u1ea9m \u0111\u00e1p \u1ee9ng t\u1ed1t nhu c\u1ea7u n\u1ea5u \u0103n c\u1ee7a gia \u0111\u00ecnh Vi\u1ec7t \u2013 t\u1eeb c\u00e1c m\u00f3n nh\u1eb9 m\u00f9i \u0111\u1ebfn chi\u00ean x\u00e0o nhi\u1ec1u kh\u00f3i \u2013 \u0111\u1ed3ng th\u1eddi duy tr\u00ec \u0111\u1ed9 b\u1ec1n cao nh\u1edd c\u1ea5u tr\u00fac ch\u1eafc ch\u1eafn v\u00e0 ti\u00eau chu\u1ea9n s\u1ea3n xu\u1ea5t ISO 9001:2015. N\u1ebfu b\u1ea1n \u0111ang t\u00ecm m\u1ed9t m\u1eabu\u00a0<strong data-start=\"649\" data-end=\"675\">m\u00e1y h\u00fat m\u00f9i \u00e2m t\u1ee7 70cm<\/strong>\u00a0v\u1eeba \u0111\u1eb9p, d\u1ec5 d\u00f9ng, v\u1eeba mang l\u1ea1i hi\u1ec7u qu\u1ea3 h\u00fat m\u00f9i v\u01b0\u1ee3t tr\u1ed9i, K\u00f6cher K6370 l\u00e0 l\u1ef1a ch\u1ecdn ph\u00f9 h\u1ee3p \u0111\u1ec3 n\u00e2ng c\u1ea5p kh\u00f4ng gian b\u1ebfp v\u00e0 tr\u1ea3i nghi\u1ec7m n\u1ea5u n\u01b0\u1edbng m\u1ed7i ng\u00e0y.<\/p>\n<p>&nbsp;<\/p>\n<\/div>\n<\/div>\n<\/div>\n<\/div>\n<\/div>\n<div id=\"product_specifications\" class=\"col large-12  light_blur_bf light_blur_af\">\n<div class=\"box_specifications\">\n<div class=\"text_white heading_sec fs_32 uppercase text-center\">Th\u00f4ng s\u1ed1 k\u1ef9 thu\u1eadt<\/div>\n<div class=\"box_info_1 flex items-center justify-between\">\n<div class=\"box_img\"><img loading=\"lazy\" decoding=\"async\" class=\"lazyloaded\" src=\"https:\/\/kocher.vn\/wp-content\/uploads\/2025\/11\/695.png\" sizes=\"auto, (max-width: 1201px) 100vw, 1201px\" srcset=\"https:\/\/kocher.vn\/wp-content\/uploads\/2025\/11\/695.png 1201w, https:\/\/kocher.vn\/wp-content\/uploads\/2025\/11\/695-400x400.png 400w, https:\/\/kocher.vn\/wp-content\/uploads\/2025\/11\/695-800x800.png 800w, https:\/\/kocher.vn\/wp-content\/uploads\/2025\/11\/695-300x300.png 300w, https:\/\/kocher.vn\/wp-content\/uploads\/2025\/11\/695-768x768.png 768w\" alt=\"\" width=\"1201\" height=\"1201\" data-ll-status=\"loaded\" \/><\/div>\n<div class=\"list_size\">\n<div class=\"title uppercase color_main\">K\u00cdCH TH\u01af\u1edaC S\u1ea2N PH\u1ea8M<\/div>\n<ul class=\"ul-reset m-0\">\n<li class=\"flex\"><span class=\"block title\">K\u00edch th\u01b0\u1edbc \u1ed1ng tho\u00e1t<\/span><span class=\"block content\">150<\/span><\/li>\n<li class=\"flex\"><span class=\"block title\">K\u00edch th\u01b0\u1edbc<\/span><span class=\"block content\">695 x 345 x 230 mm<\/span><\/li>\n<\/ul>\n<\/div>\n<\/div>\n<div class=\"box_info_2\">\n<div class=\"title uppercase color_main text-center\">TH\u00d4NG S\u1ed0 K\u1ef8 THU\u1eacT<\/div>\n<ul class=\"ul-reset m-0\">\n<li class=\"flex\"><span class=\"block title\">C\u00f4ng su\u1ea5t h\u00fat<\/span><span class=\"block content\">900m[2]\/h<\/span><\/li>\n<li class=\"flex\"><span class=\"block title\">C\u00f4ng su\u1ea5t Motor<\/span><span class=\"block content\">120W<\/span><\/li>\n<li class=\"flex\"><span class=\"block title\">\u0110\u1ed9 \u1ed3n<\/span><span class=\"block content\">38dB ( M\u1ee9c Normal )<\/span><\/li>\n<li class=\"flex\"><span class=\"block title\">\u0110i\u1ec7n \u00e1p<\/span><span class=\"block content\">220V\/50Hz<\/span><\/li>\n<li class=\"flex\"><span class=\"block title\">Xu\u1ea5t x\u1ee9<\/span><span class=\"block content\">Vi\u1ec7t Nam<\/span><\/li>\n<\/ul>\n<\/div>\n<\/div>\n<\/div>\n","protected":false},"excerpt":{"rendered":"<p>M\u00f4 t\u1ea3 s\u1ea3n ph\u1ea9m M\u00c1Y H\u00daT M\u00d9I \u00c2M T\u1ee6 70CM K6370 \u2013 PHI\u00caN B\u1ea2N TH\u1ebe H\u1ec6 M\u1edaI PH\u00d9 H\u1ee2P V\u1edaI M\u1eccI KH\u00d4NG GIAN B\u1ebeP K\u00f6cher K6370\u00a0l\u00e0 m\u1eabu\u00a0m\u00e1y h\u00fat m\u00f9i \u00e2m t\u1ee7 70cm\u00a0th\u1ebf h\u1ec7 m\u1edbi, \u0111\u01b0\u1ee3c ph\u00e1t tri\u1ec3n d\u1ef1a tr\u00ean ti\u00eau ch\u00ed: g\u1ecdn g\u00e0ng, m\u1ea1nh m\u1ebd v\u00e0 b\u1ec1n b\u1ec9 trong qu\u00e1 tr\u00ecnh s\u1eed d\u1ee5ng l\u00e2u d\u00e0i&#8230;.<\/p>\n","protected":false},"featured_media":6319,"comment_status":"open","ping_status":"closed","template":"","meta":[],"product_brand":[],"product_cat":[16,42],"product_tag":[],"class_list":{"0":"post-6318","1":"product","2":"type-product","3":"status-publish","4":"has-post-thumbnail","6":"product_cat-may-hut-mui","7":"product_cat-kocher","9":"first","10":"instock","11":"shipping-taxable","12":"product-type-simple"},"_links":{"self":[{"href":"https:\/\/nhadepbepxinh.com.vn\/index.php?rest_route=\/wp\/v2\/product\/6318","targetHints":{"allow":["GET"]}}],"collection":[{"href":"https:\/\/nhadepbepxinh.com.vn\/index.php?rest_route=\/wp\/v2\/product"}],"about":[{"href":"https:\/\/nhadepbepxinh.com.vn\/index.php?rest_route=\/wp\/v2\/types\/product"}],"replies":[{"embeddable":true,"href":"https:\/\/nhadepbepxinh.com.vn\/index.php?rest_route=%2Fwp%2Fv2%2Fcomments&post=6318"}],"wp:featuredmedia":[{"embeddable":true,"href":"https:\/\/nhadepbepxinh.com.vn\/index.php?rest_route=\/wp\/v2\/media\/6319"}],"wp:attachment":[{"href":"https:\/\/nhadepbepxinh.com.vn\/index.php?rest_route=%2Fwp%2Fv2%2Fmedia&parent=6318"}],"wp:term":[{"taxonomy":"product_brand","embeddable":true,"href":"https:\/\/nhadepbepxinh.com.vn\/index.php?rest_route=%2Fwp%2Fv2%2Fproduct_brand&post=6318"},{"taxonomy":"product_cat","embeddable":true,"href":"https:\/\/nhadepbepxinh.com.vn\/index.php?rest_route=%2Fwp%2Fv2%2Fproduct_cat&post=6318"},{"taxonomy":"product_tag","embeddable":true,"href":"https:\/\/nhadepbepxinh.com.vn\/index.php?rest_route=%2Fwp%2Fv2%2Fproduct_tag&post=6318"}],"curies":[{"name":"wp","href":"https:\/\/api.w.org\/{rel}","templated":true}]}}