{"id":6314,"date":"2026-03-27T09:04:41","date_gmt":"2026-03-27T02:04:41","guid":{"rendered":"https:\/\/nhadepbepxinh.com.vn\/?post_type=product&#038;p=6314"},"modified":"2026-03-27T09:04:41","modified_gmt":"2026-03-27T02:04:41","slug":"may-hut-mui-kinh-cong-grandx-gx-h70c62b","status":"publish","type":"product","link":"https:\/\/nhadepbepxinh.com.vn\/?product=may-hut-mui-kinh-cong-grandx-gx-h70c62b","title":{"rendered":"M\u00e1y H\u00fat M\u00f9i K\u00ednh Cong GRANDX GX H70C62B"},"content":{"rendered":"<h2><strong>H\u00daT M\u00d9I GX H70C62B \u2013 PHONG C\u00c1CH CH\u00c2U \u00c2U, HI\u1ec6U SU\u1ea4T V\u01af\u1ee2T TR\u1ed8I<\/strong><\/h2>\n<p>H\u00fat m\u00f9i GX H70C62B l\u00e0 d\u00f2ng s\u1ea3n ph\u1ea9m k\u00ednh cong \u00e1p t\u01b0\u1eddng mang \u0111\u1eadm d\u1ea5u \u1ea5n thi\u1ebft k\u1ebf ch\u00e2u \u00c2u hi\u1ec7n \u0111\u1ea1i. V\u1edbi c\u00f4ng ngh\u1ec7 \u0111\u1ed9ng c\u01a1 ti\u00ean ti\u1ebfn v\u00e0 ki\u1ec3u d\u00e1ng tinh t\u1ebf, \u0111\u00e2y l\u00e0 gi\u1ea3i ph\u00e1p ho\u00e0n h\u1ea3o \u0111\u1ec3 gi\u1eef cho kh\u00f4ng gian b\u1ebfp c\u1ee7a b\u1ea1n lu\u00f4n s\u1ea1ch s\u1ebd v\u00e0 sang tr\u1ecdng.<\/p>\n<p>&nbsp;<\/p>\n<p><img decoding=\"async\" src=\"https:\/\/grandx.com.vn\/wp-content\/uploads\/2024\/12\/phoi-canh-900x600-1.jpg\" alt=\"phoi canh-900x600 GXH70C62B\" \/><\/p>\n<h2>THI\u1ebeT K\u1ebe SANG TR\u1eccNG V\u00c0 TINH T\u1ebe<\/h2>\n<ul>\n<li><strong>Ki\u1ec3u d\u00e1ng:<\/strong>\u00a0Curved Arch Shaped European, thi\u1ebft k\u1ebf k\u00ednh cong hi\u1ec7n \u0111\u1ea1i ph\u00f9 h\u1ee3p v\u1edbi m\u1ecdi kh\u00f4ng gian b\u1ebfp.<\/li>\n<li><strong>Ch\u1ea5t li\u1ec7u cao c\u1ea5p:<\/strong>\n<ul>\n<li>K\u00ednh c\u01b0\u1eddng l\u1ef1c Tempered Glass v\u00f2m d\u00e0y 6mm, b\u1ec1n \u0111\u1eb9p v\u00e0 an to\u00e0n.<\/li>\n<li>K\u00ednh tr\u01b0\u1edbc v\u00e1t c\u1ea1nh Beveled Edge t\u1ea1o \u0111i\u1ec3m nh\u1ea5n tinh t\u1ebf.<\/li>\n<li>Th\u00e2n m\u00e1y s\u01a1n t\u0129nh \u0111i\u1ec7n ch\u1ed1ng han g\u1ec9, b\u1ec1n b\u1ec9 v\u1edbi th\u1eddi gian.<\/li>\n<\/ul>\n<\/li>\n<li><strong>\u00c1nh s\u00e1ng LED:<\/strong>\u00a0Trang b\u1ecb 2 \u0111\u00e8n LED Light (1.5W\/\u0111\u00e8n) \u00e1nh s\u00e1ng 7200K, v\u1eeba ti\u1ebft ki\u1ec7m n\u0103ng l\u01b0\u1ee3ng v\u1eeba t\u0103ng th\u1ea9m m\u1ef9.<\/li>\n<\/ul>\n<p>&nbsp;<\/p>\n<p><img decoding=\"async\" src=\"https:\/\/grandx.com.vn\/wp-content\/uploads\/2024\/12\/phoi-canh-900x600-1.jpg\" alt=\"phoi canh-900x600 GXH70C62B\" \/><\/p>\n<h2>C\u00d4NG NGH\u1ec6 HI\u1ec6N \u0110\u1ea0I, HI\u1ec6U SU\u1ea4T CAO<\/h2>\n<ul>\n<li><strong>C\u00f4ng su\u1ea5t h\u00fat m\u1ea1nh m\u1ebd:<\/strong>\u00a0\u0110\u1ea1t \u00b1980m\u00b3\/h, lo\u1ea1i b\u1ecf ho\u00e0n to\u00e0n kh\u00f3i v\u00e0 m\u00f9i kh\u00f3 ch\u1ecbu trong b\u1ebfp.<\/li>\n<li><strong>\u0110\u1ed9ng c\u01a1 th\u00f4ng minh:<\/strong>\n<ul>\n<li>S\u1eed d\u1ee5ng \u0111\u1ed9ng c\u01a1 bi\u1ebfn t\u1ea7n Smart Inverter BLDC v\u1edbi c\u00f4ng su\u1ea5t 75W, ti\u1ebft ki\u1ec7m tr\u00ean 50% \u0111i\u1ec7n n\u0103ng.<\/li>\n<li>Gi\u1ea3m \u0111\u1ed9 \u1ed3n l\u00ean \u0111\u1ebfn 60%, ho\u1ea1t \u0111\u1ed9ng \u00eam \u00e1i v\u1edbi \u0111\u1ed9 \u1ed3n ch\u1ec9 \u00b142dB.<\/li>\n<li>T\u1ef1 \u0111\u1ed9ng \u0111i\u1ec1u ch\u1ec9nh v\u00f2ng quay v\u00e0 \u00e1p l\u1ef1c gi\u00f3, ph\u00f9 h\u1ee3p v\u1edbi \u0111i\u1ec1u ki\u1ec7n \u0111\u01b0\u1eddng \u1ed1ng tho\u00e1t, t\u0103ng \u0111\u1ed9 b\u1ec1n s\u1ea3n ph\u1ea9m.<\/li>\n<\/ul>\n<\/li>\n<\/ul>\n<p>&nbsp;<\/p>\n<p><img decoding=\"async\" src=\"https:\/\/grandx.com.vn\/wp-content\/uploads\/2024\/12\/phoi-canh-900x600-1.jpg\" alt=\"phoi canh-900x600 GXH70C62B\" \/><\/p>\n<h2>\u0110I\u1ec0U KHI\u1ec2N TH\u00d4NG MINH<\/h2>\n<ul>\n<li><strong>H\u1ec7 th\u1ed1ng \u0111i\u1ec1u khi\u1ec3n:<\/strong>\n<ul>\n<li>C\u1ea3m \u1ee9ng Digital Smart v\u1edbi 5 t\u1ed1c \u0111\u1ed9 v\u00e0 ch\u1ebf \u0111\u1ed9 Supper Booster m\u1ea1nh m\u1ebd.<\/li>\n<li>Ch\u1ee9c n\u0103ng h\u1eb9n gi\u1edd (Timer) 10 ph\u00fat, ti\u1ec7n l\u1ee3i khi s\u1eed d\u1ee5ng.<\/li>\n<\/ul>\n<\/li>\n<li><strong>Ch\u1ee9c n\u0103ng Smart Function:<\/strong>\u00a0L\u01b0u m\u1ee9c c\u00f4ng su\u1ea5t l\u1ea7n s\u1eed d\u1ee5ng g\u1ea7n nh\u1ea5t, mang l\u1ea1i tr\u1ea3i nghi\u1ec7m c\u00e1 nh\u00e2n h\u00f3a v\u00e0 ti\u1ec7n l\u1ee3i.<\/li>\n<\/ul>\n<p>&nbsp;<\/p>\n<p><img decoding=\"async\" src=\"https:\/\/grandx.com.vn\/wp-content\/uploads\/2024\/12\/phoi-canh-900x600-1.jpg\" alt=\"phoi canh-900x600 GXH70C62B\" \/><\/p>\n<h2>L\u1eccC V\u00c0 KH\u1eec M\u00d9I HI\u1ec6U QU\u1ea2<\/h2>\n<ul>\n<li><strong>L\u01b0\u1edbi l\u1ecdc:<\/strong>\u00a0H\u1ee3p kim nh\u00f4m k\u1ebft h\u1ee3p inox, d\u1ec5 d\u00e0ng v\u1ec7 sinh v\u00e0 gi\u1ea3m thi\u1ec3u ti\u1ebfng \u1ed3n.<\/li>\n<li><strong>Kh\u1eed m\u00f9i:<\/strong>\u00a0S\u1eed d\u1ee5ng than ho\u1ea1t t\u00ednh, \u0111\u1ea3m b\u1ea3o kh\u00f4ng kh\u00ed trong b\u1ebfp lu\u00f4n trong l\u00e0nh.<\/li>\n<li><strong>H\u1ec7 th\u1ed1ng h\u00fat x\u1ea3:<\/strong>\u00a0Tu\u1ea7n ho\u00e0n v\u00e0 th\u00f4ng gi\u00f3 linh ho\u1ea1t, \u0111\u00e1p \u1ee9ng m\u1ecdi nhu c\u1ea7u s\u1eed d\u1ee5ng.<\/li>\n<\/ul>\n<p>&nbsp;<\/p>\n<p><img decoding=\"async\" src=\"https:\/\/grandx.com.vn\/wp-content\/uploads\/2024\/12\/phoi-canh-900x600-1.jpg\" alt=\"phoi canh-900x600 GXH70C62B\" \/><\/p>\n<h2>TH\u00d4NG S\u1ed0 S\u1ea2N PH\u1ea8M<\/h2>\n<table border=\"0\" cellspacing=\"0\" cellpadding=\"0\">\n<tbody>\n<tr>\n<td>Ki\u1ec3u d\u00e1ng<\/td>\n<td><strong>Curved arch Shapes European<\/strong><\/td>\n<\/tr>\n<tr>\n<td>B\u1ea3ng \u0111i\u1ec1u khi\u1ec3n<\/td>\n<td><strong>C\u1ea3m \u1ee9ng m\u00e0u Digital smart 5 t\u1ed1c \u0111\u1ed9 v\u00e0 supper Booster<\/strong><\/td>\n<\/tr>\n<tr>\n<td>Ch\u1ee9c n\u0103ng h\u1eb9n gi\u1edd<\/td>\n<td><strong>timer 10 ph\u00fat<\/strong><\/td>\n<\/tr>\n<tr>\n<td>Ch\u1ee9c n\u0103ng th\u00f4ng minh<\/td>\n<td><strong>Smart function l\u01b0u m\u1ee9c c\u00f4ng su\u1ea5t ho\u1ea1t \u0111\u1ed9ng g\u1ea7n nh\u1ea5t<\/strong><\/td>\n<\/tr>\n<tr>\n<td>\u0110\u1ed9ng c\u01a1 bi\u1ebfn t\u1ea7n<\/td>\n<td><strong>Inverter BLDC 90W &lt;50% \u0111i\u1ec7n n\u0103ng; gi\u1ea3m \u0111\u1ed9 \u1ed3n tr\u00ean 60%<\/strong><\/td>\n<\/tr>\n<tr>\n<td>L\u1ecdc kh\u1eed m\u00f9i<\/td>\n<td><strong>Than ho\u1ea1t t\u00ednh<\/strong><\/td>\n<\/tr>\n<tr>\n<td>L\u01b0\u1edbi l\u1ecdc<\/td>\n<td><strong>Inox k\u1ebft h\u1ee3p Aluminium<\/strong><\/td>\n<\/tr>\n<tr>\n<td>\u0110\u00e8n Led<\/td>\n<td><strong>Led Light 2* 1.5W \u00e1nh s\u00e1ng 7200k<\/strong><\/td>\n<\/tr>\n<tr>\n<td>C\u00f4ng su\u1ea5t h\u00fat<\/td>\n<td><strong>\u00b1980m3<\/strong><\/td>\n<\/tr>\n<tr>\n<td>\u0110\u1ed9ng c\u01a1 Inverter dua smart BLDC<\/td>\n<td><strong>75W<\/strong><\/td>\n<\/tr>\n<tr>\n<td>\u0110\u1ed9 \u1ed3n<\/td>\n<td><strong>\u00b142db<\/strong><\/td>\n<\/tr>\n<tr>\n<td>\u0110i\u1ec7n \u00e1p<\/td>\n<td><strong>220-240V\/50Hz<\/strong><\/td>\n<\/tr>\n<tr>\n<td>\u1ed0ng tho\u00e1t<\/td>\n<td><strong>\u00d8 150mm<\/strong><\/td>\n<\/tr>\n<tr>\n<td>K\u00edch th\u01b0\u1edbc s\u1ea3n ph\u1ea9m<\/td>\n<td><strong>700R x 500S x 950-430C mm<\/strong><\/td>\n<\/tr>\n<\/tbody>\n<\/table>\n","protected":false},"excerpt":{"rendered":"<p>H\u00daT M\u00d9I GX H70C62B \u2013 PHONG C\u00c1CH CH\u00c2U \u00c2U, HI\u1ec6U SU\u1ea4T V\u01af\u1ee2T TR\u1ed8I H\u00fat m\u00f9i GX H70C62B l\u00e0 d\u00f2ng s\u1ea3n ph\u1ea9m k\u00ednh cong \u00e1p t\u01b0\u1eddng mang \u0111\u1eadm d\u1ea5u \u1ea5n thi\u1ebft k\u1ebf ch\u00e2u \u00c2u hi\u1ec7n \u0111\u1ea1i. V\u1edbi c\u00f4ng ngh\u1ec7 \u0111\u1ed9ng c\u01a1 ti\u00ean ti\u1ebfn v\u00e0 ki\u1ec3u d\u00e1ng tinh t\u1ebf, \u0111\u00e2y l\u00e0 gi\u1ea3i ph\u00e1p ho\u00e0n h\u1ea3o \u0111\u1ec3 gi\u1eef&#8230;<\/p>\n","protected":false},"featured_media":6315,"comment_status":"open","ping_status":"closed","template":"","meta":[],"product_brand":[],"product_cat":[16,43],"product_tag":[144,142,143],"class_list":{"0":"post-6314","1":"product","2":"type-product","3":"status-publish","4":"has-post-thumbnail","6":"product_cat-may-hut-mui","7":"product_cat-grand-x-may-hut-mui","8":"product_tag-grand-x","9":"product_tag-hut-mui","10":"product_tag-hut-mui-kinh-cong","12":"first","13":"instock","14":"shipping-taxable","15":"product-type-simple"},"_links":{"self":[{"href":"https:\/\/nhadepbepxinh.com.vn\/index.php?rest_route=\/wp\/v2\/product\/6314","targetHints":{"allow":["GET"]}}],"collection":[{"href":"https:\/\/nhadepbepxinh.com.vn\/index.php?rest_route=\/wp\/v2\/product"}],"about":[{"href":"https:\/\/nhadepbepxinh.com.vn\/index.php?rest_route=\/wp\/v2\/types\/product"}],"replies":[{"embeddable":true,"href":"https:\/\/nhadepbepxinh.com.vn\/index.php?rest_route=%2Fwp%2Fv2%2Fcomments&post=6314"}],"wp:featuredmedia":[{"embeddable":true,"href":"https:\/\/nhadepbepxinh.com.vn\/index.php?rest_route=\/wp\/v2\/media\/6315"}],"wp:attachment":[{"href":"https:\/\/nhadepbepxinh.com.vn\/index.php?rest_route=%2Fwp%2Fv2%2Fmedia&parent=6314"}],"wp:term":[{"taxonomy":"product_brand","embeddable":true,"href":"https:\/\/nhadepbepxinh.com.vn\/index.php?rest_route=%2Fwp%2Fv2%2Fproduct_brand&post=6314"},{"taxonomy":"product_cat","embeddable":true,"href":"https:\/\/nhadepbepxinh.com.vn\/index.php?rest_route=%2Fwp%2Fv2%2Fproduct_cat&post=6314"},{"taxonomy":"product_tag","embeddable":true,"href":"https:\/\/nhadepbepxinh.com.vn\/index.php?rest_route=%2Fwp%2Fv2%2Fproduct_tag&post=6314"}],"curies":[{"name":"wp","href":"https:\/\/api.w.org\/{rel}","templated":true}]}}