{"id":6307,"date":"2026-03-26T15:37:47","date_gmt":"2026-03-26T08:37:47","guid":{"rendered":"https:\/\/nhadepbepxinh.com.vn\/?post_type=product&#038;p=6307"},"modified":"2026-03-26T15:37:47","modified_gmt":"2026-03-26T08:37:47","slug":"may-hut-mui-grandx-gx-h70t65","status":"publish","type":"product","link":"https:\/\/nhadepbepxinh.com.vn\/?product=may-hut-mui-grandx-gx-h70t65","title":{"rendered":"M\u00e1y H\u00fat M\u00f9i GRANDX GX H70T65"},"content":{"rendered":"<div class=\"panel panel-default\">\n<div id=\"collapse-1\" class=\"panel-collapse collapse in\" role=\"tabpanel\" aria-labelledby=\"heading-1\" aria-expanded=\"true\">\n<div class=\"panel-body rte rte222\">\n<h2><strong>M\u00e1y h\u00fat m\u00f9i ch\u1eef T 70cm Grand X GX H70T65<\/strong><\/h2>\n<p><img decoding=\"async\" src=\"https:\/\/bizweb.dktcdn.net\/100\/354\/507\/files\/gx-h70t65-2.png?v=1760837096571\" data-thumb=\"original\" \/><\/p>\n<p><strong>\u0110\u1eb7c t\u00ednh s\u1ea3n ph\u1ea9m:<\/strong><\/p>\n<p>H\u00fat m\u00f9i \u00e1p t\u01b0\u1eddng<\/p>\n<p>H\u1ec7 th\u1ed1ng h\u00fat x\u1ea3: Tu\u1ea7n ho\u00e0n v\u00e0 th\u00f4ng gi\u00f3<\/p>\n<p>Ki\u1ec3u d\u00e1ng European T- Shaped funnel Tornado sang tr\u1ecdng<\/p>\n<p>M\u1eb7t k\u00ednh b\u1ec1 m\u1eb7t \u0111\u01b0\u1ee3c ph\u1ee7 l\u1edbp Matte m\u00e0u \u0111en ch\u1ed1ng b\u00e1m v\u00e2n tay, v\u1eadt c\u1ea1nh Beveled edge tinh t\u1ebf sang tr\u1ecdng<\/p>\n<p><strong>\u0110i\u1ec1u khi\u1ec3n c\u1ea3m \u1ee9ng Digital smart 3 c\u1ea5p \u0111\u1ed9<\/strong><\/p>\n<p>L\u01b0\u1edbi l\u1ecdc Nan Inox d\u1ec5 v\u1ec7 sinh<\/p>\n<p>L\u1ecdc, kh\u1eed m\u00f9i b\u1eb1ng than ho\u1ea1t t\u00ednh<\/p>\n<p>\u0110\u00e8n Strip Light 3.0W \u00e1nh s\u00e1ng 6300K<\/p>\n<p>C\u00f4ng su\u1ea5t h\u00fat: \u00b1980m3\/h<\/p>\n<p>\u0110\u1ed9ng c\u01a1 Tuabin 190W, European Energy A*<\/p>\n<p>\u0110i\u1ec7n \u00e1p: 220-240V\/50Hz<\/p>\n<p>\u0110\u1ed9 \u1ed3n: \u00b148dB<\/p>\n<p>\u1ed0ng tho\u00e1t: \u00d8 150mm<\/p>\n<p>K\u00edch th\u01b0\u1edbc s\u1ea3n ph\u1ea9m: 700R x 420S x 529-1024C mm<br \/>\n<img decoding=\"async\" src=\"https:\/\/nicekitchen.com.vn\/data\/news\/29734\/may-hut-mui-chu-t-90cm-grand-x-gx-h90t65-ktsp.jpg\" alt=\"M\u00e1y h\u00fat m\u00f9i ch\u1eef T 90cm Grand X GX H90T65\" \/><\/p>\n<\/div>\n<\/div>\n<\/div>\n<div class=\"panel panel-default\">\n<div id=\"heading-2\" class=\"panel-heading\" role=\"tab\">\n<h4 class=\"panel-title\"><\/h4>\n<\/div>\n<\/div>\n","protected":false},"excerpt":{"rendered":"<p>M\u00e1y h\u00fat m\u00f9i ch\u1eef T 70cm Grand X GX H70T65 \u0110\u1eb7c t\u00ednh s\u1ea3n ph\u1ea9m: H\u00fat m\u00f9i \u00e1p t\u01b0\u1eddng H\u1ec7 th\u1ed1ng h\u00fat x\u1ea3: Tu\u1ea7n ho\u00e0n v\u00e0 th\u00f4ng gi\u00f3 Ki\u1ec3u d\u00e1ng European T- Shaped funnel Tornado sang tr\u1ecdng M\u1eb7t k\u00ednh b\u1ec1 m\u1eb7t \u0111\u01b0\u1ee3c ph\u1ee7 l\u1edbp Matte m\u00e0u \u0111en ch\u1ed1ng b\u00e1m v\u00e2n tay, v\u1eadt c\u1ea1nh Beveled edge tinh&#8230;<\/p>\n","protected":false},"featured_media":6308,"comment_status":"open","ping_status":"closed","template":"","meta":[],"product_brand":[],"product_cat":[16,43],"product_tag":[],"class_list":{"0":"post-6307","1":"product","2":"type-product","3":"status-publish","4":"has-post-thumbnail","6":"product_cat-may-hut-mui","7":"product_cat-grand-x-may-hut-mui","9":"first","10":"instock","11":"shipping-taxable","12":"product-type-simple"},"_links":{"self":[{"href":"https:\/\/nhadepbepxinh.com.vn\/index.php?rest_route=\/wp\/v2\/product\/6307","targetHints":{"allow":["GET"]}}],"collection":[{"href":"https:\/\/nhadepbepxinh.com.vn\/index.php?rest_route=\/wp\/v2\/product"}],"about":[{"href":"https:\/\/nhadepbepxinh.com.vn\/index.php?rest_route=\/wp\/v2\/types\/product"}],"replies":[{"embeddable":true,"href":"https:\/\/nhadepbepxinh.com.vn\/index.php?rest_route=%2Fwp%2Fv2%2Fcomments&post=6307"}],"wp:featuredmedia":[{"embeddable":true,"href":"https:\/\/nhadepbepxinh.com.vn\/index.php?rest_route=\/wp\/v2\/media\/6308"}],"wp:attachment":[{"href":"https:\/\/nhadepbepxinh.com.vn\/index.php?rest_route=%2Fwp%2Fv2%2Fmedia&parent=6307"}],"wp:term":[{"taxonomy":"product_brand","embeddable":true,"href":"https:\/\/nhadepbepxinh.com.vn\/index.php?rest_route=%2Fwp%2Fv2%2Fproduct_brand&post=6307"},{"taxonomy":"product_cat","embeddable":true,"href":"https:\/\/nhadepbepxinh.com.vn\/index.php?rest_route=%2Fwp%2Fv2%2Fproduct_cat&post=6307"},{"taxonomy":"product_tag","embeddable":true,"href":"https:\/\/nhadepbepxinh.com.vn\/index.php?rest_route=%2Fwp%2Fv2%2Fproduct_tag&post=6307"}],"curies":[{"name":"wp","href":"https:\/\/api.w.org\/{rel}","templated":true}]}}