{"id":6280,"date":"2026-03-25T16:57:32","date_gmt":"2026-03-25T09:57:32","guid":{"rendered":"https:\/\/nhadepbepxinh.com.vn\/?post_type=product&#038;p=6280"},"modified":"2026-03-25T16:57:32","modified_gmt":"2026-03-25T09:57:32","slug":"bep-tu-doi-hubscher-ihc-6263-tl","status":"publish","type":"product","link":"https:\/\/nhadepbepxinh.com.vn\/?product=bep-tu-doi-hubscher-ihc-6263-tl","title":{"rendered":"B\u1ebfp t\u1eeb \u0111\u00f4i Hubscher IHC-6263.TL"},"content":{"rendered":"<p><img loading=\"lazy\" decoding=\"async\" src=\"https:\/\/cdn1707.cdn4s4.io.vn\/media\/banner-bep-tu-new\/ihc-6263.tl.jpg\" alt=\"\" width=\"600\" height=\"400\" data-src=\"https:\/\/cdn1707.cdn4s4.io.vn\/media\/banner-bep-tu-new\/ihc-6263.tl.jpg\" \/><\/p>\n<p><strong>Th\u00f4ng tin s\u1ea3n ph\u1ea9m:<\/strong><\/p>\n<p><span lang=\"VI\">\u2022\u00a0\u00a0\u00a0\u00a0<\/span>B\u1ebfp t\u1eeb 2 v\u00f9ng n\u1ea5u.<\/p>\n<p><span lang=\"VI\">\u2022\u00a0\u00a0\u00a0\u00a0<\/span>S\u1eed d\u1ee5ng k\u00ednh EURO Platinum, v\u1edbi thi\u1ebft k\u1ebf v\u00e1t c\u1ea1nh v\u00e0 bo vi\u1ec1n b\u1eb1ng h\u1ee3p kim nh\u00f4m cao c\u00e1p, ch\u1ed1ng tr\u1ea7y x\u01b0\u1edbc, ch|u nhi\u1ec7t l\u00ean \u0111\u1ebfn 1OOO\u00b0C.<\/p>\n<p><span lang=\"VI\">\u2022\u00a0\u00a0\u00a0\u00a0<\/span>B\u1ec1 m\u1eb7t v\u00f9ng n\u1ea5u \u0111\u01b0\u1ee3c ph\u1ee7 nano sang tr\u1ecdng.<\/p>\n<p><span lang=\"VI\">\u2022\u00a0\u00a0\u00a0\u00a0<\/span>C\u00f4ng ngh\u1ec7 Inverter Econavi gi\u00fap t\u1ed1i \u01b0u 45% \u0111i\u1ec7n n\u0103ng s\u1eed d\u1ee5ng.<\/p>\n<p><span lang=\"VI\">\u2022\u00a0\u00a0\u00a0\u00a0<\/span>Ch\u1ee9c n\u0103ng Booster Functlon (t\u0103ng nhi\u1ec7t \u0111\u1ed9 nhanh).<\/p>\n<p><span lang=\"VI\">\u2022\u00a0 \u00a0\u00a0<\/span>C\u00f4ng ngh\u1ec7 bi\u1ebfn t\u1ea7n &#8220;<strong>half-bridge IGBT inverter<\/strong>&#8221; (t\u00ednh n\u0103ng s\u00f4i liu riu kh\u00f4ng ng\u1eaft)<\/p>\n<p><strong>Xu\u1ea5t x\u1ee9: Th\u00e1i Lan<\/strong><\/p>\n<p><strong>Ch\u1ee9c n\u0103ng s\u1ea3n ph\u1ea9m<\/strong><\/p>\n<p><span lang=\"VI\">\u2022\u00a0\u00a0\u00a0\u00a0<\/span>H\u1ec7 th\u1ed1ng ch\u1ed1ng tr\u00e0o (t\u1ef1 ng\u1eaft khi tr\u00e0o n\u01b0\u1edbc)<\/p>\n<p><span lang=\"VI\">\u2022\u00a0\u00a0\u00a0\u00a0<\/span>Ch\u1ebf \u0111\u1ed9 h\u1eb9n gi\u1edd th\u00f4ng minh t\u1ef1 \u0111\u1ed9ng ng\u1eaft \u0111i\u1ec7n khi h\u1ebft th\u1eddi gian<\/p>\n<p><span lang=\"VI\">\u2022\u00a0\u00a0\u00a0\u00a0<\/span>Ch\u1ee9c n\u0103ng kh\u00f3a tr\u1ebb em.<\/p>\n<p><span lang=\"VI\">\u2022\u00a0\u00a0\u00a0\u00a0<\/span>H\u1ec7 th\u1ed1ng b\u1ea3o v\u1ec7 qu\u00e1 t\u1ea3i, qu\u00e1 nhi\u1ec7t, ng\u1eafn m\u1ea1ch. T\u1ef1 \u0111\u1ed9ng nh\u1eadn di\u1ec7n \u0111\u00e1y n\u1ed3i, ng\u1eaft t\u1ef1 \u0111\u1ed9ng khi c\u00f3 s\u1ef1 c\u1ed1<\/p>\n<p><span lang=\"VI\">\u2022\u00a0\u00a0\u00a0\u00a0<\/span>Ch\u1ee9c n\u0103ng Booster Function (t\u0103ng nhi\u1ec7t \u0111\u1ed9 nhanh).<\/p>\n<p><span lang=\"VI\">\u2022\u00a0\u00a0\u00a0\u00a0<\/span>Ch\u1ee9c n\u0103ng \u1ee7, h\u00e2m n\u00f3ng th\u1ee9c \u0103n (warm).<\/p>\n<p>Th\u00f4ng s\u1ed1 k\u1ef9 thu\u1eadt:<\/p>\n<p><span lang=\"VI\">\u2022\u00a0\u00a0\u00a0\u00a0<\/span>C\u00f4ng su\u1ea5t t\u1ed1i \u0111a 4400W<\/p>\n<p><span lang=\"VI\">\u2022\u00a0\u00a0\u00a0\u00a0<\/span>\u0110i\u1ec7n \u00e1p: 220-240v\/50Hz<\/p>\n<p><span lang=\"VI\">\u2022\u00a0\u00a0\u00a0\u00a0<\/span>K\u00edch th\u01b0\u1edbc s\u1ea3n ph\u1ea9m: 730x430mm<\/p>\n<p><span lang=\"VI\">\u2022\u00a0\u00a0\u00a0\u00a0<\/span>K\u00edch th\u01b0\u1edbc kho\u00e9t \u0111\u00e1: 690x390mm<\/p>\n<p><strong>B\u1ebfp T\u1eeb \u0110\u00f4i IHC-6263.TL \u2013 C\u00f4ng Ngh\u1ec7 Inverter Ti\u1ebft Ki\u1ec7m \u0110i\u1ec7n, An To\u00e0n &amp; B\u1ec1n B\u1ec9<\/strong><\/p>\n<h2 dir=\"ltr\"><strong>Gi\u1ea3i ph\u00e1p n\u1ea5u n\u01b0\u1edbng hi\u1ec7n \u0111\u1ea1i cho c\u0103n b\u1ebfp gia \u0111\u00ecnh Vi\u1ec7t<\/strong><\/h2>\n<p dir=\"ltr\">B\u1ebfp t\u1eeb \u0111\u00f4i IHC-6263.TL l\u00e0 l\u1ef1a ch\u1ecdn l\u00fd t\u01b0\u1edfng cho nh\u1eefng gia \u0111\u00ecnh \u0111ang t\u00ecm ki\u1ebfm m\u1ed9t thi\u1ebft b\u1ecb n\u1ea5u \u0103n ti\u1ebft ki\u1ec7m \u0111i\u1ec7n \u2013 an to\u00e0n \u2013 v\u1eadn h\u00e0nh \u1ed5n \u0111\u1ecbnh v\u1edbi thi\u1ebft k\u1ebf sang tr\u1ecdng, ph\u00f9 h\u1ee3p nhi\u1ec1u kh\u00f4ng gian b\u1ebfp hi\u1ec7n \u0111\u1ea1i. S\u1ea3n ph\u1ea9m \u1ee9ng d\u1ee5ng c\u00e1c c\u00f4ng ngh\u1ec7 ti\u00ean ti\u1ebfn nh\u01b0 Inverter Econavi, m\u1ea1ch c\u00f4ng su\u1ea5t E.G.O c\u00f9ng m\u1eb7t k\u00ednh EURO Platinum cao c\u1ea5p, mang l\u1ea1i tr\u1ea3i nghi\u1ec7m n\u1ea5u n\u01b0\u1edbng ti\u1ec7n nghi v\u00e0 b\u1ec1n b\u1ec9 theo th\u1eddi gian.<\/p>\n<h2><strong>Thi\u1ebft k\u1ebf sang tr\u1ecdng \u2013 V\u1eadt li\u1ec7u cao c\u1ea5p<\/strong><\/h2>\n<p dir=\"ltr\">B\u1ebfp t\u1eeb \u0111\u00f4i IHC-6263.TL \u0111\u01b0\u1ee3c trang b\u1ecb m\u1eb7t k\u00ednh EURO Platinum v\u1edbi thi\u1ebft k\u1ebf v\u00e1t c\u1ea1nh tinh t\u1ebf, k\u1ebft h\u1ee3p bo vi\u1ec1n h\u1ee3p kim nh\u00f4m cao c\u1ea5p, kh\u00f4ng ch\u1ec9 t\u0103ng t\u00ednh th\u1ea9m m\u1ef9 m\u00e0 c\u00f2n gi\u00fap b\u1ea3o v\u1ec7 m\u00e9p k\u00ednh hi\u1ec7u qu\u1ea3 trong qu\u00e1 tr\u00ecnh s\u1eed d\u1ee5ng.<\/p>\n<p dir=\"ltr\">B\u1ec1 m\u1eb7t v\u00f9ng n\u1ea5u \u0111\u01b0\u1ee3c ph\u1ee7 nano sang tr\u1ecdng, h\u1ea1n ch\u1ebf b\u00e1m b\u1ea9n, d\u1ec5 d\u00e0ng v\u1ec7 sinh sau khi n\u1ea5u. \u0110\u1eb7c bi\u1ec7t, m\u1eb7t k\u00ednh c\u00f3 kh\u1ea3 n\u0103ng ch\u1ecbu nhi\u1ec7t l\u00ean \u0111\u1ebfn 1000\u00b0C, ch\u1ed1ng tr\u1ea7y x\u01b0\u1edbc v\u00e0 ch\u1ecbu s\u1ed1c nhi\u1ec7t t\u1ed1t, \u0111\u1ea3m b\u1ea3o \u0111\u1ed9 b\u1ec1n l\u00e2u d\u00e0i.<\/p>\n<p dir=\"ltr\">C\u00f4ng ngh\u1ec7 Inverter Econavi \u2013 Ti\u1ebft ki\u1ec7m \u0111\u1ebfn 45% \u0111i\u1ec7n n\u0103ng<\/p>\n<p dir=\"ltr\">IHC-6263.TL \u1ee9ng d\u1ee5ng c\u00f4ng ngh\u1ec7 Inverter Econavi, gi\u00fap ki\u1ec3m so\u00e1t c\u00f4ng su\u1ea5t th\u00f4ng minh, t\u1ed1i \u01b0u qu\u00e1 tr\u00ecnh gia nhi\u1ec7t v\u00e0 gi\u1ea3m t\u1edbi 45% l\u01b0\u1ee3ng \u0111i\u1ec7n n\u0103ng ti\u00eau th\u1ee5 so v\u1edbi b\u1ebfp t\u1eeb th\u00f4ng th\u01b0\u1eddng.<\/p>\n<p dir=\"ltr\">K\u1ebft h\u1ee3p c\u00f9ng c\u00f4ng ngh\u1ec7 bi\u1ebfn t\u1ea7n half-bridge IGBT inverter, b\u1ebfp duy tr\u00ec m\u1ee9c nhi\u1ec7t \u1ed5n \u0111\u1ecbnh, cho ph\u00e9p n\u1ea5u s\u00f4i liu riu li\u00ean t\u1ee5c m\u00e0 kh\u00f4ng b\u1ecb ng\u1eaft c\u00f4ng su\u1ea5t, r\u1ea5t ph\u00f9 h\u1ee3p v\u1edbi c\u00e1c m\u00f3n h\u1ea7m, kho, ninh c\u1ea7n nhi\u1ec7t \u0111\u1ed9 \u0111\u1ec1u.<\/p>\n<h2><strong>Hi\u1ec7u su\u1ea5t m\u1ea1nh m\u1ebd \u2013 Gia nhi\u1ec7t nhanh ch\u00f3ng<\/strong><\/h2>\n<p dir=\"ltr\">B\u1ebfp t\u1eeb \u0111\u00f4i IHC-6263.TL s\u1edf h\u1eefu 2 v\u00f9ng n\u1ea5u \u0111\u1ed9c l\u1eadp, t\u1ed5ng c\u00f4ng su\u1ea5t t\u1ed1i \u0111a l\u00ean \u0111\u1ebfn 4400W, \u0111\u00e1p \u1ee9ng t\u1ed1t nhu c\u1ea7u n\u1ea5u n\u01b0\u1edbng h\u00e0ng ng\u00e0y c\u1ee7a gia \u0111\u00ecnh.<\/p>\n<p dir=\"ltr\">T\u00ednh n\u0103ng Booster Function cho ph\u00e9p t\u0103ng nhi\u1ec7t nhanh t\u1ee9c th\u00ec, r\u00fat ng\u1eafn \u0111\u00e1ng k\u1ec3 th\u1eddi gian \u0111un n\u1ea5u, \u0111\u1eb7c bi\u1ec7t h\u1eefu \u00edch khi c\u1ea7n \u0111un s\u00f4i n\u01b0\u1edbc ho\u1eb7c ch\u1ebf bi\u1ebfn m\u00f3n \u0103n trong th\u1eddi gian ng\u1eafn.<\/p>\n<h2 dir=\"ltr\"><strong>\u0110a d\u1ea1ng ch\u1ee9c n\u0103ng \u2013 An to\u00e0n tuy\u1ec7t \u0111\u1ed1i cho ng\u01b0\u1eddi d\u00f9ng<\/strong><\/h2>\n<p dir=\"ltr\">B\u1ebfp t\u1eeb \u0111\u00f4i IHC-6263.TL \u0111\u01b0\u1ee3c trang b\u1ecb \u0111\u1ea7y \u0111\u1ee7 c\u00e1c t\u00ednh n\u0103ng an to\u00e0n v\u00e0 ti\u1ec7n \u00edch:<\/p>\n<ul>\n<li dir=\"ltr\" aria-level=\"1\">\n<p dir=\"ltr\" role=\"presentation\">H\u1ec7 th\u1ed1ng ch\u1ed1ng tr\u00e0o: T\u1ef1 \u0111\u1ed9ng ng\u1eaft b\u1ebfp khi n\u01b0\u1edbc tr\u00e0o ra b\u1ea3ng \u0111i\u1ec1u khi\u1ec3n<\/p>\n<\/li>\n<li dir=\"ltr\" aria-level=\"1\">\n<p dir=\"ltr\" role=\"presentation\">H\u1eb9n gi\u1edd th\u00f4ng minh: T\u1ef1 \u0111\u1ed9ng ng\u1eaft \u0111i\u1ec7n khi h\u1ebft th\u1eddi gian c\u00e0i \u0111\u1eb7t<\/p>\n<\/li>\n<li dir=\"ltr\" aria-level=\"1\">\n<p dir=\"ltr\" role=\"presentation\">Kh\u00f3a tr\u1ebb em: Ng\u0103n ng\u1eeba thao t\u00e1c nh\u1ea7m, an to\u00e0n cho gia \u0111\u00ecnh c\u00f3 tr\u1ebb nh\u1ecf<\/p>\n<\/li>\n<li dir=\"ltr\" aria-level=\"1\">\n<p dir=\"ltr\" role=\"presentation\">T\u1ef1 \u0111\u1ed9ng nh\u1eadn di\u1ec7n \u0111\u00e1y n\u1ed3i, ng\u1eaft khi kh\u00f4ng c\u00f3 n\u1ed3i ho\u1eb7c c\u00f3 s\u1ef1 c\u1ed1<\/p>\n<\/li>\n<li dir=\"ltr\" aria-level=\"1\">\n<p dir=\"ltr\" role=\"presentation\">B\u1ea3o v\u1ec7 qu\u00e1 t\u1ea3i, qu\u00e1 nhi\u1ec7t, ng\u1eafn m\u1ea1ch<\/p>\n<\/li>\n<li dir=\"ltr\" aria-level=\"1\">\n<p dir=\"ltr\" role=\"presentation\">Ch\u1ee9c n\u0103ng \u1ee7 \u2013 h\u00e2m n\u00f3ng (Warm): Gi\u1eef nhi\u1ec7t \u1ed5n \u0111\u1ecbnh, ti\u1ec7n l\u1ee3i cho b\u1eefa \u0103n gia \u0111\u00ecnh<\/p>\n<\/li>\n<\/ul>\n<h2 dir=\"ltr\"><strong>Xu\u1ea5t x\u1ee9 r\u00f5 r\u00e0ng \u2013 Ph\u00f9 h\u1ee3p th\u1ecb tr\u01b0\u1eddng Vi\u1ec7t Nam<\/strong><\/h2>\n<ul>\n<li dir=\"ltr\" aria-level=\"1\">\n<p dir=\"ltr\" role=\"presentation\">Xu\u1ea5t x\u1ee9: Th\u00e1i Lan<br \/>\nS\u1ea3n ph\u1ea9m \u0111\u01b0\u1ee3c s\u1ea3n xu\u1ea5t theo ti\u00eau chu\u1ea9n k\u1ef9 thu\u1eadt nghi\u00eam ng\u1eb7t, ph\u00f9 h\u1ee3p v\u1edbi \u0111i\u1ec1u ki\u1ec7n s\u1eed d\u1ee5ng v\u00e0 th\u00f3i quen n\u1ea5u n\u01b0\u1edbng c\u1ee7a ng\u01b0\u1eddi Vi\u1ec7t.<\/p>\n<\/li>\n<\/ul>\n<p><strong>Th\u00f4ng s\u1ed1 k\u1ef9 thu\u1eadt b\u1ebfp t\u1eeb \u0111\u00f4i IHC-6263.TL<\/strong><\/p>\n<ul>\n<li dir=\"ltr\" aria-level=\"1\">\n<p dir=\"ltr\" role=\"presentation\">Lo\u1ea1i b\u1ebfp: B\u1ebfp t\u1eeb \u0111\u00f4i<\/p>\n<\/li>\n<li dir=\"ltr\" aria-level=\"1\">\n<p dir=\"ltr\" role=\"presentation\">S\u1ed1 v\u00f9ng n\u1ea5u: 2 v\u00f9ng<\/p>\n<\/li>\n<li dir=\"ltr\" aria-level=\"1\">\n<p dir=\"ltr\" role=\"presentation\">M\u1eb7t k\u00ednh: EURO Platinum, v\u00e1t c\u1ea1nh, bo vi\u1ec1n h\u1ee3p kim nh\u00f4m<\/p>\n<\/li>\n<li dir=\"ltr\" aria-level=\"1\">\n<p dir=\"ltr\" role=\"presentation\">C\u00f4ng su\u1ea5t t\u1ed1i \u0111a: 4400W<\/p>\n<\/li>\n<li dir=\"ltr\" aria-level=\"1\">\n<p dir=\"ltr\" role=\"presentation\">C\u00f4ng ngh\u1ec7: Inverter Econavi, half-bridge IGBT inverter<\/p>\n<\/li>\n<li dir=\"ltr\" aria-level=\"1\">\n<p dir=\"ltr\" role=\"presentation\">Ch\u1ee9c n\u0103ng n\u1ed5i b\u1eadt: Booster, Warm, h\u1eb9n gi\u1edd, kh\u00f3a tr\u1ebb em, ch\u1ed1ng tr\u00e0o<\/p>\n<\/li>\n<\/ul>\n<p dir=\"ltr\"><strong>V\u00ec sao n\u00ean ch\u1ecdn b\u1ebfp t\u1eeb \u0111\u00f4i IHC-6263.TL?<\/strong><br \/>\nB\u1ebfp t\u1eeb \u0111\u00f4i IHC-6263.TL l\u00e0 l\u1ef1a ch\u1ecdn ph\u00f9 h\u1ee3p cho nh\u1eefng gia \u0111\u00ecnh \u01b0u ti\u00ean s\u1ef1 ti\u1ebft ki\u1ec7m v\u00e0 an to\u00e0n trong qu\u00e1 tr\u00ecnh n\u1ea5u n\u01b0\u1edbng. Nh\u1edd \u1ee9ng d\u1ee5ng c\u00f4ng ngh\u1ec7 Inverter Econavi, b\u1ebfp gi\u00fap t\u1ed1i \u01b0u \u0111i\u1ec7n n\u0103ng ti\u00eau th\u1ee5 nh\u01b0ng v\u1eabn \u0111\u1ea3m b\u1ea3o kh\u1ea3 n\u0103ng gia nhi\u1ec7t nhanh, ki\u1ec3m so\u00e1t nhi\u1ec7t ch\u00ednh x\u00e1c cho t\u1eebng m\u00f3n \u0103n. H\u1ec7 th\u1ed1ng t\u00ednh n\u0103ng an to\u00e0n nh\u01b0 ch\u1ed1ng tr\u00e0o, kh\u00f3a tr\u1ebb em, b\u1ea3o v\u1ec7 qu\u00e1 t\u1ea3i v\u00e0 nh\u1eadn di\u1ec7n \u0111\u00e1y n\u1ed3i mang l\u1ea1i s\u1ef1 y\u00ean t\u00e2m tuy\u1ec7t \u0111\u1ed1i trong qu\u00e1 tr\u00ecnh s\u1eed d\u1ee5ng. B\u00ean c\u1ea1nh \u0111\u00f3, thi\u1ebft k\u1ebf hi\u1ec7n \u0111\u1ea1i v\u1edbi m\u1eb7t k\u00ednh EURO Platinum b\u1ec1n b\u1ec9, ch\u1ecbu nhi\u1ec7t cao gi\u00fap b\u1ebfp lu\u00f4n gi\u1eef \u0111\u01b0\u1ee3c v\u1ebb sang tr\u1ecdng theo th\u1eddi gian v\u00e0 d\u1ec5 d\u00e0ng h\u00e0i h\u00f2a v\u1edbi nhi\u1ec1u kh\u00f4ng gian b\u1ebfp kh\u00e1c nhau.<\/p>\n","protected":false},"excerpt":{"rendered":"<p>Th\u00f4ng tin s\u1ea3n ph\u1ea9m: \u2022\u00a0\u00a0\u00a0\u00a0B\u1ebfp t\u1eeb 2 v\u00f9ng n\u1ea5u. \u2022\u00a0\u00a0\u00a0\u00a0S\u1eed d\u1ee5ng k\u00ednh EURO Platinum, v\u1edbi thi\u1ebft k\u1ebf v\u00e1t c\u1ea1nh v\u00e0 bo vi\u1ec1n b\u1eb1ng h\u1ee3p kim nh\u00f4m cao c\u00e1p, ch\u1ed1ng tr\u1ea7y x\u01b0\u1edbc, ch|u nhi\u1ec7t l\u00ean \u0111\u1ebfn 1OOO\u00b0C. \u2022\u00a0\u00a0\u00a0\u00a0B\u1ec1 m\u1eb7t v\u00f9ng n\u1ea5u \u0111\u01b0\u1ee3c ph\u1ee7 nano sang tr\u1ecdng. \u2022\u00a0\u00a0\u00a0\u00a0C\u00f4ng ngh\u1ec7 Inverter Econavi gi\u00fap t\u1ed1i \u01b0u 45% \u0111i\u1ec7n n\u0103ng&#8230;<\/p>\n","protected":false},"featured_media":6281,"comment_status":"open","ping_status":"closed","template":"","meta":[],"product_brand":[],"product_cat":[15,136],"product_tag":[],"class_list":{"0":"post-6280","1":"product","2":"type-product","3":"status-publish","4":"has-post-thumbnail","6":"product_cat-bep-tu","7":"product_cat-hubscher-bep-tu","9":"first","10":"instock","11":"shipping-taxable","12":"product-type-simple"},"_links":{"self":[{"href":"https:\/\/nhadepbepxinh.com.vn\/index.php?rest_route=\/wp\/v2\/product\/6280","targetHints":{"allow":["GET"]}}],"collection":[{"href":"https:\/\/nhadepbepxinh.com.vn\/index.php?rest_route=\/wp\/v2\/product"}],"about":[{"href":"https:\/\/nhadepbepxinh.com.vn\/index.php?rest_route=\/wp\/v2\/types\/product"}],"replies":[{"embeddable":true,"href":"https:\/\/nhadepbepxinh.com.vn\/index.php?rest_route=%2Fwp%2Fv2%2Fcomments&post=6280"}],"wp:featuredmedia":[{"embeddable":true,"href":"https:\/\/nhadepbepxinh.com.vn\/index.php?rest_route=\/wp\/v2\/media\/6281"}],"wp:attachment":[{"href":"https:\/\/nhadepbepxinh.com.vn\/index.php?rest_route=%2Fwp%2Fv2%2Fmedia&parent=6280"}],"wp:term":[{"taxonomy":"product_brand","embeddable":true,"href":"https:\/\/nhadepbepxinh.com.vn\/index.php?rest_route=%2Fwp%2Fv2%2Fproduct_brand&post=6280"},{"taxonomy":"product_cat","embeddable":true,"href":"https:\/\/nhadepbepxinh.com.vn\/index.php?rest_route=%2Fwp%2Fv2%2Fproduct_cat&post=6280"},{"taxonomy":"product_tag","embeddable":true,"href":"https:\/\/nhadepbepxinh.com.vn\/index.php?rest_route=%2Fwp%2Fv2%2Fproduct_tag&post=6280"}],"curies":[{"name":"wp","href":"https:\/\/api.w.org\/{rel}","templated":true}]}}