{"id":6251,"date":"2025-10-27T11:10:07","date_gmt":"2025-10-27T04:10:07","guid":{"rendered":"https:\/\/nhadepbepxinh.com.vn\/?post_type=product&#038;p=6251"},"modified":"2025-10-27T11:10:07","modified_gmt":"2025-10-27T04:10:07","slug":"may-suoi-bear-dnq-c20b1-ban-quoc-te","status":"publish","type":"product","link":"https:\/\/nhadepbepxinh.com.vn\/?product=may-suoi-bear-dnq-c20b1-ban-quoc-te","title":{"rendered":"M\u00e1y s\u01b0\u1edfi Bear DNQ-C20B1 (B\u1ea3n Qu\u1ed1c T\u1ebf)"},"content":{"rendered":"<h3>Th\u00f4ng s\u1ed1 k\u1ef9 thu\u1eadt<\/h3>\n<table>\n<tbody>\n<tr>\n<td>T\u00ean s\u1ea3n ph\u1ea9m<\/td>\n<td><strong>Qu\u1ea1t s\u01b0\u1edfi g\u1ed1m Bear DNQ-C20B1<\/strong><\/td>\n<\/tr>\n<tr>\n<td>M\u00e3 s\u1ea3n ph\u1ea9m<\/td>\n<td><strong>DNQ-C20B1<\/strong><\/td>\n<\/tr>\n<tr>\n<td>H\u00e3ng s\u1ea3n xu\u1ea5t<\/td>\n<td>Bear<\/td>\n<\/tr>\n<tr>\n<td>C\u00f4ng su\u1ea5t<\/td>\n<td>2000W<\/td>\n<\/tr>\n<tr>\n<td>\u0110i\u1ec7n \u00e1p<\/td>\n<td>220V ~ 50Hz<\/td>\n<\/tr>\n<tr>\n<td>M\u00e0u s\u1eafc<\/td>\n<td>Xanh Mint<\/td>\n<\/tr>\n<tr>\n<td>Ch\u1ebf \u0111\u1ed9 gi\u00f3<\/td>\n<td>N\u00f3ng\/ \u1ea5m<\/td>\n<\/tr>\n<tr>\n<td>Ch\u1ea5t li\u1ec7u<\/td>\n<td>Nh\u1ef1a PP cao c\u1ea5p<\/td>\n<\/tr>\n<tr>\n<td>K\u00edch th\u01b0\u1edbc<\/td>\n<td>165 x 185 x 487 (mm)<\/td>\n<\/tr>\n<tr>\n<td>Chi\u1ec1u d\u00e0i d\u00e2y ngu\u1ed3n<\/td>\n<td>1.2m<\/td>\n<\/tr>\n<tr>\n<td>\u0110i\u1ec1u khi\u1ec3n<\/td>\n<td>N\u00fam v\u1eb7n<\/td>\n<\/tr>\n<tr>\n<td>Tr\u1ecdng l\u01b0\u1ee3ng<\/td>\n<td>1.95kg<\/td>\n<\/tr>\n<\/tbody>\n<\/table>\n<h3>\u0110\u1eb7c \u0111i\u1ec3m n\u1ed5i b\u1eadt c\u1ee7a Qu\u1ea1t s\u01b0\u1edfi g\u1ed1m Bear DNQ-C20B1<\/h3>\n<ul>\n<li>2 ch\u1ebf \u0111\u1ed9 \u1ea5m v\u00e0 n\u00f3ng, l\u00e0m \u1ea5m nhanh, kh\u00f4ng kh\u00f4 da<\/li>\n<li>C\u00f4ng ngh\u1ec7 l\u00e0m \u1ea5m b\u1eb1ng s\u01b0\u1edfi g\u1ed1m PTC, ch\u1ed1ng ch\u00e1y an to\u00e0n<\/li>\n<li>T\u1ecfa nhi\u1ec7t g\u00f3c r\u1ed9ng, gi\u1eef nhi\u1ec7t \u1ed5n \u0111\u1ecbnh<\/li>\n<li>V\u1ecf nh\u1ef1a PP ch\u1ed1ng ch\u00e1y, ch\u1ecbu nhi\u1ec7t v\u00e0 c\u00e1ch \u0111i\u1ec7n<\/li>\n<li>V\u1eadn h\u00e0nh \u00eam \u00e1i, \u00e1nh s\u00e1ng d\u1ecbu nh\u1eb9 kh\u00f4ng \u1ea3nh h\u01b0\u1edfng \u0111\u1ebfn gi\u1ea5c ng\u1ee7<\/li>\n<li>Thi\u1ebft k\u1ebf thon d\u00e0i, m\u00e0u s\u1eafc nh\u00e3 nh\u1eb7n.<\/li>\n<\/ul>\n<div id=\"attachment_3035\" class=\"wp-caption aligncenter\">\n<p><img loading=\"lazy\" decoding=\"async\" class=\"wp-image-3035 size-full\" title=\"quat soi gom bear DNQ C20B1\" src=\"https:\/\/bearsvietnam.vn\/wp-content\/uploads\/2023\/11\/quat-soi-gom-bear-DNQ-C20B1.jpg\" sizes=\"auto, (max-width: 800px) 100vw, 800px\" srcset=\"https:\/\/bearsvietnam.vn\/wp-content\/uploads\/2023\/11\/quat-soi-gom-bear-DNQ-C20B1.jpg 800w, https:\/\/bearsvietnam.vn\/wp-content\/uploads\/2023\/11\/quat-soi-gom-bear-DNQ-C20B1-300x300.jpg 300w, https:\/\/bearsvietnam.vn\/wp-content\/uploads\/2023\/11\/quat-soi-gom-bear-DNQ-C20B1-150x150.jpg 150w, https:\/\/bearsvietnam.vn\/wp-content\/uploads\/2023\/11\/quat-soi-gom-bear-DNQ-C20B1-768x768.jpg 768w, https:\/\/bearsvietnam.vn\/wp-content\/uploads\/2023\/11\/quat-soi-gom-bear-DNQ-C20B1-600x600.jpg 600w\" alt=\"Qu\u1ea1t s\u01b0\u1edfi g\u1ed1m Bear DNQ-C20B1\" width=\"800\" height=\"800\" aria-describedby=\"caption-attachment-3035\" \/><\/p>\n<p id=\"caption-attachment-3035\" class=\"wp-caption-text\">Qu\u1ea1t s\u01b0\u1edfi g\u1ed1m Bear DNQ-C20B1<\/p>\n<\/div>\n<h3>C\u00f4ng ngh\u1ec7 s\u01b0\u1edfi g\u1ed1m PTC<\/h3>\n<p>N\u1ebfu b\u1ea1n kh\u00f4ng mu\u1ed1n \u0111\u1eafp ch\u0103n qu\u00e1 d\u00e0y v\u00e0o m\u00f9a \u0111\u00f4ng th\u00ec Bear DNQ-C20B1 l\u00e0 m\u1ed9t gi\u1ea3i ph\u00e1p. Chi\u1ebfc qu\u1ea1t n\u00e0y c\u00f3 2 ch\u1ebf \u0111\u1ed9 \u0111i\u1ec1u ch\u1ec9nh nhi\u1ec7t v\u1edbi c\u00f4ng su\u1ea5t l\u00ean \u0111\u1ebfn 2000W, l\u00e0m \u1ea5m m\u1ecdi kh\u00f4ng gian, xua tan gi\u00e1 l\u1ea1nh.<\/p>\n<div id=\"attachment_3039\" class=\"wp-caption aligncenter\">\n<p><img loading=\"lazy\" decoding=\"async\" class=\"wp-image-3039 size-full\" title=\"quat soi gom bear DNQ C20B1 5\" src=\"https:\/\/bearsvietnam.vn\/wp-content\/uploads\/2023\/11\/quat-soi-gom-bear-DNQ-C20B1_5.jpg\" sizes=\"auto, (max-width: 800px) 100vw, 800px\" srcset=\"https:\/\/bearsvietnam.vn\/wp-content\/uploads\/2023\/11\/quat-soi-gom-bear-DNQ-C20B1_5.jpg 800w, https:\/\/bearsvietnam.vn\/wp-content\/uploads\/2023\/11\/quat-soi-gom-bear-DNQ-C20B1_5-300x300.jpg 300w, https:\/\/bearsvietnam.vn\/wp-content\/uploads\/2023\/11\/quat-soi-gom-bear-DNQ-C20B1_5-150x150.jpg 150w, https:\/\/bearsvietnam.vn\/wp-content\/uploads\/2023\/11\/quat-soi-gom-bear-DNQ-C20B1_5-768x768.jpg 768w, https:\/\/bearsvietnam.vn\/wp-content\/uploads\/2023\/11\/quat-soi-gom-bear-DNQ-C20B1_5-600x600.jpg 600w\" alt=\"Qu\u1ea1t s\u01b0\u1edfi g\u1ed1m Bear DNQ-C20B1 s\u1eed d\u1ee5ng c\u00f4ng ngh\u1ec7 l\u00e0m \u1ea5m hi\u1ec7n \u0111\u1ea1i, an to\u00e0n\" width=\"800\" height=\"800\" aria-describedby=\"caption-attachment-3039\" \/><\/p>\n<p id=\"caption-attachment-3039\" class=\"wp-caption-text\">Qu\u1ea1t s\u01b0\u1edfi g\u1ed1m Bear DNQ-C20B1 s\u1eed d\u1ee5ng c\u00f4ng ngh\u1ec7 l\u00e0m \u1ea5m hi\u1ec7n \u0111\u1ea1i, an to\u00e0n<\/p>\n<\/div>\n<p>Qu\u1ea1t s\u1eed d\u1ee5ng c\u00f4ng ngh\u1ec7 l\u00e0m \u1ea5m b\u1eb1ng s\u01b0\u1edfi g\u1ed1m PTC v\u1edbi kh\u1ea3 n\u0103ng t\u1ecfa nhi\u1ec7t g\u00f3c r\u1ed9ng, gi\u00fap nhi\u1ec7t \u0111\u1ed9 trong ph\u00f2ng t\u0103ng nhanh m\u00e0 v\u1eabn gi\u1eef \u0111\u01b0\u1ee3c m\u1ee9c \u1ed5n \u0111\u1ecbnh khi s\u1eed d\u1ee5ng k\u00e9o d\u00e0i.<\/p>\n<div id=\"attachment_3044\" class=\"wp-caption aligncenter\">\n<p><img loading=\"lazy\" decoding=\"async\" class=\"wp-image-3044 size-full\" title=\"quat soi gom bear DNQ C20B1 11\" src=\"https:\/\/bearsvietnam.vn\/wp-content\/uploads\/2023\/11\/quat-soi-gom-bear-DNQ-C20B1_11.jpg\" sizes=\"auto, (max-width: 1000px) 100vw, 1000px\" srcset=\"https:\/\/bearsvietnam.vn\/wp-content\/uploads\/2023\/11\/quat-soi-gom-bear-DNQ-C20B1_11.jpg 1000w, https:\/\/bearsvietnam.vn\/wp-content\/uploads\/2023\/11\/quat-soi-gom-bear-DNQ-C20B1_11-300x300.jpg 300w, https:\/\/bearsvietnam.vn\/wp-content\/uploads\/2023\/11\/quat-soi-gom-bear-DNQ-C20B1_11-150x150.jpg 150w, https:\/\/bearsvietnam.vn\/wp-content\/uploads\/2023\/11\/quat-soi-gom-bear-DNQ-C20B1_11-768x768.jpg 768w, https:\/\/bearsvietnam.vn\/wp-content\/uploads\/2023\/11\/quat-soi-gom-bear-DNQ-C20B1_11-600x600.jpg 600w\" alt=\"Qu\u1ea1t s\u01b0\u1edfi g\u1ed1m Bear DNQ-C20B1 t\u00edch h\u1ee3p nhi\u1ec1u \u01b0u \u0111i\u1ec3m v\u01b0\u1ee3t tr\u1ed9i\" width=\"1000\" height=\"1000\" aria-describedby=\"caption-attachment-3044\" \/><\/p>\n<p id=\"caption-attachment-3044\" class=\"wp-caption-text\">Qu\u1ea1t s\u01b0\u1edfi g\u1ed1m Bear DNQ-C20B1 t\u00edch h\u1ee3p nhi\u1ec1u \u01b0u \u0111i\u1ec3m v\u01b0\u1ee3t tr\u1ed9i<\/p>\n<\/div>\n<h3>H\u1ec7 th\u1ed1ng s\u01b0\u1edfi d\u1ecdc<\/h3>\n<p>Qu\u1ea1t s\u01b0\u1edfi g\u1ed1m Bear DNQ-C20B1 c\u00f3 h\u1ec7 th\u1ed1ng s\u01b0\u1edfi d\u1ecdc hi\u1ec7n \u0111\u1ea1i, qu\u1ea1t s\u01b0\u1edfi g\u1ed1m kh\u00f4ng \u0111\u1ed1t ch\u00e1y oxy n\u00ean kh\u00f4ng g\u00e2y ng\u1ed9t ng\u1ea1t kh\u00f4ng kh\u00ed, kh\u00f4ng g\u00e2y kh\u00f4 da v\u00e0 an to\u00e0n s\u1eed d\u1ee5ng trong ph\u00f2ng k\u00edn.<\/p>\n<div id=\"attachment_3037\" class=\"wp-caption aligncenter\">\n<p><img loading=\"lazy\" decoding=\"async\" class=\"wp-image-3037 size-full\" title=\"quat soi gom bear DNQ C20B1 3\" src=\"https:\/\/bearsvietnam.vn\/wp-content\/uploads\/2023\/11\/quat-soi-gom-bear-DNQ-C20B1_3.jpg\" sizes=\"auto, (max-width: 800px) 100vw, 800px\" srcset=\"https:\/\/bearsvietnam.vn\/wp-content\/uploads\/2023\/11\/quat-soi-gom-bear-DNQ-C20B1_3.jpg 800w, https:\/\/bearsvietnam.vn\/wp-content\/uploads\/2023\/11\/quat-soi-gom-bear-DNQ-C20B1_3-300x300.jpg 300w, https:\/\/bearsvietnam.vn\/wp-content\/uploads\/2023\/11\/quat-soi-gom-bear-DNQ-C20B1_3-150x150.jpg 150w, https:\/\/bearsvietnam.vn\/wp-content\/uploads\/2023\/11\/quat-soi-gom-bear-DNQ-C20B1_3-768x768.jpg 768w, https:\/\/bearsvietnam.vn\/wp-content\/uploads\/2023\/11\/quat-soi-gom-bear-DNQ-C20B1_3-600x600.jpg 600w\" alt=\"Qu\u1ea1t s\u01b0\u1edfi g\u1ed1m Bear DNQ-C20B1 kh\u00f4ng \u0111\u1ed1t oxy, kh\u00f4ng g\u00e2y kh\u00f4 da\" width=\"800\" height=\"800\" aria-describedby=\"caption-attachment-3037\" \/><\/p>\n<p id=\"caption-attachment-3037\" class=\"wp-caption-text\">Qu\u1ea1t s\u01b0\u1edfi g\u1ed1m Bear DNQ-C20B1 kh\u00f4ng \u0111\u1ed1t oxy, kh\u00f4ng g\u00e2y kh\u00f4 da<\/p>\n<\/div>\n<h3>Ch\u1ed1ng ch\u00e1y hi\u1ec7u qu\u1ea3<\/h3>\n<p>Bear DNQ-C20B1 c\u00f3 h\u1ec7 th\u1ed1ng b\u1ea3o v\u1ec7 qu\u00e1 nhi\u1ec7t k\u00e9p, t\u1ef1 \u0111\u1ed9ng \u0111i\u1ec1u ch\u1ec9nh khi nhi\u1ec7t qu\u00e1 t\u1ea3i, c\u00f3 d\u00e2y b\u1ea3o v\u1ec7 nhi\u1ec7t an to\u00e0n. Ngo\u00e0i ra, qu\u1ea1t c\u00f2n \u0111\u01b0\u1ee3c th\u00edch h\u1ee3p nhi\u1ec1u t\u00ednh n\u0103ng ch\u1ed1ng ch\u00e1y an to\u00e0n, l\u1edbp v\u1ecf b\u1eb1ng nh\u1ef1a PP ch\u1ed1ng ch\u00e1y hi\u1ec7u qu\u1ea3.<\/p>\n<div id=\"attachment_3040\" class=\"wp-caption aligncenter\">\n<p><img loading=\"lazy\" decoding=\"async\" class=\"wp-image-3040 size-full\" title=\"quat soi gom bear DNQ C20B1 6\" src=\"https:\/\/bearsvietnam.vn\/wp-content\/uploads\/2023\/11\/quat-soi-gom-bear-DNQ-C20B1_6.jpg\" sizes=\"auto, (max-width: 1000px) 100vw, 1000px\" srcset=\"https:\/\/bearsvietnam.vn\/wp-content\/uploads\/2023\/11\/quat-soi-gom-bear-DNQ-C20B1_6.jpg 1000w, https:\/\/bearsvietnam.vn\/wp-content\/uploads\/2023\/11\/quat-soi-gom-bear-DNQ-C20B1_6-300x300.jpg 300w, https:\/\/bearsvietnam.vn\/wp-content\/uploads\/2023\/11\/quat-soi-gom-bear-DNQ-C20B1_6-150x150.jpg 150w, https:\/\/bearsvietnam.vn\/wp-content\/uploads\/2023\/11\/quat-soi-gom-bear-DNQ-C20B1_6-768x768.jpg 768w, https:\/\/bearsvietnam.vn\/wp-content\/uploads\/2023\/11\/quat-soi-gom-bear-DNQ-C20B1_6-600x600.jpg 600w\" alt=\"Qu\u1ea1t s\u01b0\u1edfi g\u1ed1m Bear DNQ-C20B1 ch\u1ed1ng ch\u00e1y hi\u1ec7u qu\u1ea3\" width=\"1000\" height=\"1000\" aria-describedby=\"caption-attachment-3040\" \/><\/p>\n<p id=\"caption-attachment-3040\" class=\"wp-caption-text\">Qu\u1ea1t s\u01b0\u1edfi g\u1ed1m Bear DNQ-C20B1 ch\u1ed1ng ch\u00e1y hi\u1ec7u qu\u1ea3<\/p>\n<\/div>\n<h3>V\u1eadn h\u00e0nh \u00eam \u1ea3<\/h3>\n<p>S\u1eed d\u1ee5ng qu\u1ea1t s\u01b0\u1edfi g\u1ed1m Bear DNQ-C20B1, b\u1ea1n kh\u00f4ng c\u00f2n lo l\u1eafng \u0111\u1ebfn vi\u1ec7c gi\u1ea5c ng\u1ee7 b\u1ecb \u1ea3nh h\u01b0\u1edfng do ti\u1ebfng \u0111\u1ed9ng c\u01a1 v\u1eadn h\u00e0nh. Qu\u1ea1t ch\u1ea1y r\u1ea5t \u00eam, an to\u00e0n cho gi\u1ea5c ng\u1ee7 con tr\u1ebb, k\u1ec3 c\u1ea3 ng\u01b0\u1eddi d\u1ec5 m\u1ea5t ng\u1ee7 c\u0169ng c\u00f3 th\u1ec3 y\u00ean t\u00e2m s\u1eed d\u1ee5ng. Ngo\u00e0i ra, qu\u1ea1t c\u00f2n c\u00f3 thi\u1ebft k\u1ebf \u00e1nh s\u00e1ng d\u1ecbu nh\u1eb9, kh\u00f4ng g\u00e2y ch\u00f3i m\u1eaft v\u00e0o ban \u0111\u00eam.<\/p>\n<div id=\"attachment_3038\" class=\"wp-caption aligncenter\">\n<p><img loading=\"lazy\" decoding=\"async\" class=\"wp-image-3038 size-full\" title=\"quat soi gom bear DNQ C20B1 4\" src=\"https:\/\/bearsvietnam.vn\/wp-content\/uploads\/2023\/11\/quat-soi-gom-bear-DNQ-C20B1_4.jpg\" sizes=\"auto, (max-width: 860px) 100vw, 860px\" srcset=\"https:\/\/bearsvietnam.vn\/wp-content\/uploads\/2023\/11\/quat-soi-gom-bear-DNQ-C20B1_4.jpg 860w, https:\/\/bearsvietnam.vn\/wp-content\/uploads\/2023\/11\/quat-soi-gom-bear-DNQ-C20B1_4-300x300.jpg 300w, https:\/\/bearsvietnam.vn\/wp-content\/uploads\/2023\/11\/quat-soi-gom-bear-DNQ-C20B1_4-150x150.jpg 150w, https:\/\/bearsvietnam.vn\/wp-content\/uploads\/2023\/11\/quat-soi-gom-bear-DNQ-C20B1_4-768x768.jpg 768w, https:\/\/bearsvietnam.vn\/wp-content\/uploads\/2023\/11\/quat-soi-gom-bear-DNQ-C20B1_4-600x600.jpg 600w\" alt=\"Qu\u1ea1t s\u01b0\u1edfi g\u1ed1m Bear DNQ-C20B1 c\u00f3 ti\u1ebfng \u1ed3n r\u1ea5t nh\u1eb9, kh\u00f4ng \u1ea3nh h\u01b0\u1edfng \u0111\u1ebfn gi\u1ea5c ng\u1ee7\" width=\"860\" height=\"860\" aria-describedby=\"caption-attachment-3038\" \/><\/p>\n<p id=\"caption-attachment-3038\" class=\"wp-caption-text\">Qu\u1ea1t s\u01b0\u1edfi g\u1ed1m Bear DNQ-C20B1 c\u00f3 ti\u1ebfng \u1ed3n r\u1ea5t nh\u1eb9, kh\u00f4ng \u1ea3nh h\u01b0\u1edfng \u0111\u1ebfn gi\u1ea5c ng\u1ee7 c\u1ee7a b\u1ea1n<\/p>\n<\/div>\n<h3>\u0110i\u1ec1u khi\u1ec3n d\u1ec5 d\u00e0ng<\/h3>\n<p>Bear thi\u1ebft k\u1ebf n\u00fam \u0111i\u1ec1u khi\u1ec3n, t\u00edch h\u1ee3p ngay tr\u00ean th\u00e2n qu\u1ea1t. Mu\u1ed1n t\u0103ng gi\u1ea3m nhi\u1ec7t \u0111\u1ed9, b\u1ea1n ch\u1ec9 c\u1ea7n v\u1eb7n n\u00fam theo chi\u1ec1u kim \u0111\u1ed3ng h\u1ed3 ho\u1eb7c ng\u01b0\u1ee3c l\u1ea1i l\u00e0 xong, r\u1ea5t \u0111\u01a1n gi\u1ea3n, ti\u1ec7n d\u1ee5ng, ai c\u0169ng c\u00f3 th\u1ec3 d\u00f9ng.<\/p>\n<div id=\"attachment_3046\" class=\"wp-caption aligncenter\">\n<p><img loading=\"lazy\" decoding=\"async\" class=\"wp-image-3046 size-full\" title=\"quat soi gom bear DNQ C20B1 13\" src=\"https:\/\/bearsvietnam.vn\/wp-content\/uploads\/2023\/11\/quat-soi-gom-bear-DNQ-C20B1_13.jpg\" sizes=\"auto, (max-width: 900px) 100vw, 900px\" srcset=\"https:\/\/bearsvietnam.vn\/wp-content\/uploads\/2023\/11\/quat-soi-gom-bear-DNQ-C20B1_13.jpg 900w, https:\/\/bearsvietnam.vn\/wp-content\/uploads\/2023\/11\/quat-soi-gom-bear-DNQ-C20B1_13-300x300.jpg 300w, https:\/\/bearsvietnam.vn\/wp-content\/uploads\/2023\/11\/quat-soi-gom-bear-DNQ-C20B1_13-150x150.jpg 150w, https:\/\/bearsvietnam.vn\/wp-content\/uploads\/2023\/11\/quat-soi-gom-bear-DNQ-C20B1_13-768x768.jpg 768w, https:\/\/bearsvietnam.vn\/wp-content\/uploads\/2023\/11\/quat-soi-gom-bear-DNQ-C20B1_13-600x600.jpg 600w\" alt=\"Qu\u1ea1t s\u01b0\u1edfi g\u1ed1m Bear DNQ-C20B1 \u0111i\u1ec1u khi\u1ec3n v\u00e0 di chuy\u1ec3n d\u1ec5 d\u00e0ng\" width=\"900\" height=\"900\" aria-describedby=\"caption-attachment-3046\" \/><\/p>\n<p id=\"caption-attachment-3046\" class=\"wp-caption-text\">Qu\u1ea1t s\u01b0\u1edfi g\u1ed1m Bear DNQ-C20B1 \u0111i\u1ec1u khi\u1ec3n v\u00e0 di chuy\u1ec3n d\u1ec5 d\u00e0ng<\/p>\n<\/div>\n<p>S\u1edf h\u1eefu m\u1ee9c gi\u00e1 kh\u00f4ng \u0111\u01b0\u1ee3c xem l\u00e0 r\u1ebb, nh\u01b0ng v\u1edbi nh\u1eefng g\u00ec m\u00e0 Bear DNQ-C20B1 mang l\u1ea1i th\u00ec s\u1ea3n ph\u1ea9m ho\u00e0n to\u00e0n x\u1ee9ng \u0111\u00e1ng \u0111\u1ec3 ng\u01b0\u1eddi d\u00f9ng \u201cch\u1ecdn m\u1eb7t g\u1eedi v\u00e0ng\u201d. Thay v\u00ec mua qu\u1ea1t s\u01b0\u1edfi gi\u00e1 r\u1ebb, b\u1ea1n h\u00e3y trang b\u1ecb cho gia \u0111\u00ecnh m\u1ed9t chi\u1ebfc qu\u1ea1t s\u01b0\u1edfi v\u1eeba an to\u00e0n, ti\u1ebft ki\u1ec7m l\u1ea1i kh\u00f4ng \u1ea3nh h\u01b0\u1edfng \u0111\u1ebfn s\u1ee9c kh\u1ecfe con nh\u1ecf v\u00e0 c\u00e1c th\u00e0nh vi\u00ean.<\/p>\n","protected":false},"excerpt":{"rendered":"<p>Th\u00f4ng s\u1ed1 k\u1ef9 thu\u1eadt T\u00ean s\u1ea3n ph\u1ea9m Qu\u1ea1t s\u01b0\u1edfi g\u1ed1m Bear DNQ-C20B1 M\u00e3 s\u1ea3n ph\u1ea9m DNQ-C20B1 H\u00e3ng s\u1ea3n xu\u1ea5t Bear C\u00f4ng su\u1ea5t 2000W \u0110i\u1ec7n \u00e1p 220V ~ 50Hz M\u00e0u s\u1eafc Xanh Mint Ch\u1ebf \u0111\u1ed9 gi\u00f3 N\u00f3ng\/ \u1ea5m Ch\u1ea5t li\u1ec7u Nh\u1ef1a PP cao c\u1ea5p K\u00edch th\u01b0\u1edbc 165 x 185 x 487 (mm) Chi\u1ec1u d\u00e0i d\u00e2y ngu\u1ed3n&#8230;<\/p>\n","protected":false},"featured_media":6254,"comment_status":"open","ping_status":"closed","template":"","meta":[],"product_brand":[],"product_cat":[85,139],"product_tag":[],"class_list":{"0":"post-6251","1":"product","2":"type-product","3":"status-publish","4":"has-post-thumbnail","6":"product_cat-may-suoi","7":"product_cat-bear","9":"first","10":"instock","11":"shipping-taxable","12":"product-type-simple"},"_links":{"self":[{"href":"https:\/\/nhadepbepxinh.com.vn\/index.php?rest_route=\/wp\/v2\/product\/6251","targetHints":{"allow":["GET"]}}],"collection":[{"href":"https:\/\/nhadepbepxinh.com.vn\/index.php?rest_route=\/wp\/v2\/product"}],"about":[{"href":"https:\/\/nhadepbepxinh.com.vn\/index.php?rest_route=\/wp\/v2\/types\/product"}],"replies":[{"embeddable":true,"href":"https:\/\/nhadepbepxinh.com.vn\/index.php?rest_route=%2Fwp%2Fv2%2Fcomments&post=6251"}],"wp:featuredmedia":[{"embeddable":true,"href":"https:\/\/nhadepbepxinh.com.vn\/index.php?rest_route=\/wp\/v2\/media\/6254"}],"wp:attachment":[{"href":"https:\/\/nhadepbepxinh.com.vn\/index.php?rest_route=%2Fwp%2Fv2%2Fmedia&parent=6251"}],"wp:term":[{"taxonomy":"product_brand","embeddable":true,"href":"https:\/\/nhadepbepxinh.com.vn\/index.php?rest_route=%2Fwp%2Fv2%2Fproduct_brand&post=6251"},{"taxonomy":"product_cat","embeddable":true,"href":"https:\/\/nhadepbepxinh.com.vn\/index.php?rest_route=%2Fwp%2Fv2%2Fproduct_cat&post=6251"},{"taxonomy":"product_tag","embeddable":true,"href":"https:\/\/nhadepbepxinh.com.vn\/index.php?rest_route=%2Fwp%2Fv2%2Fproduct_tag&post=6251"}],"curies":[{"name":"wp","href":"https:\/\/api.w.org\/{rel}","templated":true}]}}