{"id":6245,"date":"2025-10-27T10:33:21","date_gmt":"2025-10-27T03:33:21","guid":{"rendered":"https:\/\/nhadepbepxinh.com.vn\/?post_type=product&#038;p=6245"},"modified":"2025-10-27T10:33:21","modified_gmt":"2025-10-27T03:33:21","slug":"binh-thuy-dien-5l-bear-sb-btd5l","status":"publish","type":"product","link":"https:\/\/nhadepbepxinh.com.vn\/?product=binh-thuy-dien-5l-bear-sb-btd5l","title":{"rendered":"B\u00ecnh th\u1ee7y \u0111i\u1ec7n 5L Bear SB-BTD5L"},"content":{"rendered":"<div class=\"content-pro\">\n<h2>Th\u00f4ng s\u1ed1 k\u1ef9 thu\u1eadt<\/h2>\n<div id=\"div-scroll-1\" class=\"div-scroll\">\n<table class=\"table-list\" border=\"1\" cellspacing=\"0\" cellpadding=\"0\">\n<tbody>\n<tr>\n<td>Th\u01b0\u01a1ng hi\u1ec7u<\/td>\n<td>Bear<\/td>\n<\/tr>\n<tr>\n<td>C\u00f4ng su\u1ea5t<\/td>\n<td>1350W<\/td>\n<\/tr>\n<tr>\n<td>Dung t\u00edch<\/td>\n<td>5L<\/td>\n<\/tr>\n<tr>\n<td>M\u00e0u s\u1eafc<\/td>\n<td>Kem<\/td>\n<\/tr>\n<tr>\n<td>Ch\u1ea5t li\u1ec7u<\/td>\n<td>V\u1ecf s\u01a1n c\u00e1ch \u0111i\u1ec7n &#8211; Ru\u1ed9t inox 304 kh\u00f4ng g\u1ec9<\/td>\n<\/tr>\n<tr>\n<td>\u0110i\u1ec7n \u00e1p<\/td>\n<td>220V ~ 50Hz<\/td>\n<\/tr>\n<tr>\n<td>K\u00edch th\u01b0\u1edbc<\/td>\n<td>240 x 331 x 292mm<\/td>\n<\/tr>\n<tr>\n<td>\u0110i\u1ec1u khi\u1ec3n<\/td>\n<td>M\u00e0n h\u00ecnh led c\u1ea3m \u1ee9ng<\/td>\n<\/tr>\n<tr>\n<td>B\u1ea3o h\u00e0nh<\/td>\n<td>18 th\u00e1ng<\/td>\n<\/tr>\n<\/tbody>\n<\/table>\n<\/div>\n<\/div>\n<div class=\"content-pro\">\n<p>&nbsp;<\/p>\n<p><img decoding=\"async\" src=\"https:\/\/bearvietnam.com.vn\/uploaded\/binh-thuy-dien-5L%20(25).jpg\" alt=\"\" \/><\/p>\n<p><img decoding=\"async\" src=\"https:\/\/bearvietnam.com.vn\/uploaded\/binh-thuy-dien-5L%20(22).jpg\" alt=\"\" \/><\/p>\n<p><img decoding=\"async\" src=\"https:\/\/bearvietnam.com.vn\/uploaded\/binh-thuy-dien-5L%20(21).jpg\" alt=\"\" \/><\/p>\n<p><img decoding=\"async\" src=\"https:\/\/bearvietnam.com.vn\/uploaded\/binh-thuy-dien-5L%20(23).jpg\" alt=\"\" \/><\/p>\n<p><img decoding=\"async\" src=\"https:\/\/bearvietnam.com.vn\/uploaded\/binh-thuy-dien-5L%20(24).jpg\" alt=\"\" \/><\/p>\n<p><img decoding=\"async\" src=\"https:\/\/bearvietnam.com.vn\/uploaded\/binh-thuy-dien-5L%20(60).jpg\" alt=\"\" \/><br \/>\n<strong>B\u00ecnh th\u1ee7y \u0111i\u1ec7n Bear 5L\u00a0BTD5L<\/strong>\u00a0c\u00f3 s\u1ef1 c\u1ea3i ti\u1ebfn v\u1edbi thi\u1ebft k\u1ebf ho\u00e0n to\u00e0n m\u1edbi, d\u00e0nh \u0111\u01b0\u1ee3c s\u1ef1 \u01b0a chu\u1ed9ng t\u1eeb c\u1ed9ng \u0111\u1ed3ng ng\u01b0\u1eddi ti\u00eau d\u00f9ng Vi\u1ec7t. V\u1edbi chi\u1ebfc b\u00ecnh Bear, vi\u1ec7c \u0111\u1ea3m b\u1ea3o ch\u1ea5t l\u01b0\u1ee3ng n\u01b0\u1edbc an to\u00e0n cho gia \u0111\u00ecnh c\u1ee7a b\u1ea1n kh\u00f4ng c\u00f2n l\u00e0 v\u1ea5n \u0111\u1ec1 ph\u1ee9c t\u1ea1p.\u00a0\u0110\u1ec3 hi\u1ec3u r\u00f5 h\u01a1n v\u1ec1 chi\u1ebfc b\u00ecnh th\u1ee7y \u0111i\u1ec7n Bear 5L BTD5L, d\u01b0\u1edbi \u0111\u00e2y l\u00e0 nh\u1eefng th\u00f4ng s\u1ed1 k\u1ef9 thu\u1eadt, ch\u1ee9c n\u0103ng v\u00e0 c\u00f4ng d\u1ee5ng ch\u00ednh c\u1ee7a s\u1ea3n ph\u1ea9m.<\/p>\n<h2>\u01afu \u0111i\u1ec3m n\u1ed5i b\u1eadt c\u1ee7a b\u00ecnh th\u1ee7y \u0111i\u1ec7n 5L Bear<\/h2>\n<h3>Thi\u1ebft k\u1ebf sang tr\u1ecdng<\/h3>\n<p>B\u1ea1n s\u1ebd c\u00f3 nh\u1eefng tr\u1ea3i nghi\u1ec7m v\u00f4 c\u00f9ng th\u00fa v\u1ecb v\u00e0 ch\u1ea5t l\u01b0\u1ee3ng khi s\u1eed d\u1ee5ng chi\u1ebfc b\u00ecnh th\u1ee7y \u0111i\u1ec7n 5L n\u00e0y c\u1ee7a nh\u00e0 Bear. \u0110i\u1ec3m d\u1eebng \u0111\u1ea7u ti\u00ean tr\u00ean s\u1ea3n ph\u1ea9m\u00a0ch\u00ednh l\u00e0 &#8220;giao di\u1ec7n&#8221; \u0111\u1eb9p \u1ea5n t\u01b0\u1ee3ng, b\u1eaft m\u1eaft v\u1edbi tone m\u00e0u kem hot trend trong nh\u1eefng n\u0103m tr\u1edf l\u1ea1i \u0111\u00e2y, v\u1eeba sang tr\u1ecdng nh\u01b0ng c\u0169ng kh\u00f4ng k\u00e9m ph\u1ea7n tr\u1ebb trung, hi\u1ec7n \u0111\u1ea1i. S\u1edf h\u1eefu chi\u1ebfc b\u00ecnh n\u00e0y trong nh\u00e0 s\u1ebd khi\u1ebfn kh\u00f4ng gian c\u1ee7a b\u1ea1n tr\u1edf n\u00ean b\u1eebng s\u00e1ng v\u00e0 c\u00f3 \u0111i\u1ec3m nh\u1ea5n h\u01a1n r\u1ea5t nhi\u1ec1u \u0111\u1ea5y nh\u00e9!<\/p>\n<p>&nbsp;<\/p>\n<div><img decoding=\"async\" src=\"https:\/\/bearvietnam.com.vn\/uploaded\/untitled%20folder%2015\/binh-thuy-dien-5l-bear%20(2).jpg\" alt=\"\" \/><\/div>\n<p>Thi\u1ebft k\u1ebf sang tr\u1ecdng nh\u01b0 1 m\u00f3n \u0111\u1ed3 decor kh\u00f4ng gian s\u1ed1ng<\/p>\n<h3>Dung t\u00edch l\u1edbn<\/h3>\n<p>V\u1edbi dung t\u00edch 5L, b\u1ea1n s\u1ebd kh\u00f4ng c\u1ea7n ph\u1ea3i thay n\u01b0\u1edbc th\u01b0\u1eddng xuy\u00ean. \u0110\u1ecbnh l\u01b0\u1ee3ng n\u00e0y \u0111\u1ed1i v\u1edbi c\u00e1c gia \u0111\u00ecnh b\u00ecnh th\u01b0\u1eddng \u0111\u1ee7 cho c\u00e1c th\u00e0nh vi\u00ean s\u1eed d\u1ee5ng trong c\u1ea3 m\u1ed9t ng\u00e0y. Khi h\u1ebft n\u01b0\u1edbc, b\u1ea1n ch\u1ec9 c\u1ea7n m\u1edf n\u1eafp b\u00ecnh v\u00e0 \u0111\u1ed5 th\u00eam n\u01b0\u1edbc v\u00e0o, mi\u00eang b\u00ecnh kh\u00e1 r\u1ed9ng n\u00ean thao t\u00e1c n\u00e0y c\u0169ng r\u1ea5t d\u1ec5 \u0111\u1ec3 th\u1ef1c hi\u1ec7n \u0111\u1ed1i v\u1edbi b\u1ea5t c\u1ee9 ai.<\/p>\n<p><img decoding=\"async\" src=\"https:\/\/bearvietnam.com.vn\/uploaded\/binh-thuy-dien-5L%20(14).jpg\" alt=\"\" \/><\/p>\n<h3>T\u00ednh n\u0103ng \u0111a d\u1ea1ng<\/h3>\n<p>Kh\u00f4ng ch\u1ec9 \u0111\u1eb9p m\u00e0 s\u1ea3n ph\u1ea9m b\u00ecnh th\u1ee7y \u0111i\u1ec7n 5L Bear c\u00f2n v\u00f4 c\u00f9ng ti\u1ec7n l\u1ee3i v\u00e0 th\u00f4ng minh v\u1edbi 3 ch\u1ee9c n\u0103ng ch\u00ednh \u0111\u01b0\u1ee3c c\u00e0i \u0111\u1eb7t s\u1eb5n, gi\u00fap cu\u1ed9c s\u1ed1ng c\u1ee7a b\u1ea1n tr\u1edf n\u00ean tho\u1ea3i m\u00e1i v\u00e0 l\u00fd t\u01b0\u1edfng h\u01a1n r\u1ea5t nhi\u1ec1u, c\u1ee5 th\u1ec3:<br \/>\n<strong>&#8211; Ch\u1ee9c n\u0103ng \u0111un s\u00f4i n\u01b0\u1edbc<\/strong>: Nh\u1edd c\u00f4ng su\u1ea5t cao 1350W, vi\u1ec7c \u0111un s\u00f4i n\u01b0\u1edbc \u0111\u01b0\u1ee3c di\u1ec5n ra nhanh ch\u00f3ng m\u00e0 kh\u00f4ng c\u1ea7n ph\u1ea3i \u0111\u1ee3i l\u00e2u. N\u01b0\u1edbc sau khi \u0111\u01b0\u1ee3c \u0111un s\u00f4i s\u1ebd t\u1ef1 \u0111\u1ed9ng ng\u1eaft v\u00e0 chuy\u1ec3n sang ch\u1ebf \u0111\u1ed9 gi\u1eef \u1ea5m.<br \/>\n<strong>&#8211; Ch\u1ee9c n\u0103ng gi\u1eef \u1ea5m n\u01b0\u1edbc<\/strong>:\u00a0B\u00ecnh th\u1ee7y \u0111i\u1ec7n Bear c\u00f3 t\u1edbi 11 m\u1ee9c nhi\u1ec7t gi\u1eef \u1ea5m kh\u00e1c nhau t\u1eeb 40 \u2013 90 \u0111\u1ed9 C, t\u00f9y ch\u1ec9nh nhi\u1ec7t \u0111\u1ed9 n\u01b0\u1edbc ph\u00f9 h\u1ee3p v\u1edbi nhu c\u1ea7u d\u1ec5 d\u00e0ng. \u0110i\u1ec1u n\u00e0y gi\u00fap b\u1ea1n c\u00f3 th\u1ec3 gi\u1eef \u1ea5m n\u01b0\u1edbc \u1edf nhi\u1ec7t \u0111\u1ed9 l\u00fd t\u01b0\u1edfng khi pha tr\u00e0, pha c\u00e0 ph\u00ea, n\u01b0\u1edbc hoa qu\u1ea3, n\u01b0\u1edbc chanh,\u2026<br \/>\n<strong>&#8211; Ch\u1ee9c n\u0103ng kh\u1eed Clo trong n\u01b0\u1edbc<\/strong>:\u00a0\u0110\u1ec3 duy tr\u00ec ch\u1ea5t l\u01b0\u1ee3ng n\u01b0\u1edbc u\u1ed1ng \u1edf m\u1ee9c t\u1ed1t nh\u1ea5t, b\u00ecnh th\u1ee7y \u0111i\u1ec7n Bear \u0111\u00e3 t\u00edch h\u1ee3p th\u00eam t\u00ednh n\u0103ng kh\u1eed clo th\u00f4ng minh. Ch\u1ec9 v\u1edbi m\u1ed9t n\u00fat nh\u1ea5n, chi\u1ebfc b\u00ecnh s\u1ebd t\u1ef1 \u0111\u1ed9ng \u0111un s\u00f4i trong v\u00f2ng 3 ph\u00fat \u0111\u1ec3 lo\u1ea1i b\u1ecf l\u01b0\u1ee3ng clo c\u00f3 trong n\u01b0\u1edbc m\u1ed9t c\u00e1ch nhanh ch\u00f3ng. B\u1ea1n v\u00e0 gia \u0111\u00ecnh c\u00f3 th\u1ec3 an t\u00e2m s\u1eed d\u1ee5ng n\u01b0\u1edbc u\u1ed1ng t\u1eeb b\u00ecnh th\u1ee7y \u0111i\u1ec7n Bear 5L m\u00e0 kh\u00f4ng lo \u1ea3nh h\u01b0\u1edfng t\u1edbi s\u1ee9c kh\u1ecfe.<\/p>\n<p><img decoding=\"async\" src=\"https:\/\/bearvietnam.com.vn\/uploaded\/binh-thuy-dien-5L%20(19).jpg\" alt=\"\" \/><\/p>\n<p><img decoding=\"async\" src=\"https:\/\/bearvietnam.com.vn\/uploaded\/binh-thuy-dien-5L%20(17).jpg\" alt=\"\" \/><\/p>\n<p><img decoding=\"async\" src=\"https:\/\/bearvietnam.com.vn\/uploaded\/binh-thuy-dien-5L%20(71).jpg\" alt=\"\" \/><\/p>\n<p><img decoding=\"async\" src=\"https:\/\/bearvietnam.com.vn\/uploaded\/binh-thuy-dien-5L%20(63).jpg\" alt=\"\" \/><\/p>\n<h3>Ch\u1ea5t li\u1ec7u an to\u00e0n<\/h3>\n<p>L\u00e0 m\u1eb7t h\u00e0ng gia d\u1ee5ng cao c\u1ea5p, Bear lu\u00f4n ch\u00fa tr\u1ecdng trong kh\u00e2u tuy\u1ec3n ch\u1ecdn ch\u1ea5t li\u1ec7u \u0111\u1ec3 c\u00f3 th\u1ec3 trao \u0111\u1ebfn tay kh\u00e1ch h\u00e0ng nh\u1eefng s\u1ea3n ph\u1ea9m kh\u00f4ng ch\u1ec9 \u0111\u1eb9p, h\u1eefu \u00edch m\u00e0 c\u00f2n an to\u00e0n n\u1eefa. Theo \u0111\u00f3, l\u00f5i b\u00ecnh th\u1ee7y \u0111\u01b0\u1ee3c l\u00e0m t\u1eeb inox 304 kh\u00f4ng g\u1ec9, v\u1eeba an to\u00e0n cho s\u1ee9c kh\u1ecfe, v\u1eeba gi\u1eef nhi\u1ec7t t\u1ed1t. V\u1ecf b\u00ecnh c\u00f3 l\u1edbp s\u01a1n c\u00e1ch \u0111i\u1ec7n ch\u1ed1ng b\u1ecfng, ch\u1ed1ng gi\u1eadt v\u00e0 \u0111\u1eb7c bi\u1ec7t c\u00f3 ch\u1ebf \u0111\u1ed9 kh\u00f3a an to\u00e0n n\u00ean c\u00e1c gia \u0111\u00ecnh c\u00f3 tr\u1ebb nh\u1ecf ho\u00e0n to\u00e0n c\u00f3 th\u1ec3 y\u00ean t\u00e2m s\u1eed d\u1ee5ng.<\/p>\n<p><img decoding=\"async\" src=\"https:\/\/bearvietnam.com.vn\/uploaded\/binh-thuy-dien-5L%20(15).jpg\" alt=\"\" \/><\/p>\n<p><img decoding=\"async\" src=\"https:\/\/bearvietnam.com.vn\/uploaded\/binh-thuy-dien-5L%20(70).jpg\" alt=\"\" \/><\/p>\n<h2>M\u1ed9t s\u1ed1 feedback t\u1eeb kh\u00e1ch h\u00e0ng<\/h2>\n<h2><img decoding=\"async\" src=\"https:\/\/bearvietnam.com.vn\/uploaded\/untitled%20folder%2015\/binh-thuy-dien-5L%20(35).jpg\" alt=\"\" \/><\/h2>\n<p><img decoding=\"async\" src=\"https:\/\/bearvietnam.com.vn\/uploaded\/untitled%20folder%2015\/binh-thuy-dien-5l-bear%20(5).jpg\" alt=\"\" \/><\/p>\n<p><img decoding=\"async\" src=\"https:\/\/bearvietnam.com.vn\/uploaded\/untitled%20folder%2015\/binh-thuy-dien-5l-bear%20(4).jpg\" alt=\"\" \/><\/p>\n<p><img decoding=\"async\" src=\"https:\/\/bearvietnam.com.vn\/uploaded\/untitled%20folder%2015\/binh-thuy-dien-5l-bear%20(3).jpg\" alt=\"\" \/><\/p>\n<p><img decoding=\"async\" src=\"https:\/\/bearvietnam.com.vn\/uploaded\/untitled%20folder%2015\/binh-thuy-dien-5l-bear%20(1).jpg\" alt=\"\" \/><\/p>\n<h2>Cam k\u1ebft c\u1ee7a ch\u00fang t\u00f4i<\/h2>\n<p>Ch\u00fang t\u00f4i cam k\u1ebft t\u1ea5t c\u1ea3 c\u00e1c s\u1ea3n ph\u1ea9m \u0111\u1ec1u l\u00e0 h\u00e0ng ch\u00ednh h\u00e3ng v\u1edbi ch\u1ebf \u0111\u1ed9 h\u1ea5p d\u1eabn khi mua h\u00e0ng nh\u01b0 sau:<\/p>\n<p dir=\"ltr\">&#8211; B\u1ea3o h\u00e0nh 18 th\u00e1ng<\/p>\n<p dir=\"ltr\">&#8211; \u0110\u1ed5i m\u1edbi trong v\u00f2ng 30 ng\u00e0y n\u1ebfu l\u1ed7i do nh\u00e0 s\u1ea3n xu\u1ea5t<\/p>\n<div dir=\"ltr\">\n<p>&#8211; Freeship to\u00e0n qu\u1ed1c<\/p>\n<\/div>\n<\/div>\n","protected":false},"excerpt":{"rendered":"<p>Th\u00f4ng s\u1ed1 k\u1ef9 thu\u1eadt Th\u01b0\u01a1ng hi\u1ec7u Bear C\u00f4ng su\u1ea5t 1350W Dung t\u00edch 5L M\u00e0u s\u1eafc Kem Ch\u1ea5t li\u1ec7u V\u1ecf s\u01a1n c\u00e1ch \u0111i\u1ec7n &#8211; Ru\u1ed9t inox 304 kh\u00f4ng g\u1ec9 \u0110i\u1ec7n \u00e1p 220V ~ 50Hz K\u00edch th\u01b0\u1edbc 240 x 331 x 292mm \u0110i\u1ec1u khi\u1ec3n M\u00e0n h\u00ecnh led c\u1ea3m \u1ee9ng B\u1ea3o h\u00e0nh 18 th\u00e1ng &nbsp; B\u00ecnh th\u1ee7y \u0111i\u1ec7n&#8230;<\/p>\n","protected":false},"featured_media":6246,"comment_status":"open","ping_status":"closed","template":"","meta":[],"product_brand":[],"product_cat":[61,121],"product_tag":[],"class_list":{"0":"post-6245","1":"product","2":"type-product","3":"status-publish","4":"has-post-thumbnail","6":"product_cat-hang-gia-dung","7":"product_cat-binh-thuy-dien","9":"first","10":"instock","11":"shipping-taxable","12":"product-type-simple"},"_links":{"self":[{"href":"https:\/\/nhadepbepxinh.com.vn\/index.php?rest_route=\/wp\/v2\/product\/6245","targetHints":{"allow":["GET"]}}],"collection":[{"href":"https:\/\/nhadepbepxinh.com.vn\/index.php?rest_route=\/wp\/v2\/product"}],"about":[{"href":"https:\/\/nhadepbepxinh.com.vn\/index.php?rest_route=\/wp\/v2\/types\/product"}],"replies":[{"embeddable":true,"href":"https:\/\/nhadepbepxinh.com.vn\/index.php?rest_route=%2Fwp%2Fv2%2Fcomments&post=6245"}],"wp:featuredmedia":[{"embeddable":true,"href":"https:\/\/nhadepbepxinh.com.vn\/index.php?rest_route=\/wp\/v2\/media\/6246"}],"wp:attachment":[{"href":"https:\/\/nhadepbepxinh.com.vn\/index.php?rest_route=%2Fwp%2Fv2%2Fmedia&parent=6245"}],"wp:term":[{"taxonomy":"product_brand","embeddable":true,"href":"https:\/\/nhadepbepxinh.com.vn\/index.php?rest_route=%2Fwp%2Fv2%2Fproduct_brand&post=6245"},{"taxonomy":"product_cat","embeddable":true,"href":"https:\/\/nhadepbepxinh.com.vn\/index.php?rest_route=%2Fwp%2Fv2%2Fproduct_cat&post=6245"},{"taxonomy":"product_tag","embeddable":true,"href":"https:\/\/nhadepbepxinh.com.vn\/index.php?rest_route=%2Fwp%2Fv2%2Fproduct_tag&post=6245"}],"curies":[{"name":"wp","href":"https:\/\/api.w.org\/{rel}","templated":true}]}}