{"id":6239,"date":"2025-10-27T10:30:31","date_gmt":"2025-10-27T03:30:31","guid":{"rendered":"https:\/\/nhadepbepxinh.com.vn\/?post_type=product&#038;p=6239"},"modified":"2025-10-27T10:30:31","modified_gmt":"2025-10-27T03:30:31","slug":"binh-thuy-dien-bear-3l-ke-b30v1","status":"publish","type":"product","link":"https:\/\/nhadepbepxinh.com.vn\/?product=binh-thuy-dien-bear-3l-ke-b30v1","title":{"rendered":"B\u00ecnh th\u1ee7y \u0111i\u1ec7n Bear 3L KE-B30V1"},"content":{"rendered":"<p style=\"font-weight: 400;\"><em>B\u00ecnh th\u1ee7y \u0111i\u1ec7n \u0111\u01b0\u1ee3c coi l\u00e0 m\u1ed9t gi\u1ea3i ph\u00e1p hi\u1ec7n \u0111\u1ea1i, \u0111a n\u0103ng cho vi\u1ec7c \u0111un s\u00f4i, gi\u1eef \u1ea5m, v\u00e0 kh\u1eed Clo th\u1eeba trong n\u01b0\u1edbc. M\u1ed9t chi\u1ebfc\u00a0<strong>b\u00ecnh th\u1ee7y \u0111i\u1ec7n Bear<\/strong>\u00a0c\u00f3 th\u1ec3 thay th\u1ebf \u0111\u01b0\u1ee3c 3 thi\u1ebft b\u1ecb nh\u00e0 b\u1ebfp nh\u01b0: \u1ea5m si\u00eau t\u1ed1c, ph\u00edch n\u01b0\u1edbc, m\u00e1y kh\u1eed Clo. V\u1edbi nh\u1eefng ti\u1ec7n \u00edch th\u00fa v\u1ecb \u1ea5y, ngay t\u1eeb khi m\u1edbi ra m\u1eaft,\u00a0<strong>b\u00ecnh th\u1ee7y \u0111i\u1ec7n Bear\u00a0KE-B30V1<\/strong>\u00a0\u0111\u00e3 tr\u1edf th\u00e0nh m\u1ed9t trong nh\u1eefng s\u1ea3n ph\u1ea9m b\u00e1n ch\u1ea1y nh\u1ea5t tr\u00ean th\u1ecb tr\u01b0\u1eddng \u0111\u1ed3 gia d\u1ee5ng. C\u00f9ng Bearvietnam.com.vn t\u00ecm hi\u1ec3u chi ti\u1ebft h\u01a1n v\u1ec1 s\u1ea3n ph\u1ea9m n\u00e0y nh\u00e9!<\/em><\/p>\n<h3><strong>Nh\u1eefng \u01b0u \u0111i\u1ec3m v\u01b0\u1ee3t tr\u1ed9i c\u1ee7a\u00a0b\u00ecnh th\u1ee7y \u0111i\u1ec7n Bear 3L\u00a0<\/strong><br \/>\n<strong>\u0110a n\u0103ng v\u00e0 th\u00f4ng minh<\/strong><\/h3>\n<p style=\"font-weight: 400;\">&#8220;Th\u00f4ng minh v\u00e0 \u0111a n\u0103ng&#8221; ch\u00ednh l\u00e0 l\u1eddi khen d\u00e0nh cho s\u1ea3n ph\u1ea9m b\u00ecnh th\u1ee7y \u0111i\u1ec7n 3L Bear b\u1edfi t\u1ea5t c\u1ea3 nh\u1eefng g\u00ec m\u00e0 s\u1ea3n ph\u1ea9m n\u00e0y mang \u0111\u1ebfn cho ng\u01b0\u1eddi d\u00f9ng l\u00e0 s\u1ef1 ti\u1ec7n l\u1ee3i, s\u1ef1 nhanh g\u1ecdn v\u00e0 ch\u1ea5t l\u01b0\u1ee3ng ho\u00e0n h\u1ea3o.<\/p>\n<p style=\"font-weight: 400;\">B\u00ecnh th\u1ee7y \u0111i\u1ec7n Bear 3L t\u00edch h\u1ee3p\u00a0<strong><em>2 ch\u1ebf \u0111\u1ed9 \u0111un s\u00f4i<\/em><\/strong>\u00a0v\u00e0 c\u00f3 \u0111\u1ebfn\u00a0<em><strong>11 m\u1ee9c nhi\u1ec7t gi\u1eef \u1ea5m<\/strong>\u00a0t\u1eeb 40-90 \u0111\u1ed9 C<\/em>, gi\u00fap b\u1ea1n c\u00f3 th\u1ec3 t\u00f9y ch\u1ec9nh nhi\u1ec7t \u0111\u1ed9 n\u01b0\u1edbc th\u00edch h\u1ee3p \u0111\u1ec3 chu\u1ea9n b\u1ecb nhi\u1ec1u m\u00f3n \u0111\u1ed3 u\u1ed1ng, ph\u1ee5c v\u1ee5 cho t\u1eebng nhu c\u1ea7u c\u1ee7a c\u00e1c\u00a0th\u00e0nh vi\u00ean trong gia \u0111\u00ecnh. Ngo\u00e0i ra, kh\u00f4ng th\u1ec3 kh\u00f4ng k\u1ec3 \u0111\u1ebfn<strong>\u00a0<em>t\u00ednh n\u0103ng kh\u1eed clo<\/em><\/strong>\u00a0trong n\u01b0\u1edbc c\u1ee7a b\u00ecnh th\u1ee7y \u0111i\u1ec7n Bear. T\u00ednh n\u0103ng n\u00e0y \u0111em l\u1ea1i ngu\u1ed3n n\u01b0\u1edbc an to\u00e0n, tinh khi\u1ebft v\u1edbi ch\u1ea5t l\u01b0\u1ee3ng \u0111\u1ea1t chu\u1ea9n tuy\u1ec7t \u0111\u1ed1i v\u00e0 \u0111\u1ea3m b\u1ea3o s\u1ee9c kh\u1ecfe cho c\u1ea3 gia \u0111\u00ecnh b\u1ea1n.<\/p>\n<ul style=\"font-weight: 400;\">\n<li>B\u1ea1n c\u00f3 th\u1ec3 chu\u1ea9n b\u1ecb n\u01b0\u1edbc \u1ea5m cho bu\u1ed5i s\u00e1ng v\u1edbi m\u1ee9c nhi\u1ec7t\u00a0 t\u1eeb 40-45 \u0111\u1ed9 C. \u0110\u00e2y l\u00e0 th\u1eddi \u0111i\u1ec3m th\u00edch h\u1ee3p nh\u1ea5t \u0111\u1ec3 b\u1ea1n &#8220;t\u1ed5ng v\u1ec7 sinh&#8221; \u0111\u01b0\u1eddng ru\u1ed9t c\u1ee7a m\u00ecnh. Ngo\u00e0i ra, n\u1ebfu b\u1ea1n u\u1ed1ng chanh m\u1eadt ong v\u00e0o bu\u1ed5i s\u00e1ng, h\u00e3y ch\u1ecdn m\u1ee9c nhi\u1ec7t t\u1eeb 55-65 \u0111\u1ed9 C \u0111\u1ec3 ki\u1ec1m t\u00ednh acid c\u00f3 trong chanh, gi\u00fap gia t\u0103ng hi\u1ec7u qu\u1ea3 v\u00e0 b\u1ed5 sung nh\u1eefng vitamin, kho\u00e1ng ch\u1ea5t t\u1ed1t cho c\u01a1 th\u1ec3 c\u1ee7a b\u1ea1n.<\/li>\n<li>B\u1ea1n c\u00f3 th\u1ec3 chu\u1ea9n b\u1ecb n\u01b0\u1edbc pha tr\u00e0 v\u1edbi m\u1ee9c nhi\u1ec7t t\u1eeb 80-85 \u0111\u1ed9 C. \u0110\u00e2y l\u00e0 m\u1ee9c nhi\u1ec7t l\u00fd t\u01b0\u1edfng \u0111\u1ec3 ly tr\u00e0 c\u1ee7a b\u1ea1n kh\u00f4ng b\u1ecb \u0111\u1ed5i m\u00e0u v\u00e0 m\u00f9i v\u1ecb tr\u00e0 s\u1ebd kh\u00f4ng b\u1ecb n\u1ed3ng<\/li>\n<li>B\u1ea1n c\u00f3 th\u1ec3 chu\u1ea9n b\u1ecb n\u01b0\u1edbc \u0111\u1ec3 pha c\u00e0 ph\u00ea v\u1edbi m\u1ee9c nhi\u1ec7t t\u1eeb 90-96 \u0111\u1ed9 C. \u0110\u00e2y l\u00e0 m\u1ee9c nhi\u1ec7t l\u00fd t\u01b0\u1edfng \u0111\u1ec3 t\u00e1ch c\u00e0 ph\u00ea c\u1ee7a b\u1ea1n c\u00e2n b\u1eb1ng \u0111\u01b0\u1ee3c h\u01b0\u01a1ng th\u01a1m, \u0111\u1ed9 chua, v\u1ecb \u0111\u1eafng v\u00e0 v\u1ecb ng\u1ecdt<\/li>\n<\/ul>\n<p style=\"font-weight: 400;\">B\u1ea1n c\u00f3 con nh\u1ecf v\u00e0 \u0111ang cho b\u00e9 u\u1ed1ng s\u1eefa ngo\u1ea1i, s\u1eefa c\u00f4ng th\u1ee9c? \u0110\u1ec3 \u0111\u1ea3m b\u1ea3o \u0111\u01b0\u1ee3c h\u00e0m l\u01b0\u1ee3ng c\u00e1c ch\u1ea5t dinh d\u01b0\u1ee1ng c\u1ee7a s\u1eefa c\u00f4ng th\u1ee9c sau khi pha, ch\u1eafc ch\u1eafn, b\u1ea1n s\u1ebd c\u1ea7n ch\u00fa \u00fd \u0111\u1ebfn nhi\u1ec7t \u0111\u1ed9 c\u1ee7a n\u01b0\u1edbc pha.<\/p>\n<p>Tuy nhi\u00ean, kh\u00f4ng ph\u1ea3i lo\u1ea1i s\u1eefa c\u00f4ng th\u1ee9c n\u00e0o c\u0169ng c\u00f3 nhi\u1ec7t \u0111\u1ed9 n\u01b0\u1edbc pha gi\u1ed1ng nhau. Do \u0111\u00f3, tr\u01b0\u1edbc khi pha s\u1eefa cho con, b\u1ea1n c\u1ea7n x\u00e1c \u0111\u1ecbnh \u0111\u00fang nhi\u1ec7t \u0111\u1ed9 c\u1ee7a n\u01b0\u1edbc pha \u0111\u1ec3 ch\u1ea5t l\u01b0\u1ee3ng s\u1eefa \u0111\u1ea1t chu\u1ea9n nh\u1ea5t. N\u1ebfu nh\u01b0 th\u00f4ng th\u01b0\u1eddng, b\u1ea1n th\u01b0\u1eddng d\u00f9ng nhi\u1ec7t k\u1ebf \u0111\u1ec3 \u0111o nhi\u1ec7t \u0111\u1ed9 n\u01b0\u1edbc pha th\u00ec gi\u1edd \u0111\u00e2y, ch\u1ec9 c\u1ea7n m\u1ed9t n\u00fat b\u1ea5m duy nh\u1ea5t tr\u00ean b\u00ecnh th\u1ee7y \u0111i\u1ec7n Bear 3L,\u00a0b\u1ea1n \u0111\u00e3 c\u00f3 th\u1ec3 c\u00e0i \u0111\u1eb7t m\u1ee9c nhi\u1ec7t nh\u01b0 \u00fd. V\u1edbi b\u00ecnh th\u1ee7y \u0111i\u1ec7n Bear 3L, b\u1ea1n c\u00f3 th\u1ec3 pha \u0111\u01b0\u1ee3c \u0111a d\u1ea1ng c\u00e1c lo\u1ea1i s\u1eefa cho con m\u00e0 kh\u00f4ng c\u1ea7n lo l\u1eafng v\u1ec1 vi\u1ec7c chu\u1ea9n b\u1ecb l\u00e1ch c\u00e1ch nhi\u1ec1u \u0111\u1ed3 d\u00f9ng, v\u1eadt d\u1ee5ng m\u1ed7i l\u1ea7n pha s\u1eefa.<\/p>\n<p style=\"font-weight: 400;\">Nh\u01b0 v\u1eady, b\u1ea1n c\u00f3 th\u1ec3 \u0111un s\u00f4i v\u00e0 c\u00f3 n\u01b0\u1edbc \u1ea5m \u1edf nhi\u1ec1u m\u1ee9c nhi\u1ec7t kh\u00e1c nhau, t\u00f9y v\u00e0o nhu c\u1ea7u c\u1ee7a b\u1ea1n. B\u00ean c\u1ea1nh \u0111\u00f3, b\u00ecnh th\u1ee7y \u0111i\u1ec7n c\u00f2n c\u00f3 ch\u1ee9c n\u0103ng gi\u1eef \u1ea5m trong th\u1eddi gian d\u00e0i,\u00a0gi\u00fap b\u1ea1n c\u00f3 n\u01b0\u1edbc \u1ea5m v\u00e0 c\u00f3 th\u1ec3 th\u01b0\u1edfng th\u1ee9c nhi\u1ec1u lo\u1ea1i \u0111\u1ed3 u\u1ed1ng kh\u00e1c nhau \u1edf b\u1ea5t k\u1ec3 th\u1eddi \u0111i\u1ec3m n\u00e0o.<\/p>\n<h3><strong>An to\u00e0n tuy\u1ec7t \u0111\u1ed1i cho ng\u01b0\u1eddi s\u1eed d\u1ee5ng<\/strong><\/h3>\n<p style=\"font-weight: 400;\">B\u00ecnh th\u1ee7y \u0111i\u1ec7n 3L Bear \u0111\u1ea3m b\u1ea3o an to\u00e0n cho ng\u01b0\u1eddi s\u1eed d\u1ee5ng v\u1edbi l\u1edbp v\u1ecf b\u00ecnh \u0111\u01b0\u1ee3c s\u01a1n c\u00e1ch nhi\u1ec7t, c\u00e1ch \u0111i\u1ec7n ho\u00e0n h\u1ea3o c\u00f9ng\u00a0ph\u1ea7n ru\u1ed9t b\u00ecnh \u0111\u01b0\u1ee3c l\u00e0m t\u1eeb inox 304 ch\u1ed1ng han g\u1ec9, kh\u00f4ng m\u00f9i, gi\u1eef nhi\u1ec7t t\u1ed1t. B\u00ean c\u1ea1nh \u0111\u00f3, b\u00ecnh th\u1ee7y \u0111i\u1ec7n 3L Bear c\u00f2n c\u00f3 kh\u00f3a an to\u00e0n cho tr\u1ebb em, gi\u00fap b\u1ea1n ho\u00e0n to\u00e0n an t\u00e2m khi s\u1eed d\u1ee5ng b\u00ecnh v\u00e0 c\u00f3 th\u1ec3 tr\u00e1nh tuy\u1ec7t \u0111\u1ed1i t\u00ecnh tr\u1ea1ng b\u00e9 b\u1ecb b\u1ecfng do ngh\u1ecbch n\u01b0\u1edbc. \u0110\u1ec3 kh\u1edfi \u0111\u1ed9ng kh\u00f3a n\u00e0y, b\u1ea1n ch\u1ec9 c\u1ea7n \u1ea5n n\u00fat kh\u00f3a an to\u00e0n tr\u00ean th\u00e2n b\u00ecnh, t\u1eeb \u0111\u00f3, v\u00f2i s\u1ebd t\u1ef1 \u0111\u1ed9ng kh\u00f3a v\u00e0 kh\u00f4ng cho l\u1ea5y n\u01b0\u1edbc.<\/p>\n<h3><strong>Thi\u1ebft k\u1ebf tinh t\u1ebf, hi\u1ec7n \u0111\u1ea1i<\/strong><\/h3>\n<p style=\"font-weight: 400;\">V\u1edbi dung t\u00edch 3L, b\u00ecnh th\u1ee7y \u0111i\u1ec7n\u00a0Bear ph\u00f9 h\u1ee3p s\u1eed d\u1ee5ng cho nh\u1eefng gia \u0111\u00ecnh t\u1eeb 3-5 th\u00e0nh vi\u00ean. Thi\u1ebft k\u1ebf b\u00ecnh h\u00ecnh tr\u1ee5 \u0111\u1ee9ng, m\u00e0u v\u1ecf \u0111\u1ed7; xung quanh n\u1eafp b\u00ecnh \u0111\u01b0\u1ee3c \u0111\u1ec7m silicon cao c\u1ea5p, gi\u00fap \u0111\u1ea3m b\u1ea3o n\u01b0\u1edbc kh\u00f4ng b\u1ecb tho\u00e1t nhi\u1ec7t trong qu\u00e1 tr\u00ecnh \u0111un. Mi\u1ec7ng b\u00ecnh r\u1ed9ng, d\u1ec5 d\u00e0ng gi\u00fap b\u1ea1n m\u1edf v\u00e0 nh\u1ea5c n\u1eafp b\u00ecnh; th\u00e2n b\u00ecnh t\u00edch h\u1ee3p b\u1ea3ng \u0111i\u1ec1u khi\u1ec3n \u0111i\u1ec7n t\u1eed hi\u1ec3n th\u1ecb nhi\u1ec7t \u0111\u1ed9 n\u01b0\u1edbc \u0111i k\u00e8m 4 n\u00fat \u0111i\u1ec1u khi\u1ec3n c\u1ea3m \u1ee9ng, gi\u00fap cho qu\u00e1 tr\u00ecnh s\u1eed d\u1ee5ng c\u1ee7a b\u1ea1n tr\u1edf n\u00ean d\u1ec5 d\u00e0ng v\u00e0 ti\u1ec7n l\u1ee3i h\u01a1n bao gi\u1edd h\u1ebft.<\/p>\n<p style=\"font-weight: 400;\">Nh\u01b0 v\u1eady, v\u1edbi 3 l\u00fd do tr\u00ean, b\u00ecnh th\u1ee7y \u0111i\u1ec7n Bear 3L x\u1ee9ng \u0111\u00e1ng l\u1ecdt top &#8220;s\u1ea3n ph\u1ea9m b\u00e1n ch\u1ea1y nh\u1ea5t&#8221; nh\u00e0 Bear. B\u1ea1n \u0111\u00e3 c\u00f3 \u00fd \u0111\u1ecbnh s\u1eafm cho gia \u0111\u00ecnh m\u00ecnh m\u1ed9t chi\u1ebfc b\u00ecnh th\u1ee7y \u0111i\u1ec7n 3L Bear r\u1ed3i ch\u1ee9?<\/p>\n<p style=\"font-weight: 400;\"><strong>L\u01b0u \u00fd khi s\u1eed d\u1ee5ng b\u00ecnh th\u1ee7y \u0111i\u1ec7n 3L Bear\u00a0<\/strong><\/p>\n<ol>\n<li style=\"font-weight: 400;\">Sau khi n\u01b0\u1edbc s\u00f4i, b\u00ecnh s\u1ebd t\u1ef1 \u0111\u1ed9ng chuy\u1ec3n sang ch\u1ebf \u0111\u1ed9 gi\u1eef \u1ea5m 55 \u0111\u1ed9 C<\/li>\n<li style=\"font-weight: 400;\">Khi v\u1ec7 sinh, vui l\u00f2ng t\u1eaft b\u00ecnh, r\u00fat ph\u00edch c\u1eafm v\u00e0 ch\u1edd binh ngu\u1ed9i r\u1ed3i m\u1edbi l\u00e0m s\u1ea1ch<\/li>\n<li style=\"font-weight: 400;\">Trong qu\u00e1 tr\u00ecnh s\u1eed d\u1ee5ng, b\u00ecnh c\u00f3 hi\u1ec7n t\u01b0\u1ee3ng v\u00f4i c\u1eb7n (do ch\u00ednh t\u1ea1p ch\u1ea5t trong n\u01b0\u1edbc t\u1ea1o ra v\u00ec s\u1eed d\u1ee5ng trong th\u1eddi gian d\u00e0i). V\u00ec v\u1eady, b\u1ea1n n\u00ean ng\u00e2m gi\u1ea5m tr\u1eafng v\u1edbi t\u1ef7 l\u1ec7 1:2 kho\u1ea3ng 2-4 ti\u1ebfng, sau \u0111\u00f3 v\u1ec7 sinh s\u1ea1ch b\u1eb1ng n\u01b0\u1edbc th\u01b0\u1eddng<\/li>\n<li style=\"font-weight: 400;\">Kh\u00f4ng s\u1eed d\u1ee5ng ch\u1ea5t t\u1ea9y r\u1eeda m\u1ea1nh hay v\u1eadt c\u1ee9ng s\u1eafc nh\u1ecdn \u0111\u1ec3 v\u1ec7 sinh b\u00ecnh<\/li>\n<\/ol>\n<p style=\"font-weight: 400;\">Ch\u00fang t\u00f4i cam k\u1ebft t\u1ea5t c\u1ea3 c\u00e1c s\u1ea3n ph\u1ea9m \u0111\u1ec1u l\u00e0 h\u00e0ng ch\u00ednh h\u00e3ng v\u1edbi ch\u1ebf \u0111\u1ed9 h\u1ea5p d\u1eabn khi mua h\u00e0ng nh\u01b0 sau:<\/p>\n<p style=\"font-weight: 400;\">&#8211; B\u1ea3o h\u00e0nh 18 th\u00e1ng<\/p>\n<p style=\"font-weight: 400;\">&#8211; \u0110\u1ed5i m\u1edbi trong v\u00f2ng 30 ng\u00e0y n\u1ebfu l\u1ed7i do nh\u00e0 s\u1ea3n xu\u1ea5t<\/p>\n<p style=\"font-weight: 400;\">&#8211; Freeship to\u00e0n qu\u1ed1c<\/p>\n","protected":false},"excerpt":{"rendered":"<p>B\u00ecnh th\u1ee7y \u0111i\u1ec7n \u0111\u01b0\u1ee3c coi l\u00e0 m\u1ed9t gi\u1ea3i ph\u00e1p hi\u1ec7n \u0111\u1ea1i, \u0111a n\u0103ng cho vi\u1ec7c \u0111un s\u00f4i, gi\u1eef \u1ea5m, v\u00e0 kh\u1eed Clo th\u1eeba trong n\u01b0\u1edbc. M\u1ed9t chi\u1ebfc\u00a0b\u00ecnh th\u1ee7y \u0111i\u1ec7n Bear\u00a0c\u00f3 th\u1ec3 thay th\u1ebf \u0111\u01b0\u1ee3c 3 thi\u1ebft b\u1ecb nh\u00e0 b\u1ebfp nh\u01b0: \u1ea5m si\u00eau t\u1ed1c, ph\u00edch n\u01b0\u1edbc, m\u00e1y kh\u1eed Clo. V\u1edbi nh\u1eefng ti\u1ec7n \u00edch th\u00fa v\u1ecb \u1ea5y,&#8230;<\/p>\n","protected":false},"featured_media":6240,"comment_status":"open","ping_status":"closed","template":"","meta":[],"product_brand":[],"product_cat":[61,121],"product_tag":[],"class_list":{"0":"post-6239","1":"product","2":"type-product","3":"status-publish","4":"has-post-thumbnail","6":"product_cat-hang-gia-dung","7":"product_cat-binh-thuy-dien","9":"first","10":"instock","11":"shipping-taxable","12":"product-type-simple"},"_links":{"self":[{"href":"https:\/\/nhadepbepxinh.com.vn\/index.php?rest_route=\/wp\/v2\/product\/6239","targetHints":{"allow":["GET"]}}],"collection":[{"href":"https:\/\/nhadepbepxinh.com.vn\/index.php?rest_route=\/wp\/v2\/product"}],"about":[{"href":"https:\/\/nhadepbepxinh.com.vn\/index.php?rest_route=\/wp\/v2\/types\/product"}],"replies":[{"embeddable":true,"href":"https:\/\/nhadepbepxinh.com.vn\/index.php?rest_route=%2Fwp%2Fv2%2Fcomments&post=6239"}],"wp:featuredmedia":[{"embeddable":true,"href":"https:\/\/nhadepbepxinh.com.vn\/index.php?rest_route=\/wp\/v2\/media\/6240"}],"wp:attachment":[{"href":"https:\/\/nhadepbepxinh.com.vn\/index.php?rest_route=%2Fwp%2Fv2%2Fmedia&parent=6239"}],"wp:term":[{"taxonomy":"product_brand","embeddable":true,"href":"https:\/\/nhadepbepxinh.com.vn\/index.php?rest_route=%2Fwp%2Fv2%2Fproduct_brand&post=6239"},{"taxonomy":"product_cat","embeddable":true,"href":"https:\/\/nhadepbepxinh.com.vn\/index.php?rest_route=%2Fwp%2Fv2%2Fproduct_cat&post=6239"},{"taxonomy":"product_tag","embeddable":true,"href":"https:\/\/nhadepbepxinh.com.vn\/index.php?rest_route=%2Fwp%2Fv2%2Fproduct_tag&post=6239"}],"curies":[{"name":"wp","href":"https:\/\/api.w.org\/{rel}","templated":true}]}}