{"id":6194,"date":"2025-10-22T10:16:43","date_gmt":"2025-10-22T03:16:43","guid":{"rendered":"https:\/\/nhadepbepxinh.com.vn\/?post_type=product&#038;p=6194"},"modified":"2025-10-22T10:16:43","modified_gmt":"2025-10-22T03:16:43","slug":"tineco-floor-one-s7-pro","status":"publish","type":"product","link":"https:\/\/nhadepbepxinh.com.vn\/?product=tineco-floor-one-s7-pro","title":{"rendered":"TINECO FLOOR ONE S7 PRO"},"content":{"rendered":"<div id=\"_component_12865\" class=\"product-detail-content t-center\">\n<h2 class=\"common-series-fetrue-text\">FLOOR ONE S7 PRO t\u1ea1o ra m\u1ed9t \u0111\u1ecbnh ngh\u0129a m\u1edbi v\u1ec1 s\u1ef1 s\u1ea1ch s\u1ebd. L\u00e0 s\u1ef1 c\u00e2n b\u1eb1ng ho\u00e0n h\u1ea3o gi\u1eefa l\u00e0m s\u1ea1ch s\u00e2u v\u00e0 s\u1eed d\u1ee5ng d\u1ec5 d\u00e0ng, n\u00f3 cho ph\u00e9p b\u1ea1n t\u1eadn h\u01b0\u1edfng trong khi l\u00e0m s\u1ea1ch.<\/h2>\n<div id=\"v2-product-feture-item-list\">\n<div class=\"w1280\">\n<div class=\"list\">\n<div class=\"item\"><img decoding=\"async\" src=\"https:\/\/static-ussite.tineco.com\/1.svg_dda4ec3c-e.svg\" alt=\"H\u1ec7 th\u1ed1ng d\u00f2ng n\u01b0\u1edbc c\u00e2n b\u1eb1ng \u00e1p su\u1ea5t\" \/>H\u1ec7 th\u1ed1ng d\u00f2ng n\u01b0\u1edbc c\u00e2n b\u1eb1ng \u00e1p su\u1ea5t<\/div>\n<div class=\"item\"><img decoding=\"async\" src=\"https:\/\/static-ussite.tineco.com\/2.svg_106b68a1-5.svg\" alt=\"T\u1ef1 l\u00e0m s\u1ea1ch k\u1ef9 l\u01b0\u1ee1ng\" \/>T\u1ef1 l\u00e0m s\u1ea1ch k\u1ef9 l\u01b0\u1ee1ng<\/div>\n<div class=\"item\"><img decoding=\"async\" src=\"https:\/\/static-ussite.tineco.com\/3.svg_ffe34e4b-5.svg\" alt=\"C\u1ea3m bi\u1ebfn th\u00f4ng minh Tineco iLoop\u2122\" \/>C\u1ea3m bi\u1ebfn th\u00f4ng minh Tineco iLoop\u2122<\/div>\n<div class=\"item\"><img decoding=\"async\" src=\"https:\/\/static-ussite.tineco.com\/4.svg_2b7523ff-8.svg\" alt=\"Th\u1eddi gian ch\u1ea1y l\u00ean \u0111\u1ebfn 40 ph\u00fat\" \/>Th\u1eddi gian ch\u1ea1y l\u00ean \u0111\u1ebfn 40 ph\u00fat<\/div>\n<div class=\"item\"><img decoding=\"async\" src=\"https:\/\/static-ussite.tineco.com\/5.svg_1edc5759-c.svg\" alt=\"L\u00e0m s\u1ea1ch hai m\u1eb7t\" \/>L\u00e0m s\u1ea1ch hai m\u1eb7t<\/div>\n<div class=\"item\"><img decoding=\"async\" src=\"https:\/\/static-ussite.tineco.com\/6.svg_33c25903-9.svg\" alt=\"M\u00e0n h\u00ecnh LCD 3.6\" \/>M\u00e0n h\u00ecnh LCD 3.6&#8243; \u0111\u1ea7y \u0111\u1ee7<\/div>\n<\/div>\n<\/div>\n<\/div>\n<\/div>\n<div id=\"text-img-12866\" class=\"text-img-template-container  \"><img decoding=\"async\" class=\"img-w100\" src=\"https:\/\/static-ussite.tineco.com\/3.jpg_a6e692e3-5.jpg\" alt=\"\" \/><\/p>\n<div class=\"text-img-layout-top-center\">\n<h2 class=\"yn-fly-text-img-main-title\">Lu\u00f4n lau s\u00e0n b\u1eb1ng n\u01b0\u1edbc s\u1ea1ch<\/h2>\n<h3 class=\"yn-fly-text-img-sub-title\"><\/h3>\n<div class=\"yn-fly-text-img-brief\"><\/div>\n<\/div>\n<\/div>\n<div id=\"text-img-12867\" class=\"text-img-template-container  \"><img decoding=\"async\" class=\"img-w100\" src=\"https:\/\/static-ussite.tineco.com\/%E5%AE%98%E7%BD%91-S7-PRO_04.jpg_562b9a74-8.jpg\" alt=\"\" \/><\/p>\n<div class=\"text-img-layout-top-center\">\n<h2 class=\"yn-fly-text-img-main-title\">T\u1ef1 l\u00e0m s\u1ea1ch k\u1ef9 l\u01b0\u1ee1ng \u0111\u1ec3 b\u1ea3o tr\u00ec d\u1ec5 d\u00e0ng<\/h2>\n<h3 class=\"yn-fly-text-img-sub-title\">L\u00e0m s\u1ea1ch s\u00e0n nh\u00e0 c\u0169ng nh\u01b0 l\u00e0m s\u1ea1ch con l\u0103n ch\u1ed5i b\u1eb1ng H\u1ec7 th\u1ed1ng d\u00f2ng n\u01b0\u1edbc \u00e1p su\u1ea5t c\u00e2n b\u1eb1ng. Chu tr\u00ecnh t\u1ef1 l\u00e0m s\u1ea1ch FLOOR ONE S7 PRO l\u00e0m s\u1ea1ch s\u00e2u con l\u0103n b\u00e0n ch\u1ea3i v\u00e0 \u1ed1ng h\u00fat \u0111\u1ec3 b\u1ea3o tr\u00ec k\u1ef9 l\u01b0\u1ee1ng. Sau khi l\u00e0m s\u1ea1ch, t\u00ednh n\u0103ng s\u1ea5y ly t\u00e2m s\u1ebd lo\u1ea1i b\u1ecf n\u01b0\u1edbc kh\u1ecfi tr\u1ee5c l\u0103n m\u1ed9t c\u00e1ch hi\u1ec7u qu\u1ea3 v\u00e0 ng\u0103n ng\u1eeba n\u1ea5m m\u1ed1c v\u00e0 vi khu\u1ea9n l\u00e2y lan.<\/h3>\n<div class=\"yn-fly-text-img-brief\"><\/div>\n<\/div>\n<\/div>\n<div id=\"text-img-12868\" class=\"text-img-template-container  \"><img decoding=\"async\" class=\"img-w100\" src=\"https:\/\/static-ussite.tineco.com\/%E5%AE%98%E7%BD%91-S7-PRO_05.jpg_c539703f-d.jpg\" alt=\"\" \/><\/p>\n<div class=\"text-img-layout-top-center\">\n<h2 class=\"yn-fly-text-img-main-title\">S\u1eed d\u1ee5ng d\u1ec5 d\u00e0ng v\u1edbi h\u1ec7 th\u1ed1ng t\u1ef1 \u0111\u1ea9y SmoothPower<\/h2>\n<h3 class=\"yn-fly-text-img-sub-title\">H\u1ec7 th\u1ed1ng t\u1ef1 \u0111\u1ed9ng \u0111\u1ea9y hai chi\u1ec1u SmoothPower \u0111\u00e3 \u0111\u01b0\u1ee3c c\u1ea5p b\u1eb1ng s\u00e1ng ch\u1ebf c\u1ee7a ch\u00fang t\u00f4i gi\u00fap vi\u1ec7c v\u1ec7 sinh tr\u1edf n\u00ean tho\u1ea3i m\u00e1i h\u01a1n. Cho d\u00f9 \u0111\u1ea9y v\u1ec1 ph\u00eda tr\u01b0\u1edbc hay ph\u00eda sau, FLOOR ONE S7 PRO h\u1ed7 tr\u1ee3 b\u1ea1n b\u1eb1ng c\u00e1ch ph\u00e1t hi\u1ec7n chuy\u1ec3n \u0111\u1ed9ng c\u1ee7a b\u00e1nh sau v\u00e0 \u0111\u1ea3m b\u1ea3o vi\u1ec7c v\u1ec7 sinh tr\u1edf n\u00ean d\u1ec5 d\u00e0ng h\u01a1n bao gi\u1edd h\u1ebft.<\/h3>\n<div class=\"yn-fly-text-img-brief\"><\/div>\n<\/div>\n<\/div>\n<div id=\"text-img-12869\" class=\"text-img-template-container  \"><img decoding=\"async\" class=\"img-w100\" src=\"https:\/\/static-ussite.tineco.com\/%E5%AE%98%E7%BD%91-S7-PRO_06.jpg_1c9a85f4-9.jpg\" alt=\"\" \/><\/p>\n<div class=\"text-img-layout-top-center\">\n<h2 class=\"yn-fly-text-img-main-title\">Khay ch\u1ee9a n\u01b0\u1edbc v\u00e0 dung l\u01b0\u1ee3ng pin \u0111\u1ee7 \u0111\u1ec3 d\u1ecdn d\u1eb9p li\u00ean t\u1ee5c l\u00ean t\u1edbi 40 ph\u00fat<\/h2>\n<h3 class=\"yn-fly-text-img-sub-title\">B\u00ecnh ch\u1ee9a n\u01b0\u1edbc dung t\u00edch l\u1edbn, c\u00f9ng v\u1edbi ngu\u1ed3n pin m\u1ea1nh m\u1ebd \u0111\u01b0\u1ee3c s\u1eed d\u1ee5ng li\u00ean t\u1ee5c b\u1edfi c\u00f4ng ngh\u1ec7 c\u1ea3m bi\u1ebfn th\u00f4ng minh Tineco iLoop, theo y\u00eau c\u1ea7u. FLOOR ONE S7 PRO cho ph\u00e9p b\u1ea1n l\u00e0m s\u1ea1ch m\u1ed9t khu v\u1ef1c r\u1ed9ng l\u1edbn h\u01a1n m\u00e0 kh\u00f4ng b\u1ecb gi\u00e1n \u0111o\u1ea1n, \u00edt ph\u1ea3i th\u00eam n\u01b0\u1edbc s\u1ea1ch, \u00edt ph\u1ea3i \u0111\u1ed5 n\u01b0\u1edbc b\u1ea9n h\u01a1n v\u00e0 \u00edt ph\u1ea3i s\u1ea1c pin l\u1ea1i.<\/h3>\n<div class=\"yn-fly-text-img-brief\"><\/div>\n<\/div>\n<\/div>\n<div id=\"text-img-12870\" class=\"text-img-template-container  \"><img decoding=\"async\" class=\"img-w100\" src=\"https:\/\/static-ussite.tineco.com\/%E5%AE%98%E7%BD%91-S7-PRO_07.jpg_a1e570ec-3.jpg\" alt=\"\" \/><\/p>\n<div class=\"text-img-layout-center-left\">\n<h2 class=\"yn-fly-text-img-main-title\">L\u00e0m s\u1ea1ch g\u00f3c, c\u1ea1nh d\u1ec5 d\u00e0ng h\u01a1n<\/h2>\n<h3 class=\"yn-fly-text-img-sub-title\">V\u1edbi thi\u1ebft k\u1ebf \u0111\u01b0\u1ee3c n\u00e2ng c\u1ea5p con l\u0103n tr\u00e0n vi\u1ec1n 2 b\u00ean, FLOOR ONE S7 Pro c\u00f3 kh\u1ea3 n\u0103ng lau h\u00fat s\u1ea1ch d\u1ecdc theo ch\u00e2n t\u01b0\u1eddng v\u00e0 c\u00e1c g\u00f3c c\u1ea1nh trong nh\u00e0 c\u1ef1c k\u1ef3 kh\u00f3 ti\u1ebfp c\u1eadn, trong ph\u1ea1m vi 1 cm \u1edf c\u1ea3 hai b\u00ean, \u0111\u1ea7u c\u1ecd \u0111\u1ea3m b\u1ea3o tr\u1ea3i nghi\u1ec7m v\u1ec7 sinh kh\u00f4ng c\u00f2n s\u00f3t l\u1ea1i b\u1ee5i b\u1ea9n \u1edf t\u1eebng g\u00f3c \u0111\u1ed9.<\/h3>\n<div class=\"yn-fly-text-img-brief\"><\/div>\n<\/div>\n<\/div>\n<div id=\"text-img-12871\" class=\"text-img-template-container  \"><img decoding=\"async\" class=\"img-w100\" src=\"https:\/\/static-ussite.tineco.com\/%E5%AE%98%E7%BD%91-S7-PRO_08.jpg_2154b0af-b.jpg\" alt=\"\" \/><\/p>\n<div class=\"text-img-layout-top-center\">\n<h2 class=\"yn-fly-text-img-main-title\">C\u00f4ng ngh\u1ec7 c\u1ea3m bi\u1ebfn th\u00f4ng minh Tineco iLoop\u2122<\/h2>\n<h3 class=\"yn-fly-text-img-sub-title\">C\u00f4ng ngh\u1ec7 c\u1ea3m bi\u1ebfn th\u00f4ng minh Tineco iLoop\u2122 \u0111\u1ed9c quy\u1ec1n c\u1ee7a Tineco gi\u00fap FLOOR ONE S7 PRO ph\u00e1t hi\u1ec7n c\u00e1c ch\u1ea5t b\u1ea9n v\u00e0 t\u1ef1 \u0111\u1ed9ng \u0111i\u1ec1u ch\u1ec9nh l\u1ef1c h\u00fat, t\u1ed1c \u0111\u1ed9 tr\u1ee5c l\u0103n v\u00e0 l\u01b0\u1ee3ng n\u01b0\u1edbc ph\u00f9 h\u1ee3p \u2013 c\u1ea3i thi\u1ec7n c\u1ea3 hi\u1ec7u qu\u1ea3 l\u00e0m s\u1ea1ch v\u00e0 th\u1eddi l\u01b0\u1ee3ng pin.<\/h3>\n<div class=\"yn-fly-text-img-brief\"><\/div>\n<\/div>\n<\/div>\n<div id=\"text-img-12872\" class=\"text-img-template-container  \"><img decoding=\"async\" class=\"img-w100\" src=\"https:\/\/static-ussite.tineco.com\/%E5%AE%98%E7%BD%91-S7-PRO_09.jpg_f6c1ba61-7.jpg\" alt=\"\" \/><\/p>\n<div class=\"text-img-layout-top-center\">\n<h2 class=\"yn-fly-text-img-main-title\">T\u01b0\u01a1ng t\u00e1c m\u00e0n h\u00ecnh LCD \u0111\u1ea7y \u0111\u1ee7 3,6&#8243;<\/h2>\n<h3 class=\"yn-fly-text-img-sub-title\">M\u00e0n h\u00ecnh LCD k\u00edch th\u01b0\u1edbc \u0111\u1ea7y \u0111\u1ee7 gi\u00fap b\u1ea1n ch\u1ecdn ch\u1ebf \u0111\u1ed9 ho\u1ea1t \u0111\u1ed9ng, nh\u1eadn h\u01b0\u1edbng d\u1eabn v\u00e0 xem tr\u1ea1ng th\u00e1i l\u00e0m vi\u1ec7c theo th\u1eddi gian th\u1ef1c C\u00f9ng v\u1edbi Tineco Assistant h\u1eefu \u00edch, m\u00e0n h\u00ecnh gi\u00fap vi\u1ec7c d\u1ecdn d\u1eb9p tr\u1edf n\u00ean \u0111\u01a1n gi\u1ea3n h\u01a1n.<\/h3>\n<div class=\"yn-fly-text-img-brief\"><\/div>\n<\/div>\n<\/div>\n<div id=\"text-img-12873\" class=\"text-img-template-container  \"><img decoding=\"async\" class=\"img-w100\" src=\"https:\/\/static-ussite.tineco.com\/%E5%AE%98%E7%BD%91-S7-PRO_10.jpg_e5f90220-b.jpg\" alt=\"\" \/><\/p>\n<div class=\"text-img-layout-top-center\">\n<h2 class=\"yn-fly-text-img-main-title\">B\u1ed1n ch\u1ebf \u0111\u1ed9 ho\u1ea1t \u0111\u1ed9ng cho m\u1ecdi t\u00ecnh hu\u1ed1ng<\/h2>\n<h3 class=\"yn-fly-text-img-sub-title\"><\/h3>\n<div class=\"yn-fly-text-img-brief\"><\/div>\n<\/div>\n<\/div>\n<div id=\"text-img-12874\" class=\"text-img-template-container  \"><img decoding=\"async\" class=\"img-w100\" src=\"https:\/\/static-ussite.tineco.com\/%E5%AE%98%E7%BD%91-S7-PRO_11.jpg_a10d4177-1.jpg\" alt=\"L\u01b0u tr\u1eef thu\u1eadn ti\u1ec7n\" \/><\/p>\n<div class=\"text-img-layout-top-center\">\n<h2 class=\"yn-fly-text-img-main-title\">L\u01b0u tr\u1eef thu\u1eadn ti\u1ec7n<\/h2>\n<h3 class=\"yn-fly-text-img-sub-title\">M\u1ed9t \u0111\u1ebf c\u1eafm t\u1ed1i gi\u1ea3n c\u1ea5t gi\u1eef FLOOR ONE S7 PRO v\u00e0 c\u00e1c ph\u1ee5 ki\u1ec7n thay th\u1ebf m\u1ed9t c\u00e1ch thu\u1eadn ti\u1ec7n, \u0111\u1ed3ng th\u1eddi cho ph\u00e9p t\u1ef1 l\u00e0m s\u1ea1ch v\u00e0 s\u1ea1c m\u1ed9t c\u00e1ch ng\u0103n n\u1eafp, g\u1ecdn g\u00e0ng.<\/h3>\n<div class=\"yn-fly-text-img-brief\"><\/div>\n<\/div>\n<\/div>\n<div id=\"text-img-12875\" class=\"text-img-template-container  \"><img decoding=\"async\" class=\"img-w100\" src=\"https:\/\/static-ussite.tineco.com\/%E5%AE%98%E7%BD%91-S7-PRO_12.jpg_55e21e20-6.jpg\" alt=\"Chi ti\u1ebft chu \u0111\u00e1o\" \/><\/p>\n<div class=\"text-img-layout-top-center\">\n<h2 class=\"yn-fly-text-img-main-title\">Chi ti\u1ebft chu \u0111\u00e1o<\/h2>\n<h3 class=\"yn-fly-text-img-sub-title\"><\/h3>\n<div class=\"yn-fly-text-img-brief\"><\/div>\n<\/div>\n<\/div>\n<div id=\"text-img-12876\" class=\"text-img-template-container  \"><img decoding=\"async\" class=\"img-w100\" src=\"https:\/\/static-ussite.tineco.com\/0.jpg_760618c6-e.jpg\" alt=\"\" \/><\/p>\n<div class=\"text-img-layout-top-center\">\n<h2 class=\"yn-fly-text-img-main-title\"><\/h2>\n<h3 class=\"yn-fly-text-img-sub-title\"><\/h3>\n<div class=\"yn-fly-text-img-brief\"><\/div>\n<\/div>\n<\/div>\n<div id=\"_component_12877\" class=\"product-spec-container p-v-60 w-1440\">\n<h2 class=\"product-spec-title\">Th\u00f4ng s\u1ed1 k\u1ef9 thu\u1eadt<\/h2>\n<div class=\"line-2\"><\/div>\n<div class=\"product-spec-item\">\n<h3>C\u00f4ng su\u1ea5t<\/h3>\n<div class=\"spec-val\">230W<\/div>\n<\/div>\n<div class=\"product-spec-item\">\n<h3>L\u1ef1c h\u00fat<\/h3>\n<div class=\"spec-val\">12000Pa<\/div>\n<\/div>\n<div class=\"product-spec-item\">\n<h3>Dung t\u00edch b\u00ecnh ch\u1ee9a n\u01b0\u1edbc s\u1ea1ch<\/h3>\n<div class=\"spec-val\">850ml<\/div>\n<\/div>\n<div class=\"product-spec-item\">\n<h3>Dung t\u00edch b\u00ecnh ch\u1ee9a n\u01b0\u1edbc th\u1ea3i<\/h3>\n<div class=\"spec-val\">720ml<\/div>\n<\/div>\n<div class=\"product-spec-item\">\n<h3>Lo\u1ea1i pin<\/h3>\n<div class=\"spec-val\">Lithium-ion<\/div>\n<\/div>\n<div class=\"product-spec-item\">\n<h3>Pin<\/h3>\n<div class=\"spec-val\">4000mAh<\/div>\n<\/div>\n<div class=\"product-spec-item\">\n<h3>Tr\u1ecdng l\u01b0\u1ee3ng<\/h3>\n<div class=\"spec-val\">5 kg<\/div>\n<\/div>\n<div class=\"product-spec-item\">\n<h3>K\u00edch th\u01b0\u1edbc<\/h3>\n<div class=\"spec-val\">26.5 x 26 x 110.9 cm<\/div>\n<\/div>\n<div class=\"product-spec-item\">\n<h3>Th\u1eddi gian s\u1eed d\u1ee5ng<\/h3>\n<div class=\"spec-val\">40 ph\u00fat<\/div>\n<\/div>\n<\/div>\n","protected":false},"excerpt":{"rendered":"<p>FLOOR ONE S7 PRO t\u1ea1o ra m\u1ed9t \u0111\u1ecbnh ngh\u0129a m\u1edbi v\u1ec1 s\u1ef1 s\u1ea1ch s\u1ebd. L\u00e0 s\u1ef1 c\u00e2n b\u1eb1ng ho\u00e0n h\u1ea3o gi\u1eefa l\u00e0m s\u1ea1ch s\u00e2u v\u00e0 s\u1eed d\u1ee5ng d\u1ec5 d\u00e0ng, n\u00f3 cho ph\u00e9p b\u1ea1n t\u1eadn h\u01b0\u1edfng trong khi l\u00e0m s\u1ea1ch. H\u1ec7 th\u1ed1ng d\u00f2ng n\u01b0\u1edbc c\u00e2n b\u1eb1ng \u00e1p su\u1ea5t T\u1ef1 l\u00e0m s\u1ea1ch k\u1ef9 l\u01b0\u1ee1ng C\u1ea3m bi\u1ebfn th\u00f4ng&#8230;<\/p>\n","protected":false},"featured_media":6195,"comment_status":"open","ping_status":"closed","template":"","meta":[],"product_brand":[],"product_cat":[86,106],"product_tag":[],"class_list":{"0":"post-6194","1":"product","2":"type-product","3":"status-publish","4":"has-post-thumbnail","6":"product_cat-robot-may-hut-bui-lau-nha","7":"product_cat-tineco","9":"first","10":"instock","11":"shipping-taxable","12":"product-type-simple"},"_links":{"self":[{"href":"https:\/\/nhadepbepxinh.com.vn\/index.php?rest_route=\/wp\/v2\/product\/6194","targetHints":{"allow":["GET"]}}],"collection":[{"href":"https:\/\/nhadepbepxinh.com.vn\/index.php?rest_route=\/wp\/v2\/product"}],"about":[{"href":"https:\/\/nhadepbepxinh.com.vn\/index.php?rest_route=\/wp\/v2\/types\/product"}],"replies":[{"embeddable":true,"href":"https:\/\/nhadepbepxinh.com.vn\/index.php?rest_route=%2Fwp%2Fv2%2Fcomments&post=6194"}],"wp:featuredmedia":[{"embeddable":true,"href":"https:\/\/nhadepbepxinh.com.vn\/index.php?rest_route=\/wp\/v2\/media\/6195"}],"wp:attachment":[{"href":"https:\/\/nhadepbepxinh.com.vn\/index.php?rest_route=%2Fwp%2Fv2%2Fmedia&parent=6194"}],"wp:term":[{"taxonomy":"product_brand","embeddable":true,"href":"https:\/\/nhadepbepxinh.com.vn\/index.php?rest_route=%2Fwp%2Fv2%2Fproduct_brand&post=6194"},{"taxonomy":"product_cat","embeddable":true,"href":"https:\/\/nhadepbepxinh.com.vn\/index.php?rest_route=%2Fwp%2Fv2%2Fproduct_cat&post=6194"},{"taxonomy":"product_tag","embeddable":true,"href":"https:\/\/nhadepbepxinh.com.vn\/index.php?rest_route=%2Fwp%2Fv2%2Fproduct_tag&post=6194"}],"curies":[{"name":"wp","href":"https:\/\/api.w.org\/{rel}","templated":true}]}}