{"id":6189,"date":"2025-10-22T09:32:44","date_gmt":"2025-10-22T02:32:44","guid":{"rendered":"https:\/\/nhadepbepxinh.com.vn\/?post_type=product&#038;p=6189"},"modified":"2025-10-22T09:32:44","modified_gmt":"2025-10-22T02:32:44","slug":"tineco-floor-one-switch-s7-stretch","status":"publish","type":"product","link":"https:\/\/nhadepbepxinh.com.vn\/?product=tineco-floor-one-switch-s7-stretch","title":{"rendered":"Tineco Floor One Switch S7 Stretch"},"content":{"rendered":"<div id=\"_component_13007\" class=\"product-introduction-container w-1440\">\n<div class=\"product-introduction-left\">\n<h2 class=\"product-name\">FLOOR ONE SWITCH S7 STRETCH<\/h2>\n<div class=\"product-desc\">M\u00e1y lau s\u00e0n<\/div>\n<div class=\"product-introduction-list\">\n<ul>\n<li>M\u00e1y h\u00fat b\u1ee5i kh\u00f4ng d\u00e2y 5 trong 1<\/li>\n<li>Ph\u1ea1m vi ho\u1ea1t \u0111\u1ed9ng 180\u00b0<\/li>\n<li>T\u1ef1 l\u00e0m s\u1ea1ch FlashDry 85\u00b0C<\/li>\n<\/ul>\n<\/div>\n<div class=\"product-buy\">\n<div class=\"buy-at\"><img decoding=\"async\" class=\"product-video-bg\" src=\"https:\/\/static-ussite.tineco.com\/SWITCH%20S7%20Stretch%20%E8%A7%86%E9%A2%91%E5%B0%81%E9%9D%A2.jpg_fac04123-6.jpg\" alt=\"\" \/><\/div>\n<\/div>\n<\/div>\n<\/div>\n<div id=\"text-img-13008\" class=\"text-img-template-container  \"><img decoding=\"async\" class=\"img-w100\" src=\"https:\/\/static-ussite.tineco.com\/2-1.jpg_1dd15d90-f.jpg\" alt=\"\" \/><\/div>\n<div id=\"text-img-13009\" class=\"text-img-template-container  \"><img decoding=\"async\" class=\"img-w100\" src=\"https:\/\/static-ussite.tineco.com\/2-2.jpg_908f58c3-3.jpg\" alt=\"\" \/><\/div>\n<div id=\"text-img-13010\" class=\"text-img-template-container  \"><img decoding=\"async\" class=\"img-w100\" src=\"https:\/\/static-ussite.tineco.com\/2-3.jpg_099040d4-b.jpg\" alt=\"\" \/><\/div>\n<div id=\"text-img-13011\" class=\"text-img-template-container  \"><img decoding=\"async\" class=\"img-w100\" src=\"https:\/\/static-ussite.tineco.com\/2-4.jpg_a25af73f-b.jpg\" alt=\"\" \/><\/div>\n<div id=\"text-img-13012\" class=\"text-img-template-container  \"><img decoding=\"async\" class=\"img-w100\" src=\"https:\/\/static-ussite.tineco.com\/3.jpg_3091c818-b.jpg\" alt=\"\" \/><\/div>\n<div id=\"text-img-13013\" class=\"text-img-template-container  \"><img decoding=\"async\" class=\"img-w100\" src=\"https:\/\/static-ussite.tineco.com\/4.jpg_cdd34d45-9.jpg\" alt=\"\" \/><\/div>\n<div id=\"text-img-13014\" class=\"text-img-template-container  \"><img decoding=\"async\" class=\"img-w100\" src=\"https:\/\/static-ussite.tineco.com\/5-1.jpg_34781b42-3.jpg\" alt=\"\" \/><\/div>\n<div id=\"text-img-13015\" class=\"text-img-template-container  \"><img decoding=\"async\" class=\"img-w100\" src=\"https:\/\/static-ussite.tineco.com\/5-2.jpg_25ba18c4-5.jpg\" alt=\"\" \/><\/div>\n<div id=\"text-img-13016\" class=\"text-img-template-container  \"><img decoding=\"async\" class=\"img-w100\" src=\"https:\/\/static-ussite.tineco.com\/5-3.jpg_25a56c15-0.jpg\" alt=\"\" \/><\/div>\n<div id=\"text-img-13017\" class=\"text-img-template-container  \"><img decoding=\"async\" class=\"img-w100\" src=\"https:\/\/static-ussite.tineco.com\/5-4.jpg_615d99d0-3.jpg\" alt=\"\" \/><\/div>\n<div id=\"text-img-13018\" class=\"text-img-template-container  \"><img decoding=\"async\" class=\"img-w100\" src=\"https:\/\/static-ussite.tineco.com\/6-1.jpg_6d57698b-5.jpg\" alt=\"\" \/><\/div>\n<div id=\"text-img-13019\" class=\"text-img-template-container  \"><img decoding=\"async\" class=\"img-w100\" src=\"https:\/\/static-ussite.tineco.com\/6-2.jpg_0d9283de-2.jpg\" alt=\"\" \/><\/div>\n<div id=\"text-img-13020\" class=\"text-img-template-container  \"><img decoding=\"async\" class=\"img-w100\" src=\"https:\/\/static-ussite.tineco.com\/6-3.jpg_79b66e82-9.jpg\" alt=\"\" \/><\/div>\n<div id=\"text-img-13021\" class=\"text-img-template-container  \"><img decoding=\"async\" class=\"img-w100\" src=\"https:\/\/static-ussite.tineco.com\/6-4.jpg_52e1aaee-8.jpg\" alt=\"\" \/><\/div>\n<div id=\"text-img-13023\" class=\"text-img-template-container  \"><img decoding=\"async\" class=\"img-w100\" src=\"https:\/\/static-ussite.tineco.com\/7-2.jpg_474c0ebb-5.jpg\" alt=\"\" \/><img decoding=\"async\" class=\"img-w100\" src=\"https:\/\/static-ussite.tineco.com\/7-3.jpg_f92bd9c2-9.jpg\" alt=\"\" \/><\/div>\n<div id=\"text-img-13025\" class=\"text-img-template-container  \"><img decoding=\"async\" class=\"img-w100\" src=\"https:\/\/static-ussite.tineco.com\/8.jpg_249d3951-5.jpg\" alt=\"\" \/><\/div>\n<div id=\"text-img-13026\" class=\"text-img-template-container  \"><img decoding=\"async\" class=\"img-w100\" src=\"https:\/\/static-ussite.tineco.com\/9-1.jpg_fcf420ac-2.jpg\" alt=\"\" \/><\/div>\n<div id=\"text-img-13027\" class=\"text-img-template-container  \"><img decoding=\"async\" class=\"img-w100\" src=\"https:\/\/static-ussite.tineco.com\/9-2.jpg_c3209374-8.jpg\" alt=\"\" \/><\/div>\n<div id=\"text-img-13028\" class=\"text-img-template-container  \"><img decoding=\"async\" class=\"img-w100\" src=\"https:\/\/static-ussite.tineco.com\/9-3.jpg_31be400b-9.jpg\" alt=\"\" \/><\/p>\n<div class=\"text-img-layout-center-center\">\n<div class=\"yn-fly-text-img-brief\"><span style=\"font-size: 23.04px;\">Danh s\u00e1ch \u0111\u00f3ng h\u1ed9p<\/span><\/div>\n<\/div>\n<\/div>\n<div id=\"_component_13029\" class=\"bg-F5F7F8 m-b-30\">\n<div class=\"included-container w-1440\">\n<div class=\"flex w_100 relative\">\n<div class=\"current-included\"><img decoding=\"async\" src=\"https:\/\/static-ussite.tineco.com\/Drying%20&amp;%20Charging%20Dock.jpg_c3ccee6f-5.jpg\" alt=\"\" \/><\/div>\n<div class=\"included-list\">\n<div class=\"swiper included-list-swiper swiper-container-initialized swiper-container-horizontal swiper-container-pointer-events\">\n<div id=\"swiper-wrapper-c9aca89d10b1a337d\" class=\"swiper-wrapper\" aria-live=\"polite\">\n<div class=\"swiper-slide swiper-slide-active\" role=\"group\" aria-label=\"1 \/ 5\">\n<div class=\"included-item  active\">\n<h3 class=\"included-item-name\">Tr\u1ea1m s\u1ea1c v\u00e0 s\u1ea5y kh\u00f4<\/h3>\n<p><img decoding=\"async\" class=\"included-item-img\" src=\"https:\/\/static-ussite.tineco.com\/Drying%20&amp;%20Charging%20Dock.jpg_c3ccee6f-5.jpg\" alt=\"\" \/><\/div>\n<div class=\"included-item\">\n<h3 class=\"included-item-name\">T\u1ea5m l\u1ecdc kh\u00f4<\/h3>\n<p><img decoding=\"async\" class=\"included-item-img\" src=\"https:\/\/static-ussite.tineco.com\/Dry%20Filter.jpg_32040a4c-7.jpg\" alt=\"\" \/><\/div>\n<\/div>\n<div class=\"swiper-slide swiper-slide-next\" role=\"group\" aria-label=\"2 \/ 5\">\n<div class=\"included-item \">\n<h3 class=\"included-item-name\">Dung d\u1ecbch v\u1ec7 sinh<\/h3>\n<p><img decoding=\"async\" class=\"included-item-img\" src=\"https:\/\/static-ussite.tineco.com\/Cleaning%20Solution.jpg_25c4e292-7.jpg\" alt=\"\" \/><\/div>\n<div class=\"included-item\">\n<h3 class=\"included-item-name\">D\u1ee5ng c\u1ee5 v\u1ec7 sinh<\/h3>\n<p><img decoding=\"async\" class=\"included-item-img\" src=\"https:\/\/static-ussite.tineco.com\/Cleaning%20tool.jpg_81dfae90-a.jpg\" alt=\"\" \/><\/div>\n<\/div>\n<div class=\"swiper-slide\" role=\"group\" aria-label=\"3 \/ 5\">\n<div class=\"included-item \">\n<h3 class=\"included-item-name\">Con l\u0103n<\/h3>\n<p><img decoding=\"async\" class=\"included-item-img\" src=\"https:\/\/static-ussite.tineco.com\/Replacement_Brush%20Roller.jpg_912bd02b-f.jpg\" alt=\"\" \/><\/div>\n<div class=\"included-item\">\n<h3 class=\"included-item-name\">C\u1ecd qu\u00e9t b\u1ee5i khe 2 trong 1<\/h3>\n<p><img decoding=\"async\" class=\"included-item-img\" src=\"https:\/\/static-ussite.tineco.com\/2-in-1%20crevice%20dusting%20brush.jpg_e0d00f91-1.jpg\" alt=\"\" \/><\/div>\n<\/div>\n<div class=\"swiper-slide\" role=\"group\" aria-label=\"4 \/ 5\">\n<div class=\"included-item \">\n<h3 class=\"included-item-name\">B\u00e0n ch\u1ea3i \u0111i\u1ec7n mini<\/h3>\n<p><img decoding=\"async\" class=\"included-item-img\" src=\"https:\/\/static-ussite.tineco.com\/Mini%20Power%20Brush.jpg_eb8bae21-9.jpg\" alt=\"\" \/><\/div>\n<div class=\"included-item\">\n<h3 class=\"included-item-name\">\u0110\u1ed9ng c\u01a1 SwitchPro<\/h3>\n<p><img decoding=\"async\" class=\"included-item-img\" src=\"https:\/\/static-ussite.tineco.com\/SwitchPro%20Motor.jpg_434827b3-4.jpg\" alt=\"\" \/><\/div>\n<\/div>\n<div class=\"swiper-slide\" role=\"group\" aria-label=\"5 \/ 5\">\n<div class=\"included-item \">\n<h3 class=\"included-item-name\">B\u1ec7 l\u01b0u tr\u1eef ch\u00e2n kh\u00f4ng<\/h3>\n<p><img decoding=\"async\" class=\"included-item-img\" src=\"https:\/\/static-ussite.tineco.com\/Vacuum%20Storage%20Dock.jpg_ec88a05c-7.jpg\" alt=\"\" \/><\/div>\n<div class=\"included-item\">\n<h3 class=\"included-item-name\">C\u1ecd ZeroTangle<\/h3>\n<p><img decoding=\"async\" class=\"included-item-img\" src=\"https:\/\/static-ussite.tineco.com\/ZeroTangle%20Brush.jpg_c4fdaaab-1.jpg\" alt=\"\" \/><\/div>\n<\/div>\n<\/div>\n<\/div>\n<\/div>\n<div class=\"included-right-icon\"><img decoding=\"async\" src=\"https:\/\/static-ussite.tineco.com\/74a5c351-e408-4348-85a9-84a6c8296949.svg\" alt=\"\" \/><\/div>\n<\/div>\n<div class=\"current-info\">\n<div class=\"current-name\">Tr\u1ea1m s\u1ea1c v\u00e0 s\u1ea5y kh\u00f4<\/div>\n<\/div>\n<\/div>\n<\/div>\n","protected":false},"excerpt":{"rendered":"<p>FLOOR ONE SWITCH S7 STRETCH M\u00e1y lau s\u00e0n M\u00e1y h\u00fat b\u1ee5i kh\u00f4ng d\u00e2y 5 trong 1 Ph\u1ea1m vi ho\u1ea1t \u0111\u1ed9ng 180\u00b0 T\u1ef1 l\u00e0m s\u1ea1ch FlashDry 85\u00b0C Danh s\u00e1ch \u0111\u00f3ng h\u1ed9p Tr\u1ea1m s\u1ea1c v\u00e0 s\u1ea5y kh\u00f4 T\u1ea5m l\u1ecdc kh\u00f4 Dung d\u1ecbch v\u1ec7 sinh D\u1ee5ng c\u1ee5 v\u1ec7 sinh Con l\u0103n C\u1ecd qu\u00e9t b\u1ee5i khe 2 trong 1&#8230;<\/p>\n","protected":false},"featured_media":6190,"comment_status":"open","ping_status":"closed","template":"","meta":[],"product_brand":[],"product_cat":[86,106],"product_tag":[],"class_list":{"0":"post-6189","1":"product","2":"type-product","3":"status-publish","4":"has-post-thumbnail","6":"product_cat-robot-may-hut-bui-lau-nha","7":"product_cat-tineco","9":"first","10":"instock","11":"shipping-taxable","12":"product-type-simple"},"_links":{"self":[{"href":"https:\/\/nhadepbepxinh.com.vn\/index.php?rest_route=\/wp\/v2\/product\/6189","targetHints":{"allow":["GET"]}}],"collection":[{"href":"https:\/\/nhadepbepxinh.com.vn\/index.php?rest_route=\/wp\/v2\/product"}],"about":[{"href":"https:\/\/nhadepbepxinh.com.vn\/index.php?rest_route=\/wp\/v2\/types\/product"}],"replies":[{"embeddable":true,"href":"https:\/\/nhadepbepxinh.com.vn\/index.php?rest_route=%2Fwp%2Fv2%2Fcomments&post=6189"}],"wp:featuredmedia":[{"embeddable":true,"href":"https:\/\/nhadepbepxinh.com.vn\/index.php?rest_route=\/wp\/v2\/media\/6190"}],"wp:attachment":[{"href":"https:\/\/nhadepbepxinh.com.vn\/index.php?rest_route=%2Fwp%2Fv2%2Fmedia&parent=6189"}],"wp:term":[{"taxonomy":"product_brand","embeddable":true,"href":"https:\/\/nhadepbepxinh.com.vn\/index.php?rest_route=%2Fwp%2Fv2%2Fproduct_brand&post=6189"},{"taxonomy":"product_cat","embeddable":true,"href":"https:\/\/nhadepbepxinh.com.vn\/index.php?rest_route=%2Fwp%2Fv2%2Fproduct_cat&post=6189"},{"taxonomy":"product_tag","embeddable":true,"href":"https:\/\/nhadepbepxinh.com.vn\/index.php?rest_route=%2Fwp%2Fv2%2Fproduct_tag&post=6189"}],"curies":[{"name":"wp","href":"https:\/\/api.w.org\/{rel}","templated":true}]}}