{"id":6179,"date":"2025-10-16T15:59:01","date_gmt":"2025-10-16T08:59:01","guid":{"rendered":"https:\/\/nhadepbepxinh.com.vn\/?post_type=product&#038;p=6179"},"modified":"2025-10-16T15:59:01","modified_gmt":"2025-10-16T08:59:01","slug":"bep-tu-kocher-x-nano-9","status":"publish","type":"product","link":"https:\/\/nhadepbepxinh.com.vn\/?product=bep-tu-kocher-x-nano-9","title":{"rendered":"B\u1ebeP T\u1eea KOCHER X-NANO 9"},"content":{"rendered":"<p style=\"font-weight: 400;\"><b>T\u00ednh n\u0103ng s\u1ea3n ph\u1ea9m<\/b><\/p>\n<p style=\"font-weight: 400;\">&#8211; M\u1eb7t k\u00ednh X-NANO c\u00f4ng ngh\u1ec7 Ph\u00e1p \u0111\u1ed9c quy\u1ec1n ch\u1ed1ng tr\u1ea7y x\u01b0\u1edbc g\u1ea5p 5 l\u1ea7n, bo vi\u1ec1n Aluminum tinh x\u1ea3o sang tr\u1ecdng v\u00e0 hi\u1ec7n \u0111\u1ea1i<\/p>\n<p style=\"font-weight: 400;\">&#8211; C\u00f4ng ngh\u1ec7 GX t\u1eeb E.G.O &#8211; <b><strong>Made In Germany<\/strong><\/b><\/p>\n<p style=\"font-weight: 400;\">&#8211; C\u1ea3m bi\u1ebfn an to\u00e0n ch\u1ed1ng tr\u00e0o, t\u1ef1 \u0111\u1ed9ng ng\u1eaft khi qu\u00e1 nhi\u1ec7t<\/p>\n<p style=\"font-weight: 400;\">&#8211; K\u1ebft c\u1ea5u k\u00ednh X-NANO ch\u1eafc ch\u1eafn, ch\u1ecbu nhi\u1ec7t cao<\/p>\n<p style=\"font-weight: 400;\">&#8211; Thi\u1ebft k\u1ebf \u00e2m b\u00e0n hi\u1ec7n \u0111\u1ea1i, t\u1ed1i \u01b0u di\u1ec7n t\u00edch<\/p>\n<p style=\"font-weight: 400;\">&#8211; Ch\u1ed1ng b\u00e1m v\u00e2n tay, d\u1ec5 lau s\u1ea1ch d\u1ea7u m\u1ee1<\/p>\n<p style=\"font-weight: 400;\">&#8211; H\u1eb9n gi\u1edd linh ho\u1ea1t, tho\u1ea3i m\u00e1i n\u1ea5u n\u01b0\u1edbng<\/p>\n<p style=\"font-weight: 400;\">&#8211; C\u00f4ng su\u1ea5t m\u1ea1nh m\u1ebd, v\u1eadn h\u00e0nh \u00eam \u00e1i<\/p>\n<p style=\"font-weight: 400;\"><b>Ch\u1ee9c n\u0103ng \u0111\u1eb7c bi\u1ec7t<\/b><\/p>\n<p style=\"font-weight: 400;\">&#8211; L\u00e0m m\u00e1t th\u00f4ng minh <b><strong>Active Flow<\/strong><\/b><\/p>\n<p style=\"font-weight: 400;\">&#8211; C\u00f4ng ngh\u1ec7 chia s\u1ebb c\u00f4ng su\u1ea5t <b><strong>PowerShare\u00a0<\/strong><\/b><\/p>\n<p style=\"font-weight: 400;\">&#8211; N\u1ea5u \u0103n th\u00f4ng minh b\u1eb1ng c\u1ea3m \u1ee9ng t\u1eeb<\/p>\n<p style=\"font-weight: 400;\">&#8211; Booster t\u0103ng t\u1ed1c n\u1ea5u linh ho\u1ea1t<\/p>\n<p style=\"font-weight: 400;\">&#8211; Ch\u1ed1ng nhi\u1ec5u \u0111i\u1ec7n t\u1eeb <b><strong>EMC Shield<\/strong><\/b><\/p>\n<p style=\"font-weight: 400;\">&#8211; Ghi nh\u1edb thao t\u00e1c n\u1ea5u\u00a0<b><strong>Recall Function<\/strong><\/b><\/p>\n<p style=\"font-weight: 400;\">&#8211; C\u1ea3nh b\u00e1o nhi\u1ec7t d\u01b0 th\u00f4ng minh <b><strong>Heat Guard<\/strong><\/b><\/p>\n<p style=\"font-weight: 400;\">&#8211; B\u1ea3o v\u1ec7 \u0111i\u1ec7n \u00e1p th\u00f4ng minh\u00a0<b><strong>AutoEmpty Protect<\/strong><\/b><\/p>\n<p style=\"font-weight: 400;\">&#8211; Pot Detect t\u1ef1 nh\u1eadn di\u1ec7n k\u00edch c\u1ee1 xoong n\u1ed3i<\/p>\n<p style=\"font-weight: 400;\">&#8211; Ch\u1ed1ng ch\u00e1y n\u1ed3i tr\u1ed1ng<\/p>\n<p style=\"font-weight: 400;\">&#8211; Gi\u00e1m s\u00e1t nhi\u1ec7t \u0111\u1ed9 \u0111a \u0111i\u1ec3m\u00a0<b><strong>MultiZone Sensors<\/strong><\/b><\/p>\n<p style=\"font-weight: 400;\"><b>Th\u00f4ng s\u1ed1 k\u1ef9 thu\u1eadt<\/b><\/p>\n<p style=\"font-weight: 400;\">&#8211; B\u1ebfp t\u1eeb \u0111\u00f4i 2 v\u00f9ng n\u1ea5u<\/p>\n<p style=\"font-weight: 400;\">&#8211; \u0110i\u1ec7n \u00e1p: 220-240V ~ 50\/60Hz<\/p>\n<p style=\"font-weight: 400;\">&#8211; T\u1ed5ng c\u00f4ng su\u1ea5t: 4000W<\/p>\n<p style=\"font-weight: 400;\">&#8211; K\u00edch th\u01b0\u1edbc (DxRxC): 730*420*56mm<\/p>\n<p style=\"font-weight: 400;\">&#8211; K\u00edch th\u01b0\u1edbc kho\u00e9t l\u1ed7: 675*375mm<\/p>\n","protected":false},"excerpt":{"rendered":"<p>T\u00ednh n\u0103ng s\u1ea3n ph\u1ea9m &#8211; M\u1eb7t k\u00ednh X-NANO c\u00f4ng ngh\u1ec7 Ph\u00e1p \u0111\u1ed9c quy\u1ec1n ch\u1ed1ng tr\u1ea7y x\u01b0\u1edbc g\u1ea5p 5 l\u1ea7n, bo vi\u1ec1n Aluminum tinh x\u1ea3o sang tr\u1ecdng v\u00e0 hi\u1ec7n \u0111\u1ea1i &#8211; C\u00f4ng ngh\u1ec7 GX t\u1eeb E.G.O &#8211; Made In Germany &#8211; C\u1ea3m bi\u1ebfn an to\u00e0n ch\u1ed1ng tr\u00e0o, t\u1ef1 \u0111\u1ed9ng ng\u1eaft khi qu\u00e1 nhi\u1ec7t &#8211; K\u1ebft c\u1ea5u&#8230;<\/p>\n","protected":false},"featured_media":6180,"comment_status":"open","ping_status":"closed","template":"","meta":[],"product_brand":[],"product_cat":[15,35],"product_tag":[],"class_list":{"0":"post-6179","1":"product","2":"type-product","3":"status-publish","4":"has-post-thumbnail","6":"product_cat-bep-tu","7":"product_cat-hang-kocher","9":"first","10":"instock","11":"shipping-taxable","12":"product-type-simple"},"_links":{"self":[{"href":"https:\/\/nhadepbepxinh.com.vn\/index.php?rest_route=\/wp\/v2\/product\/6179","targetHints":{"allow":["GET"]}}],"collection":[{"href":"https:\/\/nhadepbepxinh.com.vn\/index.php?rest_route=\/wp\/v2\/product"}],"about":[{"href":"https:\/\/nhadepbepxinh.com.vn\/index.php?rest_route=\/wp\/v2\/types\/product"}],"replies":[{"embeddable":true,"href":"https:\/\/nhadepbepxinh.com.vn\/index.php?rest_route=%2Fwp%2Fv2%2Fcomments&post=6179"}],"wp:featuredmedia":[{"embeddable":true,"href":"https:\/\/nhadepbepxinh.com.vn\/index.php?rest_route=\/wp\/v2\/media\/6180"}],"wp:attachment":[{"href":"https:\/\/nhadepbepxinh.com.vn\/index.php?rest_route=%2Fwp%2Fv2%2Fmedia&parent=6179"}],"wp:term":[{"taxonomy":"product_brand","embeddable":true,"href":"https:\/\/nhadepbepxinh.com.vn\/index.php?rest_route=%2Fwp%2Fv2%2Fproduct_brand&post=6179"},{"taxonomy":"product_cat","embeddable":true,"href":"https:\/\/nhadepbepxinh.com.vn\/index.php?rest_route=%2Fwp%2Fv2%2Fproduct_cat&post=6179"},{"taxonomy":"product_tag","embeddable":true,"href":"https:\/\/nhadepbepxinh.com.vn\/index.php?rest_route=%2Fwp%2Fv2%2Fproduct_tag&post=6179"}],"curies":[{"name":"wp","href":"https:\/\/api.w.org\/{rel}","templated":true}]}}