{"id":6173,"date":"2025-10-16T15:54:23","date_gmt":"2025-10-16T08:54:23","guid":{"rendered":"https:\/\/nhadepbepxinh.com.vn\/?post_type=product&#038;p=6173"},"modified":"2025-10-16T15:54:23","modified_gmt":"2025-10-16T08:54:23","slug":"bep-tu-kocher-x-nano-8-plus","status":"publish","type":"product","link":"https:\/\/nhadepbepxinh.com.vn\/?product=bep-tu-kocher-x-nano-8-plus","title":{"rendered":"B\u1ebeP T\u1eea KOCHER X-NANO 8 PLUS"},"content":{"rendered":"<div class=\"youtube-iframe-wrap\"><iframe loading=\"lazy\" title=\"YouTube video player\" src=\"https:\/\/www.youtube.com\/embed\/zMgd_ltUWA0\" width=\"560\" height=\"315\" frameborder=\"0\" scrolling=\"no\" allowfullscreen=\"allowfullscreen\" data-mce-fragment=\"1\"><\/iframe><\/div>\n<p><strong>B\u1ebeP T\u1eea \u0110\u00d4I X-NANO 8 PLUS \u2013 S\u1ef0 K\u1ebeT H\u1ee2P HO\u00c0N H\u1ea2O GI\u1eeeA SANG TR\u1eccNG V\u00c0 C\u00d4NG NGH\u1ec6<\/strong><\/p>\n<p>M\u1ed9t c\u0103n b\u1ebfp hi\u1ec7n \u0111\u1ea1i kh\u00f4ng th\u1ec3 thi\u1ebfu nh\u1eefng thi\u1ebft b\u1ecb v\u1eeba ti\u1ec7n nghi, v\u1eeba \u0111\u1ea3m b\u1ea3o an to\u00e0n v\u00e0 ti\u1ebft ki\u1ec7m th\u1eddi gian. B\u1ebfp t\u1eeb \u0111\u00f4i X-NANO 8 Plus ch\u00ednh l\u00e0 l\u1ef1a ch\u1ecdn l\u00fd t\u01b0\u1edfng cho nh\u1eefng gia \u0111\u00ecnh mu\u1ed1n n\u00e2ng t\u1ea7m kh\u00f4ng gian b\u1ebfp v\u1edbi thi\u1ebft k\u1ebf sang tr\u1ecdng c\u00f9ng h\u00e0ng lo\u1ea1t t\u00ednh n\u0103ng th\u00f4ng minh. \u0110\u00e2y ch\u00ednh l\u00e0 \u201c\u0111\u1ecbnh chu\u1ea9n m\u1edbi\u201d trong d\u00f2ng b\u1ebfp t\u1eeb ch\u1ed1ng x\u01b0\u1edbc hi\u1ec7n nay.<br \/>\n<img decoding=\"async\" src=\"https:\/\/kocher.vn\/pic\/Product\/images\/XNANO%208PLUS\/1.jpg\" alt=\"\" \/><\/p>\n<p><strong>V\u1eba \u0110\u1eb8P HI\u1ec6N \u0110\u1ea0I \u2013 THI\u1ebeT K\u1ebe T\u1ed0I \u01afU CHO M\u1eccI KH\u00d4NG GIAN<\/strong><\/p>\n<p>X-NANO 8 Plus \u0111\u01b0\u1ee3c thi\u1ebft k\u1ebf tinh t\u1ebf, mang \u0111\u1eadm phong c\u00e1ch ch\u00e2u \u00c2u hi\u1ec7n \u0111\u1ea1i. S\u1eed d\u1ee5ng m\u1eb7t k\u00ednh X-NANO v\u1edbi c\u00f4ng ngh\u1ec7 c\u1ee7a Ph\u00e1p \u0111\u1ed9c quy\u1ec1n, ch\u1ed1ng tr\u1ea7y x\u01b0\u1edbc g\u1ea5p 5 l\u1ea7n, gi\u1eef cho m\u1eb7t b\u1ebfp lu\u00f4n nh\u01b0 m\u1edbi. Bo vi\u1ec1n tinh x\u1ea3o t\u0103ng th\u00eam v\u1ebb sang tr\u1ecdng v\u00e0 ch\u1eafc ch\u1eafn. K\u1ebft c\u1ea5u X-NANO ch\u1ecbu l\u1ef1c, ch\u1ecbu va \u0111\u1eadp t\u1ed1t, \u0111\u1ea3m b\u1ea3o \u0111\u1ed9 b\u1ec1n l\u00e2u d\u00e0i. Thi\u1ebft k\u1ebf \u00e2m b\u00e0n gi\u00fap ti\u1ebft ki\u1ec7m di\u1ec7n t\u00edch, t\u1ea1o s\u1ef1 g\u1ecdn g\u00e0ng cho kh\u00f4ng gian b\u1ebfp. B\u1ec1 m\u1eb7t k\u00ednh X-NANO ch\u1ed1ng b\u00e1m v\u00e2n tay, ch\u1ed1ng b\u00e1m d\u1ea7u m\u1ee1, v\u1ec7 sinh d\u1ec5 d\u00e0ng sau m\u1ed7i l\u1ea7n n\u1ea5u.<br \/>\n<img decoding=\"async\" src=\"https:\/\/kocher.vn\/pic\/Product\/images\/XNANO%208PLUS\/2.png\" alt=\"\" \/><\/p>\n<p><strong>C\u00d4NG SU\u1ea4T M\u1ea0NH M\u1ebc \u2013 LINH HO\u1ea0T TRONG T\u1eeaNG M\u00d3N \u0102N<\/strong><\/p>\n<p>V\u1edbi t\u1ed5ng c\u00f4ng su\u1ea5t 4000W v\u00e0 2 v\u00f9ng n\u1ea5u \u0111\u1ed9c l\u1eadp, b\u1ebfp t\u1eeb X-NANO 8 Plus\u00a0 gi\u00fap b\u1ea1n c\u00f3 th\u1ec3 ch\u1ebf bi\u1ebfn \u0111\u01b0\u1ee3c nhi\u1ec1u m\u00f3n \u0103n c\u00f9ng l\u00fac m\u00e0 v\u1eabn lu\u00f4n \u0111\u1ea3m b\u1ea3o h\u01b0\u01a1ng v\u1ecb chu\u1ea9n. Ch\u1ee9c n\u0103ng Booster t\u0103ng nhi\u1ec7t si\u00eau t\u1ed1c gi\u00fap cho m\u1ecdi m\u00f3n \u0103n \u0111\u01b0\u1ee3c \u0111un s\u00f4i nhanh ch\u1ec9 trong v\u00e0i ph\u00fat.\u00a0 C\u00f4ng su\u1ea5t \u1ed5n \u0111\u1ecbnh, v\u1eadn h\u00e0ng si\u00eau \u00eam \u00e1i, kh\u00f4ng g\u00e2y ti\u1ebfng \u1ed3n trong qu\u00e1 tr\u00ecnh s\u1eed d\u1ee5ng. H\u1eb9n gi\u1edd hai v\u00f9ng n\u1ea5u th\u00f4ng minh, gi\u00fap b\u1ea1n ch\u1ee7 \u0111\u1ed9ng th\u1eddi gian m\u00e0 kh\u00f4ng lo qu\u00ean t\u1eaft b\u1ebfp.<br \/>\n<img decoding=\"async\" src=\"https:\/\/kocher.vn\/pic\/Product\/images\/XNANO%208PLUS\/6.jpg\" alt=\"\" \/><\/p>\n<p><strong>T\u00cdNH N\u0102NG TH\u00d4NG MINH \u2013 AN TO\u00c0N TUY\u1ec6T \u0110\u1ed0I<\/strong><\/p>\n<p>X-NANO 8 Plus kh\u00f4ng ch\u1ec9 ch\u00fa tr\u1ecdng hi\u1ec7u su\u1ea5t n\u1ea5u n\u01b0\u1edbng m\u00e0 c\u00f2n \u0111\u1eb7t s\u1ef1 an to\u00e0n v\u00e0 ti\u1ec7n l\u1ee3i c\u1ee7a ng\u01b0\u1eddi d\u00f9ng l\u00ean h\u00e0ng \u0111\u1ea7u v\u1edbi:<\/p>\n<p>C\u1ea3m bi\u1ebfn ch\u1ed1ng tr\u00e0o &amp; t\u1ef1 \u0111\u1ed9ng ng\u1eaft khi qu\u00e1 nhi\u1ec7t, b\u1ea3o v\u1ec7 c\u1ea3 b\u1ebfp v\u00e0 ng\u01b0\u1eddi d\u00f9ng.<\/p>\n<p>Kh\u00f3a tr\u1ebb em Child Lock, ng\u0103n tr\u1ebb nh\u1ecf v\u00f4 t\u00ecnh ch\u1ea1m v\u00e0o b\u1ea3ng \u0111i\u1ec1u khi\u1ec3n.<\/p>\n<p>B\u1ea3ng \u0111i\u1ec1u khi\u1ec3n c\u1ea3m \u1ee9ng tr\u01b0\u1ee3t nh\u1ea1y b\u00e9n, thao t\u00e1c m\u01b0\u1ee3t m\u00e0 ch\u1ec9 v\u1edbi m\u1ed9t ch\u1ea1m.<\/p>\n<p>Ch\u1ee9c n\u0103ng Defrozen \u2013 r\u00e3 \u0111\u00f4ng nhanh, gi\u1eef nguy\u00ean \u0111\u1ed9 t\u01b0\u01a1i ngon c\u1ee7a th\u1ef1c ph\u1ea9m.<\/p>\n<p>Ch\u1ebf \u0111\u1ed9 chi\u00ean\/r\u00e1n Fry duy tr\u00ec nhi\u1ec7t \u1ed5n \u0111\u1ecbnh, cho m\u00f3n \u0103n v\u00e0ng gi\u00f2n v\u00e0 tr\u1ecdn v\u1ecb.<br \/>\n<img decoding=\"async\" src=\"https:\/\/kocher.vn\/pic\/Product\/images\/XNANO%208PLUS\/3.jpg\" alt=\"\" \/><\/p>\n<p><strong>B\u1ea2O H\u00c0NH &amp; \u01afU \u0110\u00c3I<\/strong><\/p>\n<p>B\u1ea3o h\u00e0nh 10 n\u0103m m\u1eb7t k\u00ednh X-NANO ch\u00ednh h\u00e3ng, h\u1ed7 tr\u1ee3 s\u1eeda ch\u1eefa t\u1eadn nh\u00e0 tr\u00ean to\u00e0n qu\u1ed1c.<\/p>\n<p>Gi\u1ea3m gi\u00e1 tr\u1ef1c ti\u1ebfp t\u1ea1i c\u00e1c \u0111i\u1ec3m b\u00e1n ch\u00ednh h\u00e3ng, h\u1ed7 tr\u1ee3 v\u1eadn chuy\u1ec3n &amp; l\u1eafp \u0111\u1eb7t t\u1eadn n\u01a1i.<\/p>\n<p>\u0110\u1eb6C BI\u1ec6T: Khi \u0111\u1eb7t mua ngay h\u00f4m nay, b\u1ea1n s\u1ebd nh\u1eadn \u0111\u01b0\u1ee3c nh\u1eefng \u01b0u \u0111\u00e3i c\u1ef1c k\u1ef3 h\u1ea5p d\u1eabn t\u1eeb K\u00f6cher!<br \/>\n<img decoding=\"async\" src=\"https:\/\/kocher.vn\/pic\/Product\/images\/XNANO%208PLUS\/5.jpg\" alt=\"\" \/><\/p>\n<p><strong>K\u1ebeT LU\u1eacN: X-NANO 8 PLUS \u2013 \u0110\u1ecaNH CHU\u1ea8N M\u1edaI CHO C\u0102N B\u1ebeP GIA \u0110\u00ccNH<\/strong><\/p>\n<p>N\u1ebfu b\u1ea1n \u0111ang t\u00ecm m\u1ed9t chi\u1ebfc b\u1ebfp t\u1eeb ch\u1ed1ng x\u01b0\u1edbc, thi\u1ebft k\u1ebf sang tr\u1ecdng, c\u00f4ng su\u1ea5t m\u1ea1nh m\u1ebd v\u00e0 \u0111\u1ea7y \u0111\u1ee7 t\u00ednh n\u0103ng an to\u00e0n, th\u00ec X-NANO 8 Plus ch\u00ednh l\u00e0 l\u1ef1a ch\u1ecdn kh\u00f4ng th\u1ec3 b\u1ecf qua.<\/p>\n<p>S\u1edf h\u1eefu ngay h\u00f4m nay \u0111\u1ec3 tr\u1ea3i nghi\u1ec7m s\u1ef1 kh\u00e1c bi\u1ec7t m\u00e0 X-NANO \u2013 \u0110\u1ecbnh chu\u1ea9n m\u1edbi mang l\u1ea1i cho kh\u00f4ng gian b\u1ebfp c\u1ee7a b\u1ea1n!<\/p>\n","protected":false},"excerpt":{"rendered":"<p>B\u1ebeP T\u1eea \u0110\u00d4I X-NANO 8 PLUS \u2013 S\u1ef0 K\u1ebeT H\u1ee2P HO\u00c0N H\u1ea2O GI\u1eeeA SANG TR\u1eccNG V\u00c0 C\u00d4NG NGH\u1ec6 M\u1ed9t c\u0103n b\u1ebfp hi\u1ec7n \u0111\u1ea1i kh\u00f4ng th\u1ec3 thi\u1ebfu nh\u1eefng thi\u1ebft b\u1ecb v\u1eeba ti\u1ec7n nghi, v\u1eeba \u0111\u1ea3m b\u1ea3o an to\u00e0n v\u00e0 ti\u1ebft ki\u1ec7m th\u1eddi gian. B\u1ebfp t\u1eeb \u0111\u00f4i X-NANO 8 Plus ch\u00ednh l\u00e0 l\u1ef1a ch\u1ecdn l\u00fd t\u01b0\u1edfng cho&#8230;<\/p>\n","protected":false},"featured_media":6174,"comment_status":"open","ping_status":"closed","template":"","meta":[],"product_brand":[],"product_cat":[15,35],"product_tag":[],"class_list":{"0":"post-6173","1":"product","2":"type-product","3":"status-publish","4":"has-post-thumbnail","6":"product_cat-bep-tu","7":"product_cat-hang-kocher","9":"first","10":"instock","11":"shipping-taxable","12":"product-type-simple"},"_links":{"self":[{"href":"https:\/\/nhadepbepxinh.com.vn\/index.php?rest_route=\/wp\/v2\/product\/6173","targetHints":{"allow":["GET"]}}],"collection":[{"href":"https:\/\/nhadepbepxinh.com.vn\/index.php?rest_route=\/wp\/v2\/product"}],"about":[{"href":"https:\/\/nhadepbepxinh.com.vn\/index.php?rest_route=\/wp\/v2\/types\/product"}],"replies":[{"embeddable":true,"href":"https:\/\/nhadepbepxinh.com.vn\/index.php?rest_route=%2Fwp%2Fv2%2Fcomments&post=6173"}],"wp:featuredmedia":[{"embeddable":true,"href":"https:\/\/nhadepbepxinh.com.vn\/index.php?rest_route=\/wp\/v2\/media\/6174"}],"wp:attachment":[{"href":"https:\/\/nhadepbepxinh.com.vn\/index.php?rest_route=%2Fwp%2Fv2%2Fmedia&parent=6173"}],"wp:term":[{"taxonomy":"product_brand","embeddable":true,"href":"https:\/\/nhadepbepxinh.com.vn\/index.php?rest_route=%2Fwp%2Fv2%2Fproduct_brand&post=6173"},{"taxonomy":"product_cat","embeddable":true,"href":"https:\/\/nhadepbepxinh.com.vn\/index.php?rest_route=%2Fwp%2Fv2%2Fproduct_cat&post=6173"},{"taxonomy":"product_tag","embeddable":true,"href":"https:\/\/nhadepbepxinh.com.vn\/index.php?rest_route=%2Fwp%2Fv2%2Fproduct_tag&post=6173"}],"curies":[{"name":"wp","href":"https:\/\/api.w.org\/{rel}","templated":true}]}}