{"id":6162,"date":"2025-10-16T15:47:23","date_gmt":"2025-10-16T08:47:23","guid":{"rendered":"https:\/\/nhadepbepxinh.com.vn\/?post_type=product&#038;p=6162"},"modified":"2025-10-16T15:47:23","modified_gmt":"2025-10-16T08:47:23","slug":"bep-tu-kocher-x-nano-8","status":"publish","type":"product","link":"https:\/\/nhadepbepxinh.com.vn\/?product=bep-tu-kocher-x-nano-8","title":{"rendered":"B\u1ebeP T\u1eea KOCHER X-NANO 8"},"content":{"rendered":"<div class=\"youtube-iframe-wrap\"><iframe loading=\"lazy\" title=\"YouTube video player\" src=\"https:\/\/www.youtube.com\/embed\/zMgd_ltUWA0\" width=\"560\" height=\"315\" frameborder=\"0\" scrolling=\"no\" allowfullscreen=\"allowfullscreen\" data-mce-fragment=\"1\"><\/iframe><\/div>\n<p><strong>B\u1ebeP T\u1eea \u0110\u00d4I X-NANO 8 \u2013 GI\u1ea2I PH\u00c1P N\u1ea4U N\u01af\u1edaNG TH\u00d4NG MINH CHO M\u1eccI GIA \u0110\u00ccNH\u00a0<\/strong><\/p>\n<p>M\u1ed9t chi\u1ebfc b\u1ebfp t\u1eeb ng\u00e0y nay kh\u00f4ng ch\u1ec9 c\u1ea7n n\u1ea5u \u0103n nhanh g\u1ecdn m\u00e0 c\u00f2n ph\u1ea3i k\u1ebft h\u1ee3p gi\u1eefa thi\u1ebft k\u1ebf sang tr\u1ecdng, t\u00ednh n\u0103ng an to\u00e0n v\u00e0 c\u00f4ng ngh\u1ec7 hi\u1ec7n \u0111\u1ea1i. B\u1ebfp t\u1eeb \u0111\u00f4i X-NANO 8 l\u00e0 s\u1ef1 l\u1ef1a ch\u1ecdn l\u00fd t\u01b0\u1edfng, \u0111\u00e1p \u1ee9ng \u0111\u1ea7y \u0111\u1ee7 nh\u1eefng y\u00eau c\u1ea7u \u0111\u00f3. V\u1edbi m\u1eb7t k\u00ednh X-NANO ch\u1ed1ng x\u01b0\u1edbc \u0111\u1ed9c quy\u1ec1n, kh\u1ea3 n\u0103ng v\u1eadn h\u00e0nh m\u1ea1nh m\u1ebd c\u00f9ng nhi\u1ec1u ti\u1ec7n \u00edch th\u00f4ng minh, X-NANO 8 h\u1ee9a h\u1eb9n s\u1ebd tr\u1edf th\u00e0nh \u201c\u0111\u1ecbnh chu\u1ea9n m\u1edbi\u201d cho c\u0103n b\u1ebfp gia \u0111\u00ecnh Vi\u1ec7t.<\/p>\n<p><strong>THI\u1ebeT K\u1ebe HI\u1ec6N \u0110\u1ea0I \u2013 V\u1eeeNG CH\u1eaeC TRONG T\u1eeaNG CHI TI\u1ebeT<\/strong><\/p>\n<p>X-NANO 8 g\u00e2y \u1ea5n t\u01b0\u1ee3ng m\u1ea1nh m\u1ebd v\u1edbi ki\u1ec3u d\u00e1ng tinh g\u1ecdn, sang tr\u1ecdng. M\u1eb7t k\u00ednh X-NANO s\u1edf h\u1eefu c\u00f4ng ngh\u1ec7 \u0111\u1ed9c quy\u1ec1n c\u1ee7a Ph\u00e1p ch\u1ed1ng tr\u1ea7y x\u01b0\u1edbc g\u1ea5p 5 l\u1ea7n, lu\u00f4n b\u1ec1n b\u1ec9 \u0111\u1eb9p l\u00e2u d\u00e0i. B\u1ebfp \u0111\u01b0\u1ee3c bo vi\u1ec1n tinh x\u1ea3o, mang l\u1ea1i s\u1ef1 sang tr\u1ecdng v\u00e0 ch\u1eafc ch\u1eafn. K\u1ebft c\u1ea5u m\u1eb7t k\u00ednh ch\u1ecbu nhi\u1ec7t cao, \u0111\u1ea3m b\u1ea3o an to\u00e0n v\u00e0 \u0111\u1ed9 b\u1ec1n v\u01b0\u1ee3t tr\u1ed9i. V\u1edbi thi\u1ebft k\u1ebf \u00e2m b\u00e0n, gi\u00fap ti\u1ebft ki\u1ec7m di\u1ec7n t\u00edch kh\u00f4ng gian b\u1ebfp, t\u1ea1o n\u00ean m\u1ed9t kh\u00f4ng gian b\u1ebfp g\u1ecdn g\u00e0ng v\u00e0 hi\u1ec7n \u0111\u1ea1i.<br \/>\n<img decoding=\"async\" src=\"https:\/\/kocher.vn\/pic\/Product\/images\/XNANO%208\/1%402x.jpg\" alt=\"\" \/><\/p>\n<p><strong>HI\u1ec6U N\u0102NG \u1ed4N \u0110\u1ecaNH \u2013 N\u1ea4U \u0102N NHANH M\u00c0 TI\u1ebeT KI\u1ec6M<\/strong><\/p>\n<p>X-NANO 8 s\u1edf h\u1eefu t\u1ed5ng c\u00f4ng su\u1ea5t l\u00ean t\u1edbi 4000W cho hai v\u00f9ng n\u1ea5u \u0111\u1ed9c l\u1eadp, mang \u0111\u1ebfn tr\u1ea3i nghi\u1ec7m n\u1ea5u \u0103n nhanh ch\u00f3ng v\u00e0 ti\u1ec7n l\u1ee3i. Ch\u1ebf \u0111\u1ed9 Booster t\u0103ng t\u1ed1c, gi\u00fap ng\u1eafn th\u1eddi gian \u0111un s\u00f4i ch\u1ec9 trong v\u00e0i ph\u00fat. S\u1edf h\u1eefu hai v\u00f9ng n\u1ea5u \u0111\u1ed9c l\u1eadp, cho ph\u00e9p ch\u1ebf bi\u1ebfn \u0111\u01b0\u1ee3c nhi\u1ec1u m\u00f3n \u0103n c\u00f9ng l\u00fac. Ch\u1ee9c n\u0103ng h\u1eb9n gi\u1edd n\u1ea5u linh ho\u1ea1t, gi\u00fap b\u1ea1n v\u00e0 gia \u0111\u00ecnh\u00a0 lu\u00f4n lu\u00f4n ch\u1ee7 \u0111\u1ed9ng h\u01a1n trong qu\u00e1 tr\u00ecnh n\u1ea5u n\u01b0\u1edbng. B\u1ebfp t\u1eeb \u0111\u00f4i X-NANO 8 ho\u1ea1t \u0111\u1ed9ng si\u00eau \u00eam \u00e1i, \u1ed5n \u0111\u1ecbnh, ti\u1ebft ki\u1ec7m th\u1eddi gian v\u00e0 c\u00f4ng s\u1ee9c cho ng\u01b0\u1eddi n\u1ed9i tr\u1ee3.<br \/>\n<img decoding=\"async\" src=\"https:\/\/kocher.vn\/pic\/Product\/images\/XNANO%208\/6%402x.jpg\" alt=\"\" \/><\/p>\n<p><strong>T\u00cdNH N\u0102NG TH\u00d4NG MINH \u2013 AN TO\u00c0N CHO M\u1eccI GIA \u0110\u00ccNH<\/strong><\/p>\n<p>X-NANO 8 kh\u00f4ng ch\u1ec9 m\u1ea1nh m\u1ebd m\u00e0 c\u00f2n \u0111\u01b0\u1ee3c t\u00edch h\u1ee3p nhi\u1ec1u c\u00f4ng ngh\u1ec7 h\u1eefu \u00edch, \u0111\u1ea3m b\u1ea3o s\u1ef1 an to\u00e0n tuy\u1ec7t \u0111\u1ed1i:<\/p>\n<p>C\u1ea3m bi\u1ebfn ch\u1ed1ng tr\u00e0o, t\u1ef1 \u0111\u1ed9ng ng\u1eaft khi qu\u00e1 nhi\u1ec7t, b\u1ea3o v\u1ec7 b\u1ebfp v\u00e0 ng\u01b0\u1eddi d\u00f9ng.<\/p>\n<p>Ch\u1ee9c n\u0103ng s\u00f4i liu riu, gi\u1eef nhi\u1ec7t \u1ed5n \u0111\u1ecbnh cho m\u00f3n \u0103n th\u00eam tr\u00f2n v\u1ecb.<\/p>\n<p>Defrozen \u2013 r\u00e3 \u0111\u00f4ng nhanh, gi\u00fap gi\u1eef nguy\u00ean \u0111\u1ed9 t\u01b0\u01a1i ngon c\u1ee7a th\u1ef1c ph\u1ea9m.<\/p>\n<p>B\u1ea3ng \u0111i\u1ec1u khi\u1ec3n c\u1ea3m \u1ee9ng tr\u01b0\u1ee3t si\u00eau nh\u1ea1y, d\u1ec5 d\u00e0ng thao t\u00e1c ch\u1ec9 v\u1edbi m\u1ed9t ch\u1ea1m.<\/p>\n<p>Kh\u00f3a tr\u1ebb em Child Lock, y\u00ean t\u00e2m khi trong nh\u00e0 c\u00f3 tr\u1ebb nh\u1ecf.<br \/>\n<img decoding=\"async\" src=\"https:\/\/kocher.vn\/pic\/Product\/images\/XNANO%208\/8%402x.jpg\" alt=\"\" \/><\/p>\n<p><strong>B\u1ea2O H\u00c0NH &amp; \u01afU \u0110\u00c3I<\/strong><\/p>\n<p>B\u1ea3o h\u00e0nh 10 n\u0103m m\u1eb7t k\u00ednh X-NANO ch\u00ednh h\u00e3ng, h\u1ed7 tr\u1ee3 s\u1eeda ch\u1eefa t\u1eadn nh\u00e0 tr\u00ean to\u00e0n qu\u1ed1c.<\/p>\n<p>Gi\u1ea3m gi\u00e1 tr\u1ef1c ti\u1ebfp t\u1ea1i c\u00e1c \u0111i\u1ec3m b\u00e1n ch\u00ednh h\u00e3ng, h\u1ed7 tr\u1ee3 v\u1eadn chuy\u1ec3n &amp; l\u1eafp \u0111\u1eb7t t\u1eadn n\u01a1i.<\/p>\n<p>\u0110\u1eb6C BI\u1ec6T: Khi \u0111\u1eb7t mua ngay h\u00f4m nay, b\u1ea1n s\u1ebd nh\u1eadn \u0111\u01b0\u1ee3c nh\u1eefng \u01b0u \u0111\u00e3i c\u1ef1c k\u1ef3 h\u1ea5p d\u1eabn t\u1eeb K\u00f6cher!<br \/>\n<img decoding=\"async\" src=\"https:\/\/kocher.vn\/pic\/Product\/images\/XNANO%208\/5%402x.jpg\" alt=\"\" \/><\/p>\n<p><strong>K\u1ebeT LU\u1eacN: X-NANO 8 \u2013 \u201c\u0110\u1ecaNH CHU\u1ea8N M\u1edaI\u201d TRONG L\u1ef0A CH\u1eccN B\u1ebeP T\u1eea<\/strong><\/p>\n<p>N\u1ebfu b\u1ea1n \u0111ang t\u00ecm ki\u1ebfm m\u1ed9t chi\u1ebfc b\u1ebfp t\u1eeb ch\u1ed1ng x\u01b0\u1edbc, v\u1eadn h\u00e0nh m\u1ea1nh m\u1ebd, an to\u00e0n v\u00e0 thi\u1ebft k\u1ebf hi\u1ec7n \u0111\u1ea1i, th\u00ec X-NANO 8 ch\u00ednh l\u00e0 s\u1ef1 l\u1ef1a ch\u1ecdn l\u00fd t\u01b0\u1edfng cho m\u1ecdi gia \u0111\u00ecnh.<\/p>\n<p>Tr\u1ea3i nghi\u1ec7m ngay h\u00f4m nay \u0111\u1ec3 t\u1eadn h\u01b0\u1edfng s\u1ef1 kh\u00e1c\u00a0 bi\u1ec7t m\u00e0 X-NANO &#8211; \u0110\u1ecbnh chu\u1ea9n m\u1edbi mang l\u1ea1i cho c\u0103n b\u1ebfp hi\u1ec7n \u0111\u1ea1i!<\/p>\n","protected":false},"excerpt":{"rendered":"<p>B\u1ebeP T\u1eea \u0110\u00d4I X-NANO 8 \u2013 GI\u1ea2I PH\u00c1P N\u1ea4U N\u01af\u1edaNG TH\u00d4NG MINH CHO M\u1eccI GIA \u0110\u00ccNH\u00a0 M\u1ed9t chi\u1ebfc b\u1ebfp t\u1eeb ng\u00e0y nay kh\u00f4ng ch\u1ec9 c\u1ea7n n\u1ea5u \u0103n nhanh g\u1ecdn m\u00e0 c\u00f2n ph\u1ea3i k\u1ebft h\u1ee3p gi\u1eefa thi\u1ebft k\u1ebf sang tr\u1ecdng, t\u00ednh n\u0103ng an to\u00e0n v\u00e0 c\u00f4ng ngh\u1ec7 hi\u1ec7n \u0111\u1ea1i. B\u1ebfp t\u1eeb \u0111\u00f4i X-NANO 8 l\u00e0 s\u1ef1&#8230;<\/p>\n","protected":false},"featured_media":6163,"comment_status":"open","ping_status":"closed","template":"","meta":[],"product_brand":[],"product_cat":[15,35],"product_tag":[],"class_list":{"0":"post-6162","1":"product","2":"type-product","3":"status-publish","4":"has-post-thumbnail","6":"product_cat-bep-tu","7":"product_cat-hang-kocher","9":"first","10":"instock","11":"shipping-taxable","12":"product-type-simple"},"_links":{"self":[{"href":"https:\/\/nhadepbepxinh.com.vn\/index.php?rest_route=\/wp\/v2\/product\/6162","targetHints":{"allow":["GET"]}}],"collection":[{"href":"https:\/\/nhadepbepxinh.com.vn\/index.php?rest_route=\/wp\/v2\/product"}],"about":[{"href":"https:\/\/nhadepbepxinh.com.vn\/index.php?rest_route=\/wp\/v2\/types\/product"}],"replies":[{"embeddable":true,"href":"https:\/\/nhadepbepxinh.com.vn\/index.php?rest_route=%2Fwp%2Fv2%2Fcomments&post=6162"}],"wp:featuredmedia":[{"embeddable":true,"href":"https:\/\/nhadepbepxinh.com.vn\/index.php?rest_route=\/wp\/v2\/media\/6163"}],"wp:attachment":[{"href":"https:\/\/nhadepbepxinh.com.vn\/index.php?rest_route=%2Fwp%2Fv2%2Fmedia&parent=6162"}],"wp:term":[{"taxonomy":"product_brand","embeddable":true,"href":"https:\/\/nhadepbepxinh.com.vn\/index.php?rest_route=%2Fwp%2Fv2%2Fproduct_brand&post=6162"},{"taxonomy":"product_cat","embeddable":true,"href":"https:\/\/nhadepbepxinh.com.vn\/index.php?rest_route=%2Fwp%2Fv2%2Fproduct_cat&post=6162"},{"taxonomy":"product_tag","embeddable":true,"href":"https:\/\/nhadepbepxinh.com.vn\/index.php?rest_route=%2Fwp%2Fv2%2Fproduct_tag&post=6162"}],"curies":[{"name":"wp","href":"https:\/\/api.w.org\/{rel}","templated":true}]}}