{"id":6154,"date":"2025-10-16T15:44:43","date_gmt":"2025-10-16T08:44:43","guid":{"rendered":"https:\/\/nhadepbepxinh.com.vn\/?post_type=product&#038;p=6154"},"modified":"2025-10-16T15:44:44","modified_gmt":"2025-10-16T08:44:44","slug":"bep-tu-kocher-x-nano-7","status":"publish","type":"product","link":"https:\/\/nhadepbepxinh.com.vn\/?product=bep-tu-kocher-x-nano-7","title":{"rendered":"B\u1ebeP T\u1eea KOCHER X-NANO 7"},"content":{"rendered":"<div class=\"youtube-iframe-wrap\"><iframe loading=\"lazy\" title=\"YouTube video player\" src=\"https:\/\/www.youtube.com\/embed\/zMgd_ltUWA0\" width=\"560\" height=\"315\" frameborder=\"0\" scrolling=\"no\" allowfullscreen=\"allowfullscreen\" data-mce-fragment=\"1\"><\/iframe><\/div>\n<p><strong>B\u1ebfp t\u1eeb \u0111\u00f4i X-NANO 7 \u2013 Gi\u1ea3i ph\u00e1p n\u1ea5u n\u01b0\u1edbng ti\u1ec7n l\u1ee3i cho c\u0103n b\u1ebfp hi\u1ec7n \u0111\u1ea1i<\/strong><\/p>\n<p>B\u1ea1n \u0111ang t\u00ecm ki\u1ebfm m\u1ed9t chi\u1ebfc b\u1ebfp t\u1eeb v\u1eeba \u0111\u1eb9p m\u1eaft, an to\u00e0n l\u1ea1i b\u1ec1n b\u1ec9 cho gia \u0111\u00ecnh? B\u1ebfp t\u1eeb \u0111\u00f4i X-NANO 7 ch\u00ednh l\u00e0 s\u1ef1 l\u1ef1a ch\u1ecdn l\u00fd t\u01b0\u1edfng v\u1edbi thi\u1ebft k\u1ebf tinh t\u1ebf, c\u00f4ng ngh\u1ec7 ch\u1ed1ng x\u01b0\u1edbc v\u01b0\u1ee3t tr\u1ed9i c\u00f9ng h\u00e0ng lo\u1ea1t t\u00ednh n\u0103ng th\u00f4ng minh gi\u00fap vi\u1ec7c n\u1ea5u n\u01b0\u1edbng tr\u1edf n\u00ean d\u1ec5 d\u00e0ng v\u00e0 ti\u1ebft ki\u1ec7m h\u01a1n bao gi\u1edd h\u1ebft.<br \/>\n<img decoding=\"async\" src=\"https:\/\/kocher.vn\/pic\/Product\/images\/XNANO%207\/1.jpg\" alt=\"\" \/><\/p>\n<p><strong>Thi\u1ebft k\u1ebf sang tr\u1ecdng \u2013 T\u1ed1i \u01b0u t\u1eebng chi ti\u1ebft<\/strong><\/p>\n<p>X-NANO 7 s\u1edf h\u1eefu m\u1eb7t k\u00ednh X-NANO, c\u00f4ng ngh\u1ec7 c\u1ee7a Ph\u00e1p \u0111\u1ed9c quy\u1ec1n v\u1edbi kh\u1ea3 n\u0103ng ch\u1ed1ng tr\u1ea7y x\u01b0\u1edbc g\u1ea5p 5 l\u1ea7n. B\u1ebfp s\u1eed d\u1ee5ng\u00a0 bo vi\u1ec1n tinh x\u1ea3o, mang \u0111\u1ebfn m\u1ed9t di\u1ec7n m\u1ea1o m\u1edbi hi\u1ec7n \u0111\u1ea1i cho c\u0103n b\u1ebfp. Thi\u1ebft k\u1ebf \u00e2m b\u00e0n kh\u00f4ng ch\u1ec9 ti\u1ebft ki\u1ec7m di\u1ec7n t\u00edch m\u00e0 c\u00f2n t\u1ea1o s\u1ef1 g\u1ecdn g\u00e0ng, sang tr\u1ecdng. V\u1edbi k\u1ebft c\u1ea5u m\u1eb7t k\u00ednh b\u1ec1n ch\u1eafc gi\u00fap b\u1ebfp ch\u1ecbu nhi\u1ec7t, ch\u1ecbu l\u1ef1c v\u00e0 va \u0111\u1eadp t\u1ed1t &#8211; \u0111\u1ea3m b\u1ea3o \u0111\u1ed9 b\u1ec1n theo th\u1eddi gian.<\/p>\n<p><strong>Hi\u1ec7u su\u1ea5t n\u1ea5u n\u01b0\u1edbng m\u1ea1nh m\u1ebd<\/strong><\/p>\n<p>B\u1ebfp \u0111\u01b0\u1ee3c trang b\u1ecb hai v\u00f9ng n\u1ea5u \u0111\u1ed9c l\u1eadp v\u1edbi t\u1ed5ng c\u00f4ng su\u1ea5t l\u00ean \u0111\u1ebfn 4000W, gi\u00fap r\u00fat ng\u1eafn th\u1eddi gian ch\u1ebf bi\u1ebfn. Ch\u1ebf \u0111\u1ed9 Booster t\u0103ng nhi\u1ec7t si\u00eau t\u1ed1c cho ph\u00e9p b\u1ea1n \u0111un s\u00f4i n\u01b0\u1edbc ch\u1ec9 trong v\u00e0i ph\u00fat, h\u1ed7 tr\u1ee3 nh\u1eefng b\u1eefa \u0103n nhanh ch\u00f3ng nh\u01b0ng v\u1eabn \u0111\u1ea3m b\u1ea3o h\u01b0\u01a1ng v\u1ecb.<br \/>\n<img decoding=\"async\" src=\"https:\/\/kocher.vn\/pic\/Product\/images\/XNANO%207\/2.jpg\" alt=\"\" \/><\/p>\n<p><strong>C\u00f4ng ngh\u1ec7 an to\u00e0n \u2013 Tho\u1ea3i m\u00e1i s\u1eed d\u1ee5ng<\/strong><\/p>\n<p>X-NANO 7 \u0111\u01b0\u1ee3c t\u00edch h\u1ee3p nhi\u1ec1u t\u00ednh n\u0103ng an to\u00e0n th\u00f4ng minh. \u0110\u01b0\u1ee3c trang b\u1ecb c\u1ea3m bi\u1ebfn ch\u1ed1ng tr\u00e0o v\u00e0 t\u1ef1 \u0111\u1ed9ng ng\u1eaft khi qu\u00e1 nhi\u1ec7t, b\u1ea3o v\u1ec7 t\u1ed1i \u0111a cho ng\u01b0\u1eddi d\u00f9ng. Ch\u1ee9c n\u0103ng kh\u00f3a tr\u1ebb em (Child Lock), ng\u0103n ch\u1eb7n m\u1ecdi s\u1ef1 c\u1ed1 khi tr\u1ebb nh\u1ecf v\u00f4 t\u00ecnh ch\u1ea1m v\u00e0o b\u1ea3ng \u0111i\u1ec1u khi\u1ec3n trong khu v\u1ef1c n\u1ea5u n\u01b0\u1edbng \u1edf gia \u0111\u00ecnh. B\u1ec1 m\u1eb7t ch\u1ed1ng b\u00e1m v\u00e2n tay, d\u1ec5 d\u00e0ng v\u1ec7 sinh d\u1ea7u m\u1ee1 sau khi n\u1ea5u.<\/p>\n<p><strong>T\u00ednh n\u0103ng \u0111\u1eb7c bi\u1ec7t \u2013 N\u1ea5u \u0103n \u0111a d\u1ea1ng<\/strong><\/p>\n<p>B\u1ebfp t\u1eeb \u0111\u00f4i X-NANO 7 \u0111\u01b0\u1ee3c trang b\u1ecb nhi\u1ec1u t\u00ednh n\u0103ng \u0111\u1eb7c bi\u1ec7t gi\u00fap vi\u1ec7c n\u1ea5u n\u01b0\u1edbng tr\u1edf n\u00ean d\u1ec5 d\u00e0ng, \u0111a dang h\u01a1n.<\/p>\n<p>Defrozen: R\u00e3 \u0111\u00f4ng nhanh, gi\u1eef nguy\u00ean \u0111\u1ed9 t\u01b0\u01a1i ngon.<\/p>\n<p>Slow Cook: Ch\u1ebf \u0111\u1ed9 n\u1ea5u ch\u1eadm, gi\u00fap m\u00f3n \u0103n th\u1ea5m v\u1ecb v\u00e0 gi\u1eef tr\u1ecdn dinh d\u01b0\u1ee1ng.<\/p>\n<p>B\u1ea3ng \u0111i\u1ec1u khi\u1ec3n c\u1ea3m \u1ee9ng tr\u01b0\u1ee3t: Nh\u1ea1y b\u00e9n, d\u1ec5 thao t\u00e1c.<\/p>\n<p>H\u1eb9n gi\u1edd linh ho\u1ea1t: Gi\u00fap b\u1ea1n tho\u1ea3i m\u00e1i n\u1ea5u n\u01b0\u1edbng ngay c\u1ea3 khi b\u1eadn r\u1ed9n.<br \/>\n<img decoding=\"async\" src=\"https:\/\/kocher.vn\/pic\/Product\/images\/XNANO%207\/6.jpg\" alt=\"\" \/><\/p>\n<p><strong>B\u1ea2O H\u00c0NH &amp; \u01afU \u0110\u00c3I<\/strong><\/p>\n<p>B\u1ea3o h\u00e0nh 10 n\u0103m m\u1eb7t k\u00ednh X-NANO ch\u00ednh h\u00e3ng, h\u1ed7 tr\u1ee3 s\u1eeda ch\u1eefa t\u1eadn nh\u00e0 tr\u00ean to\u00e0n qu\u1ed1c.<\/p>\n<p>Gi\u1ea3m gi\u00e1 tr\u1ef1c ti\u1ebfp t\u1ea1i c\u00e1c \u0111i\u1ec3m b\u00e1n ch\u00ednh h\u00e3ng, h\u1ed7 tr\u1ee3 v\u1eadn chuy\u1ec3n &amp; l\u1eafp \u0111\u1eb7t t\u1eadn n\u01a1i.<\/p>\n<p>\u0110\u1eb6C BI\u1ec6T: Khi \u0111\u1eb7t mua ngay h\u00f4m nay, b\u1ea1n s\u1ebd nh\u1eadn \u0111\u01b0\u1ee3c nh\u1eefng \u01b0u \u0111\u00e3i c\u1ef1c k\u1ef3 h\u1ea5p d\u1eabn t\u1eeb K\u00f6cher!<br \/>\n<img decoding=\"async\" src=\"https:\/\/kocher.vn\/pic\/Product\/images\/XNANO%207\/5.jpg\" alt=\"\" \/><\/p>\n<p><strong>K\u1ebeT LU\u1eacN: V\u00ec sao n\u00ean ch\u1ecdn b\u1ebfp t\u1eeb \u0111\u00f4i X-NANO 7?<\/strong><\/p>\n<p>B\u1ebfp t\u1eeb X-NANO 7 kh\u00f4ng ch\u1ec9 mang l\u1ea1i tr\u1ea3i nghi\u1ec7m n\u1ea5u \u0103n an to\u00e0n \u2013 ti\u1ec7n l\u1ee3i \u2013 nhanh ch\u00f3ng, m\u00e0 c\u00f2n l\u00e0 l\u1ef1a ch\u1ecdn l\u00fd t\u01b0\u1edfng cho nh\u1eefng gia \u0111\u00ecnh hi\u1ec7n \u0111\u1ea1i \u0111\u1ec1 cao s\u1ef1 b\u1ec1n b\u1ec9 v\u00e0 th\u1ea9m m\u1ef9. \u0110\u00e2y l\u00e0 s\u1ef1 k\u1ebft h\u1ee3p ho\u00e0n h\u1ea3o gi\u1eefa thi\u1ebft k\u1ebf sang tr\u1ecdng v\u00e0 c\u00f4ng ngh\u1ec7 th\u00f4ng minh, h\u1ee9a h\u1eb9n tr\u1edf th\u00e0nh tr\u1ee3 th\u1ee7 \u0111\u1eafc l\u1ef1c trong c\u0103n b\u1ebfp Vi\u1ec7t.<br \/>\n<img decoding=\"async\" src=\"https:\/\/kocher.vn\/pic\/Product\/images\/XNANO%207\/4.jpg\" alt=\"\" \/><\/p>\n","protected":false},"excerpt":{"rendered":"<p>B\u1ebfp t\u1eeb \u0111\u00f4i X-NANO 7 \u2013 Gi\u1ea3i ph\u00e1p n\u1ea5u n\u01b0\u1edbng ti\u1ec7n l\u1ee3i cho c\u0103n b\u1ebfp hi\u1ec7n \u0111\u1ea1i B\u1ea1n \u0111ang t\u00ecm ki\u1ebfm m\u1ed9t chi\u1ebfc b\u1ebfp t\u1eeb v\u1eeba \u0111\u1eb9p m\u1eaft, an to\u00e0n l\u1ea1i b\u1ec1n b\u1ec9 cho gia \u0111\u00ecnh? B\u1ebfp t\u1eeb \u0111\u00f4i X-NANO 7 ch\u00ednh l\u00e0 s\u1ef1 l\u1ef1a ch\u1ecdn l\u00fd t\u01b0\u1edfng v\u1edbi thi\u1ebft k\u1ebf tinh t\u1ebf, c\u00f4ng ngh\u1ec7&#8230;<\/p>\n","protected":false},"featured_media":6155,"comment_status":"open","ping_status":"closed","template":"","meta":[],"product_brand":[],"product_cat":[15,35],"product_tag":[],"class_list":{"0":"post-6154","1":"product","2":"type-product","3":"status-publish","4":"has-post-thumbnail","6":"product_cat-bep-tu","7":"product_cat-hang-kocher","9":"first","10":"instock","11":"shipping-taxable","12":"product-type-simple"},"_links":{"self":[{"href":"https:\/\/nhadepbepxinh.com.vn\/index.php?rest_route=\/wp\/v2\/product\/6154","targetHints":{"allow":["GET"]}}],"collection":[{"href":"https:\/\/nhadepbepxinh.com.vn\/index.php?rest_route=\/wp\/v2\/product"}],"about":[{"href":"https:\/\/nhadepbepxinh.com.vn\/index.php?rest_route=\/wp\/v2\/types\/product"}],"replies":[{"embeddable":true,"href":"https:\/\/nhadepbepxinh.com.vn\/index.php?rest_route=%2Fwp%2Fv2%2Fcomments&post=6154"}],"wp:featuredmedia":[{"embeddable":true,"href":"https:\/\/nhadepbepxinh.com.vn\/index.php?rest_route=\/wp\/v2\/media\/6155"}],"wp:attachment":[{"href":"https:\/\/nhadepbepxinh.com.vn\/index.php?rest_route=%2Fwp%2Fv2%2Fmedia&parent=6154"}],"wp:term":[{"taxonomy":"product_brand","embeddable":true,"href":"https:\/\/nhadepbepxinh.com.vn\/index.php?rest_route=%2Fwp%2Fv2%2Fproduct_brand&post=6154"},{"taxonomy":"product_cat","embeddable":true,"href":"https:\/\/nhadepbepxinh.com.vn\/index.php?rest_route=%2Fwp%2Fv2%2Fproduct_cat&post=6154"},{"taxonomy":"product_tag","embeddable":true,"href":"https:\/\/nhadepbepxinh.com.vn\/index.php?rest_route=%2Fwp%2Fv2%2Fproduct_tag&post=6154"}],"curies":[{"name":"wp","href":"https:\/\/api.w.org\/{rel}","templated":true}]}}