{"id":6139,"date":"2025-10-16T15:40:03","date_gmt":"2025-10-16T08:40:03","guid":{"rendered":"https:\/\/nhadepbepxinh.com.vn\/?post_type=product&#038;p=6139"},"modified":"2025-10-16T15:40:03","modified_gmt":"2025-10-16T08:40:03","slug":"bep-tu-kocher-x-nano-6-plus","status":"publish","type":"product","link":"https:\/\/nhadepbepxinh.com.vn\/?product=bep-tu-kocher-x-nano-6-plus","title":{"rendered":"B\u1ebeP T\u1eea KOCHER X-NANO 6 PLUS"},"content":{"rendered":"<div class=\"youtube-iframe-wrap\"><iframe loading=\"lazy\" title=\"YouTube video player\" src=\"https:\/\/www.youtube.com\/embed\/zMgd_ltUWA0\" width=\"560\" height=\"315\" frameborder=\"0\" scrolling=\"no\" allowfullscreen=\"allowfullscreen\" data-mce-fragment=\"1\"><\/iframe><\/div>\n<p><strong>B\u1ebeP T\u1eea \u0110\u00d4I X-NANO 6 PLUS \u2013 \u0110\u1ecaNH CHU\u1ea8N M\u1edaI C\u1ee6A S\u1ef0 TINH T\u1ebe V\u00c0 TI\u1ec6N NGHI<\/strong><\/p>\n<p>M\u1ed9t c\u0103n b\u1ebfp hi\u1ec7n \u0111\u1ea1i kh\u00f4ng ch\u1ec9 c\u1ea7n thi\u1ebft b\u1ecb n\u1ea5u n\u01b0\u1edbng m\u1ea1nh m\u1ebd, m\u00e0 c\u00f2n ph\u1ea3i to\u00e1t l\u00ean s\u1ef1 sang tr\u1ecdng v\u00e0 an to\u00e0n tuy\u1ec7t \u0111\u1ed1i. V\u1edbi nh\u1eefng gia \u0111\u00ecnh y\u00eau th\u00edch s\u1ef1 tinh g\u1ecdn nh\u01b0ng v\u1eabn \u0111\u00f2i h\u1ecfi t\u00ednh c\u00f4ng ngh\u1ec7 cao, b\u1ebfp t\u1eeb \u0111\u00f4i X-NANO 6 Plus ch\u00ednh l\u00e0 l\u1ef1a ch\u1ecdn l\u00fd t\u01b0\u1edfng. \u0110\u00e2y ch\u00ednh l\u00e0 \u201c\u0111\u1ecbnh chu\u1ea9n m\u1edbi\u201d trong d\u00f2ng b\u1ebfp t\u1eeb ch\u1ed1ng x\u01b0\u1edbc, mang \u0111\u1ebfn s\u1ef1 ti\u1ec7n nghi v\u01b0\u1ee3t tr\u1ed9i v\u00e0 v\u1ebb \u0111\u1eb9p b\u1ec1n v\u1eefng cho kh\u00f4ng gian b\u1ebfp.<br \/>\n<img decoding=\"async\" src=\"https:\/\/kocher.vn\/pic\/Product\/images\/XNANO%206PLUS\/1%20(1).png\" alt=\"\" \/><\/p>\n<p><strong>V\u1eba \u0110\u1eb8P TINH T\u1ebe \u2013 THI\u1ebeT K\u1ebe H\u1ee2P M\u1eccI KH\u00d4NG GIAN<\/strong><\/p>\n<p>X-NANO 6 Plus s\u1edf h\u1eefu ngo\u1ea1i h\u00ecnh hi\u1ec7n \u0111\u1ea1i, g\u1ecdn g\u00e0ng v\u1edbi nh\u1eefng chi ti\u1ebft thi\u1ebft k\u1ebf tinh x\u1ea3o. \u0110\u01b0\u1ee3c trang b\u1ecb m\u1eb7t k\u00ednh X-NANO v\u1edbi c\u00f4ng ngh\u1ec7 \u0111\u1ed9c quy\u1ec1n c\u1ee7a Ph\u00e1p ch\u1ed1ng tr\u1ea7y x\u01b0\u1edbc g\u1ea5p 5 l\u1ea7n, gi\u1eef cho b\u1ebfp lu\u00f4n s\u00e1ng b\u00f3ng nh\u01b0 m\u1edbi. Bo vi\u1ec1n sang tr\u1ecdng t\u0103ng th\u00eam s\u1ef1 ch\u1eafc ch\u1eafn v\u00e0 t\u00ednh th\u1ea9m m\u1ef9 cao. Thi\u1ebft k\u1ebf \u00e2m b\u00e0n hi\u1ec7n \u0111\u1ea1i, t\u1ed1i \u01b0u di\u1ec7n t\u00edch, ph\u00f9 h\u1ee3p v\u1edbi m\u1ecdi kh\u00f4ng gian b\u1ebfp. K\u1ebft c\u1ea5u b\u1ec1n ch\u1eafc, k\u00ednh ch\u1ecbu l\u1ef1c, ch\u1ecbu nhi\u1ec7t, ch\u1ed1ng b\u00e1m v\u00e2n tay v\u00e0 d\u1ec5 d\u00e0ng lau d\u1ea7u m\u1ee1 ch\u1ec9 sau v\u00e0i thao t\u00e1c.<\/p>\n<p><strong>C\u00d4NG SU\u1ea4T M\u1ea0NH M\u1ebc \u2013 LINH HO\u1ea0T TRONG N\u1ea4U N\u01af\u1edaNG<\/strong><\/p>\n<p>V\u1edbi t\u1ed5ng c\u00f4ng su\u1ea5t 4000W v\u00e0 2 v\u00f9ng n\u1ea5u \u0111\u1ed9c l\u1eadp, b\u1ebfp t\u1eeb X-NANO 6 Plus cho ph\u00e9p b\u1ea1n n\u1ea5u nhi\u1ec1u m\u00f3n \u0103n c\u00f9ng l\u00fac m\u00e0 v\u1eabn \u0111\u1ea3m b\u1ea3o ch\u1ea5t l\u01b0\u1ee3ng. Ch\u1ebf \u0111\u1ed9 Booster t\u0103ng nhi\u1ec7t si\u00eau t\u1ed1c, r\u00fat ng\u1eafn th\u1eddi gian \u0111un s\u00f4i, ti\u1ebft ki\u1ec7m \u0111i\u1ec7n n\u0103ng. C\u00f4ng su\u1ea5t \u1ed5n \u0111\u1ecbnh, v\u1eadn h\u00e0nh si\u00eau \u00eam \u00e1i kh\u00f4ng g\u00e2y ti\u1ebfng \u1ed3n kh\u00f3 ch\u1ecbu. H\u1eb9n gi\u1edd linh ho\u1ea1t gi\u00fap b\u1ea1n ki\u1ec3m so\u00e1t th\u1eddi gian n\u1ea5u n\u01b0\u1edbng d\u1ec5 d\u00e0ng.<br \/>\n<img decoding=\"async\" src=\"https:\/\/kocher.vn\/pic\/Product\/images\/XNANO%206PLUS\/2.png\" alt=\"\" \/><\/p>\n<p><strong>T\u00cdNH N\u0102NG TH\u00d4NG MINH \u2013 AN TO\u00c0N TUY\u1ec6T \u0110\u1ed0I<\/strong><\/p>\n<p>X-NANO 6 Plus \u0111\u01b0\u1ee3c trang b\u1ecb t\u00edch h\u1ee3p h\u00e0ng lo\u1ea1t c\u00f4ng ngh\u1ec7 ti\u00ean ti\u1ebfn, mang \u0111\u1ebfn s\u1ef1 an t\u00e2m khi s\u1eed d\u1ee5ng:<\/p>\n<p>C\u1ea3m bi\u1ebfn ch\u1ed1ng tr\u00e0o &amp; t\u1ef1 \u0111\u1ed9ng ng\u1eaft khi qu\u00e1 nhi\u1ec7t: b\u1ea3o v\u1ec7 an to\u00e0n tuy\u1ec7t \u0111\u1ed1i.<\/p>\n<p>Kh\u00f3a tr\u1ebb em Child Lock: tr\u00e1nh t\u00ecnh tr\u1ea1ng v\u00f4 t\u00ecnh ch\u1ea1m v\u00e0o b\u1ea3ng \u0111i\u1ec1u khi\u1ec3n.<\/p>\n<p>B\u1ea3ng \u0111i\u1ec1u khi\u1ec3n c\u1ea3m \u1ee9ng tr\u01b0\u1ee3t nh\u1ea1y b\u00e9n: thao t\u00e1c m\u01b0\u1ee3t m\u00e0, ch\u00ednh x\u00e1c.<\/p>\n<p>Ch\u1ee9c n\u0103ng Defrozen r\u00e3 \u0111\u00f4ng nhanh: gi\u1eef tr\u1ecdn \u0111\u1ed9 t\u01b0\u01a1i ngon th\u1ef1c ph\u1ea9m.<\/p>\n<p>Ch\u1ebf \u0111\u1ed9 Chi\u00ean\/R\u00e1n Fry: duy tr\u00ec nhi\u1ec7t \u0111\u1ed9 \u1ed5n \u0111\u1ecbnh, cho m\u00f3n \u0103n v\u00e0ng gi\u00f2n h\u1ea5p d\u1eabn.<br \/>\n<img decoding=\"async\" src=\"https:\/\/kocher.vn\/pic\/Product\/images\/XNANO%206PLUS\/3.png\" alt=\"\" \/><\/p>\n<p><strong>B\u1ea2O H\u00c0NH &amp; \u01afU \u0110\u00c3I<\/strong><\/p>\n<p>B\u1ea3o h\u00e0nh 10 n\u0103m m\u1eb7t k\u00ednh X-NANO ch\u00ednh h\u00e3ng, h\u1ed7 tr\u1ee3 s\u1eeda ch\u1eefa t\u1eadn nh\u00e0 tr\u00ean to\u00e0n qu\u1ed1c.<\/p>\n<p>Gi\u1ea3m gi\u00e1 tr\u1ef1c ti\u1ebfp t\u1ea1i c\u00e1c \u0111i\u1ec3m b\u00e1n ch\u00ednh h\u00e3ng, h\u1ed7 tr\u1ee3 v\u1eadn chuy\u1ec3n &amp; l\u1eafp \u0111\u1eb7t t\u1eadn n\u01a1i.<\/p>\n<p>\u0110\u1eb6C BI\u1ec6T: Khi \u0111\u1eb7t mua ngay h\u00f4m nay, b\u1ea1n s\u1ebd nh\u1eadn \u0111\u01b0\u1ee3c nh\u1eefng \u01b0u \u0111\u00e3i c\u1ef1c k\u1ef3 h\u1ea5p d\u1eabn t\u1eeb K\u00f6cher!<br \/>\n<img decoding=\"async\" src=\"https:\/\/kocher.vn\/pic\/Product\/images\/XNANO%206PLUS\/5.png\" alt=\"\" \/><\/p>\n<p><strong>K\u1ebeT LU\u1eacN: X-NANO 6 PLUS \u2013 \u0110\u1ecaNH CHU\u1ea8N M\u1edaI TRONG D\u00d2NG B\u1ebeP T\u1eea HI\u1ec6N \u0110\u1ea0I<br \/>\n<img decoding=\"async\" src=\"https:\/\/kocher.vn\/pic\/Product\/images\/XNANO%206PLUS\/4.png\" alt=\"\" \/><\/strong><\/p>\n<p>N\u1ebfu b\u1ea1n mong mu\u1ed1n s\u1edf h\u1eefu m\u1ed9t chi\u1ebfc b\u1ebfp t\u1eeb ch\u1ed1ng x\u01b0\u1edbc c\u00f3 thi\u1ebft k\u1ebf g\u1ecdn g\u00e0ng, c\u00f4ng su\u1ea5t m\u1ea1nh m\u1ebd, c\u00f9ng \u0111\u1ea7y \u0111\u1ee7 t\u00ednh n\u0103ng an to\u00e0n v\u00e0 th\u00f4ng minh, th\u00ec X-NANO 6 Plus ch\u00ednh l\u00e0 l\u1ef1a ch\u1ecdn x\u1ee9ng \u0111\u00e1ng.<\/p>\n<p>H\u00e3y tr\u1ea3i nghi\u1ec7m ngay h\u00f4m nay \u0111\u1ec3 c\u1ea3m nh\u1eadn s\u1ef1 kh\u00e1c bi\u1ec7t m\u00e0 X-NANO &#8211; \u0110\u1ecbnh chu\u1ea9n m\u1edbi mang \u0111\u1ebfn cho c\u0103n b\u1ebfp c\u1ee7a b\u1ea1n!<\/p>\n","protected":false},"excerpt":{"rendered":"<p>B\u1ebeP T\u1eea \u0110\u00d4I X-NANO 6 PLUS \u2013 \u0110\u1ecaNH CHU\u1ea8N M\u1edaI C\u1ee6A S\u1ef0 TINH T\u1ebe V\u00c0 TI\u1ec6N NGHI M\u1ed9t c\u0103n b\u1ebfp hi\u1ec7n \u0111\u1ea1i kh\u00f4ng ch\u1ec9 c\u1ea7n thi\u1ebft b\u1ecb n\u1ea5u n\u01b0\u1edbng m\u1ea1nh m\u1ebd, m\u00e0 c\u00f2n ph\u1ea3i to\u00e1t l\u00ean s\u1ef1 sang tr\u1ecdng v\u00e0 an to\u00e0n tuy\u1ec7t \u0111\u1ed1i. V\u1edbi nh\u1eefng gia \u0111\u00ecnh y\u00eau th\u00edch s\u1ef1 tinh g\u1ecdn nh\u01b0ng v\u1eabn&#8230;<\/p>\n","protected":false},"featured_media":6140,"comment_status":"open","ping_status":"closed","template":"","meta":[],"product_brand":[],"product_cat":[15,35],"product_tag":[],"class_list":{"0":"post-6139","1":"product","2":"type-product","3":"status-publish","4":"has-post-thumbnail","6":"product_cat-bep-tu","7":"product_cat-hang-kocher","9":"first","10":"instock","11":"shipping-taxable","12":"product-type-simple"},"_links":{"self":[{"href":"https:\/\/nhadepbepxinh.com.vn\/index.php?rest_route=\/wp\/v2\/product\/6139","targetHints":{"allow":["GET"]}}],"collection":[{"href":"https:\/\/nhadepbepxinh.com.vn\/index.php?rest_route=\/wp\/v2\/product"}],"about":[{"href":"https:\/\/nhadepbepxinh.com.vn\/index.php?rest_route=\/wp\/v2\/types\/product"}],"replies":[{"embeddable":true,"href":"https:\/\/nhadepbepxinh.com.vn\/index.php?rest_route=%2Fwp%2Fv2%2Fcomments&post=6139"}],"wp:featuredmedia":[{"embeddable":true,"href":"https:\/\/nhadepbepxinh.com.vn\/index.php?rest_route=\/wp\/v2\/media\/6140"}],"wp:attachment":[{"href":"https:\/\/nhadepbepxinh.com.vn\/index.php?rest_route=%2Fwp%2Fv2%2Fmedia&parent=6139"}],"wp:term":[{"taxonomy":"product_brand","embeddable":true,"href":"https:\/\/nhadepbepxinh.com.vn\/index.php?rest_route=%2Fwp%2Fv2%2Fproduct_brand&post=6139"},{"taxonomy":"product_cat","embeddable":true,"href":"https:\/\/nhadepbepxinh.com.vn\/index.php?rest_route=%2Fwp%2Fv2%2Fproduct_cat&post=6139"},{"taxonomy":"product_tag","embeddable":true,"href":"https:\/\/nhadepbepxinh.com.vn\/index.php?rest_route=%2Fwp%2Fv2%2Fproduct_tag&post=6139"}],"curies":[{"name":"wp","href":"https:\/\/api.w.org\/{rel}","templated":true}]}}