{"id":6118,"date":"2025-10-16T15:35:38","date_gmt":"2025-10-16T08:35:38","guid":{"rendered":"https:\/\/nhadepbepxinh.com.vn\/?post_type=product&#038;p=6118"},"modified":"2025-10-16T15:35:39","modified_gmt":"2025-10-16T08:35:39","slug":"bep-tu-kocher-x-nano-6","status":"publish","type":"product","link":"https:\/\/nhadepbepxinh.com.vn\/?product=bep-tu-kocher-x-nano-6","title":{"rendered":"B\u1ebeP T\u1eea KOCHER X-NANO 6"},"content":{"rendered":"<div class=\"youtube-iframe-wrap\"><iframe loading=\"lazy\" title=\"YouTube video player\" src=\"https:\/\/www.youtube.com\/embed\/zMgd_ltUWA0\" width=\"560\" height=\"315\" frameborder=\"0\" scrolling=\"no\" allowfullscreen=\"allowfullscreen\" data-mce-fragment=\"1\"><\/iframe><\/div>\n<p><strong>B\u1ebeP T\u1eea \u0110\u00d4I X-NANO 6 \u2013 \u0110\u1ecaNH CHU\u1ea8N M\u1edaI CHO KH\u00d4NG GIAN B\u1ebeP HI\u1ec6N \u0110\u1ea0I<\/strong><\/p>\n<p>M\u1ed9t gian b\u1ebfp ti\u1ec7n nghi kh\u00f4ng ch\u1ec9 c\u1ea7n nh\u1eefng m\u00f3n \u0103n ngon, m\u00e0 c\u00f2n c\u1ea7n m\u1ed9t thi\u1ebft b\u1ecb n\u1ea5u n\u01b0\u1edbng v\u1eeba m\u1ea1nh m\u1ebd v\u1eeba an to\u00e0n. B\u1ebfp t\u1eeb \u0111\u00f4i X-NANO 6 \u0111\u01b0\u1ee3c thi\u1ebft k\u1ebf d\u00e0nh ri\u00eang cho nh\u1eefng gia \u0111\u00ecnh y\u00eau th\u00edch s\u1ef1 g\u1ecdn g\u00e0ng nh\u01b0ng v\u1eabn \u0111\u1ec1 cao c\u00f4ng ngh\u1ec7 v\u00e0 s\u1ef1 b\u1ec1n b\u1ec9. \u0110\u00e2y ch\u00ednh l\u00e0 l\u1ef1a ch\u1ecdn ho\u00e0n h\u1ea3o \u0111\u1ec3 n\u00e2ng t\u1ea7m kh\u00f4ng gian s\u1ed1ng, kh\u1eb3ng \u0111\u1ecbnh v\u1ecb th\u1ebf c\u1ee7a \u201c\u0111\u1ecbnh chu\u1ea9n m\u1edbi\u201d trong d\u00f2ng b\u1ebfp t\u1eeb ch\u1ed1ng x\u01b0\u1edbc hi\u1ec7n nay.<br \/>\n<img decoding=\"async\" src=\"https:\/\/kocher.vn\/pic\/Product\/images\/XNANO%206\/6(1).png\" alt=\"\" \/><\/p>\n<p><strong>THI\u1ebeT K\u1ebe HI\u1ec6N \u0110\u1ea0I \u2013 TINH G\u1eccN CHO M\u1eccI C\u0102N B\u1ebeP<\/strong><\/p>\n<p>X-NANO 6 s\u1edf h\u1eefu ki\u1ec3u d\u00e1ng t\u1ed1i gi\u1ea3n m\u00e0 sang tr\u1ecdng, ph\u00f9 h\u1ee3p v\u1edbi nhi\u1ec1u phong c\u00e1ch n\u1ed9i th\u1ea5t. S\u1eed d\u1ee5ng m\u1eb7t k\u00ednh X-NANO c\u00f4ng ngh\u1ec7 Ph\u00e1p \u0111\u1ed9c quy\u1ec1n v\u1edbi kh\u1ea3 n\u0103ng ch\u1ed1ng tr\u1ea7y x\u01b0\u1edbc g\u1ea5p 5 l\u1ea7n, b\u1ec1 m\u1eb7t lu\u00f4n s\u00e1ng \u0111\u1eb9p nh\u01b0 m\u1edbi. Bo vi\u1ec1n tinh x\u1ea3o ch\u1eafc ch\u1eafn, t\u0103ng t\u00ednh th\u1ea9m m\u1ef9 v\u00e0 \u0111\u1ed9 b\u1ec1n. Thi\u1ebft k\u1ebf \u00e2m b\u1ea3n hi\u1ec7n \u0111\u1ea1i, t\u1ed1i \u01b0u di\u1ec7n t\u00edch, mang l\u1ea1i s\u1ef1 g\u1ecdn g\u00e0ng cho kh\u00f4ng gian b\u1ebfp. M\u1eb7t k\u00ednh X-NANO ch\u1ecbu l\u1ef1c, ch\u1ecbu nhi\u1ec7t, ch\u1ed1ng b\u00e1m v\u00e2n tay, d\u1ec5 lau ch\u00f9i d\u1ea7u m\u1ee1, gi\u1eef cho b\u1ebfp lu\u00f4n s\u1ea1ch s\u1ebd sau m\u1ed7i l\u1ea7n n\u1ea5u.<br \/>\n<img decoding=\"async\" src=\"https:\/\/kocher.vn\/pic\/Product\/images\/XNANO%206\/5.png\" alt=\"\" \/><\/p>\n<p><strong>HI\u1ec6U N\u0102NG M\u1ea0NH M\u1ebc \u2013 LINH HO\u1ea0T TRONG CH\u1ebe BI\u1ebeN<\/strong><\/p>\n<p>V\u1edbi t\u1ed5ng c\u00f4ng su\u1ea5t 4000W c\u00f9ng 2 v\u00f9ng n\u1ea5u \u0111\u1ed9c l\u1eadp, X-NANO 6 mang \u0111\u1ebfn tr\u1ea3i nghi\u1ec7m n\u1ea5u \u0103n ti\u1ec7n l\u1ee3i, nhanh ch\u00f3ng v\u00e0 ti\u1ebft ki\u1ec7m. Ch\u1ebf \u0111\u1ed9 Booster t\u0103ng nhi\u1ec7t si\u00eau t\u1ed1c, \u0111un s\u00f4i trong th\u1eddi gian ng\u1eafn, ti\u1ebft ki\u1ec7m \u0111i\u1ec7n n\u0103ng. H\u1eb9n gi\u1edd linh ho\u1ea1t, ch\u1ee7 \u0111\u1ed9ng ki\u1ec3m so\u00e1t qu\u00e1 tr\u00ecnh n\u1ea5u. C\u00f4ng su\u1ea5t \u1ed5n \u0111\u1ecbnh, v\u1eadn h\u00e0nh \u00eam \u00e1i kh\u00f4ng g\u00e2y ti\u1ebfng \u1ed3n, tho\u1ea3i m\u00e1i khi s\u1eed d\u1ee5ng.<br \/>\n<img decoding=\"async\" src=\"https:\/\/kocher.vn\/pic\/Product\/images\/XNANO%206\/4.png\" alt=\"\" \/><\/p>\n<p><strong>T\u00cdNH N\u0102NG AN TO\u00c0N \u2013 TI\u1ec6N \u00cdCH V\u01af\u1ee2T TR\u1ed8I<\/strong><\/p>\n<p>B\u1ebfp t\u1eeb \u0111\u00f4i X-NANO 6 t\u00edch h\u1ee3p nh\u1eefng c\u00f4ng ngh\u1ec7 an to\u00e0n v\u00e0 th\u00f4ng minh gi\u00fap ng\u01b0\u1eddi d\u00f9ng y\u00ean t\u00e2m h\u01a1n khi s\u1eed d\u1ee5ng:<\/p>\n<p>C\u1ea3m bi\u1ebfn ch\u1ed1ng tr\u00e0o &amp; t\u1ef1 \u0111\u1ed9ng ng\u1eaft khi qu\u00e1 nhi\u1ec7t: b\u1ea3o v\u1ec7 t\u1ed1i \u0111a cho c\u1ea3 ng\u01b0\u1eddi d\u00f9ng v\u00e0 thi\u1ebft b\u1ecb.<\/p>\n<p>Kh\u00f3a tr\u1ebb em Child Lock: ng\u0103n tr\u1ebb nh\u1ecf ngh\u1ecbch b\u1ea3ng \u0111i\u1ec1u khi\u1ec3n.<\/p>\n<p>B\u1ea3ng \u0111i\u1ec1u khi\u1ec3n c\u1ea3m \u1ee9ng tr\u01b0\u1ee3t nh\u1ea1y b\u00e9n: thao t\u00e1c m\u01b0\u1ee3t, d\u1ec5 \u0111i\u1ec1u ch\u1ec9nh c\u00f4ng su\u1ea5t.<\/p>\n<p>Ch\u1ee9c n\u0103ng Defrozen r\u00e3 \u0111\u00f4ng nhanh: gi\u1eef nguy\u00ean \u0111\u1ed9 t\u01b0\u01a1i ngon c\u1ee7a th\u1ef1c ph\u1ea9m.<br \/>\n<img decoding=\"async\" src=\"https:\/\/kocher.vn\/pic\/Product\/images\/XNANO%206\/3.png\" alt=\"\" \/><\/p>\n<p><strong>B\u1ea2O H\u00c0NH &amp; \u01afU \u0110\u00c3I<\/strong><\/p>\n<p>B\u1ea3o h\u00e0nh 10 n\u0103m m\u1eb7t k\u00ednh X-NANO ch\u00ednh h\u00e3ng, h\u1ed7 tr\u1ee3 b\u1ea3o tr\u00ec t\u1ea1i nh\u00e0 to\u00e0n qu\u1ed1c.<\/p>\n<p>\u01afu \u0111\u00e3i h\u1ea5p d\u1eabn khi mua t\u1ea1i \u0111i\u1ec3m b\u00e1n ch\u00ednh h\u00e3ng: mi\u1ec5n ph\u00ed l\u1eafp \u0111\u1eb7t &amp; v\u1eadn chuy\u1ec3n t\u1eadn n\u01a1i.<\/p>\n<p>Khuy\u1ebfn m\u00e3i \u0111\u1eb7c bi\u1ec7t: \u0111\u1eb7t h\u00e0ng ngay h\u00f4m nay \u0111\u1ec3 nh\u1eadn ngay \u01b0u \u0111\u00e3i gi\u1edbi h\u1ea1n t\u1eeb K\u00f6cher!<br \/>\n<img decoding=\"async\" src=\"https:\/\/kocher.vn\/pic\/Product\/images\/XNANO%206\/2.png\" alt=\"\" \/><\/p>\n<p><strong>K\u1ebeT LU\u1eacN: X-NANO 6 \u2013 \u0110\u1ecaNH CHU\u1ea8N M\u1edaI CHO C\u0102N B\u1ebeP VI\u1ec6T<\/strong><\/p>\n<p>N\u1ebfu b\u1ea1n \u0111ang t\u00ecm ki\u1ebfm m\u1ed9t b\u1ebfp t\u1eeb ch\u1ed1ng x\u01b0\u1edbc c\u00f3 thi\u1ebft k\u1ebf g\u1ecdn g\u00e0ng, c\u00f4ng su\u1ea5t m\u1ea1nh m\u1ebd v\u00e0 lo\u1ea1t t\u00ednh n\u0103ng th\u00f4ng minh \u0111\u1ea3m b\u1ea3o an to\u00e0n tuy\u1ec7t \u0111\u1ed1i, th\u00ec X-NANO 6 ch\u00ednh l\u00e0 s\u1ea3n ph\u1ea9m d\u00e0nh cho b\u1ea1n.<\/p>\n<p>H\u00e3y s\u1edf h\u1eefu ngay h\u00f4m nay \u0111\u1ec3 c\u1ea3m nh\u1eadn s\u1ef1 kh\u00e1c bi\u1ec7t m\u00e0 X-NANO \u2013 \u0110\u1ecbnh chu\u1ea9n m\u1edbi mang \u0111\u1ebfn cho c\u0103n b\u1ebfp c\u1ee7a gia \u0111\u00ecnh b\u1ea1n!<\/p>\n","protected":false},"excerpt":{"rendered":"<p>B\u1ebeP T\u1eea \u0110\u00d4I X-NANO 6 \u2013 \u0110\u1ecaNH CHU\u1ea8N M\u1edaI CHO KH\u00d4NG GIAN B\u1ebeP HI\u1ec6N \u0110\u1ea0I M\u1ed9t gian b\u1ebfp ti\u1ec7n nghi kh\u00f4ng ch\u1ec9 c\u1ea7n nh\u1eefng m\u00f3n \u0103n ngon, m\u00e0 c\u00f2n c\u1ea7n m\u1ed9t thi\u1ebft b\u1ecb n\u1ea5u n\u01b0\u1edbng v\u1eeba m\u1ea1nh m\u1ebd v\u1eeba an to\u00e0n. B\u1ebfp t\u1eeb \u0111\u00f4i X-NANO 6 \u0111\u01b0\u1ee3c thi\u1ebft k\u1ebf d\u00e0nh ri\u00eang cho nh\u1eefng gia \u0111\u00ecnh&#8230;<\/p>\n","protected":false},"featured_media":6119,"comment_status":"open","ping_status":"closed","template":"","meta":[],"product_brand":[],"product_cat":[15,35],"product_tag":[],"class_list":{"0":"post-6118","1":"product","2":"type-product","3":"status-publish","4":"has-post-thumbnail","6":"product_cat-bep-tu","7":"product_cat-hang-kocher","9":"first","10":"instock","11":"shipping-taxable","12":"product-type-simple"},"_links":{"self":[{"href":"https:\/\/nhadepbepxinh.com.vn\/index.php?rest_route=\/wp\/v2\/product\/6118","targetHints":{"allow":["GET"]}}],"collection":[{"href":"https:\/\/nhadepbepxinh.com.vn\/index.php?rest_route=\/wp\/v2\/product"}],"about":[{"href":"https:\/\/nhadepbepxinh.com.vn\/index.php?rest_route=\/wp\/v2\/types\/product"}],"replies":[{"embeddable":true,"href":"https:\/\/nhadepbepxinh.com.vn\/index.php?rest_route=%2Fwp%2Fv2%2Fcomments&post=6118"}],"wp:featuredmedia":[{"embeddable":true,"href":"https:\/\/nhadepbepxinh.com.vn\/index.php?rest_route=\/wp\/v2\/media\/6119"}],"wp:attachment":[{"href":"https:\/\/nhadepbepxinh.com.vn\/index.php?rest_route=%2Fwp%2Fv2%2Fmedia&parent=6118"}],"wp:term":[{"taxonomy":"product_brand","embeddable":true,"href":"https:\/\/nhadepbepxinh.com.vn\/index.php?rest_route=%2Fwp%2Fv2%2Fproduct_brand&post=6118"},{"taxonomy":"product_cat","embeddable":true,"href":"https:\/\/nhadepbepxinh.com.vn\/index.php?rest_route=%2Fwp%2Fv2%2Fproduct_cat&post=6118"},{"taxonomy":"product_tag","embeddable":true,"href":"https:\/\/nhadepbepxinh.com.vn\/index.php?rest_route=%2Fwp%2Fv2%2Fproduct_tag&post=6118"}],"curies":[{"name":"wp","href":"https:\/\/api.w.org\/{rel}","templated":true}]}}