{"id":6090,"date":"2025-09-23T17:27:06","date_gmt":"2025-09-23T10:27:06","guid":{"rendered":"https:\/\/nhadepbepxinh.com.vn\/?post_type=product&#038;p=6090"},"modified":"2025-09-23T17:27:07","modified_gmt":"2025-09-23T10:27:07","slug":"may-rua-bat-kocher-x16b","status":"publish","type":"product","link":"https:\/\/nhadepbepxinh.com.vn\/?product=may-rua-bat-kocher-x16b","title":{"rendered":"M\u00e1y r\u1eeda b\u00e1t K\u00f6cher X16B"},"content":{"rendered":"<div class=\"youtube-iframe-wrap\"><iframe loading=\"lazy\" title=\"Kh\u00e1m ph\u00e1 m\u1eabu b\u1ebfp t\u1eeb \u0111\u00f4i \u0111un n\u1ea5u nhanh, ti\u1ebft ki\u1ec7m \u0111i\u1ec7n #thietbinhabep #beptu #kocher\" src=\"https:\/\/www.youtube.com\/embed\/E5rQGnof3sY\" width=\"350\" height=\"623\" frameborder=\"0\" scrolling=\"no\" allowfullscreen=\"allowfullscreen\" data-mce-fragment=\"1\"><\/iframe><\/div>\n<p><strong>M\u00e1y R\u1eeda B\u00e1t K\u00f6cher X16B: Gi\u1ea3i Ph\u00e1p &#8220;3 Trong 1&#8221; \u0110\u1ec9nh Cao \u2013 N\u01a1i C\u00f4ng Ngh\u1ec7 Giao Thoa S\u1ef1 Ti\u1ec7n Nghi \u0110\u1ed9t Ph\u00e1<\/strong><\/p>\n<p>B\u1ea1n c\u00f3 \u0111ang t\u00ecm ki\u1ebfm m\u1ed9t &#8220;tr\u1ee3 th\u1ee7&#8221; \u0111\u1eafc l\u1ef1c cho gian b\u1ebfp hi\u1ec7n \u0111\u1ea1i, v\u01b0\u1ee3t xa m\u1ed9t chi\u1ebfc m\u00e1y r\u1eeda b\u00e1t gia \u0111\u00ecnh th\u00f4ng th\u01b0\u1eddng? M\u1ed9t thi\u1ebft b\u1ecb kh\u00f4ng ch\u1ec9 l\u00e0m s\u1ea1ch m\u00e0 c\u00f2n ki\u00eam nhi\u1ec7m xu\u1ea5t s\u1eafc vai tr\u00f2 c\u1ee7a m\u00e1y s\u1ea5y b\u00e1t \u0111\u00fang ngh\u0129a v\u00e0 trung t\u00e2m ti\u1ec7t tr\u00f9ng \u0111\u00e1ng tin c\u1eady cho m\u1ecdi v\u1eadt d\u1ee5ng, \u0111\u1eb7c bi\u1ec7t l\u00e0 \u0111\u1ed3 d\u00f9ng c\u1ee7a tr\u1ebb nh\u1ecf? N\u1ebfu nh\u1eefng b\u0103n kho\u0103n v\u1ec1 b\u00e1t \u0111\u0129a \u1ea9m m\u1ed1c, thi\u1ebfu kh\u00f4ng gian ti\u1ec7t khu\u1ea9n hay s\u1ef1 m\u1ec7t m\u1ecfi khi r\u1eeda ch\u00e9n th\u1ee7 c\u00f4ng v\u1eabn c\u00f2n \u0111\u00f3, th\u00ec K\u00f6cher X16B ch\u00ednh l\u00e0 c\u00e2u tr\u1ea3 l\u1eddi mang t\u00ednh c\u00e1ch m\u1ea1ng.<br \/>\n<img decoding=\"async\" src=\"https:\/\/kocher.vn\/pic\/Product\/images\/MRB%20X16B%20(test)\/a.png\" alt=\"\" \/><\/p>\n<p>Ch\u00e0o \u0111\u00f3n M\u00e1y r\u1eeda b\u00e1t K\u00f6cher X16B \u2013 th\u00e0nh vi\u00ean m\u1edbi nh\u1ea5t trong Series X c\u1ee7a K\u00f6cher. X16B t\u1ef1 h\u00e0o \u0111\u1ecbnh h\u00ecnh l\u1ea1i ti\u00eau chu\u1ea9n ti\u1ec7n nghi b\u1ebfp n\u00fac v\u1edbi b\u1ed9 ba l\u1ee3i \u00edch c\u1ed1t l\u00f5i: kh\u1ea3 n\u0103ng s\u1ea5y \u0111\u1ed9c l\u1eadp ho\u00e0n h\u1ea3o, c\u00f4ng ngh\u1ec7 U.V Light ti\u00ean ti\u1ebfn v\u00e0 t\u00ednh n\u0103ng l\u01b0u tr\u1eef b\u00e1t \u0111\u0129a 7 ng\u00e0y kh\u00f4ng \u1ea9m m\u1ed1c. \u0110\u00e2y kh\u00f4ng ch\u1ec9 l\u00e0 m\u1ed9t chi\u1ebfc m\u00e1y r\u1eeda b\u00e1t, m\u00e0 l\u00e0 gi\u1ea3i ph\u00e1p 3 trong 1 to\u00e0n di\u1ec7n, mang \u0111\u1ebfn s\u1ef1 an t\u00e2m v\u00e0 hi\u1ec7u qu\u1ea3 v\u01b0\u1ee3t tr\u1ed9i cho m\u1ecdi gia \u0111\u00ecnh.<\/p>\n<p><strong>1. K\u00f6cher X16B: Ti\u1ec7n \u00cdch \u0110\u1ed9t Ph\u00e1 M\u1edf Ra Cu\u1ed9c S\u1ed1ng Th\u1ea3nh Th\u01a1i<\/strong><\/p>\n<p>K\u00f6cher X16B \u0111\u01b0\u1ee3c thi\u1ebft k\u1ebf \u0111\u1ec3 v\u01b0\u1ee3t qua m\u1ecdi k\u1ef3 v\u1ecdng, mang \u0111\u1ebfn nh\u1eefng t\u00ednh n\u0103ng ch\u01b0a t\u1eebng c\u00f3 gi\u00fap \u0111\u01a1n gi\u1ea3n h\u00f3a vi\u1ec7c n\u1ed9i tr\u1ee3 v\u00e0 n\u00e2ng cao ch\u1ea5t l\u01b0\u1ee3ng cu\u1ed9c s\u1ed1ng.<\/p>\n<p><strong>T\u1ed1i \u01afu H\u00f3a Kh\u1ea3 N\u0103ng S\u1ea5y V\u1edbi Ch\u1ebf \u0110\u1ed9 K\u00edch Ho\u1ea1t \u0110\u1ed9c L\u1eadp<\/strong><\/p>\n<p>Qu\u00ean \u0111i n\u1ed7i lo b\u00e1t \u0111\u0129a c\u00f2n \u1ea9m \u01b0\u1edbt! M\u00e1y r\u1eeda b\u00e1t K\u00f6cher X16B trang b\u1ecb c\u00f4ng ngh\u1ec7 s\u1ea5y kh\u00ed n\u00f3ng m\u1ea1nh m\u1ebd, \u0111\u1ea3m b\u1ea3o t\u1eebng v\u1eadt d\u1ee5ng lu\u00f4n kh\u00f4 r\u00e1o ho\u00e0n h\u1ea3o. \u0110\u1eb7c bi\u1ec7t, ch\u1ebf \u0111\u1ed9 s\u1ea5y \u0111\u1ed9c l\u1eadp cho ph\u00e9p b\u1ea1n linh ho\u1ea1t s\u1ea5y kh\u00f4 ri\u00eang bi\u1ec7t b\u1ea5t c\u1ee9 khi n\u00e0o c\u1ea7n, kh\u00f4ng ph\u1ee5 thu\u1ed9c v\u00e0o chu tr\u00ecnh r\u1eeda. \u0110\u00e2y l\u00e0 m\u1ed9t \u0111i\u1ec3m c\u1ed9ng l\u1edbn, mang l\u1ea1i s\u1ef1 ti\u1ec7n l\u1ee3i t\u1ed1i \u0111a cho gia \u0111\u00ecnh b\u1eadn r\u1ed9n.<\/p>\n<p><strong>C\u00f4ng Ngh\u1ec7 U.V Light: L\u00e1 Ch\u1eafn B\u1ea3o V\u1ec7 S\u1ee9c Kh\u1ecfe<\/strong><\/p>\n<p>An to\u00e0n v\u1ec7 sinh l\u00e0 \u01b0u ti\u00ean h\u00e0ng \u0111\u1ea7u, \u0111\u1eb7c bi\u1ec7t v\u1edbi tr\u1ebb nh\u1ecf. K\u00f6cher X16B ti\u00ean phong v\u1edbi c\u00f4ng ngh\u1ec7 U.V Light, cho ph\u00e9p b\u1ea1n ch\u1ee7 \u0111\u1ed9ng ti\u1ec7t tr\u00f9ng v\u1eadt d\u1ee5ng b\u1eb1ng tia U.V m\u1ea1nh m\u1ebd t\u1ea1i h\u1ea7u h\u1ebft c\u00e1c chu tr\u00ecnh r\u1eeda. T\u00ednh n\u0103ng r\u1eeda \u0111\u1ed3 ti\u1ec7t tr\u00f9ng tr\u1ebb em \u0111\u01b0\u1ee3c nh\u1ea5n m\u1ea1nh, \u0111\u1ea3m b\u1ea3o b\u00ecnh s\u1eefa, n\u00fam ti, \u0111\u1ed3 ch\u01a1i c\u1ee7a b\u00e9 \u0111\u01b0\u1ee3c di\u1ec7t khu\u1ea9n hi\u1ec7u qu\u1ea3. Ngo\u00e0i ra, kh\u1ea3 n\u0103ng ti\u1ec7t tr\u00f9ng b\u00e1t \u0111\u0169a d\u00f9ng l\u00e2u ng\u00e0y c\u0169ng l\u00e0 m\u1ed9t \u0111i\u1ec3m c\u1ed9ng gi\u00fap gi\u1eef v\u1ec7 sinh t\u1ed1i \u0111a cho \u0111\u1ed3 d\u00f9ng nh\u00e0 b\u1ebfp c\u1ee7a b\u1ea1n.<br \/>\n<img decoding=\"async\" src=\"https:\/\/kocher.vn\/pic\/Product\/images\/MRB%20X16B%20(test)\/Artboard%201.png\" alt=\"\" \/><\/p>\n<p><strong>L\u01b0u Tr\u1eef B\u00e1t \u0110\u0129a Th\u1ea3nh Th\u01a1i \u0110\u1ebfn 7 Ng\u00e0y Kh\u00f4ng M\u00f9i<\/strong><\/p>\n<p>\u0110\u1eebng \u0111\u1ec3 vi\u1ec7c d\u1ecdn d\u1eb9p sau b\u1eefa \u0103n tr\u1edf th\u00e0nh \u00e1p l\u1ef1c. V\u1edbi M\u00e1y r\u1eeda b\u00e1t K\u00f6cher X16B, b\u1ea1n c\u00f3 th\u1ec3 y\u00ean t\u00e2m v\u1edbi t\u00ednh n\u0103ng l\u01b0u tr\u1eef b\u00e1t \u0111\u0129a l\u00ean t\u1edbi 7 ng\u00e0y kh\u00f4ng \u1ea9m m\u1ed1c. Sau khi ho\u00e0n t\u1ea5t chu tr\u00ecnh r\u1eeda v\u00e0 s\u1ea5y, m\u00e1y s\u1ebd t\u1ef1 \u0111\u1ed9ng duy tr\u00ec ch\u1ebf \u0111\u1ed9 th\u00f4ng gi\u00f3 \u0111\u1ecbnh k\u1ef3, gi\u1eef cho khoang m\u00e1y lu\u00f4n kh\u00f4 tho\u00e1ng, s\u1ea1ch s\u1ebd, \u0111\u1ea3m b\u1ea3o b\u00e1t \u0111\u0129a lu\u00f4n s\u1eb5n s\u00e0ng s\u1eed d\u1ee5ng m\u00e0 kh\u00f4ng lo \u00e1m m\u00f9i kh\u00f3 ch\u1ecbu, k\u1ec3 c\u1ea3 khi \u0111\u1ec3 l\u00e2u trong m\u00e1y.<\/p>\n<p><strong>2. Hi\u1ec7u Su\u1ea5t R\u1eeda S\u1ea1ch V\u01b0\u1ee3t Tr\u1ed9i: C\u00f4ng Ngh\u1ec7 L\u00e0m S\u1ea1ch \u0110\u1ec9nh Cao<\/strong><\/p>\n<p>K\u00f6cher X16B kh\u00f4ng ch\u1ec9 s\u1edf h\u1eefu c\u00e1c t\u00ednh n\u0103ng \u0111\u1ed9c \u0111\u00e1o m\u00e0 c\u00f2n \u0111\u1ea3m b\u1ea3o hi\u1ec7u su\u1ea5t l\u00e0m s\u1ea1ch m\u1ea1nh m\u1ebd, x\u1eed l\u00fd m\u1ecdi v\u1ebft b\u1ea9n m\u1ed9t c\u00e1ch tri\u1ec7t \u0111\u1ec3.<br \/>\n<img decoding=\"async\" src=\"https:\/\/kocher.vn\/pic\/Product\/images\/MRB%20X16B%20(test)\/6(1).png\" alt=\"\" \/><\/p>\n<p><strong>8 Ch\u01b0\u01a1ng Tr\u00ecnh R\u1eeda \u0110a D\u1ea1ng &amp; T\u1ed1i \u01afu H\u00f3a T\u1ef1 \u0110\u1ed9ng<\/strong><\/p>\n<p>V\u1edbi t\u1ed5ng c\u1ed9ng 8 ch\u01b0\u01a1ng tr\u00ecnh r\u1eeda \u0111\u01b0\u1ee3c t\u00edch h\u1ee3p, K\u00f6cher X16B d\u1ec5 d\u00e0ng th\u00edch nghi v\u1edbi m\u1ecdi nhu c\u1ea7u:<\/p>\n<p>R\u1eeda m\u1ea1nh (Intensive): D\u1ec5 d\u00e0ng lo\u1ea1i b\u1ecf d\u1ea7u m\u1ee1, c\u1eb7n b\u00e1m c\u1ee9ng \u0111\u1ea7u.<\/p>\n<p>R\u1eeda ti\u1ebft ki\u1ec7m (ECO): Ch\u01b0\u01a1ng tr\u00ecnh th\u00e2n thi\u1ec7n m\u00f4i tr\u01b0\u1eddng, t\u1ed1i \u01b0u ti\u00eau th\u1ee5 n\u01b0\u1edbc (ch\u1ec9 11.6 &#8211; 14 l\u00edt) v\u00e0 \u0111i\u1ec7n n\u0103ng.<\/p>\n<p>R\u1eeda th\u01b0\u1eddng (Normal): Ch\u01b0\u01a1ng tr\u00ecnh c\u01a1 b\u1ea3n cho b\u00e1t \u0111\u0129a b\u1ea9n h\u00e0ng ng\u00e0y.<\/p>\n<p>R\u1eeda t\u1ef1 \u0111\u1ed9ng (Auto): C\u1ea3m bi\u1ebfn \u0111\u1ed9 b\u1ea9n n\u01b0\u1edbc th\u00f4ng minh t\u1ef1 \u0111\u1ed9ng tinh ch\u1ec9nh chu tr\u00ecnh r\u1eeda, \u0111\u1ea3m b\u1ea3o hi\u1ec7u qu\u1ea3 l\u00e0m s\u1ea1ch t\u1ed1i \u01b0u nh\u1ea5t.<\/p>\n<p>R\u1eeda nhanh: Ti\u1ebft ki\u1ec7m th\u1eddi gian cho nh\u1eefng l\u00fac c\u1ea7n g\u1ea5p.<\/p>\n<p>R\u1eeda ti\u1ec7t tr\u00f9ng: \u0110\u1ea3m b\u1ea3o v\u1ec7 sinh cho v\u1eadt d\u1ee5ng c\u1ee7a tr\u1ebb nh\u1ecf v\u00e0 \u0111\u1ed3 d\u00f9ng y t\u1ebf.<\/p>\n<p>R\u1eeda hoa qu\u1ea3: Gi\u00fap l\u00e0m s\u1ea1ch rau c\u1ee7, tr\u00e1i c\u00e2y an to\u00e0n.<\/p>\n<p>S\u1ea5y \u0111\u1ed9c l\u1eadp: T\u00ednh n\u0103ng ri\u00eang bi\u1ec7t \u0111\u1ec3 ch\u1ec9 s\u1ea5y.<\/p>\n<p><strong>V\u1eadn H\u00e0nh \u00cam \u00c1i &amp; Hi\u1ec7u Qu\u1ea3 \u0110\u00e1ng Kinh Ng\u1ea1c<\/strong><\/p>\n<p>K\u00f6cher X16B ho\u1ea1t \u0111\u1ed9ng v\u1edbi \u0111\u1ed9 \u1ed3n ch\u1ec9 kho\u1ea3ng 49 (dB), mang l\u1ea1i kh\u00f4ng gian y\u00ean t\u0129nh cho ng\u00f4i nh\u00e0 b\u1ea1n. V\u1edbi 3 tay phun r\u1eeda m\u1ea1nh m\u1ebd \u0111\u01b0\u1ee3c b\u1ed1 tr\u00ed khoa h\u1ecdc tr\u00ean 3 gi\u00e0n, n\u01b0\u1edbc c\u00f3 th\u1ec3 ti\u1ebfp c\u1eadn m\u1ecdi ng\u00f3c ng\u00e1ch, \u0111\u1ea3m b\u1ea3o b\u00e1t \u0111\u0129a \u0111\u01b0\u1ee3c l\u00e0m s\u1ea1ch to\u00e0n di\u1ec7n.<br \/>\n<img decoding=\"async\" src=\"https:\/\/kocher.vn\/pic\/Product\/images\/MRB%20X16B%20(test)\/gi%C3%A0n%20r%E1%BB%ADa.png\" alt=\"\" \/><\/p>\n<p><strong>3. Thi\u1ebft K\u1ebf Sang Tr\u1ecdng &amp; Dung T\u00edch V\u01b0\u1ee3t Tr\u1ed9i: H\u00e0i H\u00f2a M\u1ecdi Kh\u00f4ng Gian B\u1ebfp<\/strong><\/p>\n<p>M\u00e1y r\u1eeda b\u00e1t K\u00f6cher X16B kh\u00f4ng ch\u1ec9 l\u00e0 m\u1ed9t thi\u1ebft b\u1ecb c\u00f4ng ngh\u1ec7 m\u00e0 c\u00f2n l\u00e0 \u0111i\u1ec3m nh\u1ea5n tinh t\u1ebf, ho\u00e0n thi\u1ec7n v\u1ebb \u0111\u1eb9p cho c\u0103n b\u1ebfp hi\u1ec7n \u0111\u1ea1i.<\/p>\n<p><strong>Dung T\u00edch 17 B\u1ed9 &amp; 3 Gi\u00e0n R\u1eeda Ti\u1ec7n D\u1ee5ng<\/strong><\/p>\n<p>S\u1edf h\u1eefu dung t\u00edch r\u1eeda l\u00ean t\u1edbi 17 b\u1ed9 b\u00e1t \u0111\u0129a theo ti\u00eau chu\u1ea9n Ch\u00e2u \u00c2u, X16B l\u00e0 l\u1ef1a ch\u1ecdn l\u00fd t\u01b0\u1edfng cho c\u00e1c gia \u0111\u00ecnh \u0111\u00f4ng th\u00e0nh vi\u00ean ho\u1eb7c nh\u1eefng ai th\u01b0\u1eddng xuy\u00ean c\u00f3 ti\u1ec7c t\u00f9ng. V\u1edbi 3 gi\u00e0n r\u1eeda Fullsize linh ho\u1ea1t, b\u1ea1n c\u00f3 th\u1ec3 d\u1ec5 d\u00e0ng s\u1eafp x\u1ebfp t\u1eeb nh\u1eefng chi\u1ebfc n\u1ed3i l\u1edbn, \u0111\u0129a to cho \u0111\u1ebfn ly t\u00e1ch v\u00e0 c\u00e1c v\u1eadt d\u1ee5ng nh\u1ecf. \u0110\u1eb7c bi\u1ec7t, gi\u00e0n r\u1eeda ri\u00eang cho dao k\u00e9o, \u0111\u0169a, mu\u1ed7ng gi\u00fap t\u1ed1i \u01b0u kh\u00f4ng gian v\u00e0 \u0111\u1ea3m b\u1ea3o v\u1ec7 sinh cho t\u1eebng chi ti\u1ebft. \u0110\u00e2y ch\u00ednh l\u00e0 chi\u1ebfc m\u00e1y r\u1eeda b\u00e1t r\u1eeda \u0111\u01b0\u1ee3c nhi\u1ec1u \u0111\u1ed3 m\u00e0 b\u1ea1n \u0111ang t\u00ecm ki\u1ebfm.<br \/>\n<img decoding=\"async\" src=\"https:\/\/kocher.vn\/pic\/Product\/images\/MRB%20X16B%20(test)\/IMG_E8344.JPG\" alt=\"\" \/><\/p>\n<p><strong>L\u1eafp \u0110\u1eb7t \u0110a D\u1ea1ng &amp; Giao Di\u1ec7n Th\u00e2n Thi\u1ec7n Ng\u01b0\u1eddi D\u00f9ng<\/strong><\/p>\n<p>M\u00e1y r\u1eeda b\u00e1t K\u00f6cher X16B cho ph\u00e9p l\u1eafp \u0111\u1eb7t linh ho\u1ea1t theo c\u1ea3 ki\u1ec3u \u0111\u1ed9c l\u1eadp (freestanding) ho\u1eb7c \u00e2m t\u1ee7 (built-in), d\u1ec5 d\u00e0ng h\u00f2a nh\u1eadp v\u1edbi m\u1ecdi thi\u1ebft k\u1ebf b\u1ebfp. B\u1ea3ng \u0111i\u1ec1u khi\u1ec3n c\u1ea3m \u1ee9ng tinh t\u1ebf, \u0111\u1eb7t ph\u00eda tr\u00ean c\u00e1nh c\u1eeda m\u1eb7t tr\u01b0\u1edbc v\u1edbi m\u00e0n h\u00ecnh hi\u1ec3n th\u1ecb LED r\u00f5 n\u00e9t, mang l\u1ea1i thao t\u00e1c tr\u1ef1c quan, gi\u00fap m\u00e1y r\u1eeda b\u00e1t d\u1ec5 d\u00f9ng cho m\u1ecdi th\u00e0nh vi\u00ean trong gia \u0111\u00ecnh. Khoang r\u1eeda b\u1ec1n b\u1ec9 v\u1edbi ch\u1ea5t li\u1ec7u Inox 304 v\u00e0 Inox 430 cao c\u1ea5p.<\/p>\n<p><strong>4. An To\u00e0n Tuy\u1ec7t \u0110\u1ed1i &amp; Ti\u1ec7n \u00cdch Th\u00f4ng Minh: Cu\u1ed9c S\u1ed1ng Th\u00eam An T\u00e2m<\/strong><\/p>\n<p>K\u00f6cher X16B \u0111\u01b0\u1ee3c trang b\u1ecb h\u00e0ng lo\u1ea1t t\u00ednh n\u0103ng an to\u00e0n v\u00e0 ti\u1ec7n \u00edch, mang \u0111\u1ebfn s\u1ef1 an t\u00e2m v\u00e0 tho\u1ea3i m\u00e1i t\u1ed1i \u0111a cho ng\u01b0\u1eddi s\u1eed d\u1ee5ng.<\/p>\n<p><strong>H\u1ec7 Th\u1ed1ng An To\u00e0n \u0110a L\u1edbp Ch\u1ed1ng R\u1ee7i Ro<\/strong><\/p>\n<p>Kh\u00f3a tr\u1ebb em: B\u1ea3o v\u1ec7 tuy\u1ec7t \u0111\u1ed1i, ng\u0103n ng\u1eeba s\u1ef1 can thi\u1ec7p c\u1ee7a tr\u1ebb nh\u1ecf.<\/p>\n<p>C\u1ea3nh b\u00e1o r\u00f2 r\u1ec9 n\u01b0\u1edbc: K\u1ecbp th\u1eddi ph\u00e1t hi\u1ec7n v\u00e0 c\u1ea3nh b\u00e1o s\u1ef1 c\u1ed1, tr\u00e1nh h\u01b0 h\u1ea1i.<\/p>\n<p>C\u1ea3nh b\u00e1o mu\u1ed1i\/n\u01b0\u1edbc b\u00f3ng: \u0110\u1ea3m b\u1ea3o hi\u1ec7u qu\u1ea3 r\u1eeda v\u00e0 s\u1ea5y lu\u00f4n \u0111\u1ea1t m\u1ee9c t\u1ed1i \u01b0u nh\u1ea5t.<\/p>\n<p><strong>Ch\u1ee9c N\u0103ng H\u1eb9n Gi\u1edd Kh\u1edfi \u0110\u1ed9ng Ti\u1ec7n L\u1ee3i<\/strong><\/p>\n<p>V\u1edbi ch\u1ee9c n\u0103ng h\u1eb9n gi\u1edd kh\u1edfi \u0111\u1ed9ng, b\u1ea1n ho\u00e0n to\u00e0n c\u00f3 th\u1ec3 ch\u1ee7 \u0111\u1ed9ng c\u00e0i \u0111\u1eb7t th\u1eddi gian r\u1eeda ph\u00f9 h\u1ee3p v\u1edbi l\u1ecbch tr\u00ecnh sinh ho\u1ea1t, t\u1eadn d\u1ee5ng gi\u1edd th\u1ea5p \u0111i\u1ec3m \u0111\u1ec3 ti\u1ebft ki\u1ec7m \u0111i\u1ec7n n\u0103ng, mang l\u1ea1i s\u1ef1 ti\u1ec7n l\u1ee3i t\u1ed1i \u0111a cho cu\u1ed9c s\u1ed1ng b\u1eadn r\u1ed9n.<\/p>\n<p><strong>5. Ch\u1ea5t L\u01b0\u1ee3ng Chu\u1ea9n M\u1ef1c Kocher: Ni\u1ec1m Tin T\u1eeb Th\u01b0\u01a1ng Hi\u1ec7u H\u00e0ng \u0110\u1ea7u<\/strong><\/p>\n<p>L\u1ef1a ch\u1ecdn M\u00e1y r\u1eeda b\u00e1t K\u00f6cher X16B kh\u00f4ng ch\u1ec9 l\u00e0 s\u1edf h\u1eefu m\u1ed9t thi\u1ebft b\u1ecb gia d\u1ee5ng, m\u00e0 l\u00e0 s\u1ef1 \u0111\u1ea7u t\u01b0 v\u00e0o ch\u1ea5t l\u01b0\u1ee3ng, s\u1ef1 b\u1ec1n b\u1ec9 v\u00e0 d\u1ecbch v\u1ee5 h\u1eadu m\u00e3i \u0111\u1eb3ng c\u1ea5p t\u1eeb th\u01b0\u01a1ng hi\u1ec7u K\u00f6cher<\/p>\n<p><strong>V\u1eadt Li\u1ec7u Cao C\u1ea5p &amp; \u0110\u1ed9 B\u1ec1n V\u01b0\u1ee3t Tr\u1ed9i<\/strong><\/p>\n<p>Khoang r\u1eeda c\u1ee7a m\u00e1y \u0111\u01b0\u1ee3c ch\u1ebf t\u1ea1o t\u1eeb Inox 304 v\u00e0 Inox 430 cao c\u1ea5p, n\u1ed5i b\u1eadt v\u1edbi kh\u1ea3 n\u0103ng ch\u1ed1ng g\u1ec9 s\u00e9t, ch\u1ed1ng \u0103n m\u00f2n v\u01b0\u1ee3t tr\u1ed9i, \u0111\u1ea3m b\u1ea3o \u0111\u1ed9 b\u1ec1n b\u1ec9 theo th\u1eddi gian. Ch\u1ea5t li\u1ec7u c\u00e1nh c\u1eeda b\u1eb1ng th\u00e9p t\u1ea5m SPCC v\u00e0 khu v\u1ef1c \u0111i\u1ec1u khi\u1ec3n b\u1eb1ng m\u1eb7t k\u00ednh \u0111en kh\u00f4ng ch\u1ec9 mang l\u1ea1i v\u1ebb ngo\u00e0i sang tr\u1ecdng m\u00e0 c\u00f2n d\u1ec5 d\u00e0ng v\u1ec7 sinh, gi\u1eef cho b\u1ebfp lu\u00f4n s\u00e1ng b\u00f3ng nh\u01b0 m\u1edbi.<br \/>\n<img decoding=\"async\" src=\"https:\/\/kocher.vn\/pic\/Product\/images\/MRB%20X15B%20PRO%20(test)\/IMG_E8331.JPG\" alt=\"\" \/><\/p>\n<p><strong>Cam K\u1ebft H\u1eadu M\u00e3i \u0110\u1eb3ng C\u1ea5p T\u1eeb K\u00f6cher<\/strong><\/p>\n<p>K\u00f6cher cam k\u1ebft b\u1ea3o h\u00e0nh ch\u00ednh h\u00e3ng 2 n\u0103m cho M\u00e1y r\u1eeda b\u00e1t K\u00f6cher X16B, mang l\u1ea1i s\u1ef1 an t\u00e2m tuy\u1ec7t \u0111\u1ed1i cho m\u1ecdi kh\u00e1ch h\u00e0ng. V\u1edbi h\u1ec7 th\u1ed1ng ph\u00e2n ph\u1ed1i v\u00e0 trung t\u00e2m b\u1ea3o h\u00e0nh r\u1ed9ng kh\u1eafp t\u1ea1i h\u1ea7u h\u1ebft c\u00e1c t\u1ec9nh th\u00e0nh tr\u00ean to\u00e0n qu\u1ed1c, K\u00f6cher t\u1ef1 tin h\u1ed7 tr\u1ee3 mi\u1ec5n ph\u00ed v\u1eadn chuy\u1ec3n, t\u01b0 v\u1ea5n v\u00e0 l\u1eafp \u0111\u1eb7t s\u1ea3n ph\u1ea9m t\u1eadn nh\u00e0. M\u1ecdi th\u1eafc m\u1eafc v\u00e0 ph\u1ea3n h\u1ed3i c\u1ee7a b\u1ea1n s\u1ebd \u0111\u01b0\u1ee3c \u0111\u1ed9i ng\u0169 chuy\u00ean nghi\u1ec7p gi\u1ea3i \u0111\u00e1p nhanh ch\u00f3ng, trong v\u00f2ng t\u1ed1i \u0111a 72 gi\u1edd, th\u1ec3 hi\u1ec7n cam k\u1ebft m\u1ea1nh m\u1ebd v\u1ec1 ch\u1ea5t l\u01b0\u1ee3ng d\u1ecbch v\u1ee5.<\/p>\n<p><strong>M\u00e1y r\u1eeda b\u00e1t K\u00f6cher X16B \u2013 Bi\u1ebfn M\u1ecdi Tr\u1ea3i Nghi\u1ec7m B\u1ebfp N\u00fac Th\u00e0nh Ni\u1ec1m Vui Tr\u1ecdn V\u1eb9n<\/strong><\/p>\n<p>M\u00e1y r\u1eeda b\u00e1t K\u00f6cher X16B kh\u00f4ng ch\u1ec9 l\u00e0 m\u1ed9t thi\u1ebft b\u1ecb, m\u00e0 l\u00e0 gi\u1ea3i ph\u00e1p to\u00e0n di\u1ec7n cho gia \u0111\u00ecnh hi\u1ec7n \u0111\u1ea1i, ki\u1ebfn t\u1ea1o kh\u00f4ng gian b\u1ebfp ti\u1ec7n nghi, an to\u00e0n v\u00e0 s\u1ea1ch s\u1ebd. V\u1edbi kh\u1ea3 n\u0103ng &#8220;3 trong 1&#8221; v\u01b0\u1ee3t tr\u1ed9i: r\u1eeda s\u1ea1ch m\u1ea1nh m\u1ebd, s\u1ea5y kh\u00f4 ho\u00e0n h\u1ea3o v\u1edbi t\u00ednh n\u0103ng s\u1ea5y \u0111\u1ed9c l\u1eadp, v\u00e0 ti\u1ec7t tr\u00f9ng chuy\u00ean s\u00e2u b\u1eb1ng UV Light (\u0111\u1eb7c bi\u1ec7t cho \u0111\u1ed3 d\u00f9ng tr\u1ebb nh\u1ecf), c\u00f9ng kh\u1ea3 n\u0103ng l\u01b0u tr\u1eef 7 ng\u00e0y kh\u00f4ng \u1ea9m m\u1ed1c, X16B ch\u00ednh l\u00e0 chi\u1ebfc m\u00e1y r\u1eeda b\u00e1t cao c\u1ea5p mang \u0111\u1ebfn s\u1ef1 ti\u1ec7n l\u1ee3i t\u1ed1i \u0111a, ti\u1ebft ki\u1ec7m th\u1eddi gian v\u00e0 s\u1ef1 an t\u00e2m tuy\u1ec7t \u0111\u1ed1i cho t\u1ed5 \u1ea5m c\u1ee7a b\u1ea1n.<br \/>\n<img decoding=\"async\" src=\"https:\/\/kocher.vn\/pic\/Product\/images\/MRB%20X16B%20(test)\/1%20(2).png\" alt=\"\" \/><\/p>\n<p>\u0110\u1eebng b\u1ecf l\u1ee1 c\u01a1 h\u1ed9i s\u1edf h\u1eefu ng\u01b0\u1eddi b\u1ea1n \u0111\u1ed3ng h\u00e0nh l\u00fd t\u01b0\u1edfng n\u00e0y! Li\u00ean h\u1ec7 ngay K\u00f6cher qua Hotline 0969622066 ho\u1eb7c truy c\u1eadp website Kocher.vn \u0111\u1ec3 t\u00ecm hi\u1ec3u th\u00eam v\u00e0 kh\u00e1m ph\u00e1 M\u00e1y r\u1eeda b\u00e1t K\u00f6cher X16B \u2013 chi\u1ebfc m\u00e1y r\u1eeda b\u00e1t gia \u0111\u00ecnh ho\u00e0n h\u1ea3o cho cu\u1ed9c s\u1ed1ng hi\u1ec7n \u0111\u1ea1i!<\/p>\n","protected":false},"excerpt":{"rendered":"<p>M\u00e1y R\u1eeda B\u00e1t K\u00f6cher X16B: Gi\u1ea3i Ph\u00e1p &#8220;3 Trong 1&#8221; \u0110\u1ec9nh Cao \u2013 N\u01a1i C\u00f4ng Ngh\u1ec7 Giao Thoa S\u1ef1 Ti\u1ec7n Nghi \u0110\u1ed9t Ph\u00e1 B\u1ea1n c\u00f3 \u0111ang t\u00ecm ki\u1ebfm m\u1ed9t &#8220;tr\u1ee3 th\u1ee7&#8221; \u0111\u1eafc l\u1ef1c cho gian b\u1ebfp hi\u1ec7n \u0111\u1ea1i, v\u01b0\u1ee3t xa m\u1ed9t chi\u1ebfc m\u00e1y r\u1eeda b\u00e1t gia \u0111\u00ecnh th\u00f4ng th\u01b0\u1eddng? M\u1ed9t thi\u1ebft b\u1ecb kh\u00f4ng ch\u1ec9 l\u00e0m&#8230;<\/p>\n","protected":false},"featured_media":6091,"comment_status":"open","ping_status":"closed","template":"","meta":[],"product_brand":[],"product_cat":[47,138],"product_tag":[],"class_list":{"0":"post-6090","1":"product","2":"type-product","3":"status-publish","4":"has-post-thumbnail","6":"product_cat-may-rua-bat","7":"product_cat-kocher-may-rua-bat","9":"first","10":"instock","11":"shipping-taxable","12":"product-type-simple"},"_links":{"self":[{"href":"https:\/\/nhadepbepxinh.com.vn\/index.php?rest_route=\/wp\/v2\/product\/6090","targetHints":{"allow":["GET"]}}],"collection":[{"href":"https:\/\/nhadepbepxinh.com.vn\/index.php?rest_route=\/wp\/v2\/product"}],"about":[{"href":"https:\/\/nhadepbepxinh.com.vn\/index.php?rest_route=\/wp\/v2\/types\/product"}],"replies":[{"embeddable":true,"href":"https:\/\/nhadepbepxinh.com.vn\/index.php?rest_route=%2Fwp%2Fv2%2Fcomments&post=6090"}],"wp:featuredmedia":[{"embeddable":true,"href":"https:\/\/nhadepbepxinh.com.vn\/index.php?rest_route=\/wp\/v2\/media\/6091"}],"wp:attachment":[{"href":"https:\/\/nhadepbepxinh.com.vn\/index.php?rest_route=%2Fwp%2Fv2%2Fmedia&parent=6090"}],"wp:term":[{"taxonomy":"product_brand","embeddable":true,"href":"https:\/\/nhadepbepxinh.com.vn\/index.php?rest_route=%2Fwp%2Fv2%2Fproduct_brand&post=6090"},{"taxonomy":"product_cat","embeddable":true,"href":"https:\/\/nhadepbepxinh.com.vn\/index.php?rest_route=%2Fwp%2Fv2%2Fproduct_cat&post=6090"},{"taxonomy":"product_tag","embeddable":true,"href":"https:\/\/nhadepbepxinh.com.vn\/index.php?rest_route=%2Fwp%2Fv2%2Fproduct_tag&post=6090"}],"curies":[{"name":"wp","href":"https:\/\/api.w.org\/{rel}","templated":true}]}}