{"id":6084,"date":"2025-09-23T17:24:04","date_gmt":"2025-09-23T10:24:04","guid":{"rendered":"https:\/\/nhadepbepxinh.com.vn\/?post_type=product&#038;p=6084"},"modified":"2025-09-23T17:24:04","modified_gmt":"2025-09-23T10:24:04","slug":"may-rua-bat-kocher-x10","status":"publish","type":"product","link":"https:\/\/nhadepbepxinh.com.vn\/?product=may-rua-bat-kocher-x10","title":{"rendered":"M\u00e1y r\u1eeda b\u00e1t K\u00f6cher X10"},"content":{"rendered":"<p><strong>M\u00c1Y R\u1eecA B\u00c1T K\u00d6CHER X10: NH\u1ece G\u1eccN T\u1ed0I \u01afU \u2013 S\u1ea0CH S\u00c2U, L\u01afU TR\u1eee B\u00c1T \u0110\u0128A \u0110\u1ebeN 3 NG\u00c0Y<\/strong><\/p>\n<div class=\"youtube-iframe-wrap\"><iframe loading=\"lazy\" title=\"YouTube video player\" src=\"https:\/\/www.youtube.com\/embed\/2ggxcuzC5O8\" width=\"560\" height=\"315\" frameborder=\"0\" scrolling=\"no\" allowfullscreen=\"allowfullscreen\" data-mce-fragment=\"1\"><\/iframe><\/div>\n<p>B\u1ea1n \u0111ang t\u00ecm ki\u1ebfm m\u1ed9t chi\u1ebfc m\u00e1y r\u1eeda b\u00e1t nh\u1ecf g\u1ecdn nh\u01b0ng v\u1eabn \u0111\u1ea7y \u0111\u1ee7 t\u00ednh n\u0103ng nh\u01b0 r\u1eeda s\u1ea1ch \u2013 l\u01b0u tr\u1eef kh\u00f4 tho\u00e1ng d\u00e0i ng\u00e0y? M\u00e1y r\u1eeda b\u00e1t K\u00f6cher X10 ch\u00ednh l\u00e0 l\u1ef1a ch\u1ecdn l\u00fd t\u01b0\u1edfng cho c\u00e1c gia \u0111\u00ecnh 2\u20134 ng\u01b0\u1eddi s\u1ed1ng t\u1ea1i chung c\u01b0 ho\u1eb7c nh\u00e0 ph\u1ed1. V\u1edbi thi\u1ebft k\u1ebf hi\u1ec7n \u0111\u1ea1i, v\u1eadn h\u00e0nh \u00eam \u00e1i v\u00e0 kh\u1ea3 n\u0103ng s\u1ea5y &amp; l\u01b0u tr\u1eef kh\u00ed t\u01b0\u01a1i trong 3 ng\u00e0y, X10 kh\u00f4ng ch\u1ec9 l\u00e0 m\u1ed9t chi\u1ebfc m\u00e1y r\u1eeda b\u00e1t \u2013 m\u00e0 l\u00e0 gi\u1ea3i ph\u00e1p gi\u00fap cu\u1ed9c s\u1ed1ng b\u1ea1n nh\u1eb9 nh\u00e0ng, g\u1ecdn g\u00e0ng v\u00e0 s\u1ea1ch s\u1ebd h\u01a1n m\u1ed7i ng\u00e0y.<br \/>\n<img decoding=\"async\" src=\"https:\/\/kocher.vn\/pic\/Product\/images\/MRB%20X10\/m%E1%BB%9F%20b%C3%A1n%20%C4%91%C3%BAng.png\" alt=\"\" \/><\/p>\n<p><strong>1. T\u1ed1i \u01b0u kh\u00f4ng gian b\u1ebfp: nh\u1ecf g\u1ecdn \u2013 l\u1eafp linh ho\u1ea1t\u00a0<\/strong><\/p>\n<p>M\u00e1y r\u1eeda b\u00e1t K\u00f6cher X10 c\u00f3 thi\u1ebft k\u1ebf \u0111\u1ed9c l\u1eadp ho\u1eb7c b\u00e1n \u00e2m, d\u1ec5 d\u00e0ng l\u1eafp \u0111\u1eb7t trong m\u1ecdi ki\u1ec3u b\u1ebfp, d\u00f9 l\u00e0 c\u0103n h\u1ed9 chung c\u01b0 hay nh\u00e0 ph\u1ed1 di\u1ec7n t\u00edch nh\u1ecf. K\u00edch th\u01b0\u1edbc ch\u1ec9 590mm chi\u1ec1u cao, X10 ph\u00f9 h\u1ee3p v\u1edbi c\u00e1c h\u1ed9c t\u1ee7 ph\u1ed5 bi\u1ebfn v\u00e0 kh\u00f4ng chi\u1ebfm nhi\u1ec1u di\u1ec7n t\u00edch.<br \/>\n<img decoding=\"async\" src=\"https:\/\/kocher.vn\/pic\/Product\/images\/MRB%20X10\/X10_1.png\" alt=\"\" \/><\/p>\n<p>D\u00f9 nh\u1ecf g\u1ecdn, m\u00e1y v\u1eabn c\u00f3 c\u00f4ng su\u1ea5t r\u1eeda l\u00ean \u0111\u1ebfn 10 b\u1ed9 b\u00e1t \u0111\u0129a ti\u00eau chu\u1ea9n ch\u00e2u \u00c2u, t\u01b0\u01a1ng \u0111\u01b0\u01a1ng b\u1eefa \u0103n cho 2\u20134 ng\u01b0\u1eddi. \u0110\u1eb7c bi\u1ec7t, khoang r\u1eeda \u0111\u01b0\u1ee3c b\u1ed1 tr\u00ed th\u00f4ng minh, gi\u00fap d\u1ec5 d\u00e0ng s\u1eafp x\u1ebfp nhi\u1ec1u lo\u1ea1i b\u00e1t \u0111\u0129a v\u00e0 d\u1ee5ng c\u1ee5 n\u1ea5u \u0103n.<\/p>\n<p><strong>2. T\u00edch h\u1ee3p t\u00ednh n\u0103ng s\u1ea5y &amp; l\u01b0u tr\u1eef kh\u00f4 tho\u00e1ng su\u1ed1t 3 ng\u00e0y: s\u1ea1ch \u2013 kh\u00f4 \u2013 kh\u00f4ng \u00e1m m\u00f9i<\/strong><\/p>\n<p>\u0110i\u1ec3m c\u1ed9ng l\u1edbn c\u1ee7a X10 l\u00e0 kh\u1ea3 n\u0103ng s\u1ea5y kh\u00f4 k\u1ebft h\u1ee3p l\u01b0u tr\u1eef kh\u00ed t\u01b0\u01a1i \u0111\u1ebfn 3 ng\u00e0y sau khi r\u1eeda xong. B\u00e1t \u0111\u0129a lu\u00f4n trong tr\u1ea1ng th\u00e1i kh\u00f4 tho\u00e1ng, kh\u00f4ng \u1ea9m m\u1ed1c, kh\u00f4ng m\u00f9i kh\u00f3 ch\u1ecbu d\u00f9 b\u1ea1n ch\u01b0a k\u1ecbp l\u1ea5y ra ngay.<\/p>\n<p>\u0110i\u1ec1u n\u00e0y \u0111\u1eb7c bi\u1ec7t ph\u00f9 h\u1ee3p v\u1edbi ng\u01b0\u1eddi b\u1eadn r\u1ed9n, kh\u00f4ng c\u00f3 th\u1eddi gian d\u1ecdn b\u00e1t li\u1ec1n sau khi r\u1eeda ho\u1eb7c gia \u0111\u00ecnh c\u00f3 tr\u1ebb nh\u1ecf c\u1ea7n b\u00e1t \u0111\u0129a lu\u00f4n s\u1ea1ch s\u1ebd \u2013 kh\u00f4 r\u00e1o.<\/p>\n<p><strong>3. Ch\u1ebf \u0111\u1ed9 r\u1eeda linh ho\u1ea1t cho m\u1ecdi nhu c\u1ea7u h\u00e0ng ng\u00e0y<br \/>\n<img decoding=\"async\" src=\"https:\/\/kocher.vn\/pic\/Product\/images\/MRB%20X10\/1.png\" alt=\"\" \/><\/strong><\/p>\n<p>K\u00f6cher X10 \u0111\u01b0\u1ee3c trang b\u1ecb 7 ch\u01b0\u01a1ng tr\u00ecnh r\u1eeda th\u00f4ng minh, gi\u00fap b\u1ea1n d\u1ec5 d\u00e0ng l\u1ef1a ch\u1ecdn ph\u00f9 h\u1ee3p v\u1edbi \u0111\u1ed9 b\u1ea9n v\u00e0 lo\u1ea1i v\u1eadt d\u1ee5ng:<\/p>\n<p><strong>R\u1eeda k\u1ef9 (Intensive)<\/strong>: \u00c1p d\u1ee5ng cho \u0111\u1ed3 s\u00e0nh s\u1ee9 b\u1ecb b\u1ea9n n\u1eb7ng v\u00e0 n\u1ed3i, ch\u1ea3o, \u0111\u0129a,&#8230; b\u1ecb b\u1ea9n v\u1eeba c\u00f3 m\u1ea3ng th\u1ee9c \u0103n kh\u00f4.<\/p>\n<p><strong>R\u1eeda th\u01b0\u1eddng (Normal)<\/strong>: D\u00f9ng cho nh\u1eefng \u0111\u1ed3 d\u00f9ng nh\u01b0 n\u1ed3i, \u0111\u0129a, \u0111\u1ed3 th\u1ee7y tinh v\u1edbi v\u1ebft b\u1ea9n th\u00f4ng th\u01b0\u1eddng ho\u1eb7c ch\u1ea3o v\u1edbi v\u1ebft b\u1ea9n nh\u1eb9.<\/p>\n<p><strong>R\u1eeda ti\u1ebft ki\u1ec7m (ECO)<\/strong>: \u0110\u00e2y l\u00e0 ch\u01b0\u01a1ng tr\u00ecnh ti\u00eau chu\u1ea9n, ph\u00f9 h\u1ee3p \u0111\u1ec3 r\u1eeda b\u1ed9 \u0111\u1ed3 \u0103n b\u1ecb b\u1ea9n th\u00f4ng th\u01b0\u1eddng v\u00e0 l\u00e0 ch\u01b0\u01a1ng tr\u00ecnh hi\u1ec7u qu\u1ea3 nh\u1ea5t x\u00e9t v\u1ec1 t\u1ed5ng m\u1ee9c ti\u00eau th\u1ee5 \u0111i\u1ec7n n\u01b0\u1edbc \u0111\u1ed1i v\u1edbi lo\u1ea1i b\u1ed9 \u0111\u1ed3 d\u00f9ng \u0103n u\u1ed1ng \u0111\u00f3.<\/p>\n<p><strong>R\u1eeda \u0111\u1ed3 th\u1ee7y tinh (Glass)<\/strong>: \u00c1p d\u1ee5ng cho \u0111\u1ed3 s\u00e0nh s\u1ee9 v\u00e0 th\u1ee7y tinh b\u1ecb b\u1ea9n nh\u1eb9.<\/p>\n<p><strong>R\u1eeda nhanh (Rapid)<\/strong>:Th\u1eddi gian r\u1eeda ng\u1eafn h\u01a1n \u0111\u1ed1i v\u1edbi nh\u1eefng \u0111\u1ed3 d\u00f9ng b\u1ecb b\u1ea9n nh\u1eb9, kh\u00f4ng c\u1ea7n s\u1ea5y kh\u00f4<\/p>\n<p><strong>R\u1eeda 90 ph\u00fat<\/strong>: \u0110\u1ed1i v\u1edbi nh\u1eefng v\u1ebft b\u1ea9n b\u00ecnh th\u01b0\u1eddng, c\u1ea7n r\u1eeda nhanh.<\/p>\n<p><strong>T\u1ef1 v\u1ec7 sinh m\u00e1y (Self Wash)<\/strong>: Ch\u01b0\u01a1ng tr\u00ecnh n\u00e0y gi\u00fap l\u00e0m s\u1ea1ch m\u00e1y r\u1eeda b\u00e1t m\u1ed9t c\u00e1ch hi\u1ec7u qu\u1ea3. M\u00e1y r\u1eeda b\u00e1t s\u1ebd ch\u1ea1y t\u1ef1 \u0111\u1ed9ng v\u1edbi l\u01b0\u1ee3ng kh\u00f4ng kh\u00ed s\u1ea1ch trong v\u00f2ng 72h sau khi s\u1eeda b\u00e1t \u0111\u0129a (tr\u1eeb ch\u1ebf \u0111\u1ed9 r\u1eeda nhanh).<\/p>\n<p><strong>4. An to\u00e0n &amp; ti\u1ec7n l\u1ee3i: H\u1eb9n gi\u1edd, kh\u00f3a tr\u1ebb em, v\u1eadn h\u00e0nh \u00eam<\/strong><\/p>\n<p><strong>H\u1eb9n gi\u1edd \u0111\u1ebfn 24h<\/strong>: cho ph\u00e9p b\u1ea1n l\u00ean l\u1ecbch r\u1eeda theo th\u00f3i quen sinh ho\u1ea1t<\/p>\n<p><strong>Kh\u00f3a tr\u1ebb em (Child Lock)<\/strong>: \u0111\u1ea3m b\u1ea3o an to\u00e0n tuy\u1ec7t \u0111\u1ed1i v\u1edbi gia \u0111\u00ecnh c\u00f3 tr\u1ebb nh\u1ecf<\/p>\n<p><strong>\u0110\u1ed9 \u1ed3n ch\u1ec9 49 (dB)<\/strong>: ho\u1ea1t \u0111\u1ed9ng \u00eam \u00e1i, kh\u00f4ng \u1ea3nh h\u01b0\u1edfng \u0111\u1ebfn sinh ho\u1ea1t chung<\/p>\n<p>Ngo\u00e0i ra, m\u00e1y c\u00f2n c\u00f3 h\u1ec7 th\u1ed1ng c\u1ea3m bi\u1ebfn t\u1ef1 \u0111\u1ed9ng c\u1ea3nh b\u00e1o l\u1ed7i, \u0111\u1ea3m b\u1ea3o v\u1eadn h\u00e0nh \u1ed5n \u0111\u1ecbnh v\u00e0 an to\u00e0n.<\/p>\n<p><strong>5. Th\u00f4ng s\u1ed1 k\u1ef9 thu\u1eadt<\/strong><\/p>\n<p>M\u00e1y r\u1eeda b\u00e1t K\u00f6cher X10 c\u00f3 th\u00f4ng s\u1ed1 k\u1ef9 thu\u1eadt t\u1ed1i \u01b0u, ph\u00f9 h\u1ee3p v\u1edbi nhu c\u1ea7u s\u1eed d\u1ee5ng c\u1ee7a c\u00e1c gia \u0111\u00ecnh tr\u1ebb:<\/p>\n<p><strong>Dung t\u00edch r\u1eeda<\/strong>: 10 b\u1ed9 \u0111\u1ed3 \u0103n ti\u00eau chu\u1ea9n ch\u00e2u \u00c2u \u2013 \u0111\u00e1p \u1ee9ng \u0111\u1ee7 1\u20132 b\u1eefa \u0103n gia \u0111\u00ecnh<\/p>\n<p><strong>K\u00edch th\u01b0\u1edbc m\u00e1y<\/strong>: 550 x 500 x 590 mm ( RxSxC)<\/p>\n<p><strong>K\u00edch th\u01b0\u1edbc l\u1eafp \u0111\u1eb7t<\/strong>\u00a0(khoang t\u1ee7): 560 x 550 x 600 mm ( RxSxC)<\/p>\n<p><strong>\u0110i\u1ec7n n\u0103ng ti\u00eau th\u1ee5<\/strong>: 0.815 kWh\/l\u1ea7n r\u1eeda \u2013 ti\u1ebft ki\u1ec7m \u0111i\u1ec7n t\u1ed1i \u01b0u<\/p>\n<p><strong>L\u01b0\u1ee3ng n\u01b0\u1edbc ti\u00eau th\u1ee5<\/strong>: 9.5 L\/l\u1ea7n r\u1eeda \u2013 th\u00e2n thi\u1ec7n v\u1edbi m\u00f4i tr\u01b0\u1eddng<br \/>\n<img decoding=\"async\" src=\"https:\/\/kocher.vn\/pic\/Product\/images\/MRB%20X10\/4.png\" alt=\"\" \/><\/p>\n<p><strong>M\u00e1y r\u1eeda b\u00e1t k\u00f6cher x10 \u2013 Gi\u1ea3i ph\u00e1p nh\u1ecf g\u1ecdn, hi\u1ec7u qu\u1ea3 cho gian b\u1ebfp hi\u1ec7n \u0111\u1ea1i!<\/strong><\/p>\n<p>N\u1ebfu b\u1ea1n \u0111ang t\u00ecm m\u1ed9t chi\u1ebfc m\u00e1y r\u1eeda b\u00e1t v\u1eeba g\u1ecdn g\u00e0ng, v\u1eeba ti\u1ec7n \u00edch, v\u1eeba \u0111\u00e1p \u1ee9ng \u0111\u1ea7y \u0111\u1ee7 nhu c\u1ea7u r\u1eeda \u2013 s\u1ea5y \u2013 l\u01b0u tr\u1eef b\u00e1t \u0111\u0129a, th\u00ec K\u00f6cher X10 ch\u00ednh l\u00e0 l\u1ef1a ch\u1ecdn \u0111\u00e1ng c\u00e2n nh\u1eafc h\u00e0ng \u0111\u1ea7u trong ph\u00e2n kh\u00fac. Thi\u1ebft k\u1ebf tinh gi\u1ea3n, ch\u01b0\u01a1ng tr\u00ecnh r\u1eeda \u0111a d\u1ea1ng, v\u1eadn h\u00e0nh \u00eam \u00e1i v\u00e0 kh\u1ea3 n\u0103ng gi\u1eef b\u00e1t \u0111\u0129a kh\u00f4 r\u00e1o \u0111\u1ebfn 3 ng\u00e0y sau r\u1eeda s\u1ebd gi\u00fap b\u1ea1n ti\u1ebft ki\u1ec7m th\u1eddi gian \u2013 ti\u1ebft ki\u1ec7m c\u00f4ng s\u1ee9c \u2013 ti\u1ebft ki\u1ec7m kh\u00f4ng gian, mang l\u1ea1i s\u1ef1 nh\u1eb9 nh\u00e0ng v\u00e0 ti\u1ec7n nghi cho cu\u1ed9c s\u1ed1ng b\u1eadn r\u1ed9n m\u1ed7i ng\u00e0y.<\/p>\n<p><strong>M\u00e1y r\u1eeda b\u00e1t K\u00f6cher X10 \u2013 T\u1ed1i \u01b0u di\u1ec7n t\u00edch, n\u00e2ng t\u1ea7m ti\u1ec7n nghi<\/strong><\/p>\n","protected":false},"excerpt":{"rendered":"<p>M\u00c1Y R\u1eecA B\u00c1T K\u00d6CHER X10: NH\u1ece G\u1eccN T\u1ed0I \u01afU \u2013 S\u1ea0CH S\u00c2U, L\u01afU TR\u1eee B\u00c1T \u0110\u0128A \u0110\u1ebeN 3 NG\u00c0Y B\u1ea1n \u0111ang t\u00ecm ki\u1ebfm m\u1ed9t chi\u1ebfc m\u00e1y r\u1eeda b\u00e1t nh\u1ecf g\u1ecdn nh\u01b0ng v\u1eabn \u0111\u1ea7y \u0111\u1ee7 t\u00ednh n\u0103ng nh\u01b0 r\u1eeda s\u1ea1ch \u2013 l\u01b0u tr\u1eef kh\u00f4 tho\u00e1ng d\u00e0i ng\u00e0y? M\u00e1y r\u1eeda b\u00e1t K\u00f6cher X10 ch\u00ednh l\u00e0 l\u1ef1a ch\u1ecdn&#8230;<\/p>\n","protected":false},"featured_media":6085,"comment_status":"open","ping_status":"closed","template":"","meta":[],"product_brand":[],"product_cat":[47,138],"product_tag":[],"class_list":{"0":"post-6084","1":"product","2":"type-product","3":"status-publish","4":"has-post-thumbnail","6":"product_cat-may-rua-bat","7":"product_cat-kocher-may-rua-bat","9":"first","10":"instock","11":"shipping-taxable","12":"product-type-simple"},"_links":{"self":[{"href":"https:\/\/nhadepbepxinh.com.vn\/index.php?rest_route=\/wp\/v2\/product\/6084","targetHints":{"allow":["GET"]}}],"collection":[{"href":"https:\/\/nhadepbepxinh.com.vn\/index.php?rest_route=\/wp\/v2\/product"}],"about":[{"href":"https:\/\/nhadepbepxinh.com.vn\/index.php?rest_route=\/wp\/v2\/types\/product"}],"replies":[{"embeddable":true,"href":"https:\/\/nhadepbepxinh.com.vn\/index.php?rest_route=%2Fwp%2Fv2%2Fcomments&post=6084"}],"wp:featuredmedia":[{"embeddable":true,"href":"https:\/\/nhadepbepxinh.com.vn\/index.php?rest_route=\/wp\/v2\/media\/6085"}],"wp:attachment":[{"href":"https:\/\/nhadepbepxinh.com.vn\/index.php?rest_route=%2Fwp%2Fv2%2Fmedia&parent=6084"}],"wp:term":[{"taxonomy":"product_brand","embeddable":true,"href":"https:\/\/nhadepbepxinh.com.vn\/index.php?rest_route=%2Fwp%2Fv2%2Fproduct_brand&post=6084"},{"taxonomy":"product_cat","embeddable":true,"href":"https:\/\/nhadepbepxinh.com.vn\/index.php?rest_route=%2Fwp%2Fv2%2Fproduct_cat&post=6084"},{"taxonomy":"product_tag","embeddable":true,"href":"https:\/\/nhadepbepxinh.com.vn\/index.php?rest_route=%2Fwp%2Fv2%2Fproduct_tag&post=6084"}],"curies":[{"name":"wp","href":"https:\/\/api.w.org\/{rel}","templated":true}]}}