{"id":6078,"date":"2025-09-23T17:21:35","date_gmt":"2025-09-23T10:21:35","guid":{"rendered":"https:\/\/nhadepbepxinh.com.vn\/?post_type=product&#038;p=6078"},"modified":"2025-09-23T17:21:35","modified_gmt":"2025-09-23T10:21:35","slug":"may-rua-bat-kocher-x10-pro","status":"publish","type":"product","link":"https:\/\/nhadepbepxinh.com.vn\/?product=may-rua-bat-kocher-x10-pro","title":{"rendered":"M\u00e1y r\u1eeda b\u00e1t K\u00f6cher X10 PRO"},"content":{"rendered":"<p><strong>M\u00c1Y R\u1eecA B\u00c1T K\u00d6CHER X10 PRO: NH\u1ece G\u1eccN \u2013 S\u1ea4Y KH\u00d4 \u2013 DI\u1ec6T KHU\u1ea8N B\u1eb0NG TIA UV \u2013 L\u01afU TR\u1eee KH\u00cd T\u01af\u01a0I 3 NG\u00c0Y<\/strong><\/p>\n<div class=\"youtube-iframe-wrap\"><iframe loading=\"lazy\" title=\"YouTube video player\" src=\"https:\/\/www.youtube.com\/embed\/2ggxcuzC5O8\" width=\"560\" height=\"315\" frameborder=\"0\" scrolling=\"no\" allowfullscreen=\"allowfullscreen\" data-mce-fragment=\"1\"><\/iframe><\/div>\n<p>B\u1ea1n \u0111ang t\u00ecm m\u1ed9t chi\u1ebfc m\u00e1y r\u1eeda b\u00e1t nh\u1ecf g\u1ecdn nh\u01b0ng v\u1eabn \u0111\u1ea3m b\u1ea3o kh\u1ea3 n\u0103ng s\u1ea5y kh\u00f4 nhanh \u2013 ti\u1ec7t tr\u00f9ng an to\u00e0n \u2013 l\u01b0u tr\u1eef kh\u00f4 tho\u00e1ng d\u00e0i ng\u00e0y? M\u00e1y r\u1eeda b\u00e1t K\u00f6cher X10 PRO l\u00e0 s\u1ef1 l\u1ef1a ch\u1ecdn ho\u00e0n h\u1ea3o d\u00e0nh cho b\u1ea1n. V\u1edbi c\u00f4ng su\u1ea5t r\u1eeda 10 b\u1ed9 b\u00e1t \u0111\u0129a ti\u00eau chu\u1ea9n, ch\u1ebf \u0111\u1ed9 s\u1ea5y \u0111\u1ed9c l\u1eadp linh ho\u1ea1t, c\u00f4ng ngh\u1ec7 di\u1ec7t khu\u1ea9n b\u1eb1ng tia UV v\u00e0 kh\u1ea3 n\u0103ng l\u01b0u tr\u1eef b\u00e1t \u0111\u0129a 3 ng\u00e0y kh\u00f4ng \u1ea9m m\u1ed1c, X10 PRO ch\u00ednh l\u00e0 &#8220;tr\u1ee3 th\u1ee7 \u0111\u1eafc l\u1ef1c&#8221; cho c\u00e1c gia \u0111\u00ecnh tr\u1ebb mu\u1ed1n t\u1ed1i \u01b0u h\u00f3a kh\u00f4ng gian b\u1ebfp v\u00e0 th\u1eddi gian d\u1ecdn d\u1eb9p m\u1ed7i ng\u00e0y.<br \/>\n<img decoding=\"async\" src=\"https:\/\/kocher.vn\/pic\/Product\/images\/MRB%20X10\/m%E1%BB%9F%20b%C3%A1n%20%C4%91%C3%BAng.png\" alt=\"\" \/><\/p>\n<p><strong>1. Thi\u1ebft k\u1ebf linh ho\u1ea1t \u2013 T\u1ed1i \u01b0u kh\u00f4ng gian<\/strong><\/p>\n<p>V\u1edbi chi\u1ec1u cao ch\u1ec9 595mm, K\u00f6cher X10 PRO c\u00f3 th\u1ec3 l\u1eafp \u0111\u1eb7t \u0111\u1ed9c l\u1eadp ho\u1eb7c \u00e2m t\u1ee7, d\u1ec5 d\u00e0ng t\u01b0\u01a1ng th\u00edch v\u1edbi nhi\u1ec1u ki\u1ec3u b\u1ebfp t\u1ea1i chung c\u01b0 ho\u1eb7c nh\u00e0 ph\u1ed1 nh\u1ecf. Thi\u1ebft k\u1ebf t\u1ed1i gi\u1ea3n, tinh t\u1ebf k\u1ebft h\u1ee3p v\u1edbi b\u1ea3ng \u0111i\u1ec1u khi\u1ec3n c\u1ea3m \u1ee9ng th\u00f4ng minh t\u1ea1o n\u00ean m\u1ed9t t\u1ed5ng th\u1ec3 hi\u1ec7n \u0111\u1ea1i, g\u1ecdn g\u00e0ng v\u00e0 th\u1ea9m m\u1ef9.<\/p>\n<p>B\u00ean trong m\u00e1y l\u00e0 khoang r\u1eeda t\u1ed1i \u01b0u h\u00f3a, cho ph\u00e9p s\u1eafp x\u1ebfp d\u1ec5 d\u00e0ng 10 b\u1ed9 b\u00e1t \u0111\u0129a ti\u00eau chu\u1ea9n ch\u00e2u \u00c2u \u2013 t\u01b0\u01a1ng \u0111\u01b0\u01a1ng 1\u20132 b\u1eefa \u0103n cho gia \u0111\u00ecnh t\u1eeb 2\u20134 ng\u01b0\u1eddi. T\u1eeb ch\u00e9n, \u0111\u0129a, \u0111\u1ebfn d\u1ee5ng c\u1ee5 n\u1ea5u \u0103n \u2013 t\u1ea5t c\u1ea3 \u0111\u1ec1u \u0111\u01b0\u1ee3c l\u00e0m s\u1ea1ch hi\u1ec7u qu\u1ea3 v\u00e0 s\u1ea5y kh\u00f4 ti\u1ec7n l\u1ee3i.<br \/>\n<img decoding=\"async\" src=\"https:\/\/kocher.vn\/pic\/Product\/images\/MRB%20X10%20PRO\/X10P_1.png\" alt=\"\" \/><\/p>\n<p><strong>2. L\u00e0m s\u1ea1ch, S\u1ea5y kh\u00f4 &amp; Di\u1ec7t khu\u1ea9n to\u00e0n di\u1ec7n: \u0111\u1ea7y \u0111\u1ee7 ch\u1ec9 trong 1 chi\u1ebfc m\u00e1y<\/strong><\/p>\n<p>K\u00f6cher X10 Pro \u0111\u01b0\u1ee3c trang b\u1ecb th\u00eam t\u00ednh n\u0103ng t\u0103ng s\u1ed1 l\u1ea7n tr\u00e1ng (+1 ho\u1eb7c +2) l\u00e0 m\u1ed9t \u0111i\u1ec3m c\u1ed9ng n\u1ed5i b\u1eadt, gi\u00fap n\u00e2ng cao hi\u1ec7u qu\u1ea3 l\u00e0m s\u1ea1ch \u2013 \u0111\u1eb7c bi\u1ec7t h\u1eefu \u00edch v\u1edbi c\u00e1c m\u00f3n \u0103n nhi\u1ec1u d\u1ea7u m\u1ee1 ho\u1eb7c b\u00e1t \u0111\u0169a \u0111\u1ec3 l\u00e2u ng\u00e0y.<\/p>\n<p>Ngo\u00e0i ra, d\u00f2ng X10 PRO t\u00edch h\u1ee3p\u00a0<strong>2 ch\u1ebf \u0111\u1ed9 s\u1ea5y kh\u00f4 th\u00f4ng minh<\/strong>:<\/p>\n<p><strong>S\u1ea5y \u0111\u1ed9c l\u1eadp Dry<\/strong>: Cho ph\u00e9p b\u1eadt ri\u00eang \u0111\u1ec3 s\u1ea5y l\u1ea1i b\u00e1t \u0111\u0129a b\u1ea5t c\u1ee9 l\u00fac n\u00e0o m\u00e0 kh\u00f4ng c\u1ea7n r\u1eeda l\u1ea1i t\u1eeb \u0111\u1ea7u, ho\u1eb7c k\u1ebft h\u1ee3p linh ho\u1ea1t v\u1edbi c\u00e1c chu tr\u00ecnh r\u1eeda kh\u00e1c \u2013 \u0111\u1eb7c bi\u1ec7t ph\u00f9 h\u1ee3p khi b\u00e1t \u0111\u0129a ch\u01b0a k\u1ecbp l\u1ea5y ra ngay.<\/p>\n<p><strong>S\u1ea5y l\u01b0u tr\u1eef Fresh Air 3 ng\u00e0y<\/strong>: Gi\u00fap gi\u1eef b\u00e1t \u0111\u0129a lu\u00f4n kh\u00f4 r\u00e1o, kh\u00f4ng \u00e1m m\u00f9i v\u00e0 h\u1ea1n ch\u1ebf vi khu\u1ea9n ph\u00e1t tri\u1ec3n trong su\u1ed1t 72 gi\u1edd sau khi r\u1eeda.<\/p>\n<p>\u0110\u1eb7c bi\u1ec7t, m\u00e1y \u0111\u01b0\u1ee3c trang b\u1ecb\u00a0<strong>ch\u1ebf \u0111\u1ed9 ti\u1ec7t tr\u00f9ng Hygiene<\/strong>\u00a0\u2013 lo\u1ea1i b\u1ecf vi khu\u1ea9n g\u00e2y h\u1ea1i, b\u1ea3o v\u1ec7 t\u1ed1i \u0111a s\u1ee9c kh\u1ecfe cho gia \u0111\u00ecnh c\u00f3 tr\u1ebb nh\u1ecf ho\u1eb7c ng\u01b0\u1eddi l\u1edbn tu\u1ed5i.<\/p>\n<p>Ch\u1ec9 v\u1edbi m\u1ed9t chi\u1ebfc m\u00e1y \u2013 b\u1ea1n c\u00f3 \u0111\u1ee7 c\u1ea3 r\u1eeda s\u1ea1ch, s\u1ea5y kh\u00f4 v\u00e0 ti\u1ec7t tr\u00f9ng chuy\u00ean s\u00e2u.<br \/>\n<img decoding=\"async\" src=\"https:\/\/kocher.vn\/pic\/Product\/images\/MRB%20X10%20PRO\/4.png\" alt=\"\" \/><\/p>\n<p><strong>3. 8 Ch\u01b0\u01a1ng tr\u00ecnh r\u1eeda chuy\u00ean bi\u1ec7t \u2013 Linh ho\u1ea1t m\u1ecdi nhu c\u1ea7u<\/strong><\/p>\n<p>K\u00f6cher X10 PRO mang \u0111\u1ebfn 8 ch\u1ebf \u0111\u1ed9 r\u1eeda th\u00f4ng minh, d\u1ec5 d\u00e0ng \u0111\u00e1p \u1ee9ng t\u1eebng lo\u1ea1i v\u1eadt d\u1ee5ng v\u00e0 m\u1ee9c \u0111\u1ed9 b\u1ea9n kh\u00e1c nhau:<\/p>\n<p><strong>R\u1eeda Auto<\/strong>: D\u00e0nh cho b\u00e1t \u0111\u0129a b\u1ea9n nh\u1eb9, trung b\u00ecnh ho\u1eb7c n\u1eb7ng, c\u00f3 ho\u1eb7c kh\u00f4ng c\u00f3 th\u1ee9c \u0103n kh\u00f4 b\u00e1m<\/p>\n<p><strong>R\u1eeda ti\u1ec7t tr\u00f9ng Hygiene<\/strong>: Ch\u01b0\u01a1ng tr\u00ecnh ti\u1ec7t tr\u00f9ng \u1edf nhi\u1ec7t \u0111\u1ed9 cao, ph\u00f9 h\u1ee3p khi c\u1ea7n kh\u1eed khu\u1ea9n b\u00e1t \u0111\u0129a. Kh\u00f4ng d\u00f9ng cho \u0111\u1ed3 nh\u1ef1a, g\u1ed7 ho\u1eb7c v\u1eadt li\u1ec7u kh\u00f4ng ch\u1ecbu nhi\u1ec7t.<\/p>\n<p><strong>R\u1eeda ti\u1ebft ki\u1ec7m ECO<\/strong>: Ch\u01b0\u01a1ng tr\u00ecnh ti\u00eau chu\u1ea9n, ph\u00f9 h\u1ee3p v\u1edbi b\u00e1t \u0111\u0129a b\u1ea9n trung b\u00ecnh, t\u1ed1i \u01b0u v\u1ec1 m\u1ee9c ti\u00eau th\u1ee5 n\u01b0\u1edbc v\u00e0 \u0111i\u1ec7n n\u0103ng..<\/p>\n<p><strong>R\u1eeda \u0111\u1ed3 th\u1ee7y tinh (Glass)<\/strong>: D\u00e0nh ri\u00eang cho b\u00e1t \u0111\u0129a v\u00e0 ly th\u1ee7y tinh b\u1ea9n nh\u1eb9.<\/p>\n<p><strong>R\u1eeda k\u1ef9 (Intensive)<\/strong>: Ph\u00f9 h\u1ee3p v\u1edbi b\u00e1t \u0111\u0129a, xoong n\u1ed3i b\u1ea9n nhi\u1ec1u ho\u1eb7c c\u00f3 th\u1ee9c \u0103n kh\u00f4 b\u00e1m ch\u1eb7t.<\/p>\n<p><strong>R\u1eeda nhanh (Rapid)<\/strong>: Ch\u01b0\u01a1ng tr\u00ecnh r\u1eeda nhanh d\u00e0nh cho b\u00e1t \u0111\u0129a b\u1ea9n nh\u1eb9, kh\u00f4ng c\u1ea7n s\u1ea5y kh\u00f4<\/p>\n<p><strong>R\u1eeda tr\u00e1ng (Soak)<\/strong>: Ch\u01b0\u01a1ng tr\u00ecnh tr\u00e1ng b\u00e1t \u0111\u0129a b\u1eb1ng n\u01b0\u1edbc \u1edf nhi\u1ec7t \u0111\u1ed9 ph\u00f2ng, kh\u00f4ng c\u00f3 chu tr\u00ecnh r\u1eeda ch\u00ednh.<\/p>\n<p><strong>T\u1ef1 v\u1ec7 sinh m\u00e1y (Self Wash)<\/strong>: Ch\u01b0\u01a1ng tr\u00ecnh t\u1ef1 l\u00e0m s\u1ea1ch m\u00e1y r\u1eeda b\u00e1t, gi\u00fap v\u1ec7 sinh khoang r\u1eeda hi\u1ec7u qu\u1ea3.<\/p>\n<p><strong>4. An to\u00e0n tuy\u1ec7t \u0111\u1ed1i \u2013 V\u1eadn h\u00e0nh \u00eam \u00e1i \u2013 D\u1ec5 s\u1eed d\u1ee5ng<\/strong><\/p>\n<p><strong>Kh\u00f3a tr\u1ebb em (Child Lock)<\/strong>: Ng\u0103n ch\u1eb7n c\u00e1c thao t\u00e1c ngo\u00e0i \u00fd mu\u1ed1n t\u1eeb tr\u1ebb nh\u1ecf<\/p>\n<p><strong>H\u1eb9n gi\u1edd \u0111\u1ebfn 24h<\/strong>: Linh ho\u1ea1t th\u1eddi gian r\u1eeda theo l\u1ecbch sinh ho\u1ea1t<\/p>\n<p><strong>\u0110\u1ed9 \u1ed3n ch\u1ec9 49dB<\/strong>: V\u1eadn h\u00e0nh \u00eam \u00e1i, kh\u00f4ng l\u00e0m \u1ea3nh h\u01b0\u1edfng \u0111\u1ebfn kh\u00f4ng gian s\u1ed1ng<\/p>\n<p><strong>C\u1ea3m bi\u1ebfn c\u1ea3nh b\u00e1o l\u1ed7i th\u00f4ng minh<\/strong>: Ph\u00e1t hi\u1ec7n nhanh s\u1ef1 c\u1ed1, \u0111\u1ea3m b\u1ea3o an to\u00e0n<\/p>\n<p>Ngo\u00e0i ra, m\u00e1y c\u00f2n trang b\u1ecb\u00a0<strong>\u0111\u00e8n LED chi\u1ebfu s\u00e1ng khoang r\u1eeda<\/strong>, ti\u1ec7n l\u1ee3i khi s\u1eed d\u1ee5ng v\u00e0o ban \u0111\u00eam ho\u1eb7c l\u1eafp \u0111\u1eb7t \u1edf khu v\u1ef1c thi\u1ebfu s\u00e1ng.<\/p>\n<p><strong>5. Th\u00f4ng s\u1ed1 k\u1ef9 thu\u1eadt<\/strong><\/p>\n<p>Dung t\u00edch r\u1eeda: 10 b\u1ed9 \u0111\u1ed3 \u0103n ti\u00eau chu\u1ea9n ch\u00e2u \u00c2u<\/p>\n<p>K\u00edch th\u01b0\u1edbc m\u00e1y: 595 x 500 x 595 mm (RxSxC)<\/p>\n<p>K\u00edch th\u01b0\u1edbc l\u1eafp \u0111\u1eb7t: 600 x 550 x 600 mm (RxSxC)<\/p>\n<p>\u0110i\u1ec7n n\u0103ng ti\u00eau th\u1ee5: 0.805 kWh\/l\u1ea7n r\u1eeda<\/p>\n<p>L\u01b0\u1ee3ng n\u01b0\u1edbc ti\u00eau th\u1ee5: 9.6 L\/l\u1ea7n r\u1eeda<\/p>\n<p>\u0110i\u1ec7n \u00e1p: 220\u2013240V \/ 50Hz<\/p>\n<p>\u0110\u1ed9 \u1ed3n: 49dB<br \/>\n<img decoding=\"async\" src=\"https:\/\/kocher.vn\/pic\/Product\/images\/MRB%20X10%20PRO\/1.png\" alt=\"\" \/><\/p>\n<p><strong>M\u00e1y r\u1eeda b\u00e1t K\u00f6cher X10 PRO \u2013 Gi\u1ea3i ph\u00e1p to\u00e0n di\u1ec7n cho gian b\u1ebfp hi\u1ec7n \u0111\u1ea1i<\/strong><\/p>\n<p>Kh\u00f4ng ch\u1ec9 \u0111\u01a1n thu\u1ea7n l\u00e0 m\u1ed9t thi\u1ebft b\u1ecb r\u1eeda b\u00e1t, K\u00f6cher X10 PRO h\u1ed9i t\u1ee5 \u0111\u1ea7y \u0111\u1ee7 nh\u1eefng t\u00ednh n\u0103ng c\u1ea7n thi\u1ebft: r\u1eeda s\u1ea1ch v\u01b0\u1ee3t tr\u1ed9i, s\u1ea5y kh\u00f4 linh ho\u1ea1t, di\u1ec7t khu\u1ea9n b\u1eb1ng tia UV, l\u01b0u tr\u1eef kh\u00f4 tho\u00e1ng l\u00ean \u0111\u1ebfn 3 ng\u00e0y. \u0110\u00e2y l\u00e0 l\u1ef1a ch\u1ecdn l\u00fd t\u01b0\u1edfng d\u00e0nh cho c\u00e1c gia \u0111\u00ecnh hi\u1ec7n \u0111\u1ea1i, \u0111\u1ec1 cao s\u1ef1 ti\u1ec7n nghi, an to\u00e0n v\u00e0 ti\u1ebft ki\u1ec7m kh\u00f4ng gian.<\/p>\n<p>K\u00f6cher X10 PRO \u2013 kh\u00f4ng ch\u1ec9 r\u1eeda b\u00e1t, m\u00e0 c\u00f2n ch\u0103m s\u00f3c s\u1ee9c kh\u1ecfe v\u00e0 t\u1ed1i \u01b0u cu\u1ed9c s\u1ed1ng c\u1ee7a b\u1ea1n m\u1ed7i ng\u00e0y.<\/p>\n","protected":false},"excerpt":{"rendered":"<p>M\u00c1Y R\u1eecA B\u00c1T K\u00d6CHER X10 PRO: NH\u1ece G\u1eccN \u2013 S\u1ea4Y KH\u00d4 \u2013 DI\u1ec6T KHU\u1ea8N B\u1eb0NG TIA UV \u2013 L\u01afU TR\u1eee KH\u00cd T\u01af\u01a0I 3 NG\u00c0Y B\u1ea1n \u0111ang t\u00ecm m\u1ed9t chi\u1ebfc m\u00e1y r\u1eeda b\u00e1t nh\u1ecf g\u1ecdn nh\u01b0ng v\u1eabn \u0111\u1ea3m b\u1ea3o kh\u1ea3 n\u0103ng s\u1ea5y kh\u00f4 nhanh \u2013 ti\u1ec7t tr\u00f9ng an to\u00e0n \u2013 l\u01b0u tr\u1eef kh\u00f4 tho\u00e1ng d\u00e0i ng\u00e0y?&#8230;<\/p>\n","protected":false},"featured_media":6079,"comment_status":"open","ping_status":"closed","template":"","meta":[],"product_brand":[],"product_cat":[47,138],"product_tag":[],"class_list":{"0":"post-6078","1":"product","2":"type-product","3":"status-publish","4":"has-post-thumbnail","6":"product_cat-may-rua-bat","7":"product_cat-kocher-may-rua-bat","9":"first","10":"instock","11":"shipping-taxable","12":"product-type-simple"},"_links":{"self":[{"href":"https:\/\/nhadepbepxinh.com.vn\/index.php?rest_route=\/wp\/v2\/product\/6078","targetHints":{"allow":["GET"]}}],"collection":[{"href":"https:\/\/nhadepbepxinh.com.vn\/index.php?rest_route=\/wp\/v2\/product"}],"about":[{"href":"https:\/\/nhadepbepxinh.com.vn\/index.php?rest_route=\/wp\/v2\/types\/product"}],"replies":[{"embeddable":true,"href":"https:\/\/nhadepbepxinh.com.vn\/index.php?rest_route=%2Fwp%2Fv2%2Fcomments&post=6078"}],"wp:featuredmedia":[{"embeddable":true,"href":"https:\/\/nhadepbepxinh.com.vn\/index.php?rest_route=\/wp\/v2\/media\/6079"}],"wp:attachment":[{"href":"https:\/\/nhadepbepxinh.com.vn\/index.php?rest_route=%2Fwp%2Fv2%2Fmedia&parent=6078"}],"wp:term":[{"taxonomy":"product_brand","embeddable":true,"href":"https:\/\/nhadepbepxinh.com.vn\/index.php?rest_route=%2Fwp%2Fv2%2Fproduct_brand&post=6078"},{"taxonomy":"product_cat","embeddable":true,"href":"https:\/\/nhadepbepxinh.com.vn\/index.php?rest_route=%2Fwp%2Fv2%2Fproduct_cat&post=6078"},{"taxonomy":"product_tag","embeddable":true,"href":"https:\/\/nhadepbepxinh.com.vn\/index.php?rest_route=%2Fwp%2Fv2%2Fproduct_tag&post=6078"}],"curies":[{"name":"wp","href":"https:\/\/api.w.org\/{rel}","templated":true}]}}