{"id":6068,"date":"2025-09-23T17:19:02","date_gmt":"2025-09-23T10:19:02","guid":{"rendered":"https:\/\/nhadepbepxinh.com.vn\/?post_type=product&#038;p=6068"},"modified":"2025-09-23T17:19:02","modified_gmt":"2025-09-23T10:19:02","slug":"may-rua-bat-kocher-x15s","status":"publish","type":"product","link":"https:\/\/nhadepbepxinh.com.vn\/?product=may-rua-bat-kocher-x15s","title":{"rendered":"M\u00e1y r\u1eeda b\u00e1t K\u00f6cher X15S"},"content":{"rendered":"<p><strong>M\u00e1y r\u1eeda b\u00e1t Kocher X Series \u2013 Gi\u1ea3i ph\u00e1p t\u1ed1i \u01b0u cho c\u0103n b\u1ebfp gia \u0111\u00ecnh Vi\u1ec7t Nam<\/strong><\/p>\n<div class=\"youtube-iframe-wrap\"><iframe loading=\"lazy\" title=\"Kh\u00e1m ph\u00e1 m\u1eabu b\u1ebfp t\u1eeb \u0111\u00f4i \u0111un n\u1ea5u nhanh, ti\u1ebft ki\u1ec7m \u0111i\u1ec7n #thietbinhabep #beptu #kocher\" src=\"https:\/\/www.youtube.com\/embed\/YhwKOE8suv0\" width=\"350\" height=\"623\" frameborder=\"0\" scrolling=\"no\" allowfullscreen=\"allowfullscreen\" data-mce-fragment=\"1\"><\/iframe><\/div>\n<p>Trong cu\u1ed9c s\u1ed1ng b\u1eadn r\u1ed9n ng\u00e0y nay, vi\u1ec7c duy tr\u00ec m\u1ed9t c\u0103n b\u1ebfp s\u1ea1ch s\u1ebd v\u00e0 g\u1ecdn g\u00e0ng lu\u00f4n l\u00e0 \u01b0u ti\u00ean h\u00e0ng \u0111\u1ea7u c\u1ee7a c\u00e1c gia \u0111\u00ecnh hi\u1ec7n \u0111\u1ea1i. M\u00e1y r\u1eeda b\u00e1t kh\u00f4ng ch\u1ec9 gi\u00fap ti\u1ebft ki\u1ec7m th\u1eddi gian m\u00e0 c\u00f2n \u0111\u1ea3m b\u1ea3o hi\u1ec7u qu\u1ea3 r\u1eeda s\u1ea1ch, s\u1ea5y kh\u00f4 v\u00e0 di\u1ec7t khu\u1ea9n tri\u1ec7t \u0111\u1ec3 cho b\u00e1t \u0111\u0129a, n\u1ed3i, ch\u1ea3o.<br \/>\n<img decoding=\"async\" src=\"https:\/\/kocher.vn\/pic\/Product\/images\/MRB%20X15S\/T%C3%ADnh%20n%C4%83ng%20X15S.png\" alt=\"\" \/><br \/>\nV\u1edbi M\u00e1y r\u1eeda b\u00e1t Kocher X Series, b\u1ea1n s\u1ebd tr\u1ea3i nghi\u1ec7m c\u00f4ng ngh\u1ec7 ti\u00ean ti\u1ebfn v\u1edbi dung t\u00edch r\u1eeda l\u00ean \u0111\u1ebfn 17 b\u1ed9 b\u00e1t \u0111\u0129a, k\u00e8m theo nh\u1eefng t\u00ednh n\u0103ng n\u1ed5i b\u1eadt nh\u01b0 s\u1ea5y kh\u00f4 Extra Plus Drying, khu v\u1ef1c nan x\u1ebfp b\u00e1t th\u00f4ng minh, v\u00e0\u00a0<strong>k\u00edch th\u01b0\u1edbc ch\u1ec9 t\u1eeb 775mm<\/strong>\u00a0\u2013 ho\u00e0n h\u1ea3o cho m\u1ecdi kh\u00f4ng gian b\u1ebfp.<br \/>\n<strong>I.C\u00f4ng ngh\u1ec7 r\u1eeda s\u1ea1ch v\u01b0\u1ee3t tr\u1ed9i<\/strong><br \/>\n<strong>Ch\u1ebf \u0111\u1ed9 r\u1eeda s\u1ea1ch chuy\u00ean s\u00e2u<\/strong><br \/>\nM\u00e1y r\u1eeda b\u00e1t Kocher X Series \u0111\u01b0\u1ee3c trang b\u1ecb \u0111\u1ea7y \u0111\u1ee7 c\u00e1c ch\u1ebf \u0111\u1ed9 r\u1eeda c\u1ea7n thi\u1ebft nh\u1ea5t \u0111\u1ed1i v\u1edbi th\u00f3i quen s\u1eed d\u1ee5ng c\u1ee7a ng\u01b0\u1eddi Vi\u1ec7t Nam, ph\u00f9 h\u1ee3p v\u1edbi \u0111i\u1ec1u ki\u1ec7n th\u1ef1c t\u1ebf. C\u00e1c ch\u1ebf \u0111\u1ed9 r\u1eeda c\u1ee7a m\u00e1y bao g\u1ed3m:<br \/>\n-R\u1eeda ti\u1ebft ki\u1ec7m\u00a0<strong>ECO<\/strong><br \/>\n-R\u1eeda chuy\u00ean s\u00e2u\u00a0<strong>Intensive<\/strong><br \/>\n-R\u1eeda th\u00f4ng th\u01b0\u1eddng\u00a0<strong>Normal<\/strong><br \/>\n-R\u1eeda nhanh\u00a0<strong>Rapid<\/strong><br \/>\n-R\u1eeda di\u1ec7t khu\u1ea9n\u00a0<strong>Hygiene<\/strong><br \/>\n-T\u1ef1 \u0111\u1ed9ng v\u1ec7 sinh m\u00e1y\u00a0<strong>Self Clean<\/strong><br \/>\n-S\u1ea5y kh\u00f4 \u0111\u1ed9c l\u1eadp\u00a0<strong>Dry<\/strong><br \/>\n<img decoding=\"async\" src=\"https:\/\/kocher.vn\/pic\/Product\/images\/MRB%20X15S\/Artboard%201%20copy%202.png\" alt=\"\" \/><br \/>\n<strong>II. S\u1ea5y kh\u00f4 th\u00f4ng minh v\u1edbi c\u00f4ng ngh\u1ec7 Extra Plus Drying<\/strong><br \/>\n<strong>S\u1ea5y kh\u00f4 nhanh ch\u00f3ng, hi\u1ec7u qu\u1ea3 cao<\/strong><br \/>\nV\u1edbi c\u00f4ng ngh\u1ec7 Extra Plus Drying, m\u00e1y r\u1eeda b\u00e1t K\u00f6cher X Series kh\u00f4ng ch\u1ec9 l\u00e0m s\u1ea1ch m\u00e0 c\u00f2n s\u1ea5y kh\u00f4 ho\u00e0n h\u1ea3o.<br \/>\nS\u1ea5y kh\u00f4 v\u01b0\u1ee3t tr\u1ed9i: \u0110\u1ea3m b\u1ea3o b\u00e1t \u0111\u0129a lu\u00f4n kh\u00f4 r\u00e1o, s\u1eb5n s\u00e0ng s\u1eed d\u1ee5ng ngay sau khi k\u1ebft th\u00fac chu tr\u00ecnh s\u1ea5y m\u00e0 kh\u00f4ng c\u1ea7n can thi\u1ec7p th\u1ee7 c\u00f4ng.<br \/>\nLo\u1ea1i b\u1ecf v\u1ebft n\u01b0\u1edbc: Gi\u00fap h\u1ea1n ch\u1ebf s\u1ef1 ph\u00e1t tri\u1ec3n c\u1ee7a vi khu\u1ea9n do \u1ea9m \u01b0\u1edbt, \u0111\u1ea3m b\u1ea3o an to\u00e0n trong qu\u00e1 tr\u00ecnh s\u1eed d\u1ee5ng.<br \/>\n<strong>T\u00f9y bi\u1ebfn linh ho\u1ea1t<\/strong><br \/>\nC\u00f4ng ngh\u1ec7 s\u1ea5y kh\u00f4 tr\u00ean m\u00e1y r\u1eeda b\u00e1t K\u00f6cher X Series c\u00f3 th\u1ec3 t\u00f9y ch\u1ecdn \u0111\u1ed9c l\u1eadp (kh\u00f4ng c\u1ea7n qua chu tr\u00ecnh r\u1eeda), v\u00ec v\u1eady b\u1ea1n ho\u00e0n to\u00e0n c\u00f3 th\u1ec3 s\u1eed d\u1ee5ng ch\u1ee9c n\u0103ng n\u00e0y nh\u01b0 m\u1ed9t chi\u1ebfc m\u00e1y s\u1ea5y \u0111\u00fang ngh\u0129a. \u0110i\u1ec1u n\u00e0y s\u1ebd \u0111\u1eb7c bi\u1ec7t ph\u00f9 h\u1ee3p v\u1edbi c\u00e1c gia \u0111\u00ecnh c\u00f3 tr\u1ebb nh\u1ecf, s\u1eed d\u1ee5ng \u0111\u1ec3 s\u1ea5y kh\u00f4 c\u00e1c v\u1eadt d\u1ee5ng c\u1ee7a b\u00e9.<br \/>\n<strong>III. Thi\u1ebft k\u1ebf Ultra Rack Plus \u2013 S\u1eafp x\u1ebfp b\u00e1t \u0111\u0129a d\u1ec5 d\u00e0ng<\/strong><br \/>\n<strong>3 gi\u00e0n r\u1eeda full size cho hi\u1ec7u qu\u1ea3 t\u1ed1i \u0111a<\/strong><br \/>\nM\u00e1y r\u1eeda b\u00e1t K\u00f6cher X Series t\u1ef1 h\u00e0o s\u1edf h\u1eefu h\u1ec7 th\u1ed1ng 3 gi\u00e0n r\u1eeda full size v\u1edbi kh\u1ea3 n\u0103ng x\u1eed l\u00fd \u0111\u1ed3ng th\u1eddi nhi\u1ec1u lo\u1ea1i \u0111\u1ed3 d\u00f9ng.<br \/>\nGi\u00e0n r\u1eeda \u0111a n\u0103ng: Gi\u00e0n r\u1eeda l\u1edbn cho n\u1ed3i, ch\u1ea3o; gi\u00e0n ri\u00eang cho b\u00e1t, \u0111\u0129a, ly; v\u00e0 gi\u00e0n thi\u1ebft k\u1ebf \u0111\u1eb7c bi\u1ec7t cho v\u1eadt d\u1ee5ng nh\u1ecf nh\u01b0 \u0111\u0169a, th\u00eca, dao.<br \/>\nPh\u00e2n chia h\u1ee3p l\u00fd: M\u1ed7i gi\u00e0n r\u1eeda \u0111\u01b0\u1ee3c thi\u1ebft k\u1ebf ri\u00eang bi\u1ec7t \u0111\u1ec3 t\u1ed1i \u01b0u hi\u1ec7u qu\u1ea3 ti\u1ebfp c\u1eadn c\u1ee7a tia n\u01b0\u1edbc, t\u1eeb \u0111\u00f3 mang l\u1ea1i k\u1ebft qu\u1ea3 r\u1eeda s\u1ea1ch to\u00e0n di\u1ec7n. C\u1ea3 3 gi\u00e0n r\u1eeda \u0111\u1ec1u c\u00f3 k\u00edch th\u01b0\u1edbc Full Size<br \/>\n<img decoding=\"async\" src=\"https:\/\/kocher.vn\/pic\/Product\/images\/MRB%20X15S\/17%20b%E1%BB%99%20X15S.png\" alt=\"\" \/><br \/>\n<strong>Nan x\u1ebfp b\u00e1t th\u00f4ng minh<\/strong><br \/>\n\u0110\u01b0\u1ee3c t\u1ed1i \u01b0u cho th\u1ecb tr\u01b0\u1eddng Vi\u1ec7t Nam, M\u00e1y r\u1eeda b\u00e1t K\u00f6cher X Series s\u1edf h\u1eefu khu v\u1ef1c x\u1ebfp b\u00e1t ri\u00eang bi\u1ec7t, gi\u00fap vi\u1ec7c s\u1eafp x\u1ebfp \u0111\u1ed3 tr\u1edf n\u00ean \u0111\u01a1n gi\u1ea3n v\u00e0 nhanh ch\u00f3ng.<br \/>\nS\u1eafp x\u1ebfp khoa h\u1ecdc: C\u00e1c nan x\u1ebfp \u0111\u01b0\u1ee3c b\u1ed1 tr\u00ed theo chi\u1ec1u d\u1ecdc, t\u1ed1i \u01b0u kh\u00f4ng gian v\u00e0 \u0111\u1ea3m b\u1ea3o m\u1ecdi b\u00e1t \u0111\u0129a \u0111\u01b0\u1ee3c phun n\u01b0\u1edbc \u0111\u1ec1u.<br \/>\nD\u1ec5 d\u00e0ng s\u1eed d\u1ee5ng: Ng\u01b0\u1eddi d\u00f9ng c\u00f3 th\u1ec3 nhanh ch\u00f3ng x\u1ebfp \u0111\u1eb7t \u0111\u1ed3 d\u00f9ng v\u00e0o m\u00e1y m\u00e0 kh\u00f4ng g\u1eb7p kh\u00f3 kh\u0103n, gi\u00fap t\u1ed1i \u0111a h\u00f3a dung t\u00edch 17 b\u1ed9 b\u00e1t \u0111\u0129a.<br \/>\n<img decoding=\"async\" src=\"https:\/\/kocher.vn\/pic\/Product\/images\/MRB%20X15S\/IMG_E6688.JPG\" alt=\"\" \/><br \/>\n<strong>IV. Thi\u1ebft k\u1ebf hi\u1ec7n \u0111\u1ea1i \u2013 K\u00edch th\u01b0\u1edbc 775mm t\u1ed1i \u01b0u cho m\u1ecdi gian b\u1ebfp<\/strong><br \/>\n<strong>T\u00edch h\u1ee3p li\u1ec1n m\u1ea1ch v\u00e0o kh\u00f4ng gian b\u1ebfp<\/strong><br \/>\nV\u1edbi chi\u1ec1u cao m\u00e1y ch\u1ec9 t\u1eeb 775mm, M\u00e1y r\u1eeda b\u00e1t K\u00f6cher X Series d\u1ec5 d\u00e0ng ph\u00f9 h\u1ee3p v\u1edbi m\u1ecdi ki\u1ec3u t\u1ee7 b\u1ebfp hi\u1ec7n \u0111\u1ea1i.<br \/>\nT\u1ed1i \u01b0u kh\u00f4ng gian: Thi\u1ebft k\u1ebf t\u1ed1i \u01b0u, gi\u00fap ti\u1ebft ki\u1ec7m kh\u00f4ng gian trong c\u0103n b\u1ebfp.<br \/>\nL\u1eafp \u0111\u1eb7t linh ho\u1ea1t: D\u1ec5 d\u00e0ng t\u00edch h\u1ee3p m\u00e0 kh\u00f4ng c\u1ea7n ph\u1ea3i \u0111i\u1ec1u ch\u1ec9nh chi\u1ec1u cao m\u1eb7t b\u00e0n b\u1ebfp, thu\u1eadn ti\u1ec7n cho m\u1ecdi thi\u1ebft k\u1ebf n\u1ed9i th\u1ea5t.<br \/>\n<img decoding=\"async\" src=\"https:\/\/kocher.vn\/pic\/Product\/images\/MRB%20X15S\/15S.png\" alt=\"\" \/><br \/>\n<strong>Ph\u00f9 h\u1ee3p v\u1edbi nhi\u1ec1u lo\u1ea1i t\u1ee7 b\u1ebfp<\/strong><br \/>\nK\u00edch th\u01b0\u1edbc 775mm cho ph\u00e9p s\u1ea3n ph\u1ea9m th\u00edch \u1ee9ng v\u1edbi \u0111a d\u1ea1ng c\u1ea5u tr\u00fac v\u00e0 k\u00edch th\u01b0\u1edbc c\u1ee7a t\u1ee7 b\u1ebfp.<br \/>\nT\u01b0\u01a1ng th\u00edch cao: Kh\u00f4ng c\u1ea7n ph\u1ea3i thay \u0111\u1ed5i hay t\u00f9y ch\u1ec9nh l\u1ea1i n\u1ed9i th\u1ea5t, gi\u1ea3m thi\u1ec3u chi ph\u00ed khi n\u00e2ng c\u1ea5p.<br \/>\nG\u1eafn li\u1ec1n gi\u00e1 tr\u1ecb th\u1ea9m m\u1ef9: gi\u00fap duy tr\u00ec v\u1ebb \u0111\u1eb9p v\u00e0 s\u1ef1 \u0111\u1ed3ng b\u1ed9 c\u1ee7a gian b\u1ebfp hi\u1ec7n \u0111\u1ea1i.<br \/>\n<img decoding=\"async\" src=\"https:\/\/kocher.vn\/pic\/Product\/images\/MRB%20X15S\/9.png\" alt=\"\" \/><br \/>\n<strong>V. Gi\u1ea3i ph\u00e1p l\u01b0u tr\u1eef b\u00e1t \u0111\u0129a 168 ti\u1ebfng &amp; b\u1ea3o v\u1ec7 s\u1ee9c kh\u1ecfe<\/strong><br \/>\n<strong>L\u01b0u tr\u1eef b\u00e1t \u0111\u0129a Fresh Air 168H<\/strong><br \/>\nM\u1ed9t trong nh\u1eefng t\u00ednh n\u0103ng \u0111\u1ed9t ph\u00e1 c\u1ee7a M\u00e1y r\u1eeda b\u00e1t K\u00f6cher X Series l\u00e0 ch\u1ebf \u0111\u1ed9 l\u01b0u tr\u1eef b\u00e1t \u0111\u0129a Fresh Air 168H.<br \/>\nB\u1ea3o qu\u1ea3n \u0111\u1ed3 d\u00f9ng: Gi\u1eef cho b\u00e1t \u0111\u0129a lu\u00f4n th\u01a1m tho, kh\u00f4 r\u00e1o v\u00e0 s\u1ea1ch khu\u1ea9n su\u1ed1t 168 ti\u1ebfng sau chu tr\u00ecnh r\u1eeda.<br \/>\nGi\u1ea3m thi\u1ec3u vi khu\u1ea9n: T\u1ea1o m\u00f4i tr\u01b0\u1eddng kh\u00f4 tho\u00e1ng v\u1edbi s\u1ef1 lu\u00e2n chuy\u1ec3n kh\u00ed li\u00ean t\u1ee5c, gi\u00fap h\u1ea1n ch\u1ebf s\u1ef1 ph\u00e1t tri\u1ec3n c\u1ee7a vi khu\u1ea9n v\u00e0 n\u1ea5m m\u1ed1c.<br \/>\n<strong>Di\u1ec7t khu\u1ea9n tri\u1ec7t \u0111\u1ec3 cho s\u1ee9c kh\u1ecfe gia \u0111\u00ecnh<\/strong><br \/>\nK\u1ebft h\u1ee3p gi\u1eefa c\u00f4ng ngh\u1ec7 Hygiene Wash v\u00e0 Fresh Air 168H, s\u1ea3n ph\u1ea9m b\u1ea3o \u0111\u1ea3m hi\u1ec7u qu\u1ea3 v\u1ec7 sinh v\u01b0\u1ee3t tr\u1ed9i.<br \/>\nB\u1ea3o v\u1ec7 s\u1ee9c kh\u1ecfe: M\u1ecdi \u0111\u1ed3 d\u00f9ng sau khi r\u1eeda \u0111\u1ec1u \u0111\u01b0\u1ee3c kh\u1eed khu\u1ea9n tri\u1ec7t \u0111\u1ec3, mang l\u1ea1i s\u1ef1 an t\u00e2m cho s\u1ee9c kh\u1ecfe c\u1ee7a c\u1ea3 gia \u0111\u00ecnh.<br \/>\nN\u00e2ng cao ti\u00eau chu\u1ea9n v\u1ec7 sinh: M\u00e1y r\u1eeda b\u00e1t K\u00f6cher X Series tr\u1edf th\u00e0nh ng\u01b0\u1eddi b\u1ea1n \u0111\u1ed3ng h\u00e0nh kh\u00f4ng th\u1ec3 thi\u1ebfu cho nh\u1eefng gia \u0111\u00ecnh coi tr\u1ecdng s\u1ef1 s\u1ea1ch s\u1ebd v\u00e0 an to\u00e0n.<br \/>\n<img decoding=\"async\" src=\"https:\/\/kocher.vn\/pic\/Product\/images\/MRB%20X15S\/S1.png\" alt=\"\" \/><br \/>\nM\u00e1y r\u1eeda b\u00e1t K\u00f6cher X Series l\u00e0 gi\u1ea3i ph\u00e1p to\u00e0n di\u1ec7n cho c\u0103n b\u1ebfp hi\u1ec7n \u0111\u1ea1i, gi\u00fap b\u1ea1n gi\u1ea3i quy\u1ebft b\u00e0i to\u00e1n r\u1eeda s\u1ea1ch, s\u1ea5y kh\u00f4, s\u1eafp x\u1ebfp v\u00e0 b\u1ea3o qu\u1ea3n \u0111\u1ed3 d\u00f9ng m\u1ed9t c\u00e1ch hi\u1ec7u qu\u1ea3. V\u1edbi nh\u1eefng t\u00ednh n\u0103ng \u01b0u vi\u1ec7t nh\u01b0 c\u00f4ng ngh\u1ec7 r\u1eeda s\u1ea1ch, s\u1ea5y kh\u00f4 Extra Plus Drying, h\u1ec7 th\u1ed1ng 3 gi\u00e0n r\u1eeda full size, k\u00edch th\u01b0\u1edbc ch\u1ec9 t\u1eeb 775mm v\u00e0 ch\u1ebf \u0111\u1ed9 l\u01b0u tr\u1eef b\u00e1t \u0111\u0129a Fresh Air 168H, s\u1ea3n ph\u1ea9m kh\u00f4ng ch\u1ec9 ti\u1ebft ki\u1ec7m th\u1eddi gian, c\u00f4ng s\u1ee9c m\u00e0 c\u00f2n \u0111\u1ea3m b\u1ea3o di\u1ec7t khu\u1ea9n tri\u1ec7t \u0111\u1ec3, gi\u1eef cho \u0111\u1ed3 d\u00f9ng lu\u00f4n an to\u00e0n.<br \/>\n<img decoding=\"async\" src=\"https:\/\/kocher.vn\/pic\/Product\/images\/MRB%20X15S\/S2.png\" alt=\"\" \/><\/p>\n","protected":false},"excerpt":{"rendered":"<p>M\u00e1y r\u1eeda b\u00e1t Kocher X Series \u2013 Gi\u1ea3i ph\u00e1p t\u1ed1i \u01b0u cho c\u0103n b\u1ebfp gia \u0111\u00ecnh Vi\u1ec7t Nam Trong cu\u1ed9c s\u1ed1ng b\u1eadn r\u1ed9n ng\u00e0y nay, vi\u1ec7c duy tr\u00ec m\u1ed9t c\u0103n b\u1ebfp s\u1ea1ch s\u1ebd v\u00e0 g\u1ecdn g\u00e0ng lu\u00f4n l\u00e0 \u01b0u ti\u00ean h\u00e0ng \u0111\u1ea7u c\u1ee7a c\u00e1c gia \u0111\u00ecnh hi\u1ec7n \u0111\u1ea1i. M\u00e1y r\u1eeda b\u00e1t kh\u00f4ng ch\u1ec9 gi\u00fap ti\u1ebft&#8230;<\/p>\n","protected":false},"featured_media":6069,"comment_status":"open","ping_status":"closed","template":"","meta":[],"product_brand":[],"product_cat":[47,138],"product_tag":[],"class_list":{"0":"post-6068","1":"product","2":"type-product","3":"status-publish","4":"has-post-thumbnail","6":"product_cat-may-rua-bat","7":"product_cat-kocher-may-rua-bat","9":"first","10":"instock","11":"shipping-taxable","12":"product-type-simple"},"_links":{"self":[{"href":"https:\/\/nhadepbepxinh.com.vn\/index.php?rest_route=\/wp\/v2\/product\/6068","targetHints":{"allow":["GET"]}}],"collection":[{"href":"https:\/\/nhadepbepxinh.com.vn\/index.php?rest_route=\/wp\/v2\/product"}],"about":[{"href":"https:\/\/nhadepbepxinh.com.vn\/index.php?rest_route=\/wp\/v2\/types\/product"}],"replies":[{"embeddable":true,"href":"https:\/\/nhadepbepxinh.com.vn\/index.php?rest_route=%2Fwp%2Fv2%2Fcomments&post=6068"}],"wp:featuredmedia":[{"embeddable":true,"href":"https:\/\/nhadepbepxinh.com.vn\/index.php?rest_route=\/wp\/v2\/media\/6069"}],"wp:attachment":[{"href":"https:\/\/nhadepbepxinh.com.vn\/index.php?rest_route=%2Fwp%2Fv2%2Fmedia&parent=6068"}],"wp:term":[{"taxonomy":"product_brand","embeddable":true,"href":"https:\/\/nhadepbepxinh.com.vn\/index.php?rest_route=%2Fwp%2Fv2%2Fproduct_brand&post=6068"},{"taxonomy":"product_cat","embeddable":true,"href":"https:\/\/nhadepbepxinh.com.vn\/index.php?rest_route=%2Fwp%2Fv2%2Fproduct_cat&post=6068"},{"taxonomy":"product_tag","embeddable":true,"href":"https:\/\/nhadepbepxinh.com.vn\/index.php?rest_route=%2Fwp%2Fv2%2Fproduct_tag&post=6068"}],"curies":[{"name":"wp","href":"https:\/\/api.w.org\/{rel}","templated":true}]}}