{"id":6044,"date":"2025-09-23T16:33:46","date_gmt":"2025-09-23T09:33:46","guid":{"rendered":"https:\/\/nhadepbepxinh.com.vn\/?post_type=product&#038;p=6044"},"modified":"2025-09-23T16:33:46","modified_gmt":"2025-09-23T09:33:46","slug":"voi-chau-lavabo-korest-k2100","status":"publish","type":"product","link":"https:\/\/nhadepbepxinh.com.vn\/?product=voi-chau-lavabo-korest-k2100","title":{"rendered":"V\u00f2i ch\u1eadu lavabo Korest K2100"},"content":{"rendered":"<p><em>V\u00f2i ch\u1eadu lavabo K2100 l\u00e0 m\u1ed9t m\u00e3 v\u00f2i ch\u1eadu \u0111\u01b0\u1ee3c \u0111\u00f4ng \u0111\u1ea3o kh\u00e1ch h\u00e0ng \u01b0a chu\u1ed9ng. C\u00f9ng t\u00ecm hi\u1ec3u s\u1ea3n ph\u1ea9m hi\u1ec7n \u0111\u1ea1i n\u00e0y trong b\u00e0i vi\u1ebft sau.<\/em><\/p>\n<p><em><img loading=\"lazy\" decoding=\"async\" class=\"aligncenter wp-image-6550 size-full lazyloaded\" title=\"V\u00f2i ch\u1eadu lavabo K2100\" src=\"https:\/\/korest.vn\/wp-content\/uploads\/2022\/01\/Voi-chau-lavabo-K2100.jpg\" sizes=\"auto, (max-width: 600px) 100vw, 600px\" srcset=\"https:\/\/korest.vn\/wp-content\/uploads\/2022\/01\/Voi-chau-lavabo-K2100.jpg?v=1664336657 600w, https:\/\/korest.vn\/wp-content\/uploads\/2022\/01\/Voi-chau-lavabo-K2100-375x375.jpg?v=1664336657 375w, https:\/\/korest.vn\/wp-content\/uploads\/2022\/01\/Voi-chau-lavabo-K2100-575x575.jpg?v=1664336657 575w, https:\/\/korest.vn\/wp-content\/uploads\/2022\/01\/Voi-chau-lavabo-K2100-150x150.jpg?v=1664336657 150w\" alt=\"V\u00f2i ch\u1eadu lavabo K2100\" width=\"600\" height=\"600\" data-ll-status=\"loaded\" \/><\/em><\/p>\n<p><em>H\u00ecnh \u1ea3nh s\u1ea3n ph\u1ea9m<\/em><\/p>\n<h2><strong>1. \u0110\u1eb7c \u0111i\u1ec3m c\u1ee7a v\u00f2i ch\u1eadu lavabo K2100<\/strong><\/h2>\n<ul>\n<li>Thi\u1ebft k\u1ebf hi\u1ec7n \u0111\u1ea1i, sang tr\u1ecdng.<\/li>\n<li>Th\u00edch h\u1ee3p v\u1edbi nhi\u1ec1u kh\u00f4ng gian, k\u1ec3 c\u1ea3 kh\u00f4ng gian nh\u1ecf.<\/li>\n<li>D\u1ec5 ph\u1ed1i k\u1ebft h\u1ee3p v\u1edbi c\u00e1c \u0111\u1ed3 d\u00f9ng kh\u00e1c t\u1ea1o n\u00ean t\u1ed5ng th\u1ec3 h\u00e0i h\u00f2a.<\/li>\n<li>Ch\u1ea5t li\u1ec7u \u0111\u1ed3ng cao c\u1ea5p, b\u1ec1n ch\u1eafc, m\u1ea1 niken-crom s\u00e1ng b\u00f3ng.<\/li>\n<li>S\u1eed d\u1ee5ng cho ch\u1eadu r\u1eeda \u00e2m b\u00e0n, d\u01b0\u01a1ng v\u00e0nh, treo t\u01b0\u1eddng.<\/li>\n<li>S\u1ea3n ph\u1ea9m ch\u01b0a bao g\u1ed3m xi ph\u00f4ng<\/li>\n<\/ul>\n<h2><strong>2. T\u1ea1i sao b\u1ea1n n\u00ean l\u1ef1a ch\u1ecdn v\u00f2i ch\u1eadu lavabo K2100 c\u1ee7a KOREST?<\/strong><\/h2>\n<ul>\n<li>KOREST s\u1edf h\u1eefu h\u1ec7 th\u1ed1ng \u0111\u1ea1i l\u00fd uy t\u00edn, \u0111\u00f4ng \u0111\u1ea3o tr\u00ean to\u00e0n qu\u1ed1c.<\/li>\n<li>Th\u01b0\u01a1ng hi\u1ec7u Thi\u1ebft b\u1ecb v\u1ec7 sinh KOREST \u0111\u01b0\u1ee3c b\u1ea3o h\u1ed9 t\u1ea1i CHLB \u0110\u1ee9c, \u0111\u1ea1t ti\u00eau chu\u1ea9n xu\u1ea5t \u00c2u, M\u1ef9.<\/li>\n<li>D\u1ecbch v\u1ee5 t\u01b0 v\u1ea5n b\u00e1n h\u00e0ng, b\u1ea3o h\u00e0nh chuy\u00ean nghi\u1ec7p, nhi\u1ec7t th\u00e0nh khi\u1ebfn b\u1ea1n h\u00e0i l\u00f2ng.<\/li>\n<\/ul>\n<p>&nbsp;<\/p>\n<ul>\n<li>Ph\u00f9 h\u1ee3p v\u1edbi nhi\u1ec1u m\u00f4i tr\u01b0\u1eddng n\u01b0\u1edbc.<\/li>\n<li>S\u1ea3n ph\u1ea9m c\u00f3 \u0111\u1ed9 b\u1ec1n t\u1ed1t, th\u00edch nghi t\u1ed1t v\u1edbi m\u00f4i tr\u01b0\u1eddng \u0111a d\u1ea1ng c\u1ee7a nhi\u1ec1u v\u00f9ng mi\u1ec1n kh\u1eafp c\u1ea3 n\u01b0\u1edbc.<\/li>\n<\/ul>\n","protected":false},"excerpt":{"rendered":"<p>V\u00f2i ch\u1eadu lavabo K2100 l\u00e0 m\u1ed9t m\u00e3 v\u00f2i ch\u1eadu \u0111\u01b0\u1ee3c \u0111\u00f4ng \u0111\u1ea3o kh\u00e1ch h\u00e0ng \u01b0a chu\u1ed9ng. C\u00f9ng t\u00ecm hi\u1ec3u s\u1ea3n ph\u1ea9m hi\u1ec7n \u0111\u1ea1i n\u00e0y trong b\u00e0i vi\u1ebft sau. H\u00ecnh \u1ea3nh s\u1ea3n ph\u1ea9m 1. \u0110\u1eb7c \u0111i\u1ec3m c\u1ee7a v\u00f2i ch\u1eadu lavabo K2100 Thi\u1ebft k\u1ebf hi\u1ec7n \u0111\u1ea1i, sang tr\u1ecdng. Th\u00edch h\u1ee3p v\u1edbi nhi\u1ec1u kh\u00f4ng gian, k\u1ec3 c\u1ea3 kh\u00f4ng&#8230;<\/p>\n","protected":false},"featured_media":6045,"comment_status":"open","ping_status":"closed","template":"","meta":[],"product_brand":[],"product_cat":[18,28],"product_tag":[],"class_list":{"0":"post-6044","1":"product","2":"type-product","3":"status-publish","4":"has-post-thumbnail","6":"product_cat-thiet-bi-ve-sinh","7":"product_cat-voi-lavabo","9":"first","10":"instock","11":"shipping-taxable","12":"product-type-simple"},"_links":{"self":[{"href":"https:\/\/nhadepbepxinh.com.vn\/index.php?rest_route=\/wp\/v2\/product\/6044","targetHints":{"allow":["GET"]}}],"collection":[{"href":"https:\/\/nhadepbepxinh.com.vn\/index.php?rest_route=\/wp\/v2\/product"}],"about":[{"href":"https:\/\/nhadepbepxinh.com.vn\/index.php?rest_route=\/wp\/v2\/types\/product"}],"replies":[{"embeddable":true,"href":"https:\/\/nhadepbepxinh.com.vn\/index.php?rest_route=%2Fwp%2Fv2%2Fcomments&post=6044"}],"wp:featuredmedia":[{"embeddable":true,"href":"https:\/\/nhadepbepxinh.com.vn\/index.php?rest_route=\/wp\/v2\/media\/6045"}],"wp:attachment":[{"href":"https:\/\/nhadepbepxinh.com.vn\/index.php?rest_route=%2Fwp%2Fv2%2Fmedia&parent=6044"}],"wp:term":[{"taxonomy":"product_brand","embeddable":true,"href":"https:\/\/nhadepbepxinh.com.vn\/index.php?rest_route=%2Fwp%2Fv2%2Fproduct_brand&post=6044"},{"taxonomy":"product_cat","embeddable":true,"href":"https:\/\/nhadepbepxinh.com.vn\/index.php?rest_route=%2Fwp%2Fv2%2Fproduct_cat&post=6044"},{"taxonomy":"product_tag","embeddable":true,"href":"https:\/\/nhadepbepxinh.com.vn\/index.php?rest_route=%2Fwp%2Fv2%2Fproduct_tag&post=6044"}],"curies":[{"name":"wp","href":"https:\/\/api.w.org\/{rel}","templated":true}]}}