{"id":6039,"date":"2025-09-23T16:21:19","date_gmt":"2025-09-23T09:21:19","guid":{"rendered":"https:\/\/nhadepbepxinh.com.vn\/?post_type=product&#038;p=6039"},"modified":"2025-09-23T16:21:20","modified_gmt":"2025-09-23T09:21:20","slug":"bo-sen-tam-cay-cao-cap-korest-k1102","status":"publish","type":"product","link":"https:\/\/nhadepbepxinh.com.vn\/?product=bo-sen-tam-cay-cao-cap-korest-k1102","title":{"rendered":"B\u1ed9 sen t\u1eafm c\u00e2y cao c\u1ea5p Korest K1102"},"content":{"rendered":"<p>M\u00e3 s\u1ea3n ph\u1ea9m: K1102<br \/>\n\u2013 Lo\u1ea1i: B\u1ed9 sen t\u1eafm c\u00e2y<br \/>\n\u2013 Ch\u1ea5t li\u1ec7u: \u0110\u1ed3ng 62%<br \/>\n\u2013 M\u1ea1: Niken + Crom m\u1edd + crom b\u00f3ng<br \/>\n\u2013 \u00c1p l\u1ef1c n\u01b0\u1edbc c\u1ea5p 0.5 \u2013 0.75 Mpa<br \/>\n\u2013 b\u00e1t sen nh\u1ecf 2 ch\u1ebf \u0111\u1ed9 t\u1eafm<br \/>\n\u2013 B\u1ea3o h\u00e0nh 5 n\u0103m \u0111\u1ed1i v\u1edbi ph\u1ea7n c\u1ee7 c\u1ea7n , 36 th\u00e1ng \u0111\u1ed1i v\u1edbi c\u00e1c b\u1ed9 ph\u1eadn c\u00f2n l\u1ea1i (Y\u00eau c\u1ea7u k\u00edch ho\u1ea1t b\u1ea3o h\u00e0nh \u0111i\u1ec7n t\u1eed)<\/p>\n","protected":false},"excerpt":{"rendered":"<p>M\u00e3 s\u1ea3n ph\u1ea9m: K1102 \u2013 Lo\u1ea1i: B\u1ed9 sen t\u1eafm c\u00e2y \u2013 Ch\u1ea5t li\u1ec7u: \u0110\u1ed3ng 62% \u2013 M\u1ea1: Niken + Crom m\u1edd + crom b\u00f3ng \u2013 \u00c1p l\u1ef1c n\u01b0\u1edbc c\u1ea5p 0.5 \u2013 0.75 Mpa \u2013 b\u00e1t sen nh\u1ecf 2 ch\u1ebf \u0111\u1ed9 t\u1eafm \u2013 B\u1ea3o h\u00e0nh 5 n\u0103m \u0111\u1ed1i v\u1edbi ph\u1ea7n c\u1ee7 c\u1ea7n , 36 th\u00e1ng \u0111\u1ed1i&#8230;<\/p>\n","protected":false},"featured_media":6040,"comment_status":"open","ping_status":"closed","template":"","meta":[],"product_brand":[],"product_cat":[18,29],"product_tag":[],"class_list":{"0":"post-6039","1":"product","2":"type-product","3":"status-publish","4":"has-post-thumbnail","6":"product_cat-thiet-bi-ve-sinh","7":"product_cat-sen-cay","9":"first","10":"instock","11":"shipping-taxable","12":"product-type-simple"},"_links":{"self":[{"href":"https:\/\/nhadepbepxinh.com.vn\/index.php?rest_route=\/wp\/v2\/product\/6039","targetHints":{"allow":["GET"]}}],"collection":[{"href":"https:\/\/nhadepbepxinh.com.vn\/index.php?rest_route=\/wp\/v2\/product"}],"about":[{"href":"https:\/\/nhadepbepxinh.com.vn\/index.php?rest_route=\/wp\/v2\/types\/product"}],"replies":[{"embeddable":true,"href":"https:\/\/nhadepbepxinh.com.vn\/index.php?rest_route=%2Fwp%2Fv2%2Fcomments&post=6039"}],"wp:featuredmedia":[{"embeddable":true,"href":"https:\/\/nhadepbepxinh.com.vn\/index.php?rest_route=\/wp\/v2\/media\/6040"}],"wp:attachment":[{"href":"https:\/\/nhadepbepxinh.com.vn\/index.php?rest_route=%2Fwp%2Fv2%2Fmedia&parent=6039"}],"wp:term":[{"taxonomy":"product_brand","embeddable":true,"href":"https:\/\/nhadepbepxinh.com.vn\/index.php?rest_route=%2Fwp%2Fv2%2Fproduct_brand&post=6039"},{"taxonomy":"product_cat","embeddable":true,"href":"https:\/\/nhadepbepxinh.com.vn\/index.php?rest_route=%2Fwp%2Fv2%2Fproduct_cat&post=6039"},{"taxonomy":"product_tag","embeddable":true,"href":"https:\/\/nhadepbepxinh.com.vn\/index.php?rest_route=%2Fwp%2Fv2%2Fproduct_tag&post=6039"}],"curies":[{"name":"wp","href":"https:\/\/api.w.org\/{rel}","templated":true}]}}