{"id":6027,"date":"2025-09-23T16:16:46","date_gmt":"2025-09-23T09:16:46","guid":{"rendered":"https:\/\/nhadepbepxinh.com.vn\/?post_type=product&#038;p=6027"},"modified":"2025-09-23T16:16:46","modified_gmt":"2025-09-23T09:16:46","slug":"bon-cau-1-khoi-korest-bkr9912","status":"publish","type":"product","link":"https:\/\/nhadepbepxinh.com.vn\/?product=bon-cau-1-khoi-korest-bkr9912","title":{"rendered":"B\u1ed3n c\u1ea7u 1 kh\u1ed1i Korest BKR9912"},"content":{"rendered":"<h2><strong>M\u1ed9t s\u1ed1 h\u00ecnh \u1ea3nh b\u00e0n c\u1ea7u 1 kh\u1ed1i BKR9912<\/strong><\/h2>\n<figure id=\"attachment_8796\" class=\"wp-caption aligncenter\" aria-describedby=\"caption-attachment-8796\"><img loading=\"lazy\" decoding=\"async\" class=\"wp-image-8796 lazyloaded\" src=\"https:\/\/korest.vn\/wp-content\/uploads\/2024\/03\/Ban-cau-1-khoi-BKR9912-Anh-thuc-te-.jpg\" sizes=\"auto, (max-width: 545px) 100vw, 545px\" srcset=\"https:\/\/korest.vn\/wp-content\/uploads\/2024\/03\/Ban-cau-1-khoi-BKR9912-Anh-thuc-te-.jpg 1200w, https:\/\/korest.vn\/wp-content\/uploads\/2024\/03\/Ban-cau-1-khoi-BKR9912-Anh-thuc-te--375x375.jpg 375w, https:\/\/korest.vn\/wp-content\/uploads\/2024\/03\/Ban-cau-1-khoi-BKR9912-Anh-thuc-te--575x575.jpg 575w, https:\/\/korest.vn\/wp-content\/uploads\/2024\/03\/Ban-cau-1-khoi-BKR9912-Anh-thuc-te--150x150.jpg 150w\" alt=\"Ba\u0300n ca\u0302\u0300u 1 kho\u0302\u0301i BKR9912 - A\u0309nh thu\u031b\u0323c te\u0302\u0301\" width=\"545\" height=\"545\" data-ll-status=\"loaded\" \/><figcaption id=\"caption-attachment-8796\" class=\"wp-caption-text\">Ba\u0300n ca\u0302\u0300u 1 kho\u0302\u0301i BKR9912 \u2013\u00a0<em>A\u0309nh thu\u031b\u0323c te\u0302\u0301<\/em><\/figcaption><\/figure>\n<figure id=\"attachment_8797\" class=\"wp-caption aligncenter\" aria-describedby=\"caption-attachment-8797\"><img loading=\"lazy\" decoding=\"async\" class=\"wp-image-8797 lazyloaded\" src=\"https:\/\/korest.vn\/wp-content\/uploads\/2024\/03\/Ban-cau-1-khoi-BKR9912-Anh-thuc-te1.jpg\" sizes=\"auto, (max-width: 545px) 100vw, 545px\" srcset=\"https:\/\/korest.vn\/wp-content\/uploads\/2024\/03\/Ban-cau-1-khoi-BKR9912-Anh-thuc-te1.jpg 1200w, https:\/\/korest.vn\/wp-content\/uploads\/2024\/03\/Ban-cau-1-khoi-BKR9912-Anh-thuc-te1-375x375.jpg 375w, https:\/\/korest.vn\/wp-content\/uploads\/2024\/03\/Ban-cau-1-khoi-BKR9912-Anh-thuc-te1-575x575.jpg 575w, https:\/\/korest.vn\/wp-content\/uploads\/2024\/03\/Ban-cau-1-khoi-BKR9912-Anh-thuc-te1-150x150.jpg 150w\" alt=\"Ba\u0300n ca\u0302\u0300u 1 kho\u0302\u0301i BKR9912 - A\u0309nh thu\u031b\u0323c te\u0302\u03011\" width=\"545\" height=\"545\" data-ll-status=\"loaded\" \/><figcaption id=\"caption-attachment-8797\" class=\"wp-caption-text\">Ba\u0300n ca\u0302\u0300u 1 kho\u0302\u0301i BKR9912 \u2013\u00a0<em>A\u0309nh thu\u031b\u0323c te\u0302\u03011<\/em><\/figcaption><\/figure>\n<figure id=\"attachment_8798\" class=\"wp-caption aligncenter\" aria-describedby=\"caption-attachment-8798\"><img loading=\"lazy\" decoding=\"async\" class=\"wp-image-8798 lazyloaded\" src=\"https:\/\/korest.vn\/wp-content\/uploads\/2024\/03\/Ban-cau-1-khoi-BKR9912-Anh-thuc-te2.jpg\" sizes=\"auto, (max-width: 545px) 100vw, 545px\" srcset=\"https:\/\/korest.vn\/wp-content\/uploads\/2024\/03\/Ban-cau-1-khoi-BKR9912-Anh-thuc-te2.jpg 1200w, https:\/\/korest.vn\/wp-content\/uploads\/2024\/03\/Ban-cau-1-khoi-BKR9912-Anh-thuc-te2-375x375.jpg 375w, https:\/\/korest.vn\/wp-content\/uploads\/2024\/03\/Ban-cau-1-khoi-BKR9912-Anh-thuc-te2-575x575.jpg 575w, https:\/\/korest.vn\/wp-content\/uploads\/2024\/03\/Ban-cau-1-khoi-BKR9912-Anh-thuc-te2-150x150.jpg 150w\" alt=\"Ba\u0300n ca\u0302\u0300u 1 kho\u0302\u0301i BKR9912 - A\u0309nh thu\u031b\u0323c te\u0302\u03012\" width=\"545\" height=\"545\" data-ll-status=\"loaded\" \/><figcaption id=\"caption-attachment-8798\" class=\"wp-caption-text\">Ba\u0300n ca\u0302\u0300u 1 kho\u0302\u0301i BKR9912 \u2013\u00a0<em>A\u0309nh thu\u031b\u0323c te\u0302\u03012<\/em><\/figcaption><\/figure>\n<figure id=\"attachment_8799\" class=\"wp-caption aligncenter\" aria-describedby=\"caption-attachment-8799\"><img loading=\"lazy\" decoding=\"async\" class=\"wp-image-8799 lazyloaded\" src=\"https:\/\/korest.vn\/wp-content\/uploads\/2024\/03\/Ban-cau-1-khoi-BKR9912-Nap-ket-nuoc.jpg\" sizes=\"auto, (max-width: 545px) 100vw, 545px\" srcset=\"https:\/\/korest.vn\/wp-content\/uploads\/2024\/03\/Ban-cau-1-khoi-BKR9912-Nap-ket-nuoc.jpg 1200w, https:\/\/korest.vn\/wp-content\/uploads\/2024\/03\/Ban-cau-1-khoi-BKR9912-Nap-ket-nuoc-375x375.jpg 375w, https:\/\/korest.vn\/wp-content\/uploads\/2024\/03\/Ban-cau-1-khoi-BKR9912-Nap-ket-nuoc-575x575.jpg 575w, https:\/\/korest.vn\/wp-content\/uploads\/2024\/03\/Ban-cau-1-khoi-BKR9912-Nap-ket-nuoc-150x150.jpg 150w\" alt=\"Ba\u0300n ca\u0302\u0300u 1 kho\u0302\u0301i BKR9912 - Na\u0306\u0301p ke\u0301t nu\u031bo\u031b\u0301c\" width=\"545\" height=\"545\" data-ll-status=\"loaded\" \/><figcaption id=\"caption-attachment-8799\" class=\"wp-caption-text\">Ba\u0300n ca\u0302\u0300u 1 kho\u0302\u0301i BKR9912 \u2013\u00a0<em>Na\u0306\u0301p ke\u0301t nu\u031bo\u031b\u0301c<\/em><\/figcaption><\/figure>\n<figure id=\"attachment_8115\" class=\"wp-caption aligncenter\" aria-describedby=\"caption-attachment-8115\"><img loading=\"lazy\" decoding=\"async\" class=\"wp-image-8115 lazyloaded\" src=\"https:\/\/korest.vn\/wp-content\/uploads\/2024\/03\/BKR9912-wm.jpg\" sizes=\"auto, (max-width: 545px) 100vw, 545px\" srcset=\"https:\/\/korest.vn\/wp-content\/uploads\/2024\/03\/BKR9912-wm.jpg 1200w, https:\/\/korest.vn\/wp-content\/uploads\/2024\/03\/BKR9912-wm-375x375.jpg 375w, https:\/\/korest.vn\/wp-content\/uploads\/2024\/03\/BKR9912-wm-575x575.jpg 575w, https:\/\/korest.vn\/wp-content\/uploads\/2024\/03\/BKR9912-wm-150x150.jpg 150w\" alt=\"B\u00e0n c\u1ea7u 1 kh\u1ed1i cao c\u1ea5p BKR9912\" width=\"545\" height=\"545\" data-ll-status=\"loaded\" \/><figcaption id=\"caption-attachment-8115\" class=\"wp-caption-text\">B\u00e0n c\u1ea7u 1 kh\u1ed1i BKR9912<\/figcaption><\/figure>\n<h2><strong>Th\u00f4ng s\u1ed1 k\u1ef9 thu\u1eadt<\/strong><\/h2>\n<ul>\n<li aria-level=\"1\">Lo\u1ea1i: B\u00e0n c\u1ea7u 1 kh\u1ed1i, b\u1ec7t li\u1ec1n k\u00e9t, b\u1ed3n c\u1ea7u 1 kh\u1ed1i<\/li>\n<li aria-level=\"1\">M\u00e3 s\u1ea3n ph\u1ea9m BKR9912<\/li>\n<li aria-level=\"1\">K\u00edch th\u01b0\u1edbc: 700x390x670mm<\/li>\n<li aria-level=\"1\">H\u1ec7 x\u1ea3: X\u1ea3 th\u00e1c \u0111a \u0111i\u1ec3m k\u1ebft h\u1ee3p tia \u0111\u1ea9y<\/li>\n<li aria-level=\"1\">T\u00e2m tho\u00e1t S-trap 300 mm<\/li>\n<li aria-level=\"1\">\u1ed0ng tho\u00e1t y\u00eau c\u1ea7u: \u00d8 90<\/li>\n<li aria-level=\"1\">V\u00e0nh Rimfree (v\u00e0nh th\u1eb3ng kh\u00f4ng g\u00f3c khu\u1ea5t)<\/li>\n<li aria-level=\"1\">C\u00f4ng ngh\u1ec7 men: K-nano ceramic<\/li>\n<li aria-level=\"1\">N\u1eafp PP cao c\u1ea5p \u0111\u00f3ng \u00eam, v\u1edbi c\u01a1 ch\u1ebf th\u00e1o l\u1eafp d\u1ec5 d\u00e0ng (b\u1ea3o h\u00e0nh \u1ed1 v\u00e0ng, \u0111\u00f3ng \u00eam 3 n\u0103m)<\/li>\n<li aria-level=\"1\">2 ch\u1ebf \u0111\u1ed9 x\u1ea3 ti\u1ec3u, x\u1ea3 \u0111\u1ea1i, ti\u1ebft ki\u1ec7m n\u01b0\u1edbc<\/li>\n<li aria-level=\"1\">S\u1eed d\u1ee5ng b\u1ed9 ph\u1ee5 ki\u1ec7n k\u00e9t n\u01b0\u1edbc Filter (b\u1ea3o h\u00e0nh 3 n\u0103m)*(Y\u00eau c\u1ea7u k\u00edch ho\u1ea1t BH\u0110T)<\/li>\n<li aria-level=\"1\">Ph\u1ee5 ki\u1ec7n \u0111i k\u00e8m: D\u00e2y c\u1ea5p, van chia n\u01b0\u1edbc ch\u1eef T, gio\u0103ng ch\u1ed1ng m\u00f9i<\/li>\n<\/ul>\n<h2><b>D\u1ecbch v\u1ee5 b\u1ea3o h\u00e0nh uy t\u00edn khi mua b\u00e0n c\u1ea7u 1 kh\u1ed1i BKR9912<\/b><\/h2>\n<p>L\u1edbp men s\u1ee9 c\u1ee7a\u00a0<b>b\u00e0n c\u1ea7u 1 kh\u1ed1i BKR9912<\/b>\u00a0\u0111\u01b0\u1ee3c b\u1ea3o h\u00e0nh l\u00ean \u0111\u1ebfn 10 n\u0103m gi\u00fap kh\u00e1ch h\u00e0ng an t\u00e2m khi s\u1eed d\u1ee5ng. V\u1edbi h\u1ec7 th\u1ed1ng h\u01a1n 100 c\u1eeda h\u00e0ng, \u0111\u1ea1i l\u00fd \u1ee7y quy\u1ec1n tr\u00ean to\u00e0n qu\u1ed1c, KOREST s\u1eb5n s\u00e0ng ph\u1ee5c v\u1ee5 b\u1ea1n \u1edf b\u1ea5t c\u1ee9 \u0111\u00e2u. Trong th\u1eddi gian b\u1ea3o h\u00e0nh, b\u1ea5t c\u1ee9 khi n\u00e0o b\u1ea1n th\u1ea5y s\u1ea3n ph\u1ea9m b\u1ecb h\u1ecfng hay ho\u1ea1t \u0111\u1ed9ng c\u00f3 v\u1ea5n \u0111\u1ec1, h\u00e3y li\u00ean h\u1ec7 ngay cho KOREST \u0111\u1ec3 \u0111\u01b0\u1ee3c kh\u1eafc ph\u1ee5c ho\u1eb7c \u0111\u1ed5i m\u1edbi.<\/p>\n<p>C\u00f4ng ngh\u1ec7 b\u1ea3o h\u00e0nh \u0111i\u1ec7n t\u1eed hi\u1ec7n \u0111\u1ea1i \u0111\u01b0\u1ee3c KOREST \u00e1p d\u1ee5ng v\u1edbi<b>\u00a0BKR9912<\/b>\u00a0gi\u00fap qu\u00fd v\u1ecb kh\u00f4ng c\u00f2n v\u1ea5t v\u1ea3 l\u01b0u gi\u1eef qu\u00e1 nhi\u1ec1u gi\u1ea5y t\u1edd v\u1ec1 s\u1ea3n ph\u1ea9m, d\u1ec5 d\u00e0ng thu\u1eadn ti\u1ec7n ki\u1ec3m tra th\u1eddi h\u1ea1n b\u1ea3o h\u00e0nh s\u1ea3n ph\u1ea9m ch\u1ec9 v\u1edbi thi\u1ebft b\u1ecb di \u0111\u1ed9ng th\u00f4ng minh. H\u01a1n n\u1eefa, c\u00f4ng ngh\u1ec7 b\u1ea3o h\u00e0nh \u0111i\u1ec7n t\u1eed c\u00f2n l\u00e0 c\u00e1ch b\u1ea3o v\u1ec7 ng\u01b0\u1eddi ti\u00eau d\u00f9ng hi\u1ec7u qu\u1ea3 khi \u0111\u1ea3m b\u1ea3o b\u1ea1n \u0111\u00e3 mua \u0111\u00fang thi\u1ebft b\u1ecb v\u1ec7 sinh<b>\u00a0BKR9912<\/b>\u00a0ch\u00ednh h\u00e3ng KOREST.<\/p>\n","protected":false},"excerpt":{"rendered":"<p>M\u1ed9t s\u1ed1 h\u00ecnh \u1ea3nh b\u00e0n c\u1ea7u 1 kh\u1ed1i BKR9912 Ba\u0300n ca\u0302\u0300u 1 kho\u0302\u0301i BKR9912 \u2013\u00a0A\u0309nh thu\u031b\u0323c te\u0302\u0301 Ba\u0300n ca\u0302\u0300u 1 kho\u0302\u0301i BKR9912 \u2013\u00a0A\u0309nh thu\u031b\u0323c te\u0302\u03011 Ba\u0300n ca\u0302\u0300u 1 kho\u0302\u0301i BKR9912 \u2013\u00a0A\u0309nh thu\u031b\u0323c te\u0302\u03012 Ba\u0300n ca\u0302\u0300u 1 kho\u0302\u0301i BKR9912 \u2013\u00a0Na\u0306\u0301p ke\u0301t nu\u031bo\u031b\u0301c B\u00e0n c\u1ea7u 1 kh\u1ed1i BKR9912 Th\u00f4ng s\u1ed1 k\u1ef9 thu\u1eadt Lo\u1ea1i: B\u00e0n c\u1ea7u 1 kh\u1ed1i,&#8230;<\/p>\n","protected":false},"featured_media":6028,"comment_status":"open","ping_status":"closed","template":"","meta":[],"product_brand":[],"product_cat":[18,26],"product_tag":[],"class_list":{"0":"post-6027","1":"product","2":"type-product","3":"status-publish","4":"has-post-thumbnail","6":"product_cat-thiet-bi-ve-sinh","7":"product_cat-bon-cau","9":"first","10":"instock","11":"shipping-taxable","12":"product-type-simple"},"_links":{"self":[{"href":"https:\/\/nhadepbepxinh.com.vn\/index.php?rest_route=\/wp\/v2\/product\/6027","targetHints":{"allow":["GET"]}}],"collection":[{"href":"https:\/\/nhadepbepxinh.com.vn\/index.php?rest_route=\/wp\/v2\/product"}],"about":[{"href":"https:\/\/nhadepbepxinh.com.vn\/index.php?rest_route=\/wp\/v2\/types\/product"}],"replies":[{"embeddable":true,"href":"https:\/\/nhadepbepxinh.com.vn\/index.php?rest_route=%2Fwp%2Fv2%2Fcomments&post=6027"}],"wp:featuredmedia":[{"embeddable":true,"href":"https:\/\/nhadepbepxinh.com.vn\/index.php?rest_route=\/wp\/v2\/media\/6028"}],"wp:attachment":[{"href":"https:\/\/nhadepbepxinh.com.vn\/index.php?rest_route=%2Fwp%2Fv2%2Fmedia&parent=6027"}],"wp:term":[{"taxonomy":"product_brand","embeddable":true,"href":"https:\/\/nhadepbepxinh.com.vn\/index.php?rest_route=%2Fwp%2Fv2%2Fproduct_brand&post=6027"},{"taxonomy":"product_cat","embeddable":true,"href":"https:\/\/nhadepbepxinh.com.vn\/index.php?rest_route=%2Fwp%2Fv2%2Fproduct_cat&post=6027"},{"taxonomy":"product_tag","embeddable":true,"href":"https:\/\/nhadepbepxinh.com.vn\/index.php?rest_route=%2Fwp%2Fv2%2Fproduct_tag&post=6027"}],"curies":[{"name":"wp","href":"https:\/\/api.w.org\/{rel}","templated":true}]}}