{"id":5973,"date":"2025-08-27T16:45:20","date_gmt":"2025-08-27T09:45:20","guid":{"rendered":"https:\/\/nhadepbepxinh.com.vn\/?post_type=product&#038;p=5973"},"modified":"2025-08-27T16:45:20","modified_gmt":"2025-08-27T09:45:20","slug":"tu-do-kho-canh-mo-diamond-2-0","status":"publish","type":"product","link":"https:\/\/nhadepbepxinh.com.vn\/?product=tu-do-kho-canh-mo-diamond-2-0","title":{"rendered":"T\u1ee6 \u0110\u1ed2 KH\u00d4 C\u00c1NH M\u1ede DIAMOND 2.0"},"content":{"rendered":"<p>T\u1ee7 \u0111\u1ed3 kh\u00f4 c\u00e1nh m\u1edf Diamond 2.0 gi\u1ea3i ph\u00e1p ho\u00e0n h\u1ea3o \u0111\u1ec3 l\u01b0u tr\u1eef nhi\u1ec1u lo\u1ea1i th\u1ef1c ph\u1ea9m kh\u00f4, gia v\u1ecb, \u0111\u1ed3 kh\u00f4 \u0111\u00f3ng g\u00f3i, chai l\u1ecd, n\u01b0\u1edbc ng\u1ecdt\u2026mang \u0111\u1ebfn m\u1ed9t kh\u00f4ng gian b\u1ebfp g\u1ecdn g\u00e0ng v\u00e0 ti\u1ec7n l\u1ee3i. Thi\u1ebft k\u1ebf li\u00ean k\u1ebft m\u1edf c\u1eeda gi\u00fap to\u00e0n b\u1ed9 khay ch\u1ee9a \u0111\u01b0\u1ee3c k\u00e9o ra ngo\u00e0i ch\u1ec9 b\u1eb1ng m\u1ed9t l\u1ea7n m\u1edf c\u00e1nh t\u1ee7, ng\u01b0\u1eddi d\u00f9ng d\u1ec5 d\u00e0ng quan s\u00e1t v\u00e0 l\u1ea5y \u0111\u1ed3 b\u00ean trong. L\u1eafp \u0111\u1eb7t linh ho\u1ea1t, c\u00e1c khay ch\u1ee9a c\u00f3 th\u1ec3 \u0111i\u1ec1u ch\u1ec9nh v\u1ecb tr\u00ed l\u1eafp cho ph\u00f9 h\u1ee3p v\u1edbi chi\u1ec1u cao c\u1ee7a c\u00e1c v\u1eadt d\u1ee5ng nh\u00e0 b\u1ebfp b\u1ea5t k\u1ef3 n\u00e0o m\u00e0 kh\u00f4ng l\u00e0m l\u00e3ng ph\u00ed kh\u00f4ng gian t\u1ee7.<\/p>\n","protected":false},"excerpt":{"rendered":"<p>T\u1ee7 \u0111\u1ed3 kh\u00f4 c\u00e1nh m\u1edf Diamond 2.0 gi\u1ea3i ph\u00e1p ho\u00e0n h\u1ea3o \u0111\u1ec3 l\u01b0u tr\u1eef nhi\u1ec1u lo\u1ea1i th\u1ef1c ph\u1ea9m kh\u00f4, gia v\u1ecb, \u0111\u1ed3 kh\u00f4 \u0111\u00f3ng g\u00f3i, chai l\u1ecd, n\u01b0\u1edbc ng\u1ecdt\u2026mang \u0111\u1ebfn m\u1ed9t kh\u00f4ng gian b\u1ebfp g\u1ecdn g\u00e0ng v\u00e0 ti\u1ec7n l\u1ee3i. Thi\u1ebft k\u1ebf li\u00ean k\u1ebft m\u1edf c\u1eeda gi\u00fap to\u00e0n b\u1ed9 khay ch\u1ee9a \u0111\u01b0\u1ee3c k\u00e9o ra ngo\u00e0i ch\u1ec9&#8230;<\/p>\n","protected":false},"featured_media":5974,"comment_status":"open","ping_status":"closed","template":"","meta":[],"product_brand":[],"product_cat":[55,133],"product_tag":[],"class_list":{"0":"post-5973","1":"product","2":"type-product","3":"status-publish","4":"has-post-thumbnail","6":"product_cat-phu-kien-tu-bep","7":"product_cat-higold","9":"first","10":"instock","11":"shipping-taxable","12":"product-type-simple"},"_links":{"self":[{"href":"https:\/\/nhadepbepxinh.com.vn\/index.php?rest_route=\/wp\/v2\/product\/5973","targetHints":{"allow":["GET"]}}],"collection":[{"href":"https:\/\/nhadepbepxinh.com.vn\/index.php?rest_route=\/wp\/v2\/product"}],"about":[{"href":"https:\/\/nhadepbepxinh.com.vn\/index.php?rest_route=\/wp\/v2\/types\/product"}],"replies":[{"embeddable":true,"href":"https:\/\/nhadepbepxinh.com.vn\/index.php?rest_route=%2Fwp%2Fv2%2Fcomments&post=5973"}],"wp:featuredmedia":[{"embeddable":true,"href":"https:\/\/nhadepbepxinh.com.vn\/index.php?rest_route=\/wp\/v2\/media\/5974"}],"wp:attachment":[{"href":"https:\/\/nhadepbepxinh.com.vn\/index.php?rest_route=%2Fwp%2Fv2%2Fmedia&parent=5973"}],"wp:term":[{"taxonomy":"product_brand","embeddable":true,"href":"https:\/\/nhadepbepxinh.com.vn\/index.php?rest_route=%2Fwp%2Fv2%2Fproduct_brand&post=5973"},{"taxonomy":"product_cat","embeddable":true,"href":"https:\/\/nhadepbepxinh.com.vn\/index.php?rest_route=%2Fwp%2Fv2%2Fproduct_cat&post=5973"},{"taxonomy":"product_tag","embeddable":true,"href":"https:\/\/nhadepbepxinh.com.vn\/index.php?rest_route=%2Fwp%2Fv2%2Fproduct_tag&post=5973"}],"curies":[{"name":"wp","href":"https:\/\/api.w.org\/{rel}","templated":true}]}}