{"id":5961,"date":"2025-08-27T16:41:16","date_gmt":"2025-08-27T09:41:16","guid":{"rendered":"https:\/\/nhadepbepxinh.com.vn\/?post_type=product&#038;p=5961"},"modified":"2025-08-27T16:41:17","modified_gmt":"2025-08-27T09:41:17","slug":"thung-rac-gan-canh","status":"publish","type":"product","link":"https:\/\/nhadepbepxinh.com.vn\/?product=thung-rac-gan-canh","title":{"rendered":"TH\u00d9NG R\u00c1C G\u1eaeN C\u00c1NH"},"content":{"rendered":"<p>&#8211; H\u1ec7 th\u1ed1ng th\u00f9ng r\u00e1c \u0111\u01a1n g\u1eafn tr\u1ef1c ti\u1ebfp v\u00e0o c\u00e1nh t\u1ee7 c\u1eeda b\u1ea3n l\u1ec1, gi\u00fap t\u1ed1i \u01b0u kh\u00f4ng gian.<\/p>\n<p>&#8211; C\u01a1 ch\u1ebf m\u1edf th\u00f4ng minh, khi m\u1edf c\u1eeda t\u1ee7, n\u1eafp th\u00f9ng r\u00e1c t\u1ef1 \u0111\u1ed9ng m\u1edf theo, gi\u00fap thao t\u00e1c v\u1ee9t r\u00e1c thu\u1eadn ti\u1ec7n, kh\u00f4ng c\u1ea7n ch\u1ea1m tay v\u00e0o n\u1eafp.<\/p>\n<p>&#8211; C\u00f3 th\u1ec3 l\u1eafp \u0111\u1eb7t cho c\u1ea3 c\u1eeda m\u1edf tay tr\u00e1i ho\u1eb7c tay ph\u1ea3i, ph\u00f9 h\u1ee3p v\u1edbi nhi\u1ec1u ki\u1ec3u d\u00e1ng t\u1ee7 b\u1ebfp kh\u00e1c nhau.<\/p>\n<p>&#8211; Ch\u1ea5t li\u1ec7u cao c\u1ea5p, b\u1ec1n b\u1ec9 v\u1edbi khung \u0111\u1ee1 b\u1eb1ng inox ch\u1eafc ch\u1eafn, ch\u1ed1ng g\u1ec9 s\u00e9t. Th\u00f9ng r\u00e1c v\u00e0 n\u1eafp b\u1eb1ng nh\u1ef1a cao c\u1ea5p gi\u00fap v\u1ec7 sinh d\u1ec5 d\u00e0ng, kh\u00f4ng b\u00e1m m\u00f9i.<\/p>\n<p>&#8211; Th\u00f9ng r\u00e1c c\u00f3 dung t\u00edch 8L v\u00e0 14L, \u0111\u00e1p \u1ee9ng nhu c\u1ea7u s\u1eed d\u1ee5ng cho c\u0103n b\u1ebfp gia \u0111\u00ecnh.<\/p>\n<p>&#8211; L\u1eafp \u0111\u1eb7t \u0111\u01a1n gi\u1ea3n, ch\u1eafc ch\u1eafn. Th\u00f9ng r\u00e1c \u0111\u01b0\u1ee3c b\u1eaft v\u00edt tr\u1ef1c ti\u1ebfp v\u00e0o m\u1eb7t v\u00e1n b\u00ean v\u00e0 c\u1eeda t\u1ee7, \u0111\u1ea3m b\u1ea3o \u0111\u1ed9 b\u1ec1n v\u00e0 \u1ed5n \u0111\u1ecbnh khi s\u1eed d\u1ee5ng.<\/p>\n","protected":false},"excerpt":{"rendered":"<p>&#8211; H\u1ec7 th\u1ed1ng th\u00f9ng r\u00e1c \u0111\u01a1n g\u1eafn tr\u1ef1c ti\u1ebfp v\u00e0o c\u00e1nh t\u1ee7 c\u1eeda b\u1ea3n l\u1ec1, gi\u00fap t\u1ed1i \u01b0u kh\u00f4ng gian. &#8211; C\u01a1 ch\u1ebf m\u1edf th\u00f4ng minh, khi m\u1edf c\u1eeda t\u1ee7, n\u1eafp th\u00f9ng r\u00e1c t\u1ef1 \u0111\u1ed9ng m\u1edf theo, gi\u00fap thao t\u00e1c v\u1ee9t r\u00e1c thu\u1eadn ti\u1ec7n, kh\u00f4ng c\u1ea7n ch\u1ea1m tay v\u00e0o n\u1eafp. &#8211; C\u00f3 th\u1ec3 l\u1eafp \u0111\u1eb7t&#8230;<\/p>\n","protected":false},"featured_media":5962,"comment_status":"open","ping_status":"closed","template":"","meta":[],"product_brand":[],"product_cat":[55,133],"product_tag":[],"class_list":{"0":"post-5961","1":"product","2":"type-product","3":"status-publish","4":"has-post-thumbnail","6":"product_cat-phu-kien-tu-bep","7":"product_cat-higold","9":"first","10":"instock","11":"shipping-taxable","12":"product-type-simple"},"_links":{"self":[{"href":"https:\/\/nhadepbepxinh.com.vn\/index.php?rest_route=\/wp\/v2\/product\/5961","targetHints":{"allow":["GET"]}}],"collection":[{"href":"https:\/\/nhadepbepxinh.com.vn\/index.php?rest_route=\/wp\/v2\/product"}],"about":[{"href":"https:\/\/nhadepbepxinh.com.vn\/index.php?rest_route=\/wp\/v2\/types\/product"}],"replies":[{"embeddable":true,"href":"https:\/\/nhadepbepxinh.com.vn\/index.php?rest_route=%2Fwp%2Fv2%2Fcomments&post=5961"}],"wp:featuredmedia":[{"embeddable":true,"href":"https:\/\/nhadepbepxinh.com.vn\/index.php?rest_route=\/wp\/v2\/media\/5962"}],"wp:attachment":[{"href":"https:\/\/nhadepbepxinh.com.vn\/index.php?rest_route=%2Fwp%2Fv2%2Fmedia&parent=5961"}],"wp:term":[{"taxonomy":"product_brand","embeddable":true,"href":"https:\/\/nhadepbepxinh.com.vn\/index.php?rest_route=%2Fwp%2Fv2%2Fproduct_brand&post=5961"},{"taxonomy":"product_cat","embeddable":true,"href":"https:\/\/nhadepbepxinh.com.vn\/index.php?rest_route=%2Fwp%2Fv2%2Fproduct_cat&post=5961"},{"taxonomy":"product_tag","embeddable":true,"href":"https:\/\/nhadepbepxinh.com.vn\/index.php?rest_route=%2Fwp%2Fv2%2Fproduct_tag&post=5961"}],"curies":[{"name":"wp","href":"https:\/\/api.w.org\/{rel}","templated":true}]}}