{"id":5957,"date":"2025-08-27T16:40:10","date_gmt":"2025-08-27T09:40:10","guid":{"rendered":"https:\/\/nhadepbepxinh.com.vn\/?post_type=product&#038;p=5957"},"modified":"2025-08-27T16:40:10","modified_gmt":"2025-08-27T09:40:10","slug":"thung-rac-doi-am-tu-cao-cap","status":"publish","type":"product","link":"https:\/\/nhadepbepxinh.com.vn\/?product=thung-rac-doi-am-tu-cao-cap","title":{"rendered":"TH\u00d9NG R\u00c1C \u0110\u00d4I \u00c2M T\u1ee6 CAO C\u1ea4P"},"content":{"rendered":"<p>\u267b Th\u00f9ng r\u00e1c \u0111\u00f4i \u00e2m t\u1ee7 Higold \u2013 Gi\u1ea3i ph\u00e1p ti\u1ec7n l\u1ee3i, b\u1ea3o v\u1ec7 m\u00f4i tr\u01b0\u1eddng!<br \/>\n&#8211; Ph\u00e2n lo\u1ea1i r\u00e1c d\u1ec5 d\u00e0ng v\u1edbi thi\u1ebft k\u1ebf 2 ng\u0103n ri\u00eang bi\u1ec7t.<br \/>\n&#8211;\u00a0 S\u1ee9c ch\u1ee9a l\u00ean \u0111\u1ebfn 30L, gi\u00fap gi\u1ea3m s\u1ed1 l\u1ea7n thay t\u00fai r\u00e1c, ti\u1ebft ki\u1ec7m th\u1eddi gian.<br \/>\n&#8211;\u00a0 Ch\u1ea5t li\u1ec7u cao c\u1ea5p: inox 304 ch\u1ed1ng g\u1ec9, nh\u1ef1a ABS b\u1ec1n b\u1ec9, d\u1ec5 v\u1ec7 sinh.<br \/>\n&#8211; Thi\u1ebft k\u1ebf \u00e2m t\u1ee7 th\u00f4ng minh, ti\u1ebft ki\u1ec7m kh\u00f4ng gian, \u0111\u1ea3m b\u1ea3o th\u1ea9m m\u1ef9.<\/p>\n<p>&#8211; Ch\u1ee9ng nh\u1eadn an to\u00e0n GS 550.000 c\u1ee7a \u0110\u1ee9c.<br \/>\n&#8211; B\u1ea3o h\u00e0nh 60 th\u00e1ng cho ray tr\u01b0\u1ee3t, 12 th\u00e1ng cho ph\u1ee5 ki\u1ec7n kh\u00e1c.<\/p>\n","protected":false},"excerpt":{"rendered":"<p>\u267b Th\u00f9ng r\u00e1c \u0111\u00f4i \u00e2m t\u1ee7 Higold \u2013 Gi\u1ea3i ph\u00e1p ti\u1ec7n l\u1ee3i, b\u1ea3o v\u1ec7 m\u00f4i tr\u01b0\u1eddng! &#8211; Ph\u00e2n lo\u1ea1i r\u00e1c d\u1ec5 d\u00e0ng v\u1edbi thi\u1ebft k\u1ebf 2 ng\u0103n ri\u00eang bi\u1ec7t. &#8211;\u00a0 S\u1ee9c ch\u1ee9a l\u00ean \u0111\u1ebfn 30L, gi\u00fap gi\u1ea3m s\u1ed1 l\u1ea7n thay t\u00fai r\u00e1c, ti\u1ebft ki\u1ec7m th\u1eddi gian. &#8211;\u00a0 Ch\u1ea5t li\u1ec7u cao c\u1ea5p: inox 304 ch\u1ed1ng g\u1ec9,&#8230;<\/p>\n","protected":false},"featured_media":5958,"comment_status":"open","ping_status":"closed","template":"","meta":[],"product_brand":[],"product_cat":[55,133],"product_tag":[],"class_list":{"0":"post-5957","1":"product","2":"type-product","3":"status-publish","4":"has-post-thumbnail","6":"product_cat-phu-kien-tu-bep","7":"product_cat-higold","9":"first","10":"instock","11":"shipping-taxable","12":"product-type-simple"},"_links":{"self":[{"href":"https:\/\/nhadepbepxinh.com.vn\/index.php?rest_route=\/wp\/v2\/product\/5957","targetHints":{"allow":["GET"]}}],"collection":[{"href":"https:\/\/nhadepbepxinh.com.vn\/index.php?rest_route=\/wp\/v2\/product"}],"about":[{"href":"https:\/\/nhadepbepxinh.com.vn\/index.php?rest_route=\/wp\/v2\/types\/product"}],"replies":[{"embeddable":true,"href":"https:\/\/nhadepbepxinh.com.vn\/index.php?rest_route=%2Fwp%2Fv2%2Fcomments&post=5957"}],"wp:featuredmedia":[{"embeddable":true,"href":"https:\/\/nhadepbepxinh.com.vn\/index.php?rest_route=\/wp\/v2\/media\/5958"}],"wp:attachment":[{"href":"https:\/\/nhadepbepxinh.com.vn\/index.php?rest_route=%2Fwp%2Fv2%2Fmedia&parent=5957"}],"wp:term":[{"taxonomy":"product_brand","embeddable":true,"href":"https:\/\/nhadepbepxinh.com.vn\/index.php?rest_route=%2Fwp%2Fv2%2Fproduct_brand&post=5957"},{"taxonomy":"product_cat","embeddable":true,"href":"https:\/\/nhadepbepxinh.com.vn\/index.php?rest_route=%2Fwp%2Fv2%2Fproduct_cat&post=5957"},{"taxonomy":"product_tag","embeddable":true,"href":"https:\/\/nhadepbepxinh.com.vn\/index.php?rest_route=%2Fwp%2Fv2%2Fproduct_tag&post=5957"}],"curies":[{"name":"wp","href":"https:\/\/api.w.org\/{rel}","templated":true}]}}