{"id":5955,"date":"2025-08-27T16:38:30","date_gmt":"2025-08-27T09:38:30","guid":{"rendered":"https:\/\/nhadepbepxinh.com.vn\/?post_type=product&#038;p=5955"},"modified":"2025-08-27T16:38:31","modified_gmt":"2025-08-27T09:38:31","slug":"thung-gao-am-tu-cao-cap","status":"publish","type":"product","link":"https:\/\/nhadepbepxinh.com.vn\/?product=thung-gao-am-tu-cao-cap","title":{"rendered":"TH\u00d9NG G\u1ea0O \u00c2M T\u1ee6 CAO C\u1ea4P"},"content":{"rendered":"<p>&#8211; Thi\u1ebft k\u1ebf \u00e2m t\u1ee7 g\u1ecdn g\u00e0ng, ch\u1eafc ch\u1eafn, gi\u00fap ti\u1ebft ki\u1ec7m kh\u00f4ng gian, d\u1ec5 d\u00e0ng l\u1eafp \u0111\u1eb7t trong khoang t\u1ee7 b\u1ebfp r\u1ed9ng t\u1eeb 300mm.<\/p>\n<p>&#8211; Dung t\u00edch l\u1edbn, t\u1ea3i tr\u1ecdng l\u00ean \u0111\u1ebfn 30kg, ph\u00f9 h\u1ee3p cho gia \u0111\u00ecnh c\u00f3 nhu c\u1ea7u l\u01b0u tr\u1eef nhi\u1ec1u.<\/p>\n<p>&#8211; N\u1eafp nh\u1ef1a trong su\u1ed1t, d\u1ec5 d\u00e0ng quan s\u00e1t l\u01b0\u1ee3ng g\u1ea1o c\u00f2n l\u1ea1i m\u00e0 kh\u00f4ng c\u1ea7n m\u1edf n\u1eafp.<\/p>\n<p>&#8211; H\u1ed9p ch\u1ed1ng \u1ea9m \u0111i k\u00e8m gi\u00fap b\u1ea3o qu\u1ea3n g\u1ea1o kh\u00f4 r\u00e1o, tr\u00e1nh c\u00f4n tr\u00f9ng, n\u1ea5m m\u1ed1c.<\/p>\n<p>&#8211; Khay l\u1ea5y g\u1ea1o c\u00f3 th\u1ec3 thay \u0111\u1ed5i v\u1ecb tr\u00ed hai b\u00ean tr\u00e1i\/ph\u1ea3i t\u00f9y theo th\u00f3i quen s\u1eed d\u1ee5ng.<\/p>\n<p>&#8211; T\u1ef1 \u0111\u1ed9ng l\u1ea5y g\u1ea1o v\u1edbi n\u00fat b\u1ea5m hi\u1ec7n \u0111\u1ea1i, kh\u00f4ng c\u1ea7n m\u1edf n\u1eafp th\u1ee7 c\u00f4ng.<\/p>\n<p>&#8211; Th\u00f9ng g\u1ea1o l\u00e0m t\u1eeb nh\u1ef1a ch\u1ea5t l\u01b0\u1ee3ng cao, kh\u00f4ng ch\u1ee9a ch\u1ea5t \u0111\u1ed9c h\u1ea1i.<\/p>\n<p>&#8211; Ray tr\u01b0\u1ee3t gi\u1ea3m ch\u1ea5n m\u1edf to\u00e0n ph\u1ea7n gi\u00fap thao t\u00e1c \u0111\u00f3ng m\u1edf nh\u1eb9 nh\u00e0ng, kh\u00f4ng g\u00e2y ti\u1ebfng \u1ed3n.<\/p>\n","protected":false},"excerpt":{"rendered":"<p>&#8211; Thi\u1ebft k\u1ebf \u00e2m t\u1ee7 g\u1ecdn g\u00e0ng, ch\u1eafc ch\u1eafn, gi\u00fap ti\u1ebft ki\u1ec7m kh\u00f4ng gian, d\u1ec5 d\u00e0ng l\u1eafp \u0111\u1eb7t trong khoang t\u1ee7 b\u1ebfp r\u1ed9ng t\u1eeb 300mm. &#8211; Dung t\u00edch l\u1edbn, t\u1ea3i tr\u1ecdng l\u00ean \u0111\u1ebfn 30kg, ph\u00f9 h\u1ee3p cho gia \u0111\u00ecnh c\u00f3 nhu c\u1ea7u l\u01b0u tr\u1eef nhi\u1ec1u. &#8211; N\u1eafp nh\u1ef1a trong su\u1ed1t, d\u1ec5 d\u00e0ng quan s\u00e1t l\u01b0\u1ee3ng&#8230;<\/p>\n","protected":false},"featured_media":5956,"comment_status":"open","ping_status":"closed","template":"","meta":[],"product_brand":[],"product_cat":[55,133],"product_tag":[],"class_list":{"0":"post-5955","1":"product","2":"type-product","3":"status-publish","4":"has-post-thumbnail","6":"product_cat-phu-kien-tu-bep","7":"product_cat-higold","9":"first","10":"instock","11":"shipping-taxable","12":"product-type-simple"},"_links":{"self":[{"href":"https:\/\/nhadepbepxinh.com.vn\/index.php?rest_route=\/wp\/v2\/product\/5955","targetHints":{"allow":["GET"]}}],"collection":[{"href":"https:\/\/nhadepbepxinh.com.vn\/index.php?rest_route=\/wp\/v2\/product"}],"about":[{"href":"https:\/\/nhadepbepxinh.com.vn\/index.php?rest_route=\/wp\/v2\/types\/product"}],"replies":[{"embeddable":true,"href":"https:\/\/nhadepbepxinh.com.vn\/index.php?rest_route=%2Fwp%2Fv2%2Fcomments&post=5955"}],"wp:featuredmedia":[{"embeddable":true,"href":"https:\/\/nhadepbepxinh.com.vn\/index.php?rest_route=\/wp\/v2\/media\/5956"}],"wp:attachment":[{"href":"https:\/\/nhadepbepxinh.com.vn\/index.php?rest_route=%2Fwp%2Fv2%2Fmedia&parent=5955"}],"wp:term":[{"taxonomy":"product_brand","embeddable":true,"href":"https:\/\/nhadepbepxinh.com.vn\/index.php?rest_route=%2Fwp%2Fv2%2Fproduct_brand&post=5955"},{"taxonomy":"product_cat","embeddable":true,"href":"https:\/\/nhadepbepxinh.com.vn\/index.php?rest_route=%2Fwp%2Fv2%2Fproduct_cat&post=5955"},{"taxonomy":"product_tag","embeddable":true,"href":"https:\/\/nhadepbepxinh.com.vn\/index.php?rest_route=%2Fwp%2Fv2%2Fproduct_tag&post=5955"}],"curies":[{"name":"wp","href":"https:\/\/api.w.org\/{rel}","templated":true}]}}