{"id":5949,"date":"2025-08-27T16:37:28","date_gmt":"2025-08-27T09:37:28","guid":{"rendered":"https:\/\/nhadepbepxinh.com.vn\/?post_type=product&#038;p=5949"},"modified":"2025-08-27T16:37:28","modified_gmt":"2025-08-27T09:37:28","slug":"thung-gao-mat-guong-cao-cap-higold","status":"publish","type":"product","link":"https:\/\/nhadepbepxinh.com.vn\/?product=thung-gao-mat-guong-cao-cap-higold","title":{"rendered":"TH\u00d9NG G\u1ea0O M\u1eb6T G\u01af\u01a0NG CAO C\u1ea4P HIGOLD"},"content":{"rendered":"<p>&#8211; B\u1ec1 m\u1eb7t \u0111\u01b0\u1ee3c tr\u00e1ng g\u01b0\u01a1ng theo c\u00f4ng ngh\u1ec7 hi\u1ec7n \u0111\u1ea1i, mang l\u1ea1i v\u1ebb \u0111\u1eb9p th\u1eddi th\u01b0\u1ee3ng cho m\u1ecdi gian b\u1ebfp.<br \/>\n&#8211; Ch\u1ea5t li\u1ec7u inox 304 kh\u00f4ng g\u1ec9, th\u00f9ng g\u1ea1o kh\u00f4ng ch\u1ec9 b\u1ec1n b\u1ec9 theo th\u1eddi gian m\u00e0 c\u00f2n an to\u00e0n cho s\u1ee9c kh\u1ecfe, d\u1ec5 d\u00e0ng v\u1ec7 sinh v\u00e0 ch\u1ed1ng b\u00e1m b\u1ea9n.<br \/>\n&#8211; Thi\u1ebft k\u1ebf l\u1eafp \u0111\u1eb7t \u00e2m t\u1ee7 gi\u00fap ti\u1ebft ki\u1ec7m kh\u00f4ng gian, mang l\u1ea1i s\u1ef1 g\u1ecdn g\u00e0ng v\u00e0 hi\u1ec7n \u0111\u1ea1i cho gian b\u1ebfp.<br \/>\n&#8211; T\u1eebng chi ti\u1ebft c\u1ee7a th\u00f9ng g\u1ea1o \u0111\u1ec1u \u0111\u01b0\u1ee3c ch\u0103m ch\u00fat t\u1ec9 m\u1ec9, \u0111\u01b0\u1eddng n\u00e9t m\u1ec1m m\u1ea1i, g\u00f3c c\u1ea1nh s\u1eafc s\u1ea3o, t\u1ea1o n\u00ean m\u1ed9t s\u1ea3n ph\u1ea9m ho\u00e0n h\u1ea3o c\u1ea3 v\u1ec1 h\u00ecnh th\u1ee9c l\u1eabn ch\u1ea5t l\u01b0\u1ee3ng.<br \/>\n&#8211; S\u1ee9c ch\u1ee9a l\u00ean \u0111\u1ebfn 25kg, l\u01b0u tr\u1eef \u0111\u01b0\u1ee3c nhi\u1ec1u g\u1ea1o h\u01a1n, ti\u1ebft ki\u1ec7m th\u1eddi gian mua s\u1eafm v\u00e0 \u0111\u1ea3m b\u1ea3o lu\u00f4n s\u1eb5n s\u00e0ng cho b\u1eefa c\u01a1m gia \u0111\u00ecnh.<br \/>\n&#8211; N\u1eafp m\u1edf d\u1ec5 d\u00e0ng v\u00e0 c\u01a1 ch\u1ebf x\u1ea3 g\u1ea1o ti\u1ec7n l\u1ee3i gi\u00fap ng\u01b0\u1eddi s\u1eed d\u1ee5ng l\u1ea5y g\u1ea1o m\u1ed9t c\u00e1ch nhanh ch\u00f3ng, kh\u00f4ng c\u1ea7n lo l\u1eafng v\u1ec1 vi\u1ec7c g\u1ea1o b\u1ecb r\u01a1i v\u00e3i.<br \/>\n&#8211; Th\u00f9ng g\u1ea1o c\u00f3 k\u1ebft c\u1ea5u k\u00edn, ch\u1ed1ng \u1ea9m m\u1ed1c, gi\u1eef g\u1ea1o lu\u00f4n kh\u00f4 r\u00e1o v\u00e0 \u0111\u1ea3m b\u1ea3o ch\u1ea5t l\u01b0\u1ee3ng.<br \/>\n&#8211; S\u1ea3n ph\u1ea9m Th\u00f9ng g\u1ea1o tr\u00e1ng g\u01b0\u01a1ng \u0111\u00e3 v\u01b0\u1ee3t qua b\u00e0i ki\u1ec3m tra an to\u00e0n GS 550.000 c\u1ee7a \u0110\u1ee9c.<\/p>\n","protected":false},"excerpt":{"rendered":"<p>&#8211; B\u1ec1 m\u1eb7t \u0111\u01b0\u1ee3c tr\u00e1ng g\u01b0\u01a1ng theo c\u00f4ng ngh\u1ec7 hi\u1ec7n \u0111\u1ea1i, mang l\u1ea1i v\u1ebb \u0111\u1eb9p th\u1eddi th\u01b0\u1ee3ng cho m\u1ecdi gian b\u1ebfp. &#8211; Ch\u1ea5t li\u1ec7u inox 304 kh\u00f4ng g\u1ec9, th\u00f9ng g\u1ea1o kh\u00f4ng ch\u1ec9 b\u1ec1n b\u1ec9 theo th\u1eddi gian m\u00e0 c\u00f2n an to\u00e0n cho s\u1ee9c kh\u1ecfe, d\u1ec5 d\u00e0ng v\u1ec7 sinh v\u00e0 ch\u1ed1ng b\u00e1m b\u1ea9n. &#8211; Thi\u1ebft k\u1ebf&#8230;<\/p>\n","protected":false},"featured_media":5950,"comment_status":"open","ping_status":"closed","template":"","meta":[],"product_brand":[],"product_cat":[55,133],"product_tag":[],"class_list":{"0":"post-5949","1":"product","2":"type-product","3":"status-publish","4":"has-post-thumbnail","6":"product_cat-phu-kien-tu-bep","7":"product_cat-higold","9":"first","10":"instock","11":"shipping-taxable","12":"product-type-simple"},"_links":{"self":[{"href":"https:\/\/nhadepbepxinh.com.vn\/index.php?rest_route=\/wp\/v2\/product\/5949","targetHints":{"allow":["GET"]}}],"collection":[{"href":"https:\/\/nhadepbepxinh.com.vn\/index.php?rest_route=\/wp\/v2\/product"}],"about":[{"href":"https:\/\/nhadepbepxinh.com.vn\/index.php?rest_route=\/wp\/v2\/types\/product"}],"replies":[{"embeddable":true,"href":"https:\/\/nhadepbepxinh.com.vn\/index.php?rest_route=%2Fwp%2Fv2%2Fcomments&post=5949"}],"wp:featuredmedia":[{"embeddable":true,"href":"https:\/\/nhadepbepxinh.com.vn\/index.php?rest_route=\/wp\/v2\/media\/5950"}],"wp:attachment":[{"href":"https:\/\/nhadepbepxinh.com.vn\/index.php?rest_route=%2Fwp%2Fv2%2Fmedia&parent=5949"}],"wp:term":[{"taxonomy":"product_brand","embeddable":true,"href":"https:\/\/nhadepbepxinh.com.vn\/index.php?rest_route=%2Fwp%2Fv2%2Fproduct_brand&post=5949"},{"taxonomy":"product_cat","embeddable":true,"href":"https:\/\/nhadepbepxinh.com.vn\/index.php?rest_route=%2Fwp%2Fv2%2Fproduct_cat&post=5949"},{"taxonomy":"product_tag","embeddable":true,"href":"https:\/\/nhadepbepxinh.com.vn\/index.php?rest_route=%2Fwp%2Fv2%2Fproduct_tag&post=5949"}],"curies":[{"name":"wp","href":"https:\/\/api.w.org\/{rel}","templated":true}]}}