{"id":5930,"date":"2025-08-27T16:32:23","date_gmt":"2025-08-27T09:32:23","guid":{"rendered":"https:\/\/nhadepbepxinh.com.vn\/?post_type=product&#038;p=5930"},"modified":"2025-08-27T16:32:23","modified_gmt":"2025-08-27T09:32:23","slug":"gia-gia-vi-nang-ha-dien-higold-starmove","status":"publish","type":"product","link":"https:\/\/nhadepbepxinh.com.vn\/?product=gia-gia-vi-nang-ha-dien-higold-starmove","title":{"rendered":"GI\u00c1 GIA V\u1eca N\u00c2NG H\u1ea0 \u0110I\u1ec6N HIGOLD STARMOVE"},"content":{"rendered":"<p>&#8211; Gi\u00e1 gia v\u1ecb n\u00e2ng h\u1ea1 \u0111i\u1ec7n STAR MOVE s\u1eed d\u1ee5ng c\u00f4ng ngh\u1ec7 c\u1ea3m bi\u1ebfn ch\u1ea1m hi\u1ec7n \u0111\u1ea1i. Ch\u1ec9 c\u1ea7n ch\u1ea1m nh\u1eb9 v\u00e0o b\u1ed9 c\u1ea3m bi\u1ebfn, gi\u00e1 gia v\u1ecb s\u1ebd t\u1ef1 \u0111\u1ed9ng h\u1ea1 xu\u1ed1ng theo chi\u1ec1u th\u1eb3ng \u0111\u1ee9ng, gi\u00fap t\u1eadn d\u1ee5ng \u0111\u01b0\u1ee3c nh\u1eefng khoang t\u1ee7 cao. Ng\u01b0\u1eddi d\u00f9ng c\u00f3 th\u1ec3 d\u1eebng gi\u00e1 \u1edf b\u1ea5t k\u1ef3 v\u1ecb tr\u00ed n\u00e0o ho\u1eb7c \u0111\u01b0a v\u1ec1 tr\u1ea1ng th\u00e1i ban \u0111\u1ea7u ch\u1ec9 v\u1edbi m\u1ed9t thao t\u00e1c ch\u1ea1m. C\u1ea3m bi\u1ebfn ho\u1ea1t \u0111\u1ed9ng m\u01b0\u1ee3t m\u00e0 ngay c\u1ea3 khi tay b\u1ea1n \u01b0\u1edbt ho\u1eb7c d\u00ednh d\u1ea7u m\u1ee1.<br \/>\n&#8211; H\u1ec7 th\u1ed1ng r\u00f2ng r\u1ecdc v\u00e0 ray tr\u01b0\u1ee3t ch\u1eafc ch\u1eafn gi\u00fap gi\u00e1 v\u1eadn h\u00e0nh tr\u01a1n tru. Khi nh\u1eadn t\u00edn hi\u1ec7u ch\u1ea1m, h\u1ec7 th\u1ed1ng s\u1ebd k\u00e9o gi\u00e1 xu\u1ed1ng. Trong qu\u00e1 tr\u00ecnh di chuy\u1ec3n, n\u1ebfu g\u1eb7p v\u1eadt c\u1ea3n ph\u00eda d\u01b0\u1edbi, gi\u00e1 s\u1ebd t\u1ef1 \u0111\u1ed9ng \u0111\u1ea3o chi\u1ec1u \u0111i l\u00ean, \u0111\u1ea3m b\u1ea3o an to\u00e0n cho ng\u01b0\u1eddi d\u00f9ng v\u00e0 thi\u1ebft b\u1ecb.<br \/>\n&#8211; Gi\u00e1 \u0111\u01b0\u1ee3c thi\u1ebft k\u1ebf 2 t\u1ea7ng ri\u00eang bi\u1ec7t. T\u1ea7ng tr\u00ean \u0111\u1ec3 c\u00e1c l\u1ecd gia v\u1ecb nh\u1ecf, t\u1ea7ng d\u01b0\u1edbi ph\u00f9 h\u1ee3p cho c\u00e1c chai l\u1edbn h\u01a1n, gi\u00fap ph\u00e2n lo\u1ea1i v\u00e0 s\u1eafp x\u1ebfp g\u1ecdn g\u00e0ng, t\u1eadn d\u1ee5ng hi\u1ec7u qu\u1ea3 kh\u00f4ng gian t\u1ee7 b\u1ebfp tr\u00ean \u2013 n\u01a1i th\u01b0\u1eddng kh\u00f3 v\u1edbi t\u1edbi.<br \/>\n&#8211; To\u00e0n b\u1ed9 khung v\u00e0 gi\u1ecf \u0111\u01b0\u1ee3c l\u00e0m t\u1eeb h\u1ee3p kim nh\u00f4m ph\u1ee7 s\u01a1n t\u0129nh \u0111i\u1ec7n, c\u00f3 kh\u1ea3 n\u0103ng ch\u1ed1ng oxy h\u00f3a, h\u1ea1n ch\u1ebf han g\u1ec9, b\u1ec1n b\u1ec9 trong m\u00f4i tr\u01b0\u1eddng b\u1ebfp \u1ea9m, \u0111\u1ed3ng th\u1eddi d\u1ec5 d\u00e0ng v\u1ec7 sinh.<br \/>\n&#8211; K\u1ebft c\u1ea5u ch\u1eafc ch\u1eafn, s\u1ea3n ph\u1ea9m c\u00f3 kh\u1ea3 n\u0103ng ch\u1ecbu t\u1ea3i l\u00ean \u0111\u1ebfn 20kg.<br \/>\n&#8211; S\u1ea3n ph\u1ea9m s\u1eed d\u1ee5ng \u0111i\u1ec7n \u00e1p \u0111\u1ecbnh m\u1ee9c 100-220V, t\u01b0\u01a1ng th\u00edch v\u1edbi h\u1ea7u h\u1ebft h\u1ec7 th\u1ed1ng \u0111i\u1ec7n trong gia \u0111\u00ecnh.<br \/>\n&#8211; \u0110\u00e8n LED t\u00edch h\u1ee3p tr\u00ean gi\u00e1 gi\u00fap chi\u1ebfu s\u00e1ng khu v\u1ef1c l\u01b0u tr\u1eef, h\u1ed7 tr\u1ee3 ng\u01b0\u1eddi d\u00f9ng d\u1ec5 d\u00e0ng nh\u1eadn bi\u1ebft v\u00e0 l\u1ea5y \u0111\u00fang chai l\u1ecd m\u00ecnh c\u1ea7n ngay c\u1ea3 trong \u0111i\u1ec1u ki\u1ec7n thi\u1ebfu s\u00e1ng.<\/p>\n","protected":false},"excerpt":{"rendered":"<p>&#8211; Gi\u00e1 gia v\u1ecb n\u00e2ng h\u1ea1 \u0111i\u1ec7n STAR MOVE s\u1eed d\u1ee5ng c\u00f4ng ngh\u1ec7 c\u1ea3m bi\u1ebfn ch\u1ea1m hi\u1ec7n \u0111\u1ea1i. Ch\u1ec9 c\u1ea7n ch\u1ea1m nh\u1eb9 v\u00e0o b\u1ed9 c\u1ea3m bi\u1ebfn, gi\u00e1 gia v\u1ecb s\u1ebd t\u1ef1 \u0111\u1ed9ng h\u1ea1 xu\u1ed1ng theo chi\u1ec1u th\u1eb3ng \u0111\u1ee9ng, gi\u00fap t\u1eadn d\u1ee5ng \u0111\u01b0\u1ee3c nh\u1eefng khoang t\u1ee7 cao. Ng\u01b0\u1eddi d\u00f9ng c\u00f3 th\u1ec3 d\u1eebng gi\u00e1 \u1edf b\u1ea5t k\u1ef3&#8230;<\/p>\n","protected":false},"featured_media":5931,"comment_status":"open","ping_status":"closed","template":"","meta":[],"product_brand":[],"product_cat":[55,133],"product_tag":[],"class_list":{"0":"post-5930","1":"product","2":"type-product","3":"status-publish","4":"has-post-thumbnail","6":"product_cat-phu-kien-tu-bep","7":"product_cat-higold","9":"first","10":"instock","11":"shipping-taxable","12":"product-type-simple"},"_links":{"self":[{"href":"https:\/\/nhadepbepxinh.com.vn\/index.php?rest_route=\/wp\/v2\/product\/5930","targetHints":{"allow":["GET"]}}],"collection":[{"href":"https:\/\/nhadepbepxinh.com.vn\/index.php?rest_route=\/wp\/v2\/product"}],"about":[{"href":"https:\/\/nhadepbepxinh.com.vn\/index.php?rest_route=\/wp\/v2\/types\/product"}],"replies":[{"embeddable":true,"href":"https:\/\/nhadepbepxinh.com.vn\/index.php?rest_route=%2Fwp%2Fv2%2Fcomments&post=5930"}],"wp:featuredmedia":[{"embeddable":true,"href":"https:\/\/nhadepbepxinh.com.vn\/index.php?rest_route=\/wp\/v2\/media\/5931"}],"wp:attachment":[{"href":"https:\/\/nhadepbepxinh.com.vn\/index.php?rest_route=%2Fwp%2Fv2%2Fmedia&parent=5930"}],"wp:term":[{"taxonomy":"product_brand","embeddable":true,"href":"https:\/\/nhadepbepxinh.com.vn\/index.php?rest_route=%2Fwp%2Fv2%2Fproduct_brand&post=5930"},{"taxonomy":"product_cat","embeddable":true,"href":"https:\/\/nhadepbepxinh.com.vn\/index.php?rest_route=%2Fwp%2Fv2%2Fproduct_cat&post=5930"},{"taxonomy":"product_tag","embeddable":true,"href":"https:\/\/nhadepbepxinh.com.vn\/index.php?rest_route=%2Fwp%2Fv2%2Fproduct_tag&post=5930"}],"curies":[{"name":"wp","href":"https:\/\/api.w.org\/{rel}","templated":true}]}}