{"id":5926,"date":"2025-08-27T16:29:52","date_gmt":"2025-08-27T09:29:52","guid":{"rendered":"https:\/\/nhadepbepxinh.com.vn\/?post_type=product&#038;p=5926"},"modified":"2025-08-27T16:29:52","modified_gmt":"2025-08-27T09:29:52","slug":"ke-dao-thot-gia-vi-martin-2-0","status":"publish","type":"product","link":"https:\/\/nhadepbepxinh.com.vn\/?product=ke-dao-thot-gia-vi-martin-2-0","title":{"rendered":"K\u1ec6 DAO TH\u1edaT GIA V\u1eca MARTIN 2.0"},"content":{"rendered":"<p><span data-sheets-root=\"1\">&#8211; K\u1ec7 \u0111\u01b0\u1ee3c ch\u1ebf t\u00e1c t\u1eeb ch\u1ea5t li\u1ec7u inox 304 cao c\u1ea5p, b\u1ec1 m\u1eb7t \u0111i\u1ec7n ph\u00e2n ch\u1ed1ng han g\u1ec9, \u0111\u1ea3m b\u1ea3o s\u00e1ng b\u00f3ng l\u00e2u d\u00e0i theo th\u1eddi gian.<br \/>\n&#8211; Thi\u1ebft k\u1ebf 5 ng\u0103n, 2 t\u1ea7ng, t\u00edch h\u1ee3p th\u00eam khay \u0111\u1ec3 \u0111\u0169a v\u00e0 c\u1eafm dao, t\u1ea5t c\u1ea3 \u0111\u1ec1 c\u00f3 th\u1ec3 th\u00e1o r\u1eddi linh ho\u1ea1t gi\u00fap vi\u1ec7c l\u01b0u tr\u1eef v\u00e0 ph\u00e2n lo\u1ea1i gia v\u1ecb, d\u1ee5ng c\u1ee5 b\u1ebfp g\u1ecdn g\u00e0ng, thu\u1eadn ti\u1ec7n, d\u1ec5 d\u00e0ng v\u1ec7 sinh, \u0111\u1ed3ng th\u1eddi t\u0103ng t\u00ednh th\u1ea9m m\u1ef9 cho kh\u00f4ng gian b\u1ebfp. B\u00ean c\u1ea1nh \u0111\u00f3, k\u1ec7 c\u00f2n b\u1ed1 tr\u00ed m\u00f3c kim lo\u1ea1i b\u00ean h\u00f4ng gi\u00e1 \u0111\u1ec3 treo d\u1ee5ng c\u1ee5 c\u00e1n d\u00e0i nh\u01b0 v\u00e1, s\u1ea1n.<br \/>\n&#8211; T\u1ea3i tr\u1ecdng l\u00ean \u0111\u1ebfn 30kg, gi\u00fap ch\u1ee9a \u0111\u01b0\u1ee3c c\u00f9ng l\u00fac nhi\u1ec1u lo\u1ea1i gia v\u1ecb v\u00e0 \u0111\u1ed3 b\u1ebfp, ph\u00f9 h\u1ee3p cho gia \u0111\u00ecnh \u0111\u00f4ng ng\u01b0\u1eddi, nhu c\u1ea7u l\u01b0u tr\u1eef l\u1edbn.<br \/>\n&#8211; Ph\u1ee5 ki\u1ec7n \u0111\u01a1n gi\u1ea3n, t\u01b0\u01a1ng th\u00edch v\u1edbi m\u1ecdi lo\u1ea1i t\u1ee7 b\u1ebfp.<br \/>\n&#8211; Ray tr\u01b0\u1ee3t gi\u1ea3m ch\u1ea5n \u00eam \u00e1i, kh\u00f4ng g\u00e2y ti\u1ebfng \u1ed3n, \u0111\u01b0\u1ee3c b\u1ea3o h\u00e0nh l\u00ean \u0111\u1ebfn 60 th\u00e1ng.<br \/>\n&#8211; S\u1ea3n ph\u1ea9m \u0111\u00e3 v\u01b0\u1ee3t qua b\u00e0i ki\u1ec3m tra GS50000 c\u1ee7a \u0110\u1ee9c.<\/span><\/p>\n<p>&nbsp;<\/p>\n<p><iframe loading=\"lazy\" title=\"YouTube video player\" src=\"https:\/\/www.youtube.com\/embed\/F98vZHcux8Y?si=hnf-1rMT6cG197Wb\" width=\"560\" height=\"315\" frameborder=\"0\" data-mce-fragment=\"1\"><\/iframe><\/p>\n","protected":false},"excerpt":{"rendered":"<p>&#8211; K\u1ec7 \u0111\u01b0\u1ee3c ch\u1ebf t\u00e1c t\u1eeb ch\u1ea5t li\u1ec7u inox 304 cao c\u1ea5p, b\u1ec1 m\u1eb7t \u0111i\u1ec7n ph\u00e2n ch\u1ed1ng han g\u1ec9, \u0111\u1ea3m b\u1ea3o s\u00e1ng b\u00f3ng l\u00e2u d\u00e0i theo th\u1eddi gian. &#8211; Thi\u1ebft k\u1ebf 5 ng\u0103n, 2 t\u1ea7ng, t\u00edch h\u1ee3p th\u00eam khay \u0111\u1ec3 \u0111\u0169a v\u00e0 c\u1eafm dao, t\u1ea5t c\u1ea3 \u0111\u1ec1 c\u00f3 th\u1ec3 th\u00e1o r\u1eddi linh ho\u1ea1t gi\u00fap vi\u1ec7c&#8230;<\/p>\n","protected":false},"featured_media":5927,"comment_status":"open","ping_status":"closed","template":"","meta":[],"product_brand":[],"product_cat":[55,133],"product_tag":[],"class_list":{"0":"post-5926","1":"product","2":"type-product","3":"status-publish","4":"has-post-thumbnail","6":"product_cat-phu-kien-tu-bep","7":"product_cat-higold","9":"first","10":"instock","11":"shipping-taxable","12":"product-type-simple"},"_links":{"self":[{"href":"https:\/\/nhadepbepxinh.com.vn\/index.php?rest_route=\/wp\/v2\/product\/5926","targetHints":{"allow":["GET"]}}],"collection":[{"href":"https:\/\/nhadepbepxinh.com.vn\/index.php?rest_route=\/wp\/v2\/product"}],"about":[{"href":"https:\/\/nhadepbepxinh.com.vn\/index.php?rest_route=\/wp\/v2\/types\/product"}],"replies":[{"embeddable":true,"href":"https:\/\/nhadepbepxinh.com.vn\/index.php?rest_route=%2Fwp%2Fv2%2Fcomments&post=5926"}],"wp:featuredmedia":[{"embeddable":true,"href":"https:\/\/nhadepbepxinh.com.vn\/index.php?rest_route=\/wp\/v2\/media\/5927"}],"wp:attachment":[{"href":"https:\/\/nhadepbepxinh.com.vn\/index.php?rest_route=%2Fwp%2Fv2%2Fmedia&parent=5926"}],"wp:term":[{"taxonomy":"product_brand","embeddable":true,"href":"https:\/\/nhadepbepxinh.com.vn\/index.php?rest_route=%2Fwp%2Fv2%2Fproduct_brand&post=5926"},{"taxonomy":"product_cat","embeddable":true,"href":"https:\/\/nhadepbepxinh.com.vn\/index.php?rest_route=%2Fwp%2Fv2%2Fproduct_cat&post=5926"},{"taxonomy":"product_tag","embeddable":true,"href":"https:\/\/nhadepbepxinh.com.vn\/index.php?rest_route=%2Fwp%2Fv2%2Fproduct_tag&post=5926"}],"curies":[{"name":"wp","href":"https:\/\/api.w.org\/{rel}","templated":true}]}}