{"id":5923,"date":"2025-08-27T16:27:57","date_gmt":"2025-08-27T09:27:57","guid":{"rendered":"https:\/\/nhadepbepxinh.com.vn\/?post_type=product&#038;p=5923"},"modified":"2025-08-27T16:27:57","modified_gmt":"2025-08-27T09:27:57","slug":"gia-bat-dia-martin-2-0","status":"publish","type":"product","link":"https:\/\/nhadepbepxinh.com.vn\/?product=gia-bat-dia-martin-2-0","title":{"rendered":"GI\u00c1 B\u00c1T \u0110\u0128A MARTIN 2.0"},"content":{"rendered":"<ul>\n<li>Dung t\u00edch l\u01b0u tr\u1eef l\u1edbn, c\u00f3 th\u1ec3 ch\u1ee9a c\u00f9ng l\u00fac 12 \u0111\u0129a, 20 b\u00e1t l\u1edbn, 8 b\u00e1t nh\u1ecf, c\u00f9ng nhi\u1ec1u d\u1ee5ng c\u1ee5 nh\u01b0 th\u00eca, n\u0129a, \u0111\u0169a, c\u1ed1c v\u00e0 ly.<\/li>\n<li>C\u00e1c khay \u0111\u1ef1ng c\u00f3 th\u1ec3 th\u00e1o r\u1eddi \u0111\u1ec3 d\u1ec5 d\u00e0ng v\u1ec7 sinh v\u00e0 s\u1eafp x\u1ebfp, s\u1eed d\u1ee5ng ti\u1ec7n l\u1ee3i g\u1ea7n khu v\u1ef1c r\u1eeda ch\u00e9n.<\/li>\n<li>Ba ng\u0103n \u0111\u0169a mu\u1ed7ng d\u1ea1ng \u1ed1ng l\u1edbn v\u1edbi v\u00e1ch nghi\u00eang gi\u00fap ph\u00e2n lo\u1ea1i v\u00e0 h\u1ea1n ch\u1ebf b\u00e1m b\u1ee5i.<\/li>\n<li>Khay ly t\u00e1ch r\u1eddi t\u00edch h\u1ee3p, t\u1eadn d\u1ee5ng t\u1ed1i \u0111a g\u00f3c h\u1eb9p \u0111\u1ec3 t\u0103ng th\u00eam di\u1ec7n t\u00edch l\u01b0u tr\u1eef.<\/li>\n<li>Ch\u1ea5t li\u1ec7u Inox 304 b\u1ec1n b\u1ec9 v\u1edbi b\u1ec1 m\u1eb7t \u0111i\u1ec7n ph\u00e2n, ch\u1ed1ng g\u1ec9 v\u00e0 gi\u1eef \u0111\u1ed9 s\u00e1ng b\u00f3ng l\u00e2u d\u00e0i.<\/li>\n<li>Ray tr\u01b0\u1ee3t t\u00edch h\u1ee3p c\u00f4ng ngh\u1ec7 gi\u1ea3m ch\u1ea5n, gi\u1ea3m ti\u1ebfng \u1ed3n, v\u1eadn h\u00e0nh \u00eam \u00e1i v\u00e0 \u1ed5n \u0111\u1ecbnh.<\/li>\n<li>T\u1ea3i tr\u1ecdng l\u00ean \u0111\u1ebfn 30 kg, \u0111\u00e1p \u1ee9ng t\u1ed1t nhu c\u1ea7u l\u01b0u tr\u1eef cho gia \u0111\u00ecnh \u0111\u00f4ng ng\u01b0\u1eddi.<\/li>\n<li>\u00a0S\u1ea3n ph\u1ea9m \u0111\u1ea1t ti\u00eau chu\u1ea9n an to\u00e0n GS50000 c\u1ee7a \u0110\u1ee9c.<\/li>\n<\/ul>\n<p><iframe loading=\"lazy\" title=\"YouTube video player\" src=\"https:\/\/www.youtube.com\/embed\/F98vZHcux8Y?si=hnf-1rMT6cG197Wb\" width=\"560\" height=\"315\" frameborder=\"0\" data-mce-fragment=\"1\"><\/iframe><\/p>\n","protected":false},"excerpt":{"rendered":"<p>Dung t\u00edch l\u01b0u tr\u1eef l\u1edbn, c\u00f3 th\u1ec3 ch\u1ee9a c\u00f9ng l\u00fac 12 \u0111\u0129a, 20 b\u00e1t l\u1edbn, 8 b\u00e1t nh\u1ecf, c\u00f9ng nhi\u1ec1u d\u1ee5ng c\u1ee5 nh\u01b0 th\u00eca, n\u0129a, \u0111\u0169a, c\u1ed1c v\u00e0 ly. C\u00e1c khay \u0111\u1ef1ng c\u00f3 th\u1ec3 th\u00e1o r\u1eddi \u0111\u1ec3 d\u1ec5 d\u00e0ng v\u1ec7 sinh v\u00e0 s\u1eafp x\u1ebfp, s\u1eed d\u1ee5ng ti\u1ec7n l\u1ee3i g\u1ea7n khu v\u1ef1c r\u1eeda ch\u00e9n. Ba ng\u0103n&#8230;<\/p>\n","protected":false},"featured_media":5924,"comment_status":"open","ping_status":"closed","template":"","meta":[],"product_brand":[],"product_cat":[55,133],"product_tag":[],"class_list":{"0":"post-5923","1":"product","2":"type-product","3":"status-publish","4":"has-post-thumbnail","6":"product_cat-phu-kien-tu-bep","7":"product_cat-higold","9":"first","10":"instock","11":"shipping-taxable","12":"product-type-simple"},"_links":{"self":[{"href":"https:\/\/nhadepbepxinh.com.vn\/index.php?rest_route=\/wp\/v2\/product\/5923","targetHints":{"allow":["GET"]}}],"collection":[{"href":"https:\/\/nhadepbepxinh.com.vn\/index.php?rest_route=\/wp\/v2\/product"}],"about":[{"href":"https:\/\/nhadepbepxinh.com.vn\/index.php?rest_route=\/wp\/v2\/types\/product"}],"replies":[{"embeddable":true,"href":"https:\/\/nhadepbepxinh.com.vn\/index.php?rest_route=%2Fwp%2Fv2%2Fcomments&post=5923"}],"wp:featuredmedia":[{"embeddable":true,"href":"https:\/\/nhadepbepxinh.com.vn\/index.php?rest_route=\/wp\/v2\/media\/5924"}],"wp:attachment":[{"href":"https:\/\/nhadepbepxinh.com.vn\/index.php?rest_route=%2Fwp%2Fv2%2Fmedia&parent=5923"}],"wp:term":[{"taxonomy":"product_brand","embeddable":true,"href":"https:\/\/nhadepbepxinh.com.vn\/index.php?rest_route=%2Fwp%2Fv2%2Fproduct_brand&post=5923"},{"taxonomy":"product_cat","embeddable":true,"href":"https:\/\/nhadepbepxinh.com.vn\/index.php?rest_route=%2Fwp%2Fv2%2Fproduct_cat&post=5923"},{"taxonomy":"product_tag","embeddable":true,"href":"https:\/\/nhadepbepxinh.com.vn\/index.php?rest_route=%2Fwp%2Fv2%2Fproduct_tag&post=5923"}],"curies":[{"name":"wp","href":"https:\/\/api.w.org\/{rel}","templated":true}]}}