{"id":5920,"date":"2025-08-27T16:23:53","date_gmt":"2025-08-27T09:23:53","guid":{"rendered":"https:\/\/nhadepbepxinh.com.vn\/?post_type=product&#038;p=5920"},"modified":"2025-08-27T16:23:53","modified_gmt":"2025-08-27T09:23:53","slug":"gia-xoong-noi-martin-2-0","status":"publish","type":"product","link":"https:\/\/nhadepbepxinh.com.vn\/?product=gia-xoong-noi-martin-2-0","title":{"rendered":"GI\u00c1 XOONG N\u1ed2I MARTIN 2.0"},"content":{"rendered":"<ul class=\"nav nav-tabs\">\n<li class=\"active\">M\u00f4 t\u1ea3 s\u1ea3n ph\u1ea9m<\/li>\n<\/ul>\n<div class=\"tab-content\">\n<div id=\"block-2-tab-1\" class=\"tab-pane fade active in\">\n<ul>\n<li>\u0110\u01b0\u1ee3c ch\u1ebf t\u00e1c t\u1eeb ch\u1ea5t li\u1ec7u inox 304 cao c\u1ea5p, b\u1ec1 m\u1eb7t \u0111i\u1ec7n ph\u00e2n ch\u1ed1ng han g\u1ec9, \u0111\u1ea3m b\u1ea3o s\u00e1ng b\u00f3ng l\u00e2u d\u00e0i theo th\u1eddi gian, gi\u00e1 \u0111\u1ef1ng xoong n\u1ed3i Martin 2.0 l\u00e0 gi\u1ea3i ph\u00e1p l\u01b0u tr\u1eef hi\u1ec7n \u0111\u1ea1i, ti\u1ebft ki\u1ec7m \u0111\u1ebfn 40% di\u1ec7n t\u00edch.<\/li>\n<li>Dung t\u00edch l\u1edbn: Ch\u1ee9a \u0111\u01b0\u1ee3c nhi\u1ec1u \u0111\u1ed3 b\u1ebfp k\u00edch th\u01b0\u1edbc l\u1edbn nh\u01b0 n\u1ed3i, m\u00e1y n\u01b0\u1edbng b\u00e1nh m\u00ec, m\u00e1y xay c\u1ea7m tay, m\u00e1y \u0111\u00e1nh tr\u1ee9ng, h\u1ed9p c\u01a1m gi\u1eef nhi\u1ec7t, ch\u1eadu, r\u1ed5&#8230;<\/li>\n<li>Khay h\u1ee9ng n\u01b0\u1edbc h\u00ecnh thang: D\u1ec5 d\u00e0ng th\u00e1o r\u1eddi v\u00e0 v\u1ec7 sinh, gi\u1eef cho t\u1ee7 b\u1ebfp lu\u00f4n s\u1ea1ch s\u1ebd.<\/li>\n<li>L\u1eafp \u0111\u1eb7t d\u1ec5 d\u00e0ng: Ph\u1ee5 ki\u1ec7n \u0111\u01a1n gi\u1ea3n, t\u01b0\u01a1ng th\u00edch v\u1edbi m\u1ecdi lo\u1ea1i t\u1ee7 b\u1ebfp.<\/li>\n<li>Ray tr\u01b0\u1ee3t gi\u1ea3m ch\u1ea5n: V\u1eadn h\u00e0nh \u00eam \u00e1i, kh\u00f4ng g\u00e2y ti\u1ebfng \u1ed3n, \u0111\u01b0\u1ee3c b\u1ea3o h\u00e0nh l\u00ean \u0111\u1ebfn 60 th\u00e1ng.<\/li>\n<li>T\u1ea3i tr\u1ecdng cao: \u0110\u00e1p \u1ee9ng nhu c\u1ea7u l\u01b0u tr\u1eef l\u00ean \u0111\u1ebfn 30kg, l\u00fd t\u01b0\u1edfng cho gia \u0111\u00ecnh \u0111\u00f4ng ng\u01b0\u1eddi.<\/li>\n<li>Ti\u00eau chu\u1ea9n ch\u1ea5t l\u01b0\u1ee3ng: V\u01b0\u1ee3t qua b\u00e0i ki\u1ec3m tra GS50000 c\u1ee7a \u0110\u1ee9c, \u0111\u1ea3m b\u1ea3o an to\u00e0n v\u00e0 b\u1ec1n b\u1ec9 trong su\u1ed1t qu\u00e1 tr\u00ecnh s\u1eed d\u1ee5ng.<\/li>\n<\/ul>\n<p><iframe loading=\"lazy\" title=\"YouTube video player\" src=\"https:\/\/www.youtube.com\/embed\/F98vZHcux8Y?si=hnf-1rMT6cG197Wb\" width=\"560\" height=\"315\" frameborder=\"0\" data-mce-fragment=\"1\"><\/iframe><\/p>\n<\/div>\n<\/div>\n","protected":false},"excerpt":{"rendered":"<p>M\u00f4 t\u1ea3 s\u1ea3n ph\u1ea9m \u0110\u01b0\u1ee3c ch\u1ebf t\u00e1c t\u1eeb ch\u1ea5t li\u1ec7u inox 304 cao c\u1ea5p, b\u1ec1 m\u1eb7t \u0111i\u1ec7n ph\u00e2n ch\u1ed1ng han g\u1ec9, \u0111\u1ea3m b\u1ea3o s\u00e1ng b\u00f3ng l\u00e2u d\u00e0i theo th\u1eddi gian, gi\u00e1 \u0111\u1ef1ng xoong n\u1ed3i Martin 2.0 l\u00e0 gi\u1ea3i ph\u00e1p l\u01b0u tr\u1eef hi\u1ec7n \u0111\u1ea1i, ti\u1ebft ki\u1ec7m \u0111\u1ebfn 40% di\u1ec7n t\u00edch. Dung t\u00edch l\u1edbn: Ch\u1ee9a \u0111\u01b0\u1ee3c nhi\u1ec1u&#8230;<\/p>\n","protected":false},"featured_media":5921,"comment_status":"open","ping_status":"closed","template":"","meta":[],"product_brand":[],"product_cat":[55,133],"product_tag":[],"class_list":{"0":"post-5920","1":"product","2":"type-product","3":"status-publish","4":"has-post-thumbnail","6":"product_cat-phu-kien-tu-bep","7":"product_cat-higold","9":"first","10":"instock","11":"shipping-taxable","12":"product-type-simple"},"_links":{"self":[{"href":"https:\/\/nhadepbepxinh.com.vn\/index.php?rest_route=\/wp\/v2\/product\/5920","targetHints":{"allow":["GET"]}}],"collection":[{"href":"https:\/\/nhadepbepxinh.com.vn\/index.php?rest_route=\/wp\/v2\/product"}],"about":[{"href":"https:\/\/nhadepbepxinh.com.vn\/index.php?rest_route=\/wp\/v2\/types\/product"}],"replies":[{"embeddable":true,"href":"https:\/\/nhadepbepxinh.com.vn\/index.php?rest_route=%2Fwp%2Fv2%2Fcomments&post=5920"}],"wp:featuredmedia":[{"embeddable":true,"href":"https:\/\/nhadepbepxinh.com.vn\/index.php?rest_route=\/wp\/v2\/media\/5921"}],"wp:attachment":[{"href":"https:\/\/nhadepbepxinh.com.vn\/index.php?rest_route=%2Fwp%2Fv2%2Fmedia&parent=5920"}],"wp:term":[{"taxonomy":"product_brand","embeddable":true,"href":"https:\/\/nhadepbepxinh.com.vn\/index.php?rest_route=%2Fwp%2Fv2%2Fproduct_brand&post=5920"},{"taxonomy":"product_cat","embeddable":true,"href":"https:\/\/nhadepbepxinh.com.vn\/index.php?rest_route=%2Fwp%2Fv2%2Fproduct_cat&post=5920"},{"taxonomy":"product_tag","embeddable":true,"href":"https:\/\/nhadepbepxinh.com.vn\/index.php?rest_route=%2Fwp%2Fv2%2Fproduct_tag&post=5920"}],"curies":[{"name":"wp","href":"https:\/\/api.w.org\/{rel}","templated":true}]}}