{"id":5905,"date":"2025-08-27T16:05:34","date_gmt":"2025-08-27T09:05:34","guid":{"rendered":"https:\/\/nhadepbepxinh.com.vn\/?post_type=product&#038;p=5905"},"modified":"2025-08-27T16:05:34","modified_gmt":"2025-08-27T09:05:34","slug":"bo-tu-chau-lavabo-cao-cap-ckr-tc8003","status":"publish","type":"product","link":"https:\/\/nhadepbepxinh.com.vn\/?product=bo-tu-chau-lavabo-cao-cap-ckr-tc8003","title":{"rendered":"B\u1ed9 t\u1ee7 ch\u1eadu lavabo cao c\u1ea5p CKR-TC8003"},"content":{"rendered":"<p>M\u00e3 s\u1ea3n ph\u1ea9m CKR-TC8003<\/p>\n<ul>\n<li>K\u00edch th\u01b0\u1edbc t\u1ee7 ch\u1eadu: 800*500*480 mm<\/li>\n<li>K\u00edch th\u01b0\u1edbc t\u1ee7 g\u01b0\u01a1ng: 750*680*145 mm<\/li>\n<li>C\u00f4ng ngh\u1ec7 men ch\u1eadu: K-Nano ceramic<\/li>\n<li>V\u1eadt li\u1ec7u t\u1ee7 ch\u1eadu: Nh\u1ef1a ch\u1ed1ng n\u01b0\u1edbc 100%, c\u00e1nh Inox 304 v\u00e0 c\u00e1nh m\u1eb7t k\u00ednh bo vi\u1ec1n nh\u00f4m.<\/li>\n<li>V\u1eadt li\u1ec7u t\u1ee7 g\u01b0\u01a1ng: Nh\u1ef1a v\u1edbi b\u1ec1 m\u1eb7t g\u01b0\u01a1ng ph\u00f4i b\u1ec9 c\u00f3 led \u1ea5n c\u1ea3m \u1ee9ng<\/li>\n<li>Lo\u1ea1i lavabo: C\u00f3 l\u1ed7 tho\u00e1t tr\u00e0n<\/li>\n<li>B\u1ea3o h\u00e0nh: To\u00e0n b\u1ed9 s\u1ea3n ph\u1ea9m 3 n\u0103m<\/li>\n<li>Xi ph\u00f4ng khuy\u1ebfn ngh\u1ecb : K4046TT, K4047TT<\/li>\n<li>Y\u00eau c\u1ea7u k\u00edch ho\u1ea1t b\u1ea3o h\u00e0nh \u0111i\u1ec7n t\u1eed<\/li>\n<\/ul>\n","protected":false},"excerpt":{"rendered":"<p>M\u00e3 s\u1ea3n ph\u1ea9m CKR-TC8003 K\u00edch th\u01b0\u1edbc t\u1ee7 ch\u1eadu: 800*500*480 mm K\u00edch th\u01b0\u1edbc t\u1ee7 g\u01b0\u01a1ng: 750*680*145 mm C\u00f4ng ngh\u1ec7 men ch\u1eadu: K-Nano ceramic V\u1eadt li\u1ec7u t\u1ee7 ch\u1eadu: Nh\u1ef1a ch\u1ed1ng n\u01b0\u1edbc 100%, c\u00e1nh Inox 304 v\u00e0 c\u00e1nh m\u1eb7t k\u00ednh bo vi\u1ec1n nh\u00f4m. V\u1eadt li\u1ec7u t\u1ee7 g\u01b0\u01a1ng: Nh\u1ef1a v\u1edbi b\u1ec1 m\u1eb7t g\u01b0\u01a1ng ph\u00f4i b\u1ec9 c\u00f3 led \u1ea5n c\u1ea3m&#8230;<\/p>\n","protected":false},"featured_media":5906,"comment_status":"open","ping_status":"closed","template":"","meta":[],"product_brand":[],"product_cat":[18,102],"product_tag":[],"class_list":{"0":"post-5905","1":"product","2":"type-product","3":"status-publish","4":"has-post-thumbnail","6":"product_cat-thiet-bi-ve-sinh","7":"product_cat-tu-chau-lavabo","9":"first","10":"instock","11":"shipping-taxable","12":"product-type-simple"},"_links":{"self":[{"href":"https:\/\/nhadepbepxinh.com.vn\/index.php?rest_route=\/wp\/v2\/product\/5905","targetHints":{"allow":["GET"]}}],"collection":[{"href":"https:\/\/nhadepbepxinh.com.vn\/index.php?rest_route=\/wp\/v2\/product"}],"about":[{"href":"https:\/\/nhadepbepxinh.com.vn\/index.php?rest_route=\/wp\/v2\/types\/product"}],"replies":[{"embeddable":true,"href":"https:\/\/nhadepbepxinh.com.vn\/index.php?rest_route=%2Fwp%2Fv2%2Fcomments&post=5905"}],"wp:featuredmedia":[{"embeddable":true,"href":"https:\/\/nhadepbepxinh.com.vn\/index.php?rest_route=\/wp\/v2\/media\/5906"}],"wp:attachment":[{"href":"https:\/\/nhadepbepxinh.com.vn\/index.php?rest_route=%2Fwp%2Fv2%2Fmedia&parent=5905"}],"wp:term":[{"taxonomy":"product_brand","embeddable":true,"href":"https:\/\/nhadepbepxinh.com.vn\/index.php?rest_route=%2Fwp%2Fv2%2Fproduct_brand&post=5905"},{"taxonomy":"product_cat","embeddable":true,"href":"https:\/\/nhadepbepxinh.com.vn\/index.php?rest_route=%2Fwp%2Fv2%2Fproduct_cat&post=5905"},{"taxonomy":"product_tag","embeddable":true,"href":"https:\/\/nhadepbepxinh.com.vn\/index.php?rest_route=%2Fwp%2Fv2%2Fproduct_tag&post=5905"}],"curies":[{"name":"wp","href":"https:\/\/api.w.org\/{rel}","templated":true}]}}