{"id":5899,"date":"2025-08-27T15:52:21","date_gmt":"2025-08-27T08:52:21","guid":{"rendered":"https:\/\/nhadepbepxinh.com.vn\/?post_type=product&#038;p=5899"},"modified":"2025-08-27T15:52:21","modified_gmt":"2025-08-27T08:52:21","slug":"voi-rua-bat-lanh-caesar-k035c","status":"publish","type":"product","link":"https:\/\/nhadepbepxinh.com.vn\/?product=voi-rua-bat-lanh-caesar-k035c","title":{"rendered":"V\u00f2i r\u1eeda b\u00e1t l\u1ea1nh CAESAR K035C"},"content":{"rendered":"<div class=\"col-md-12 nopadding\">\n<div class=\"tabthongtinchitiet\">\n<div class=\"tabs\">\n<div class=\"tab-content tab-body\">\n<div id=\"home\" class=\"tab-pane active\">\n<h2><strong>V\u00f2i B\u1ebfp L\u1ea1nh Caesar K035C \u2013 S\u1ef1 L\u1ef1a Ch\u1ecdn B\u1ec1n B\u1ec9 v\u00e0 Ti\u1ec7n L\u1ee3i Cho M\u1ecdi Kh\u00f4ng Gian B\u1ebfp<\/strong><\/h2>\n<p><strong>Th\u00f4ng s\u1ed1 k\u1ef9 thu\u1eadt<\/strong><\/p>\n<ul>\n<li>M\u00e3 s\u1ea3n ph\u1ea9m: K035C<\/li>\n<li>Lo\u1ea1i s\u1ea3n ph\u1ea9m: V\u00f2i b\u1ebfp l\u1ea1nh g\u1eafn ch\u1eadu<\/li>\n<li>K\u00edch th\u01b0\u1edbc:<\/li>\n<li>Chi\u1ec1u cao t\u1ed5ng th\u1ec3 H = 321 mm<\/li>\n<li>Chi\u1ec1u cao \u0111\u1ea7u v\u00f2i H1 = 244 mm<\/li>\n<li>Chi\u1ec1u d\u00e0i v\u00f2i L = 151 mm<\/li>\n<li>\u00c1p l\u1ef1c n\u01b0\u1edbc l\u00fd t\u01b0\u1edfng: 0.05 MPa ~ 0.75 MPa<\/li>\n<li>Ch\u1ea5t li\u1ec7u ch\u00ednh: Inox cao c\u1ea5p<\/li>\n<li>Ch\u1ea5t li\u1ec7u m\u1ea1: L\u1edbp m\u1ea1 Crom v\u00e0 Niken b\u1ec1n v\u1eefng, ch\u1ed1ng g\u1ec9, ch\u1ed1ng b\u00e1m b\u1ea9n<\/li>\n<li>Thi\u1ebft k\u1ebf: Ki\u1ec3u d\u00e1ng hi\u1ec7n \u0111\u1ea1i, sang tr\u1ecdng<\/li>\n<li>Ghi ch\u00fa: S\u1ea3n ph\u1ea9m kh\u00f4ng bao g\u1ed3m d\u00e2y c\u1ea5p n\u01b0\u1edbc<\/li>\n<\/ul>\n<p><strong>Xu\u1ea5t x\u1ee9 s\u1ea3n ph\u1ea9m<\/strong><\/p>\n<ul>\n<li>H\u00e3ng s\u1ea3n xu\u1ea5t: Caesar<\/li>\n<li>C\u00f4ng ngh\u1ec7: \u0110\u00e0i Loan<\/li>\n<li>S\u1ea3n xu\u1ea5t t\u1ea1i: Vi\u1ec7t Nam<\/li>\n<\/ul>\n<p><strong>K\u1ebft lu\u1eadn<\/strong><\/p>\n<ul>\n<li><strong>V\u00f2i b\u1ebfp l\u1ea1nh Caesar K035C l\u00e0 d\u00f2ng s\u1ea3n ph\u1ea9m cao c\u1ea5p v\u1edbi thi\u1ebft k\u1ebf tinh t\u1ebf v\u00e0 hi\u1ec7n \u0111\u1ea1i, ph\u00f9 h\u1ee3p v\u1edbi nhi\u1ec1u kh\u00f4ng gian b\u1ebfp kh\u00e1c nhau. \u0110\u01b0\u1ee3c ch\u1ebf t\u1ea1o t\u1eeb inox ch\u1ea5t l\u01b0\u1ee3ng cao c\u00f9ng l\u1edbp m\u1ea1 Crom\u2013Niken b\u1ec1n \u0111\u1eb9p, s\u1ea3n ph\u1ea9m gi\u00fap ch\u1ed1ng \u0103n m\u00f2n v\u00e0 gi\u1eef \u0111\u1ed9 s\u00e1ng b\u00f3ng d\u00e0i l\u00e2u. Thi\u1ebft k\u1ebf ti\u1ec7n d\u1ee5ng, k\u1ebft c\u1ea5u v\u1eefng ch\u1eafc, \u0111\u1ea3m b\u1ea3o hi\u1ec7u qu\u1ea3 s\u1eed d\u1ee5ng l\u00e2u d\u00e0i. V\u00f2i Caesar K035C l\u00e0 l\u1ef1a ch\u1ecdn l\u00fd t\u01b0\u1edfng cho nh\u1eefng ai t\u00ecm ki\u1ebfm s\u1ef1 ti\u1ec7n nghi v\u00e0 \u0111\u1ed9 b\u1ec1n v\u01b0\u1ee3t tr\u1ed9i trong gian b\u1ebfp gia \u0111\u00ecnh.<\/strong><\/li>\n<\/ul>\n<\/div>\n<\/div>\n<\/div>\n<\/div>\n<\/div>\n<div class=\"col-md-12 nopadding\">\n<div id=\"related_products\" class=\"\">\n<div class=\"block-sidebar-product-title\"><\/div>\n<\/div>\n<\/div>\n","protected":false},"excerpt":{"rendered":"<p>V\u00f2i B\u1ebfp L\u1ea1nh Caesar K035C \u2013 S\u1ef1 L\u1ef1a Ch\u1ecdn B\u1ec1n B\u1ec9 v\u00e0 Ti\u1ec7n L\u1ee3i Cho M\u1ecdi Kh\u00f4ng Gian B\u1ebfp Th\u00f4ng s\u1ed1 k\u1ef9 thu\u1eadt M\u00e3 s\u1ea3n ph\u1ea9m: K035C Lo\u1ea1i s\u1ea3n ph\u1ea9m: V\u00f2i b\u1ebfp l\u1ea1nh g\u1eafn ch\u1eadu K\u00edch th\u01b0\u1edbc: Chi\u1ec1u cao t\u1ed5ng th\u1ec3 H = 321 mm Chi\u1ec1u cao \u0111\u1ea7u v\u00f2i H1 = 244 mm Chi\u1ec1u d\u00e0i&#8230;<\/p>\n","protected":false},"featured_media":5900,"comment_status":"open","ping_status":"closed","template":"","meta":[],"product_brand":[],"product_cat":[17,114],"product_tag":[],"class_list":{"0":"post-5899","1":"product","2":"type-product","3":"status-publish","4":"has-post-thumbnail","6":"product_cat-voi-rua-bat","7":"product_cat-caesar","9":"first","10":"instock","11":"shipping-taxable","12":"product-type-simple"},"_links":{"self":[{"href":"https:\/\/nhadepbepxinh.com.vn\/index.php?rest_route=\/wp\/v2\/product\/5899","targetHints":{"allow":["GET"]}}],"collection":[{"href":"https:\/\/nhadepbepxinh.com.vn\/index.php?rest_route=\/wp\/v2\/product"}],"about":[{"href":"https:\/\/nhadepbepxinh.com.vn\/index.php?rest_route=\/wp\/v2\/types\/product"}],"replies":[{"embeddable":true,"href":"https:\/\/nhadepbepxinh.com.vn\/index.php?rest_route=%2Fwp%2Fv2%2Fcomments&post=5899"}],"wp:featuredmedia":[{"embeddable":true,"href":"https:\/\/nhadepbepxinh.com.vn\/index.php?rest_route=\/wp\/v2\/media\/5900"}],"wp:attachment":[{"href":"https:\/\/nhadepbepxinh.com.vn\/index.php?rest_route=%2Fwp%2Fv2%2Fmedia&parent=5899"}],"wp:term":[{"taxonomy":"product_brand","embeddable":true,"href":"https:\/\/nhadepbepxinh.com.vn\/index.php?rest_route=%2Fwp%2Fv2%2Fproduct_brand&post=5899"},{"taxonomy":"product_cat","embeddable":true,"href":"https:\/\/nhadepbepxinh.com.vn\/index.php?rest_route=%2Fwp%2Fv2%2Fproduct_cat&post=5899"},{"taxonomy":"product_tag","embeddable":true,"href":"https:\/\/nhadepbepxinh.com.vn\/index.php?rest_route=%2Fwp%2Fv2%2Fproduct_tag&post=5899"}],"curies":[{"name":"wp","href":"https:\/\/api.w.org\/{rel}","templated":true}]}}