{"id":5896,"date":"2025-08-27T15:39:38","date_gmt":"2025-08-27T08:39:38","guid":{"rendered":"https:\/\/nhadepbepxinh.com.vn\/?post_type=product&#038;p=5896"},"modified":"2025-08-27T15:39:38","modified_gmt":"2025-08-27T08:39:38","slug":"may-hut-mui-kinh-cong-kaff-kf-gbe7004","status":"publish","type":"product","link":"https:\/\/nhadepbepxinh.com.vn\/?product=may-hut-mui-kinh-cong-kaff-kf-gbe7004","title":{"rendered":"M\u00e1y h\u00fat m\u00f9i k\u00ednh cong KAFF KF-GBE7004"},"content":{"rendered":"<h3 class=\"text-uppercase product-setting position-relative mt-sm-3\">M\u00f4 t\u1ea3 s\u1ea3n ph\u1ea9m<\/h3>\n<ul class=\"short_pro_desc\">\n<li>\u2022 M\u00e1y h\u00fat m\u00f9i k\u00ednh cong inox sang tr\u1ecdng<\/li>\n<li>\u2022 M\u1eb7t k\u00ednh c\u01b0\u1eddng l\u1ef1c d\u00e0y 6 mm<\/li>\n<li>\u2022 \u0110i\u1ec1u khi\u1ec3n \u0111i\u1ec7n t\u1ef1 \u0111\u1ed9ng 3 t\u1ed1c \u0111\u1ed9<\/li>\n<li>\u2022 \u0110\u1ed9ng c\u01a1 1&#215;230 W<\/li>\n<li>\u2022 L\u01b0\u1edbi l\u1ecdc inox si\u00eau b\u1ec1n d\u1ec5 d\u00e0ng v\u1ec7 sinh khi s\u1eed d\u1ee5ng<\/li>\n<li>\u2022 \u0110\u00e8n led bar 2 x 1.5 W<\/li>\n<li>\u2022 C\u00f4ng su\u1ea5t h\u00fat t\u1ed1i da 1000 m3\/h<\/li>\n<li>\u2022 \u0110\u1ed9 \u1ed3n maximum 48 dB<\/li>\n<li>\u2022 \u1ed0ng tho\u00e1t h\u01a1i D150 mm v\u00e0 \u1ed1ng m\u1ec1m k\u00e8m theo<\/li>\n<li>\u2022 \u1ed0p \u1ed1ng kh\u00f3i inox 2x283x324x500 mm<\/li>\n<li>\u2022 K\u00edch th\u01b0\u1edbc 52x475x695\/895 mm<\/li>\n<li>\u2022 Ngu\u1ed3n \u0111i\u1ec7n: 220V &#8211; 240V AC\/50 &#8211; 60Hz<\/li>\n<li>\u2022 B\u1ea3o h\u00e0nh 3 n\u0103m<\/li>\n<\/ul>\n","protected":false},"excerpt":{"rendered":"<p>M\u00f4 t\u1ea3 s\u1ea3n ph\u1ea9m \u2022 M\u00e1y h\u00fat m\u00f9i k\u00ednh cong inox sang tr\u1ecdng \u2022 M\u1eb7t k\u00ednh c\u01b0\u1eddng l\u1ef1c d\u00e0y 6 mm \u2022 \u0110i\u1ec1u khi\u1ec3n \u0111i\u1ec7n t\u1ef1 \u0111\u1ed9ng 3 t\u1ed1c \u0111\u1ed9 \u2022 \u0110\u1ed9ng c\u01a1 1&#215;230 W \u2022 L\u01b0\u1edbi l\u1ecdc inox si\u00eau b\u1ec1n d\u1ec5 d\u00e0ng v\u1ec7 sinh khi s\u1eed d\u1ee5ng \u2022 \u0110\u00e8n led bar 2 x 1.5&#8230;<\/p>\n","protected":false},"featured_media":5897,"comment_status":"open","ping_status":"closed","template":"","meta":[],"product_brand":[],"product_cat":[16,40],"product_tag":[],"class_list":{"0":"post-5896","1":"product","2":"type-product","3":"status-publish","4":"has-post-thumbnail","6":"product_cat-may-hut-mui","7":"product_cat-kaff-may-hut-mui","9":"first","10":"instock","11":"shipping-taxable","12":"product-type-simple"},"_links":{"self":[{"href":"https:\/\/nhadepbepxinh.com.vn\/index.php?rest_route=\/wp\/v2\/product\/5896","targetHints":{"allow":["GET"]}}],"collection":[{"href":"https:\/\/nhadepbepxinh.com.vn\/index.php?rest_route=\/wp\/v2\/product"}],"about":[{"href":"https:\/\/nhadepbepxinh.com.vn\/index.php?rest_route=\/wp\/v2\/types\/product"}],"replies":[{"embeddable":true,"href":"https:\/\/nhadepbepxinh.com.vn\/index.php?rest_route=%2Fwp%2Fv2%2Fcomments&post=5896"}],"wp:featuredmedia":[{"embeddable":true,"href":"https:\/\/nhadepbepxinh.com.vn\/index.php?rest_route=\/wp\/v2\/media\/5897"}],"wp:attachment":[{"href":"https:\/\/nhadepbepxinh.com.vn\/index.php?rest_route=%2Fwp%2Fv2%2Fmedia&parent=5896"}],"wp:term":[{"taxonomy":"product_brand","embeddable":true,"href":"https:\/\/nhadepbepxinh.com.vn\/index.php?rest_route=%2Fwp%2Fv2%2Fproduct_brand&post=5896"},{"taxonomy":"product_cat","embeddable":true,"href":"https:\/\/nhadepbepxinh.com.vn\/index.php?rest_route=%2Fwp%2Fv2%2Fproduct_cat&post=5896"},{"taxonomy":"product_tag","embeddable":true,"href":"https:\/\/nhadepbepxinh.com.vn\/index.php?rest_route=%2Fwp%2Fv2%2Fproduct_tag&post=5896"}],"curies":[{"name":"wp","href":"https:\/\/api.w.org\/{rel}","templated":true}]}}