{"id":5880,"date":"2025-07-29T09:19:13","date_gmt":"2025-07-29T02:19:13","guid":{"rendered":"https:\/\/nhadepbepxinh.com.vn\/?post_type=product&#038;p=5880"},"modified":"2025-07-29T09:19:13","modified_gmt":"2025-07-29T02:19:13","slug":"bep-tu-doi-kaff-fl-6068ii","status":"publish","type":"product","link":"https:\/\/nhadepbepxinh.com.vn\/?product=bep-tu-doi-kaff-fl-6068ii","title":{"rendered":"B\u1ebeP T\u1eea \u0110\u00d4I KAFF FL-6068II"},"content":{"rendered":"<p><strong>B\u1ebfp t\u1eeb 2 v\u00f9ng n\u1ea5u KAFF KF-FL6068II s\u1ea3n xu\u1ea5t \u1edf \u0111\u00e2u.?<\/strong><br \/>\nC\u00f9ng Nh\u00e0 \u0111\u1eb9p b\u1ebfp xinh t\u00ecm hi\u1ec3u t\u00ednh n\u0103ng, \u01b0u \u0111i\u1ec3m c\u1ee7a B\u1ebfp t\u1eeb 2 v\u00f9ng n\u1ea5u KAFF KF-FL6068II.!<br \/>\n\u2013\u00a0<strong>M\u1eb7t k\u00ednh c\u1ee7a b\u1ebfp t\u1eeb KAFF KF-FL6068II<\/strong>\u00a0\u0111\u01b0\u1ee3c l\u00e0m b\u1eb1ng k\u00ednh Ceramic si\u00eau b\u1ec1n v\u00e1t 4 c\u1ea1nh cao c\u1ea5p, ch\u1ecbu l\u1ef1c, ch\u1ecbu nhi\u1ec7t, ch\u1ed1ng s\u1ed1c nhi\u1ec7t, va \u0111\u1eadp, ch\u1ed1ng x\u01b0\u1edbc, \u0111\u01b0\u1ee3c s\u1ea3n xu\u1ea5t b\u1edfi c\u00f4ng ngh\u1ec7 ti\u00ean ti\u1ebfn h\u00e0ng \u0111\u1ea7u.\u00a0KAFF KF-FL6068II\u00a0\u0111\u01b0\u1ee3c thi\u1ebft k\u1ebf m\u1eb7t k\u00ednh t\u1ed1t nh\u1ea5t, cho b\u1ebfp t\u1eeb hi\u1ec7n nay tr\u00ean th\u1ebf gi\u1edbi, \u0111\u01b0\u1ee3c nhi\u1ec1u c\u00e1c th\u01b0\u01a1ng hi\u1ec7u nh\u00e0 b\u1ebfp n\u1ed5i ti\u1ebfng tr\u00ean to\u00e0n th\u1ebf gi\u1edbi tin d\u00f9ng, kh\u1ea3 n\u0103ng ch\u1ecbu l\u1ef1c va \u0111\u1eadp, kh\u1ea3 n\u0103ng ch\u1ecbu l\u1ef1c l\u00ean \u0111\u1ebfn 15.0kg tr\u00ean v\u00f9ng n\u1ea5u, ch\u1ecbu nhi\u1ec7t \u0111\u1ebfn 800\u00baC, ch\u1ecbu s\u1ed1c nhi\u1ec7t l\u00ean \u0111\u1ebfn 1000\u00baC.<br \/>\n\u2013\u00a0<strong>B\u1ebfp t\u1eeb KAFF KF-FL6068II<\/strong>, 2 v\u00f9ng n\u1ea5u c\u1ea3m \u1ee9ng, gi\u00fap ng\u01b0\u1eddi n\u1ed9i tr\u1ee3 d\u1ec5 d\u00e0ng \u0111i\u1ec1u khi\u1ec3n c\u00e1c ch\u1ee9c n\u0103ng, \u0111\u1ec3 ch\u1ebf bi\u1ebfn c\u00e1c m\u00f3n \u0103n kh\u00e1c nhau m\u1ed9t c\u00e1ch nhanh ch\u00f3ng. B\u1ebfp t\u1eeb KAFF KF-FL6068II\u0111\u01b0\u1ee3c thi\u1ebft k\u1ebf tinh t\u1ebf sang tr\u1ecdng.\u00a0M\u1eb7t b\u1ebfp KAFF KF-FL6068II\u00a0\u0111\u01b0\u1ee3c thi\u1ebft k\u1ebf ch\u1ed1ng tr\u01b0\u1ee3t, ch\u1ed1ng x\u01b0\u1edbc m\u1eb7t k\u00ednh.<br \/>\n\u2013\u00a0<strong>S\u1eed d\u1ee5ng b\u1ebfp t\u1eeb KAFF KF-FL6068II<\/strong>\u00a0Ti\u1ebft ki\u1ec7m 35% \u0111i\u1ec7n n\u0103ng, b\u1ebfp t\u1eeb KAFF KF-FL6068II\u0111\u01b0\u1ee3c t\u00edch h\u1ee3p c\u00f4ng ngh\u1ec7 bi\u1ebfn t\u1ea7n Bridge INVERTER. L\u00e0 c\u00f4ng ngh\u1ec7 hi\u1ec7n \u0111\u1ea1i \u0111\u01b0\u1ee3c t\u00edch h\u1ee3p cho b\u1ebfp t\u1eeb cao c\u1ea5p hi\u1ec7n nay, v\u1edbi c\u00f4ng ngh\u1ec7 bi\u1ebfn t\u1ea7n l\u00f5i k\u00e9p\u00a0<strong>INVERTER<\/strong>\u00a0\u0111\u01b0\u1ee3c<strong>\u00a0KAFF<\/strong>\u00a0trang b\u1ecb tr\u00ean B\u1ebfp t\u1eeb KAFF KF-FL6068II,\u00a0 c\u00e1c m\u1ee9c c\u00f4ng su\u1ea5t th\u1ea5p, gi\u1eef cho b\u1ebfp gia nhi\u1ec7t duy tr\u00ec \u1ed5n \u0111\u1ecbnh, . Gi\u00fap ch\u1ebf bi\u1ebfn c\u00e1c m\u00f3n \u0103n \u0111\u1ea3m b\u1ea3o h\u01b0\u01a1ng v\u1ecb th\u01a1m ngon, ch\u00edn \u0111\u1ec1u cho c\u00e1c m\u00f3n \u0103n.<br \/>\n\u2013<strong>\u00a0B\u1ebfp t\u1eeb KAFF KF-FL6068II<\/strong>\u0111\u01b0\u1ee3c thi\u1ebft k\u1ebf \u0111i\u1ec1u khi\u1ec3n c\u1ea3m \u1ee9ng d\u1ea1ng tr\u01b0\u1ee3t Slider,09 m\u1ee9c c\u00f4ng su\u1ea5t \u0111i\u1ec1u khi\u1ec3n \u0111\u1ed9c l\u1eadp cho 2 v\u00f9ng n\u1ea5u, \u0111\u01b0\u1ee3c thi\u1ebft k\u1ebf t\u00ednh \u01b0u vi\u1ec7t nh\u1ea5t cho b\u1ebfp t\u1eeb KAFF KF-FL6068II, gi\u00fap ng\u01b0\u1eddi s\u1eed d\u1ee5ng d\u1ec5 d\u00e0ng \u0111i\u1ec1u khi\u1ec3n c\u00e1c ch\u1ee9c n\u0103ng c\u1ee7a c\u1ea3 2 v\u00f9ng n\u1ea5u \u0111\u1ed9c l\u1eadp c\u00f9ng l\u00fac. H\u1ec7 th\u1ed1ng \u0111i\u1ec1u khi\u1ec3n \u0111\u01b0\u1ee3c \u1ee9ng d\u1ee5ng c\u00f4ng ngh\u1ec7 c\u1ea3m bi\u1ebfn nhi\u1ec7t si\u00eau nh\u1ea1y gi\u00fap ng\u01b0\u1eddi s\u1eed d\u1ee5ng d\u1ec5 d\u00e0ng an to\u00e0n.<br \/>\n\u2013\u00a0<strong>\u0110\u1eb7c bi\u1ec7t b\u1ebfp t\u1eeb 2 v\u00f9ng n\u1ea5u KAFF KF-FL6068II<\/strong>, c\u00f3 ch\u1ee9c n\u0103ng\u00a0<strong>\u201cBooster\u201d<\/strong>\u00a0si\u00eau nhanh gi\u00fap ng\u01b0\u1eddi n\u1ed9i tr\u1ee3 ti\u1ebft ki\u1ec7m th\u1eddi gian n\u1ea5u n\u01b0\u1edbng. \u0110\u00e2y m\u1ed9t trong s\u1ed1 r\u1ea5t \u00edt b\u1ebfp \u0111i\u1ec7n t\u1eeb c\u00f3. V\u1edbi thi\u1ebft k\u1ebf c\u1ee7a\u00a0B\u1ebfp t\u1eeb KAFF KF-FL6068II, k\u1ebft h\u1ee3p m\u1ed9t b\u00ean \u0111i\u1ec7n k\u1ebft h\u1ee3p m\u1ed9t b\u00ean t\u1eeb, gi\u00fap ng\u01b0\u1eddi n\u1ed9i tr\u1ee3 \u0111un n\u1ea5u nhanh ch\u00f3ng, ti\u1ebft ki\u1ec7m th\u1eddi gian.<br \/>\n\u2013\u00a0<strong>T\u1ed1c \u0111\u1ed9 t\u0103ng nhi\u1ec7t c\u1ee7a b\u1ebfp t\u1eeb \u00e2m KAFF KF-FL6068II<\/strong>, nhanh g\u1ea5p 3 l\u1ea7n so v\u1edbi b\u1ebfp truy\u1ec1n th\u1ed1ng hi\u1ec7n nay, \u0111\u01b0\u1ee3c thi\u1ebft k\u1ebf v\u1edbi m\u1ea1ch c\u00f4ng su\u1ea5t l\u00f5i k\u00e9p, b\u1ebfp t\u1eeb \u00e2m KAFF KF-FL6068II, b\u1ebfp c\u00f3 kh\u1ea3 n\u0103ng \u0111\u1ea1t m\u1ee9c c\u00f4ng su\u1ea5t theo y\u00eau c\u1ea7u r\u1ea5t nhanh, k\u1ebft qu\u1ea3 ki\u1ec3m tra th\u1eed t\u1ea1i ph\u00f2ng k\u1ef9 thu\u1eadt c\u1ee7a b\u1ebfp th\u1ecbnh ph\u00e1t cho th\u1ea5y, b\u1ebfp t\u1eeb KAFF KF-FL6068IIc\u00f3 kh\u1ea3 n\u0103ng \u0111\u1ea1t m\u1ee9c c\u00f4ng su\u1ea5t l\u00ean \u0111\u1ebfn 2000W ch\u1ec9 sau kho\u1ea3ng 2-5 gi\u00e2y kh\u1edfi \u0111\u1ed9ng, gi\u00fap \u0111un n\u1ea5u nhanh g\u1ea5p 3 l\u1ea7n so v\u1edbi b\u1ebfp truy\u1ec1n th\u1ed1ng.<br \/>\n\u2013\u00a0<strong>B\u1ebfp t\u1eeb \u0111\u00f4i KAFF KF-FL6068II<\/strong>,\u00a0n\u1ea5u th\u1ee9c \u0103n v\u1edbi \u0111\u1ed9 ch\u00ednh x\u00e1c cao, \u0111i\u1ec1u ch\u1ec9nh nhi\u1ec7t \u0111\u1ed9 nhanh. V\u1edbi c\u00f4ng ngh\u1ec7 th\u1ebf h\u1ec7 G5 c\u1ee7a t\u1eadp \u0111o\u00e0n EGO \u0111\u01b0\u1ee3c thi\u1ebft k\u1ebf tr\u00ean b\u1ebfp t\u1eeb \u0111\u00f4i KAFF KF-FL6068II c\u00f3 kh\u1ea3 n\u0103ng thay \u0111\u1ed5i c\u00f4ng su\u1ea5t theo \u0111i\u1ec1u khi\u1ec3n ngay t\u1ee9c th\u00ec, khi ng\u01b0\u1eddi d\u00f9ng \u0111i\u1ec1u ch\u1ec9nh t\u0103ng gi\u1ea3m nhi\u1ec7t \u0111\u1ed9 \u0111un n\u1ea5u, b\u1ebfp \u0111i\u1ec1u ch\u1ec9nh thay \u0111\u1ed5i t\u1ee9c th\u00ec v\u1ec1 m\u1ee9c nhi\u1ec7t \u0111\u1ed9 mong mu\u1ed1n.<br \/>\n\u2013\u00a0<strong>B\u1ebfp t\u1eeb KAFF KF-FL6068II<\/strong>c\u00f3 ch\u1ee9c n\u0103ng t\u1ef1 \u0111\u1ed9ng ph\u00e1t hi\u1ec7n v\u00f9ng n\u1ea5u, v\u00e0 v\u00f9ng n\u1ea5u ch\u1ec9 n\u00f3ng l\u00ean khi c\u00f3 v\u1eadt d\u1ee5ng \u0111un n\u1ea5u \u0111\u1ec3 l\u00ean, b\u1ebfp t\u1eeb KAFF KF-FL6068II\u0111\u01b0\u1ee3c t\u00edch h\u1ee3p ch\u1ee9c n\u0103ng t\u1ef1 nh\u1eadn di\u1ec7n v\u00f9ng n\u1ea5u, khi \u0111\u1eb7t n\u1ed3i l\u00ean 1 trong 2 v\u00f9ng n\u1ea5u tr\u00ean b\u1ebfp, sau \u0111\u00f3 b\u1ea1n \u1ea5n n\u00fat kh\u1edfi \u0111\u1ed9ng b\u1ebfp, sau kho\u1ea3ng th\u1eddi gian t\u1eeb 1-2 gi\u00e2y b\u1ebfp s\u1ebd t\u1ef1 \u0111\u1ed9ng t\u00ecm v\u00f9ng n\u1ea5u, b\u1ea1n ch\u1ec9 vi\u1ec7c \u0111i\u1ec1u ch\u1ec9nh c\u00f4ng su\u1ea5t to nh\u1ecf theo \u00fd mu\u1ed1n m\u00e0 kh\u00f4ng ph\u1ea3i thao t\u00e1c, ch\u1ecdn v\u00f9ng n\u1ea5u nh\u01b0 b\u1ebfp th\u00f4ng th\u01b0\u1eddng.<br \/>\n\u2013<strong>\u00a0B\u1ebfp t\u1eeb KAFF KF-FL6068II<\/strong>, \u0111\u01b0\u1ee3c thi\u1ebft k\u1ebf v\u1edbi ch\u1ee9c n\u0103ng \u1ee7 \u1ea5m \u201ch\u00e2m n\u00f3ng\u201d Keep Warm \u1edf nhi\u1ec7t \u0111\u1ed9. V\u1edbi c\u00f4ng ngh\u1ec7 bi\u1ebfn t\u1ea7n\u00a0<strong>INVERTER<\/strong>\u00a0v\u01b0\u1ee3t tr\u1ed9i,\u00a0b\u1ebfp t\u1eeb KAFF KF-FL6068II\u00a0c\u00f3 kh\u1ea3 n\u0103ng \u1ee7 \u1ea5m v\u1edbi 3 m\u1ee9c nhi\u1ec7t \u0111\u1ed9 theo \u00fd mu\u1ed1n, ch\u1ee9c n\u0103ng \u1ee7 \u1ea5m c\u1ee7a b\u1ebfp\u00a0<strong>KAFF<\/strong>\u00a0\u0111\u01b0\u1ee3c thi\u1ebft k\u1ebf v\u1edbi ch\u1ee9c n\u0103ng l\u1eadp tr\u00ecnh gi\u1eef m\u1ee9c nhi\u1ec7t \u0111\u1ed9 \u1ed5n \u0111\u1ecbnh \u1edf c\u00e1c m\u1ee9c 65-75-85 \u00baC, gi\u00fap ng\u01b0\u1eddi n\u1ed9i tr\u1ee3 duy tr\u00ec nhi\u1ec7t cho th\u1ee9c \u0103n lu\u00f4n n\u00f3ng, \u1ea5m.<br \/>\n<strong>CH\u1ee8C N\u0102NG AN TO\u00c0N C\u1ee6A B\u1ebeP T\u1eea KAFF KF-FL6068II<\/strong><br \/>\n\u2013 Ch\u1ee9c n\u0103ng c\u1ea3m \u1ee9ng t\u1ef1 \u0111\u1ed9ng t\u1eaft b\u1ebfp khi kh\u00f4ng c\u00f3 v\u1eadt d\u1ee5ng \u0111un n\u1ea5u.<br \/>\n\u2013 Ch\u1ee9c n\u0103ng t\u1ea1m d\u1eebng Pause \u201cStop go\u201d, gi\u00fap t\u1ea1m d\u1eebng nhi\u1ec7t \u0111\u1ed9 khi \u0111ang \u0111un n\u1ea5u.<br \/>\n\u2013 Ch\u1ee9c n\u0103ng kh\u00f3a tr\u1ebb em Child lock, khi \u0111ung n\u1ea5u, v\u1edbi c\u00e1c ch\u1ee9c n\u0103ng.<br \/>\n\u2013 Ch\u1ee9c n\u0103ng ch\u1ed1ng tr\u00e0o n\u01b0\u1edbc Water overflow, C\u1ea3m \u1ee9ng t\u1ef1 \u0111\u1ed9ng ng\u1eaft b\u1ebfp khi n\u01b0\u1edbc tr\u00e0o ra m\u1eb7t b\u1ebfp \u0111\u1ebfn khu v\u1ef1c b\u00e0n ph\u00edm \u0111i\u1ec1u khi\u1ec3n, kho\u1ea3ng 3 \u0111\u1ebfn 5 gi\u00e2y b\u1ebfp s\u1ebd t\u1ef1 \u0111\u1ed9ng ng\u1eebng ho\u1ea1t \u0111\u1ed9ng \u0111\u1ec3 \u0111\u1ea3m b\u1ea3o an to\u00e0n.<br \/>\n\u2013 Ch\u1ee9c n\u0103ng h\u1eb9n gi\u1edd, gi\u1edbi h\u1ea1n th\u1eddi gian, gi\u00fap ng\u01b0\u1eddi n\u1ed9i tr\u1ee3, d\u1ec5 d\u00e0ng n\u1ea5u n\u01b0\u1edbng, ch\u1ebf bi\u1ebfn v\u1edbi c\u00e1c m\u00f3n \u0103n nh\u01b0, kho, ninh, h\u1ea7m\u2026 kh\u00f4ng m\u1ea5t th\u1eddi gian ng\u1ed3i ch\u1edd \u0111\u1ee3i.<br \/>\n\u2013 Ch\u1ee9c n\u0103ng b\u1ea3o v\u1ec7 qu\u00e1 nhi\u1ec7t, h\u1ec7 th\u1ed1ng c\u1ea3m bi\u1ebfn nhi\u1ec7t \u0111\u1ed9 t\u00edch h\u1ee3p trong t\u1eebng v\u00f9ng n\u1ea5u, nh\u01b0 \u0111un n\u1ea5u b\u1ecb c\u1ea1n, kh\u00f4, nhi\u1ec7t sinh ra\u2026 b\u1ebfp s\u1ebd t\u1ef1 \u0111\u1ed9ng ng\u1eaft c\u00f4ng su\u1ea5t \u0111\u1ea3m b\u1ea3o an to\u00e0n cho b\u1ebfp.<br \/>\n\u2013 Ch\u1ee9c n\u0103ng chia s\u1ebb c\u00f4ng su\u1ea5t c\u1ee7a 2 v\u00f9ng n\u1ea5u t\u1ed1i \u0111a 2800W, Khi m\u1ed9t v\u00f9ng n\u1ea5u ho\u1ea1t \u0111\u1ed9ng \u1edf m\u1ee9c c\u00f4ng su\u1ea5t cao, th\u00ec v\u00f9ng n\u1ea5u c\u00f2n l\u1ea1i s\u1ebd t\u1ef1 \u0111\u1ed9ng \u0111i\u1ec1u ch\u1ec9nh gi\u1ea3m \u0111\u1ec3 \u0111\u1ea3m b\u1ea3o t\u1ed5ng c\u00f4ng su\u1ea5t b\u1ebfp kh\u00f4ng v\u01b0\u1ee3t qu\u00e1 2000W, b\u1ea3o v\u1ec7 kh\u00f4ng b\u1ecb qu\u00e1 t\u1ea3i.<br \/>\n\u2013 Ch\u1ee9c n\u0103ng c\u1ea3nh b\u00e1o nhi\u1ec7t d\u01b0, hi\u1ec3n th\u1ecb h\u00ecnh \u201cH\u201d cho t\u1eebng v\u00f9ng n\u1ea5u c\u00f2n n\u00f3ng nh\u1ea5p nh\u00e1y, c\u1ea3nh b\u00e1o v\u00f9ng n\u1ea5u c\u00f2n n\u00f3ng nhi\u1ec7t \u0111\u1ed9 tr\u00ean 60\u00baC, ch\u1eef \u201cH\u201d s\u1ebd t\u1ef1 m\u1ea5t \u0111i khi m\u1eb7t b\u1ebfp \u0111\u01b0\u1ee3c gi\u1ea3m nhi\u1ec7t xu\u1ed1ng d\u01b0\u1edbi 60\u00baC kh\u00f4ng g\u00e2y nguy hi\u1ec3m.<\/p>\n<p>B\u1ebfp 2 t\u1eeb \u2013 Xu\u1ea5t x\u1ee9: Made in Malaysia<\/p>\n<p>+ M\u1eb7t k\u00ednh EURO Platium si\u00eau b\u1ec1n, ch\u1ecbu s\u1ed1c nhi\u1ec7t l\u00ean \u0111\u1ebfn 1000\u00b0C, bo vi\u1ec1n nh\u00f4m 4 c\u1ea1nh ch\u1ed1ng va \u0111\u1eadp b\u1ea3o v\u1ec7 k\u00ednh<\/p>\n<p>+ \u0110\u1ea7u \u0111\u1ed1t EGO Green ti\u1ebft ki\u1ec7m \u0111i\u1ec7n th\u00e2n thi\u1ec7n m\u00f4i tr\u01b0\u1eddng<\/p>\n<p>+ 10 d\u1ea3i c\u00f4ng su\u1ea5t<\/p>\n<p>+ \u0110i\u1ec1u khi\u1ec3n c\u1ea3m \u1ee9ng Slide d\u1ea1ng \u1ea9n tr\u1ef1c ti\u1ebfp tr\u00ean m\u1eb7t b\u1ebfp<\/p>\n<p>+ C\u00f4ng ngh\u1ec7 Inverter v\u00e0 chia s\u1ebd c\u00f4ng su\u1ea5t ti\u1ebft ki\u1ec7m \u0111i\u1ec7n n\u0103ng, b\u1ea3o v\u1ec7 b\u1ebfp<\/p>\n<p>+ Ch\u1ee9c n\u0103ng Booster n\u1ea5u c\u1ef1c nhanh<\/p>\n<p>+ Ch\u1ee9c n\u0103ng n\u1ea5u c\u01a1m<\/p>\n<p>+ Ch\u1ee9c n\u0103ng chi\u00ean x\u00e0o<\/p>\n<p>+ Ch\u1ee9c n\u0103ng t\u1ea1m d\u1eebng<\/p>\n<p>+ Ch\u1ee9c n\u0103ng ch\u1ed1ng tr\u00e0n<\/p>\n<p>+ Ch\u1ee9c n\u0103ng h\u1eb9n gi\u1edd, kh\u00f3a tr\u1ebb em th\u00f4ng minh ti\u1ec7n d\u1ee5ng<\/p>\n<p>+ C\u1ea3m \u1ee9ng qu\u00e1 nhi\u1ec7t<\/p>\n<p>+ C\u00f4ng su\u1ea5t b\u1ebfp: 2000W x 2000W (booster 2800W)<\/p>\n<p>+ K\u00edch th\u01b0\u1edbc m\u1eb7t k\u00ednh 730\u00d7430 mm<\/p>\n<p>K\u00edch th\u01b0\u1edbc kho\u00e9t \u0111\u00e1: 680\u00d7390 mm<\/p>\n","protected":false},"excerpt":{"rendered":"<p>B\u1ebfp t\u1eeb 2 v\u00f9ng n\u1ea5u KAFF KF-FL6068II s\u1ea3n xu\u1ea5t \u1edf \u0111\u00e2u.? C\u00f9ng Nh\u00e0 \u0111\u1eb9p b\u1ebfp xinh t\u00ecm hi\u1ec3u t\u00ednh n\u0103ng, \u01b0u \u0111i\u1ec3m c\u1ee7a B\u1ebfp t\u1eeb 2 v\u00f9ng n\u1ea5u KAFF KF-FL6068II.! \u2013\u00a0M\u1eb7t k\u00ednh c\u1ee7a b\u1ebfp t\u1eeb KAFF KF-FL6068II\u00a0\u0111\u01b0\u1ee3c l\u00e0m b\u1eb1ng k\u00ednh Ceramic si\u00eau b\u1ec1n v\u00e1t 4 c\u1ea1nh cao c\u1ea5p, ch\u1ecbu l\u1ef1c, ch\u1ecbu nhi\u1ec7t, ch\u1ed1ng s\u1ed1c nhi\u1ec7t,&#8230;<\/p>\n","protected":false},"featured_media":5883,"comment_status":"open","ping_status":"closed","template":"","meta":[],"product_brand":[],"product_cat":[15,33],"product_tag":[],"class_list":{"0":"post-5880","1":"product","2":"type-product","3":"status-publish","4":"has-post-thumbnail","6":"product_cat-bep-tu","7":"product_cat-hang-kaff","9":"first","10":"instock","11":"shipping-taxable","12":"product-type-simple"},"_links":{"self":[{"href":"https:\/\/nhadepbepxinh.com.vn\/index.php?rest_route=\/wp\/v2\/product\/5880","targetHints":{"allow":["GET"]}}],"collection":[{"href":"https:\/\/nhadepbepxinh.com.vn\/index.php?rest_route=\/wp\/v2\/product"}],"about":[{"href":"https:\/\/nhadepbepxinh.com.vn\/index.php?rest_route=\/wp\/v2\/types\/product"}],"replies":[{"embeddable":true,"href":"https:\/\/nhadepbepxinh.com.vn\/index.php?rest_route=%2Fwp%2Fv2%2Fcomments&post=5880"}],"wp:featuredmedia":[{"embeddable":true,"href":"https:\/\/nhadepbepxinh.com.vn\/index.php?rest_route=\/wp\/v2\/media\/5883"}],"wp:attachment":[{"href":"https:\/\/nhadepbepxinh.com.vn\/index.php?rest_route=%2Fwp%2Fv2%2Fmedia&parent=5880"}],"wp:term":[{"taxonomy":"product_brand","embeddable":true,"href":"https:\/\/nhadepbepxinh.com.vn\/index.php?rest_route=%2Fwp%2Fv2%2Fproduct_brand&post=5880"},{"taxonomy":"product_cat","embeddable":true,"href":"https:\/\/nhadepbepxinh.com.vn\/index.php?rest_route=%2Fwp%2Fv2%2Fproduct_cat&post=5880"},{"taxonomy":"product_tag","embeddable":true,"href":"https:\/\/nhadepbepxinh.com.vn\/index.php?rest_route=%2Fwp%2Fv2%2Fproduct_tag&post=5880"}],"curies":[{"name":"wp","href":"https:\/\/api.w.org\/{rel}","templated":true}]}}