{"id":5868,"date":"2025-07-26T09:55:14","date_gmt":"2025-07-26T02:55:14","guid":{"rendered":"https:\/\/nhadepbepxinh.com.vn\/?post_type=product&#038;p=5868"},"modified":"2025-07-26T09:55:14","modified_gmt":"2025-07-26T02:55:14","slug":"bep-tu-doi-hubscher-model-ihc-6262-tl","status":"publish","type":"product","link":"https:\/\/nhadepbepxinh.com.vn\/?product=bep-tu-doi-hubscher-model-ihc-6262-tl","title":{"rendered":"B\u1ebfp t\u1eeb \u0111\u00f4i Hubscher model: IHC-6262.TL"},"content":{"rendered":"<p style=\"font-weight: 400;\"><strong>\u0110\u1eb7c t\u00ednh s\u1ea3n ph\u1ea9m:<\/strong><\/p>\n<p style=\"font-weight: 400;\">\u00d8\u00a0\u00a0B\u1ebfp t\u1eeb 2 v\u00f9ng n\u1ea5u.<\/p>\n<p style=\"font-weight: 400;\">\u00d8\u00a0\u00a0S\u1eed d\u1ee5ng k\u00ednh EURO Platinum \u0111\u01b0\u1ee3c s\u1ea3n xu\u1ea5t t\u1ea1i Italy, v\u1edbi thi\u1ebft k\u1ebf v\u00e1t c\u1ea1nh v\u00e0 bo vi\u1ec1n b\u1eb1ng h\u1ee3p kim nh\u00f4m cao c\u1ea5p, ch\u1ed1ng tr\u1ea7y x\u01b0\u1edbc, ch\u1ecbu nhi\u1ec7t l\u00ean \u0111\u1ebfn 1000\u00b0C.<\/p>\n<p style=\"font-weight: 400;\">\u00d8\u00a0\u00a0B\u1ec1 m\u1eb7t v\u00f9ng n\u1ea5u \u0111\u01b0\u1ee3c ph\u1ee7 nano sang tr\u1ecdng.<\/p>\n<p style=\"font-weight: 400;\">\u00d8\u00a0\u00a0C\u00f4ng ngh\u1ec7 Inverter Econavi gi\u00fap t\u1ed1i \u01b0u 45% \u0111i\u1ec7n n\u0103ng s\u1eed d\u1ee5ng.<\/p>\n<p style=\"font-weight: 400;\">\u00d8\u00a0\u00a0C\u00f4ng ngh\u1ec7 bi\u1ebfn t\u1ea7n &#8220;half-bridge IGBT inverter&#8221; (t\u00ednh n\u0103ng s\u00f4i liu riu kh\u00f4ng ng\u1eaft).<\/p>\n<p style=\"font-weight: 400;\">\u00d8\u00a0\u00a0M\u1ea1ch c\u00f4ng su\u1ea5t, m\u00e2m t\u1eeb c\u1ee7a E.G.O.<\/p>\n<p style=\"font-weight: 400;\">\u00d8\u00a0\u00a0Ch\u1ee9c n\u0103ng Booster Function (t\u0103ng nhi\u1ec7t \u0111\u1ed9 nhanh).<\/p>\n<p style=\"font-weight: 400;\">\u00d8\u00a0\u00a0Ch\u1ee9c n\u0103ng \u1ee7, h\u00e2m n\u00f3ng th\u1ee9c \u0103n (warm).<\/p>\n<p style=\"font-weight: 400;\"><strong style=\"font-weight: 600;\">Xu\u1ea5t x\u1ee9: Th\u00e1i Lan<\/strong><\/p>\n<p style=\"font-weight: 400;\">T\u00ednh n\u0103ng an to\u00e0n<\/p>\n<p style=\"font-weight: 400;\">\u00d8\u00a0\u00a0H\u1ec7 th\u1ed1ng ch\u1ed1ng tr\u00e0o (t\u1ef1 ng\u1eaft khi tr\u00e0o n\u01b0\u1edbc)<\/p>\n<p style=\"font-weight: 400;\">\u00d8\u00a0\u00a0Ch\u1ebf \u0111\u1ed9 h\u1eb9n gi\u1edd th\u00f4ng minh t\u1ef1 \u0111\u1ed9ng ng\u1eaft \u0111i\u1ec7n theo th\u1eddi gian c\u00e0i \u0111\u1eb7t.<\/p>\n<p style=\"font-weight: 400;\">\u00d8\u00a0\u00a0Kh\u00f3a tr\u1ebb em.<\/p>\n<p style=\"font-weight: 400;\">\u00d8\u00a0\u00a0H\u1ec7 th\u1ed1ng b\u1ea3o v\u1ec7 qu\u00e1 t\u1ea3i, qu\u00e1 nhi\u1ec7t, ng\u1eafn m\u1ea1ch. T\u1ef1 \u0111\u1ed9ng nh\u1eadn di\u1ec7n \u0111\u00e1y n\u1ed3i, ng\u1eaft t\u1ef1 \u0111\u1ed9ng khi c\u00f3 s\u1ef1 c\u1ed1.<\/p>\n<p style=\"font-weight: 400;\">Th\u00f4ng s\u1ed1 k\u1ef9 thu\u1eadt:<\/p>\n<p style=\"font-weight: 400;\">\u00d8\u00a0\u00a0S\u1eed d\u1ee5ng 2 IGBT simens c\u00f4ng su\u1ea5t 30A.<\/p>\n<p style=\"font-weight: 400;\">\u00d8\u00a0\u00a0C\u00f4ng su\u1ea5t t\u1ed1i \u0111a 4400W.<\/p>\n<p style=\"font-weight: 400;\">\u00d8\u00a0\u00a0\u0110i\u1ec7n \u00e1p: 220-240v\/50Hz.<\/p>\n<p style=\"font-weight: 400;\">\u00d8\u00a0\u00a0K\u00edch th\u01b0\u1edbc s\u1ea3n ph\u1ea9m: 730x430mm.<\/p>\n<p style=\"font-weight: 400;\">\u00d8\u00a0\u00a0K\u00edch th\u01b0\u1edbc kho\u00e9t \u0111\u00e1: 700x400mm.<\/p>\n","protected":false},"excerpt":{"rendered":"<p>\u0110\u1eb7c t\u00ednh s\u1ea3n ph\u1ea9m: \u00d8\u00a0\u00a0B\u1ebfp t\u1eeb 2 v\u00f9ng n\u1ea5u. \u00d8\u00a0\u00a0S\u1eed d\u1ee5ng k\u00ednh EURO Platinum \u0111\u01b0\u1ee3c s\u1ea3n xu\u1ea5t t\u1ea1i Italy, v\u1edbi thi\u1ebft k\u1ebf v\u00e1t c\u1ea1nh v\u00e0 bo vi\u1ec1n b\u1eb1ng h\u1ee3p kim nh\u00f4m cao c\u1ea5p, ch\u1ed1ng tr\u1ea7y x\u01b0\u1edbc, ch\u1ecbu nhi\u1ec7t l\u00ean \u0111\u1ebfn 1000\u00b0C. \u00d8\u00a0\u00a0B\u1ec1 m\u1eb7t v\u00f9ng n\u1ea5u \u0111\u01b0\u1ee3c ph\u1ee7 nano sang tr\u1ecdng. \u00d8\u00a0\u00a0C\u00f4ng ngh\u1ec7 Inverter Econavi gi\u00fap&#8230;<\/p>\n","protected":false},"featured_media":5869,"comment_status":"open","ping_status":"closed","template":"","meta":[],"product_brand":[],"product_cat":[15,136],"product_tag":[],"class_list":{"0":"post-5868","1":"product","2":"type-product","3":"status-publish","4":"has-post-thumbnail","6":"product_cat-bep-tu","7":"product_cat-hubscher-bep-tu","9":"first","10":"instock","11":"shipping-taxable","12":"product-type-simple"},"_links":{"self":[{"href":"https:\/\/nhadepbepxinh.com.vn\/index.php?rest_route=\/wp\/v2\/product\/5868","targetHints":{"allow":["GET"]}}],"collection":[{"href":"https:\/\/nhadepbepxinh.com.vn\/index.php?rest_route=\/wp\/v2\/product"}],"about":[{"href":"https:\/\/nhadepbepxinh.com.vn\/index.php?rest_route=\/wp\/v2\/types\/product"}],"replies":[{"embeddable":true,"href":"https:\/\/nhadepbepxinh.com.vn\/index.php?rest_route=%2Fwp%2Fv2%2Fcomments&post=5868"}],"wp:featuredmedia":[{"embeddable":true,"href":"https:\/\/nhadepbepxinh.com.vn\/index.php?rest_route=\/wp\/v2\/media\/5869"}],"wp:attachment":[{"href":"https:\/\/nhadepbepxinh.com.vn\/index.php?rest_route=%2Fwp%2Fv2%2Fmedia&parent=5868"}],"wp:term":[{"taxonomy":"product_brand","embeddable":true,"href":"https:\/\/nhadepbepxinh.com.vn\/index.php?rest_route=%2Fwp%2Fv2%2Fproduct_brand&post=5868"},{"taxonomy":"product_cat","embeddable":true,"href":"https:\/\/nhadepbepxinh.com.vn\/index.php?rest_route=%2Fwp%2Fv2%2Fproduct_cat&post=5868"},{"taxonomy":"product_tag","embeddable":true,"href":"https:\/\/nhadepbepxinh.com.vn\/index.php?rest_route=%2Fwp%2Fv2%2Fproduct_tag&post=5868"}],"curies":[{"name":"wp","href":"https:\/\/api.w.org\/{rel}","templated":true}]}}