{"id":5859,"date":"2025-07-26T09:48:13","date_gmt":"2025-07-26T02:48:13","guid":{"rendered":"https:\/\/nhadepbepxinh.com.vn\/?post_type=product&#038;p=5859"},"modified":"2025-07-26T09:48:13","modified_gmt":"2025-07-26T02:48:13","slug":"may-hut-mui-chu-t-model-rhc-2265-tc2","status":"publish","type":"product","link":"https:\/\/nhadepbepxinh.com.vn\/?product=may-hut-mui-chu-t-model-rhc-2265-tc2","title":{"rendered":"M\u00e1y h\u00fat m\u00f9i ch\u1eef T Model: RHC-2265.TC2"},"content":{"rendered":"<p><strong>\u0110\u1eb6C T\u00cdNH S\u1ea2N PH\u1ea8M<\/strong><\/p>\n<ul>\n<li>M\u00e1y h\u00fat m\u00f9i ch\u1eef T<\/li>\n<li>Th\u00e2n m\u00e1y l\u00e0m b\u1eb1ng Inox 304 cao c\u1ea5p<\/li>\n<li>\u0110i\u1ec1u khi\u1ec3n b\u1eb1ng ph\u00edm c\u1ea3m \u1ee9ng 3 t\u1ed1c \u0111\u1ed9<\/li>\n<li>C\u1ea3m bi\u1ebfn chuy\u1ec3n \u0111\u1ed9ng v\u1eaby tay<\/li>\n<li>L\u01b0\u1edbi l\u1ecdc inox thu\u1eadn ti\u1ec7n cho vi\u1ec7c v\u1ec7 sinh<\/li>\n<li>T\u00ednh n\u0103ng s\u1ea5y nhi\u1ec7t, t\u1ef1 \u0111\u1ed9ng l\u00e0m s\u1ea1ch d\u1ea7u m\u1ee1.<\/li>\n<li>\u0110\u00e8n led lighting 2*5w<\/li>\n<\/ul>\n<p><strong>TH\u00d4NG S\u1ed0 K\u1ef8 THU\u1eacT<\/strong><\/p>\n<ul>\n<li>C\u00f4ng su\u1ea5t h\u00fat: 1400m3\/h<\/li>\n<li>K\u00edch th\u01b0\u1edbc s\u1ea3n ph\u1ea9m: 697*350*414mm<\/li>\n<li>K\u00edch th\u01b0\u1edbc \u0111\u01b0\u1eddng tho\u00e1t 150mm<\/li>\n<li>\u0110\u1ed9 \u1ed3n t\u1ed1i \u0111a &lt; 445 dBm<\/li>\n<\/ul>\n","protected":false},"excerpt":{"rendered":"<p>\u0110\u1eb6C T\u00cdNH S\u1ea2N PH\u1ea8M M\u00e1y h\u00fat m\u00f9i ch\u1eef T Th\u00e2n m\u00e1y l\u00e0m b\u1eb1ng Inox 304 cao c\u1ea5p \u0110i\u1ec1u khi\u1ec3n b\u1eb1ng ph\u00edm c\u1ea3m \u1ee9ng 3 t\u1ed1c \u0111\u1ed9 C\u1ea3m bi\u1ebfn chuy\u1ec3n \u0111\u1ed9ng v\u1eaby tay L\u01b0\u1edbi l\u1ecdc inox thu\u1eadn ti\u1ec7n cho vi\u1ec7c v\u1ec7 sinh T\u00ednh n\u0103ng s\u1ea5y nhi\u1ec7t, t\u1ef1 \u0111\u1ed9ng l\u00e0m s\u1ea1ch d\u1ea7u m\u1ee1. \u0110\u00e8n led lighting 2*5w&#8230;<\/p>\n","protected":false},"featured_media":5860,"comment_status":"open","ping_status":"closed","template":"","meta":[],"product_brand":[],"product_cat":[16,135],"product_tag":[],"class_list":{"0":"post-5859","1":"product","2":"type-product","3":"status-publish","4":"has-post-thumbnail","6":"product_cat-may-hut-mui","7":"product_cat-hubscher","9":"first","10":"instock","11":"shipping-taxable","12":"product-type-simple"},"_links":{"self":[{"href":"https:\/\/nhadepbepxinh.com.vn\/index.php?rest_route=\/wp\/v2\/product\/5859","targetHints":{"allow":["GET"]}}],"collection":[{"href":"https:\/\/nhadepbepxinh.com.vn\/index.php?rest_route=\/wp\/v2\/product"}],"about":[{"href":"https:\/\/nhadepbepxinh.com.vn\/index.php?rest_route=\/wp\/v2\/types\/product"}],"replies":[{"embeddable":true,"href":"https:\/\/nhadepbepxinh.com.vn\/index.php?rest_route=%2Fwp%2Fv2%2Fcomments&post=5859"}],"wp:featuredmedia":[{"embeddable":true,"href":"https:\/\/nhadepbepxinh.com.vn\/index.php?rest_route=\/wp\/v2\/media\/5860"}],"wp:attachment":[{"href":"https:\/\/nhadepbepxinh.com.vn\/index.php?rest_route=%2Fwp%2Fv2%2Fmedia&parent=5859"}],"wp:term":[{"taxonomy":"product_brand","embeddable":true,"href":"https:\/\/nhadepbepxinh.com.vn\/index.php?rest_route=%2Fwp%2Fv2%2Fproduct_brand&post=5859"},{"taxonomy":"product_cat","embeddable":true,"href":"https:\/\/nhadepbepxinh.com.vn\/index.php?rest_route=%2Fwp%2Fv2%2Fproduct_cat&post=5859"},{"taxonomy":"product_tag","embeddable":true,"href":"https:\/\/nhadepbepxinh.com.vn\/index.php?rest_route=%2Fwp%2Fv2%2Fproduct_tag&post=5859"}],"curies":[{"name":"wp","href":"https:\/\/api.w.org\/{rel}","templated":true}]}}