{"id":5854,"date":"2025-07-26T09:45:13","date_gmt":"2025-07-26T02:45:13","guid":{"rendered":"https:\/\/nhadepbepxinh.com.vn\/?post_type=product&#038;p=5854"},"modified":"2025-07-26T09:45:14","modified_gmt":"2025-07-26T02:45:14","slug":"may-hut-mui-hubscher-model-rhc-2216-tbx","status":"publish","type":"product","link":"https:\/\/nhadepbepxinh.com.vn\/?product=may-hut-mui-hubscher-model-rhc-2216-tbx","title":{"rendered":"M\u00e1y h\u00fat m\u00f9i Hubscher model: RHC-2216.TBX"},"content":{"rendered":"<p style=\"font-weight: 400;\"><strong style=\"font-weight: 600;\">\u0110\u1eb6C T\u00cdNH S\u1eb2N PH\u1ea8M<\/strong><\/p>\n<ul>\n<li style=\"font-weight: 400;\">M\u00e1y h\u00fat m\u00f9i \u00e2m t\u1ee7<\/li>\n<li style=\"font-weight: 400;\">\u0110i\u1ec1u khi\u1ec3n c\u1ea3m \u1ee9ng 3 t\u1ed1c \u0111\u1ed9 + 1 Booter<\/li>\n<li style=\"font-weight: 400;\">\u0110\u1ed9ng c\u01a1 h\u1ed9p k\u00edn si\u00eau b\u00e9n v\u1edbi c\u00f4ng su\u1ea5t ho\u1ea1t \u0111\u1ed9ng 200W<\/li>\n<li style=\"font-weight: 400;\">\u0110\u00e8n led lighting 2 led 4*1.5W*2<\/li>\n<li style=\"font-weight: 400;\">B\u1ed9 l\u01b0\u1edbi l\u1ecdc s\u1eed d\u1ee5ng 2 t\u1ea5m l\u01b0\u1edbi l\u1ecdc inox cao c\u1ea5p<\/li>\n<li style=\"font-weight: 400;\">Ch\u1ee9c n\u0103ng l\u1ecdc, kh\u1eed m\u00f9i b\u1eb1ng than ho\u1ea1t t\u00ednh<\/li>\n<\/ul>\n<p style=\"font-weight: 400;\"><strong style=\"font-weight: 600;\">Th\u00f4ng s\u1ed1 k\u1ef9 thu\u1eadt:<\/strong><\/p>\n<ul>\n<li style=\"font-weight: 400;\">C\u00f4ng su\u1ea5t h\u00fat: 1400m3\/h &#8211; 1800m3\/h<\/li>\n<li style=\"font-weight: 400;\">K\u00edch th\u01b0\u1edbc s\u1ea3n ph\u1ea9m: R\u1ed9ng 70cm x S\u00e2u 35cm x Cao 26cm<\/li>\n<li style=\"font-weight: 400;\">K\u00edch th\u01b0\u1edbc \u0111\u01b0\u1eddng tho\u00e1t: 150mm<\/li>\n<li style=\"font-weight: 400;\">\u0110\u1ed9 \u1ed3n t\u1ed1i \u0111a: &lt; 46 dBm<\/li>\n<\/ul>\n","protected":false},"excerpt":{"rendered":"<p>\u0110\u1eb6C T\u00cdNH S\u1eb2N PH\u1ea8M M\u00e1y h\u00fat m\u00f9i \u00e2m t\u1ee7 \u0110i\u1ec1u khi\u1ec3n c\u1ea3m \u1ee9ng 3 t\u1ed1c \u0111\u1ed9 + 1 Booter \u0110\u1ed9ng c\u01a1 h\u1ed9p k\u00edn si\u00eau b\u00e9n v\u1edbi c\u00f4ng su\u1ea5t ho\u1ea1t \u0111\u1ed9ng 200W \u0110\u00e8n led lighting 2 led 4*1.5W*2 B\u1ed9 l\u01b0\u1edbi l\u1ecdc s\u1eed d\u1ee5ng 2 t\u1ea5m l\u01b0\u1edbi l\u1ecdc inox cao c\u1ea5p Ch\u1ee9c n\u0103ng l\u1ecdc, kh\u1eed m\u00f9i b\u1eb1ng&#8230;<\/p>\n","protected":false},"featured_media":5855,"comment_status":"open","ping_status":"closed","template":"","meta":[],"product_brand":[],"product_cat":[16,135],"product_tag":[],"class_list":{"0":"post-5854","1":"product","2":"type-product","3":"status-publish","4":"has-post-thumbnail","6":"product_cat-may-hut-mui","7":"product_cat-hubscher","9":"first","10":"instock","11":"shipping-taxable","12":"product-type-simple"},"_links":{"self":[{"href":"https:\/\/nhadepbepxinh.com.vn\/index.php?rest_route=\/wp\/v2\/product\/5854","targetHints":{"allow":["GET"]}}],"collection":[{"href":"https:\/\/nhadepbepxinh.com.vn\/index.php?rest_route=\/wp\/v2\/product"}],"about":[{"href":"https:\/\/nhadepbepxinh.com.vn\/index.php?rest_route=\/wp\/v2\/types\/product"}],"replies":[{"embeddable":true,"href":"https:\/\/nhadepbepxinh.com.vn\/index.php?rest_route=%2Fwp%2Fv2%2Fcomments&post=5854"}],"wp:featuredmedia":[{"embeddable":true,"href":"https:\/\/nhadepbepxinh.com.vn\/index.php?rest_route=\/wp\/v2\/media\/5855"}],"wp:attachment":[{"href":"https:\/\/nhadepbepxinh.com.vn\/index.php?rest_route=%2Fwp%2Fv2%2Fmedia&parent=5854"}],"wp:term":[{"taxonomy":"product_brand","embeddable":true,"href":"https:\/\/nhadepbepxinh.com.vn\/index.php?rest_route=%2Fwp%2Fv2%2Fproduct_brand&post=5854"},{"taxonomy":"product_cat","embeddable":true,"href":"https:\/\/nhadepbepxinh.com.vn\/index.php?rest_route=%2Fwp%2Fv2%2Fproduct_cat&post=5854"},{"taxonomy":"product_tag","embeddable":true,"href":"https:\/\/nhadepbepxinh.com.vn\/index.php?rest_route=%2Fwp%2Fv2%2Fproduct_tag&post=5854"}],"curies":[{"name":"wp","href":"https:\/\/api.w.org\/{rel}","templated":true}]}}