{"id":5847,"date":"2025-07-26T09:41:37","date_gmt":"2025-07-26T02:41:37","guid":{"rendered":"https:\/\/nhadepbepxinh.com.vn\/?post_type=product&#038;p=5847"},"modified":"2025-07-26T09:41:38","modified_gmt":"2025-07-26T02:41:38","slug":"may-hut-mui-hubscher-model-rhc-2218-pc2","status":"publish","type":"product","link":"https:\/\/nhadepbepxinh.com.vn\/?product=may-hut-mui-hubscher-model-rhc-2218-pc2","title":{"rendered":"M\u00e1y h\u00fat m\u00f9i Hubscher model: RHC-2218.PC2"},"content":{"rendered":"<p><strong>Th\u00f4ng tin s\u1ea3n ph\u1ea9m:<\/strong><\/p>\n<p><span lang=\"VI\">\u2022\u00a0<\/span>M\u00e1y h\u00fat m\u00f9i k\u00ednh cong<\/p>\n<p><span lang=\"VI\">\u2022\u00a0<\/span>\u0110i\u1ec1u khi\u1ec3n b\u1eb1ng ph\u00edm c\u01a1 3 t\u1ed1c \u0111\u1ed9<\/p>\n<p><span lang=\"VI\">\u2022\u00a0<\/span>L\u01b0\u1edbi l\u1ecdc inox t\u0103ng \u0111\u1ed9 b\u1ec1n b\u1ec9, d\u1ec5 d\u00e0ng v\u1ec7 sinh.<\/p>\n<p><span lang=\"VI\">\u2022\u00a0<\/span>Than ho\u1ea1t t\u00ednh \u0111\u1ea3m b\u1ea3o kh\u1eed m\u00f9i hi\u1ec7u qu\u1ea3.<\/p>\n<p><strong>Th\u00f4ng s\u1ed1 k\u1ef9 thu\u1eadt<\/strong><\/p>\n<p><span lang=\"VI\">\u2022\u00a0<\/span>C\u00f4ng su\u1ea5t h\u00fat: 1200m3\/h<\/p>\n<p><span lang=\"VI\">\u2022\u00a0<\/span>\u0110\u1ed9ng c\u01a1 \u0111\u00fac AC 180W<\/p>\n<p><span lang=\"VI\">\u2022\u00a0<\/span>K\u00edch th\u01b0\u1edbc s\u1ea3n ph\u1ea9m: 700*500*650mm<\/p>\n<p><span lang=\"VI\">\u2022\u00a0<\/span>K\u00edch th\u01b0\u1edbc \u0111\u01b0\u1eddng tho\u00e1t: 150mm<\/p>\n<p><span lang=\"VI\">\u2022\u00a0<\/span>\u0110\u1ed9 \u1ed3n t\u1ed1i \u0111a: &lt;46 dBm<\/p>\n","protected":false},"excerpt":{"rendered":"<p>Th\u00f4ng tin s\u1ea3n ph\u1ea9m: \u2022\u00a0M\u00e1y h\u00fat m\u00f9i k\u00ednh cong \u2022\u00a0\u0110i\u1ec1u khi\u1ec3n b\u1eb1ng ph\u00edm c\u01a1 3 t\u1ed1c \u0111\u1ed9 \u2022\u00a0L\u01b0\u1edbi l\u1ecdc inox t\u0103ng \u0111\u1ed9 b\u1ec1n b\u1ec9, d\u1ec5 d\u00e0ng v\u1ec7 sinh. \u2022\u00a0Than ho\u1ea1t t\u00ednh \u0111\u1ea3m b\u1ea3o kh\u1eed m\u00f9i hi\u1ec7u qu\u1ea3. Th\u00f4ng s\u1ed1 k\u1ef9 thu\u1eadt \u2022\u00a0C\u00f4ng su\u1ea5t h\u00fat: 1200m3\/h \u2022\u00a0\u0110\u1ed9ng c\u01a1 \u0111\u00fac AC 180W \u2022\u00a0K\u00edch th\u01b0\u1edbc s\u1ea3n ph\u1ea9m: 700*500*650mm&#8230;<\/p>\n","protected":false},"featured_media":5848,"comment_status":"open","ping_status":"closed","template":"","meta":[],"product_brand":[],"product_cat":[16,135],"product_tag":[],"class_list":{"0":"post-5847","1":"product","2":"type-product","3":"status-publish","4":"has-post-thumbnail","6":"product_cat-may-hut-mui","7":"product_cat-hubscher","9":"first","10":"instock","11":"shipping-taxable","12":"product-type-simple"},"_links":{"self":[{"href":"https:\/\/nhadepbepxinh.com.vn\/index.php?rest_route=\/wp\/v2\/product\/5847","targetHints":{"allow":["GET"]}}],"collection":[{"href":"https:\/\/nhadepbepxinh.com.vn\/index.php?rest_route=\/wp\/v2\/product"}],"about":[{"href":"https:\/\/nhadepbepxinh.com.vn\/index.php?rest_route=\/wp\/v2\/types\/product"}],"replies":[{"embeddable":true,"href":"https:\/\/nhadepbepxinh.com.vn\/index.php?rest_route=%2Fwp%2Fv2%2Fcomments&post=5847"}],"wp:featuredmedia":[{"embeddable":true,"href":"https:\/\/nhadepbepxinh.com.vn\/index.php?rest_route=\/wp\/v2\/media\/5848"}],"wp:attachment":[{"href":"https:\/\/nhadepbepxinh.com.vn\/index.php?rest_route=%2Fwp%2Fv2%2Fmedia&parent=5847"}],"wp:term":[{"taxonomy":"product_brand","embeddable":true,"href":"https:\/\/nhadepbepxinh.com.vn\/index.php?rest_route=%2Fwp%2Fv2%2Fproduct_brand&post=5847"},{"taxonomy":"product_cat","embeddable":true,"href":"https:\/\/nhadepbepxinh.com.vn\/index.php?rest_route=%2Fwp%2Fv2%2Fproduct_cat&post=5847"},{"taxonomy":"product_tag","embeddable":true,"href":"https:\/\/nhadepbepxinh.com.vn\/index.php?rest_route=%2Fwp%2Fv2%2Fproduct_tag&post=5847"}],"curies":[{"name":"wp","href":"https:\/\/api.w.org\/{rel}","templated":true}]}}