{"id":5806,"date":"2025-07-16T16:04:01","date_gmt":"2025-07-16T09:04:01","guid":{"rendered":"https:\/\/nhadepbepxinh.com.vn\/?post_type=product&#038;p=5806"},"modified":"2025-07-16T16:04:01","modified_gmt":"2025-07-16T09:04:01","slug":"may-loc-nuoc-primer-ro-de-gam-qs5","status":"publish","type":"product","link":"https:\/\/nhadepbepxinh.com.vn\/?product=may-loc-nuoc-primer-ro-de-gam-qs5","title":{"rendered":"M\u00e1y l\u1ecdc n\u01b0\u1edbc Primer RO \u0111\u1ec3 g\u1ea7m QS5"},"content":{"rendered":"<div class=\"pi-1\">\n<p>M\u00d4 T\u1ea2 S\u1ea2N PH\u1ea8M<\/p>\n<\/div>\n<div class=\"col-inner\">\n<div>\n<p><strong>M\u00e1y l\u1ecdc n\u01b0\u1edbc 6 c\u1ea5p l\u1ecdc Primer QS5<\/strong>\u00a0l\u00e0 m\u1ed9t trong nh\u1eefng s\u1ea3n ph\u1ea9m th\u00f4ng minh v\u00e0 b\u00e1n ch\u1ea1y nh\u1ea5t c\u1ee7a Primer hi\u1ec7n nay. M\u00e1y \u0111\u01b0\u1ee3c thi\u1ebft k\u1ebf nh\u1ecf g\u1ecdn, ph\u00f9 h\u1ee3p v\u1edbi m\u1ecdi kh\u00f4ng gian (\u0111\u1eb7c bi\u1ec7t d\u00e0nh cho g\u1ea7m t\u1ee7 b\u1ebfp).<\/p>\n<h2><strong>C\u00f4ng ngh\u1ec7 l\u1ecdc R.O 6 c\u1ea5p l\u1ecdc gi\u00fap \u0111\u1ea3m b\u1ea3o ngu\u1ed3n n\u01b0\u1edbc lu\u00f4n tinh khi\u1ebft, an to\u00e0n cho gia \u0111\u00ecnh b\u1ea1n<\/strong><\/h2>\n<ul>\n<li>L\u00f5i l\u1ecdc 1: \u0110\u01b0\u1ee3c l\u00e0m b\u1eb1ng s\u1ee3i PP \u00e9p th\u00e0nh kh\u1ed1i v\u1edbi k\u00edch th\u01b0\u1edbc l\u1ecdc 5\u03bcm, gi\u00fap l\u1ecdc s\u1ea1ch c\u00e1c ch\u1ea5t c\u1eb7n l\u01a1 l\u1eedng, r\u1ec9 s\u00e9t, c\u00e1t, mu\u1ed1i \u0111\u1ea5t\u00a0c\u00f3 k\u00edch th\u01b0\u1edbc l\u1edbn h\u01a1n \u03bcm.<\/li>\n<li>L\u00f5i l\u1ecdc 2: L\u00f5i l\u1ecdc GAC Carbon \u0111\u01b0\u1ee3c l\u00e0m b\u1eb1ng than ho\u1ea1t t\u00ednh d\u1ea1ng h\u1ea1t x\u1ed1p c\u00f3 ch\u1ee9c n\u0103ng h\u1ea5p th\u1ee5 m\u00f9i v\u1ecb, ch\u1ea5t h\u1eefu c\u01a1, thu\u1ed1c di\u1ec7t c\u00f4n tr\u00f9ng, thu\u1ed1c tr\u1eeb s\u00e2u, kim lo\u1ea1i n\u1eb7ng v\u00e0 clo d\u01b0 th\u1eeba trong n\u01b0\u1edbc<\/li>\n<li>L\u00f5i l\u1ecdc 3: L\u00f5i l\u1ecdc C.T.O \u0111\u01b0\u1ee3c l\u00e0m b\u1eb1ng cacbon \u00e9p th\u00e0nh kh\u1ed1i v\u1edbi k\u00edch th\u01b0\u1edbc l\u1ecdc 3\u03bcm, gi\u00fap lo\u1ea1i b\u1ecf c\u00e1c t\u1ea1p ch\u1ea5t, kh\u00ed g\u00e2y m\u00f9i trong n\u01b0\u01a1\u0301c, ng\u0103n c\u00e1c h\u00f3a ch\u1ea5t oxi h\u00f3a g\u00e2y h\u1ecfng m\u00e0ng l\u1ecdc RO.<\/li>\n<li>L\u00f5i l\u1ecdc 4: \u0110\u01b0\u1ee3c l\u00e0m b\u1eb1ng s\u1ee3i PP\u00a0\u00e9p th\u00e0nh kh\u1ed1i k\u00edch th\u01b0\u1edbc 0.1\u03bcm gi\u00fap tinh l\u1ecdc, lo\u1ea1i b\u1ecf h\u1ebft ch\u1ea5t b\u1ea9n, vi khu\u1ea9n, \u2026 cu\u1ed1i c\u00f9ng tr\u01b0\u1edbc khi s\u1ea3n ph\u1ea9m tr\u1edf th\u00e0nh n\u01b0\u1edbc s\u1eed d\u1ee5ng<\/li>\n<li>L\u00f5i l\u1ecdc 5 (m\u00e0ng RO Primer): C\u00f3 kh\u1ea3 n\u0103ng lo\u1ea1i b\u1ecf t\u1edbi 99.99% virus, vi khu\u1ea9n, amip, asen v\u00e0 c\u00e1c ch\u1ea5t \u0111\u1ed9c h\u1ea1i c\u00f3 trong n\u01b0\u1edbc, \u0111\u1ed3ng th\u1eddi lo\u1ea1i b\u1ecf ho\u00e0n to\u00e0n ch\u1ea5t r\u1eafn, kh\u00ed g\u00e2y m\u00f9i trong n\u01b0\u1edbc, c\u00e1c kim lo\u1ea1i n\u1eb7ng \u2026 l\u00e0m cho n\u01b0\u1edbc ho\u00e0n to\u00e0n tinh khi\u1ebft<\/li>\n<li>L\u00f5i l\u1ecdc 6: T33 \u2013 Than ho\u1ea1t t\u00ednh\u00a0ch\u1ec9 h\u1ea5p th\u1ee5 c\u00e1c h\u1ee3p ch\u1ea5t h\u1eefu c\u01a1, t\u1ea1p ch\u1ea5t, ch\u1ea5t kh\u00f4ng t\u1ed1t cho s\u1ee9c kh\u1ecfe c\u00f2n c\u00e1c kho\u00e1ng ch\u1ea5t c\u00f3 l\u1ee3i v\u1eabn \u0111\u01b0\u1ee3c gi\u1eef l\u1ea1i trong n\u01b0\u1edbc. B\u00ean c\u1ea1nh \u0111\u00f3, than ho\u1ea1t t\u00ednh c\u00f2n b\u1ed5 sung c\u00e1c kho\u00e1ng ch\u1ea5t nh\u01b0 magie, canxi v\u00e0o n\u01b0\u1edbc \u0111\u1ec3 n\u00e2ng cao ch\u1ea5t l\u01b0\u1ee3ng n\u01b0\u1edbc.<\/li>\n<\/ul>\n<h2><strong>B\u1ed9 l\u00f5i 1,2,3 cao c\u1ea5p \u0111\u00fac li\u1ec1n c\u00f3 tu\u1ed5i th\u1ecd g\u1ea5p 3 l\u1ea7n l\u00f5i th\u01b0\u1eddng<\/strong><\/h2>\n<p>B\u1ed9 l\u00f5i 1,2,3 cao c\u1ea5p \u0111\u00fac li\u1ec1n ki\u1ec3u H\u00e0n Qu\u1ed1c kh\u00f4ng ch\u1ec9 \u0111\u1ea3m b\u1ea3o s\u1ef1 k\u00edn kh\u00edt tuy\u1ec7t \u0111\u1ed1i, h\u1ea1n ch\u1ebf t\u1ed1i \u0111a s\u1ef1 t\u00e1c \u0111\u1ed9ng ng\u01b0\u1ee3c t\u1eeb m\u00f4i tr\u01b0\u1eddng, \u0111\u1eb7c bi\u1ec7t l\u00e0 t\u00ecnh tr\u1ea1ng t\u00e1i nhi\u1ec5m khu\u1ea9n m\u00e0 n\u00f3 c\u00f2n c\u00f3 tu\u1ed5i tho cao g\u1ea5p nhi\u1ec1u l\u1ea7n l\u00f5i th\u01b0\u1eddng. Do \u0111\u00f3, th\u1eddi gian thay l\u00f5i th\u01b0\u1eddng l\u00e0 1 n\u0103m m\u1edbi ph\u1ea3i thay 1 l\u1ea7n.<\/p>\n<h2><strong>QS5 \u0111\u01b0\u1ee3c \u0111\u1ea5u n\u1ed1i s\u1eb5n<\/strong><\/h2>\n<p>M\u00e1y l\u1ecdc n\u01b0\u1edbc QS6 \u0111\u01b0\u1ee3c thi\u1ebft k\u1ebf th\u00f4ng minh v\u00e0 ho\u00e0n to\u00e0n ti\u1ec7n l\u1ee3i khi \u00e1p d\u1ee5ng c\u00f4ng ngh\u1ec7 \u0111\u1ea5u n\u1ed1i s\u1eb5n, gi\u00fap l\u1eafp \u0111\u1eb7t nhanh ch\u00f3ng ti\u1ebft ki\u1ec7m th\u1eddi gian.<\/p>\n<h2><strong>B\u00ecnh \u00e1p c\u00f3 dung t\u00edch ch\u1ee9a l\u1edbn<\/strong><\/h2>\n<p>N\u01b0\u1edbc sau khi \u0111\u01b0\u1ee3c l\u1ecdc t\u1eeb m\u00e0ng RO Primer s\u1ebd ch\u1ea3y xu\u1ed1ng b\u00ecnh ch\u1ee9a \u00e1p, khi\u1ebfn cho b\u00ecnh lu\u00f4n \u1edf trong t\u00ecnh tr\u1ea1ng c\u0103ng, th\u1ec3 hi\u1ec7n \u0111\u01b0\u1ee3c xu h\u01b0\u1edbng \u0111\u1ea9y n\u01b0\u1edbc l\u00ean. T\u1eeb \u0111\u00f3 t\u1ea1o ra \u00e1p su\u1ea5t trong h\u1ec7 th\u1ed1ng.<\/p>\n<p>Khi b\u00ecnh \u00e1p \u0111\u00e3 \u0111\u1ea7y n\u01b0\u1edbc th\u00ec van s\u1ebd t\u1ef1 \u0111\u1ed9ng \u0111\u00f3ng, t\u1ee9c l\u00e0 m\u00e1y b\u01a1m n\u01b0\u1edbc s\u1ebd t\u1eaft. \u0110\u1ebfn khi ng\u01b0\u1eddi s\u1eed d\u1ee5ng l\u1ea5y n\u01b0\u1edbc d\u00f9ng qu\u1ea3 b\u00f3ng t\u1ea1o \u00e1p l\u1ef1c \u0111\u1ea9y n\u01b0\u1edbc ch\u1ea3y ra. Khi \u0111\u00f3 n\u01b0\u1edbc trong b\u00ecnh s\u1ebd v\u01a1i \u0111i, van t\u1ef1 \u0111\u1ed9ng m\u1edf ra. V\u00e0 m\u00e1y b\u01a1m ti\u1ebfp t\u1ee5c ho\u1ea1t \u0111\u1ed9ng ti\u1ebfp n\u01b0\u1edbc cho m\u1ed9t qu\u00e1 tr\u00ecnh l\u1ecdc m\u1edbi.<\/p>\n<h2><strong>Th\u00e2n m\u00e1y l\u00e0m b\u1eb1ng t\u00f4n k\u1ebdm s\u01a1n t\u0129nh \u0111i\u1ec7n<\/strong><\/h2>\n<p>Th\u00e2n m\u00e1y QS5 \u0111\u01b0\u1ee3c l\u00e0m b\u1eb1ng v\u1eadt li\u1ec7u t\u00f4n k\u1ebdm s\u01a1n t\u0129nh \u0111i\u1ec7n, c\u00f3 kh\u1ea3 n\u0103ng ch\u1ed1ng oxy h\u00f3a cao, gi\u00fap b\u1ea3o v\u1ec7 m\u00e1y tr\u00e1nh b\u1ecb han g\u1ec9 khi \u0111\u1ec3 \u1edf nh\u1eefng n\u01a1i \u1ea9m th\u1ea5p, v\u00ed d\u1ee5 nh\u01b0 g\u1ea7m t\u1ee7 b\u1ebfp. Nh\u1edd \u0111\u00f3, m\u00e1y s\u1ebd c\u00f3 tu\u1ed5i th\u1ecd b\u1ec1n h\u01a1n v\u00e0 duy tr\u00ec \u0111\u01b0\u1ee3c t\u00ednh th\u1ea9m m\u1ef9 trong su\u1ed1t th\u1eddi gian d\u00e0i.<\/p>\n<p>V\u1edbi chi\u1ebfc m\u00e1y l\u1ecdc n\u01b0\u1edbc Primer QS5, b\u1ea1n ho\u00e0n to\u00e0n c\u00f3 th\u1ec3 y\u00ean t\u00e2m v\u1ec1 ch\u1ea5t l\u01b0\u1ee3ng n\u01b0\u1edbc m\u00ecnh s\u1eed d\u1ee5ng l\u00e0 an to\u00e0n, t\u1ed1t cho s\u1ee9c kh\u1ecfe. V\u1eady c\u00f2n ch\u1ea7n ch\u1eeb g\u00ec n\u1eefa, h\u00e3y li\u00ean h\u1ec7 ngay v\u1edbi Primer theo s\u1ed1 HOTLINE 1900 98 98 35 \u0111\u1ec3 s\u1eafm cho m\u00ecnh m\u1ed9t chi\u1ebfc m\u00e1y l\u1ecdc n\u01b0\u1edbc th\u00f4ng minh, hi\u1ec7n \u0111\u1ea1i v\u00e0 v\u00f4 c\u00f9ng sang tr\u1ecdng n\u00e0y b\u1ea1n nh\u00e9.<\/p>\n<div class=\"pi-1\">\n<p>TH\u00d4NG S\u1ed0 K\u0128 THU\u1eacT<\/p>\n<\/div>\n<div class=\"col-inner\">\n<table border=\"1\">\n<tbody>\n<tr>\n<td width=\"312\">\u0110i\u1ec7n \u00e1p v\u00e0o<\/td>\n<td width=\"312\">220V<\/td>\n<\/tr>\n<tr>\n<td width=\"312\">\u0110i\u1ec7n \u00e1p ra<\/td>\n<td width=\"312\">24V<\/td>\n<\/tr>\n<tr>\n<td width=\"312\">C\u00f4ng su\u1ea5t l\u1ecdc<\/td>\n<td width=\"312\">15 \u2013 20 l\u00edt\/h<\/td>\n<\/tr>\n<tr>\n<td width=\"312\">K\u00edch th\u01b0\u1edbc<\/td>\n<td width=\"312\">410*175*380mm<\/td>\n<\/tr>\n<tr>\n<td width=\"312\">Kh\u1ed1i l\u01b0\u1ee3ng t\u1ecbnh<\/td>\n<td width=\"312\">7kg<\/td>\n<\/tr>\n<tr>\n<td width=\"312\">Kh\u1ed1i l\u01b0\u1ee3ng t\u1ed5ng<\/td>\n<td width=\"312\">14kg<\/td>\n<\/tr>\n<tr>\n<td>B\u1ea3o h\u00e0nh<\/td>\n<td>24 th\u00e1ng<\/td>\n<\/tr>\n<tr>\n<td>Th\u01b0\u01a1ng hi\u1ec7u<\/td>\n<td>Primer<\/td>\n<\/tr>\n<tr>\n<td>N\u01a1i s\u1ea3n xu\u1ea5t<\/td>\n<td>Vi\u1ec7t Nam<\/td>\n<\/tr>\n<\/tbody>\n<\/table>\n<\/div>\n<\/div>\n<\/div>\n","protected":false},"excerpt":{"rendered":"<p>M\u00d4 T\u1ea2 S\u1ea2N PH\u1ea8M M\u00e1y l\u1ecdc n\u01b0\u1edbc 6 c\u1ea5p l\u1ecdc Primer QS5\u00a0l\u00e0 m\u1ed9t trong nh\u1eefng s\u1ea3n ph\u1ea9m th\u00f4ng minh v\u00e0 b\u00e1n ch\u1ea1y nh\u1ea5t c\u1ee7a Primer hi\u1ec7n nay. M\u00e1y \u0111\u01b0\u1ee3c thi\u1ebft k\u1ebf nh\u1ecf g\u1ecdn, ph\u00f9 h\u1ee3p v\u1edbi m\u1ecdi kh\u00f4ng gian (\u0111\u1eb7c bi\u1ec7t d\u00e0nh cho g\u1ea7m t\u1ee7 b\u1ebfp). C\u00f4ng ngh\u1ec7 l\u1ecdc R.O 6 c\u1ea5p l\u1ecdc gi\u00fap \u0111\u1ea3m&#8230;<\/p>\n","protected":false},"featured_media":5807,"comment_status":"open","ping_status":"closed","template":"","meta":[],"product_brand":[],"product_cat":[83,134],"product_tag":[],"class_list":{"0":"post-5806","1":"product","2":"type-product","3":"status-publish","4":"has-post-thumbnail","6":"product_cat-may-loc-nuoc","7":"product_cat-primer","9":"first","10":"instock","11":"shipping-taxable","12":"product-type-simple"},"_links":{"self":[{"href":"https:\/\/nhadepbepxinh.com.vn\/index.php?rest_route=\/wp\/v2\/product\/5806","targetHints":{"allow":["GET"]}}],"collection":[{"href":"https:\/\/nhadepbepxinh.com.vn\/index.php?rest_route=\/wp\/v2\/product"}],"about":[{"href":"https:\/\/nhadepbepxinh.com.vn\/index.php?rest_route=\/wp\/v2\/types\/product"}],"replies":[{"embeddable":true,"href":"https:\/\/nhadepbepxinh.com.vn\/index.php?rest_route=%2Fwp%2Fv2%2Fcomments&post=5806"}],"wp:featuredmedia":[{"embeddable":true,"href":"https:\/\/nhadepbepxinh.com.vn\/index.php?rest_route=\/wp\/v2\/media\/5807"}],"wp:attachment":[{"href":"https:\/\/nhadepbepxinh.com.vn\/index.php?rest_route=%2Fwp%2Fv2%2Fmedia&parent=5806"}],"wp:term":[{"taxonomy":"product_brand","embeddable":true,"href":"https:\/\/nhadepbepxinh.com.vn\/index.php?rest_route=%2Fwp%2Fv2%2Fproduct_brand&post=5806"},{"taxonomy":"product_cat","embeddable":true,"href":"https:\/\/nhadepbepxinh.com.vn\/index.php?rest_route=%2Fwp%2Fv2%2Fproduct_cat&post=5806"},{"taxonomy":"product_tag","embeddable":true,"href":"https:\/\/nhadepbepxinh.com.vn\/index.php?rest_route=%2Fwp%2Fv2%2Fproduct_tag&post=5806"}],"curies":[{"name":"wp","href":"https:\/\/api.w.org\/{rel}","templated":true}]}}