{"id":5800,"date":"2025-07-16T16:01:51","date_gmt":"2025-07-16T09:01:51","guid":{"rendered":"https:\/\/nhadepbepxinh.com.vn\/?post_type=product&#038;p=5800"},"modified":"2025-07-16T16:01:51","modified_gmt":"2025-07-16T09:01:51","slug":"may-loc-nuoc-primer-ro-de-gam-qs3","status":"publish","type":"product","link":"https:\/\/nhadepbepxinh.com.vn\/?product=may-loc-nuoc-primer-ro-de-gam-qs3","title":{"rendered":"M\u00e1y l\u1ecdc n\u01b0\u1edbc Primer RO \u0111\u1ec3 g\u1ea7m QS3"},"content":{"rendered":"<div class=\"pi-1\">\n<p>M\u00d4 T\u1ea2 S\u1ea2N PH\u1ea8M<\/p>\n<\/div>\n<div class=\"col-inner\">\n<p>B\u1ea1n \u0111ang t\u00ecm ki\u1ebfm m\u1ed9t chi\u1ebfc m\u00e1y l\u1ecdc n\u01b0\u1edbc\u00a0<strong>\u0111\u1ec3 g\u1ea7m (kh\u00f4ng t\u1ee7)<\/strong>, nh\u1ecf g\u1ecdn nh\u01b0ng v\u1eabn \u0111\u1ea3m b\u1ea3o hi\u1ec7u qu\u1ea3 l\u1ecdc v\u01b0\u1ee3t tr\u1ed9i?\u00a0<strong>M\u00e1y l\u1ecdc n\u01b0\u1edbc Primer QS3<\/strong>\u00a0ch\u00ednh l\u00e0 l\u1ef1a ch\u1ecdn l\u00fd t\u01b0\u1edfng, mang \u0111\u1ebfn ngu\u1ed3n n\u01b0\u1edbc s\u1ea1ch an to\u00e0n cho s\u1ee9c kh\u1ecfe c\u1ea3 gia \u0111\u00ecnh b\u1ea1n.<\/p>\n<h3><strong>\u0110\u1eb7c \u0111i\u1ec3m n\u1ed5i b\u1eadt<\/strong><\/h3>\n<p><strong>1. Thi\u1ebft k\u1ebf \u0111\u1ec3 g\u1ea7m nh\u1ecf g\u1ecdn, ti\u1ebft ki\u1ec7m kh\u00f4ng gian:\u00a0<\/strong>M\u00e1y l\u1ecdc n\u01b0\u1edbc Primer QS3 s\u1edf h\u1eefu thi\u1ebft k\u1ebf tinh g\u1ecdn, d\u1ec5 d\u00e0ng l\u1eafp \u0111\u1eb7t d\u01b0\u1edbi g\u1ea7m b\u1ebfp, ph\u00f9 h\u1ee3p v\u1edbi m\u1ecdi kh\u00f4ng gian gia \u0111\u00ecnh hi\u1ec7n \u0111\u1ea1i m\u00e0 kh\u00f4ng l\u00e0m \u1ea3nh h\u01b0\u1edfng \u0111\u1ebfn th\u1ea9m m\u1ef9 t\u1ed5ng th\u1ec3.<\/p>\n<p><strong>2. C\u00f4ng su\u1ea5t l\u1ecdc m\u1ea1nh m\u1ebd:\u00a0<\/strong>V\u1edbi kh\u1ea3 n\u0103ng l\u1ecdc t\u1eeb\u00a0<strong>15-20 l\u00edt\/gi\u1edd<\/strong>, QS3 \u0111\u1ea3m b\u1ea3o cung c\u1ea5p \u0111\u1ee7 n\u01b0\u1edbc s\u1ea1ch cho c\u00e1c nhu c\u1ea7u sinh ho\u1ea1t h\u00e0ng ng\u00e0y c\u1ee7a gia \u0111\u00ecnh, t\u1eeb u\u1ed1ng tr\u1ef1c ti\u1ebfp \u0111\u1ebfn n\u1ea5u n\u01b0\u1edbng.<\/p>\n<p><strong>3. \u0110i\u1ec7n \u00e1p ho\u1ea1t \u0111\u1ed9ng an to\u00e0n:\u00a0<\/strong>S\u1ea3n ph\u1ea9m ho\u1ea1t \u0111\u1ed9ng v\u1edbi ngu\u1ed3n \u0111i\u1ec7n \u00e1p v\u00e0o 220V v\u00e0 \u0111i\u1ec7n \u00e1p ra 24V, \u0111\u1ea3m b\u1ea3o an to\u00e0n t\u1ed1i \u0111a khi s\u1eed d\u1ee5ng.<\/p>\n<p><strong>4. Ch\u1ea5t l\u01b0\u1ee3ng \u0111\u1ea1t chu\u1ea9n:\u00a0<\/strong>M\u00e1y \u0111\u01b0\u1ee3c s\u1ea3n xu\u1ea5t b\u1edfi\u00a0<strong>Primer Group<\/strong>, m\u1ed9t trong nh\u1eefng th\u01b0\u01a1ng hi\u1ec7u h\u00e0ng \u0111\u1ea7u trong ng\u00e0nh m\u00e1y l\u1ecdc n\u01b0\u1edbc, \u0111\u1ea3m b\u1ea3o c\u00e1c ti\u00eau chu\u1ea9n ch\u1ea5t l\u01b0\u1ee3ng nghi\u00eam ng\u1eb7t, mang \u0111\u1ebfn s\u1ef1 y\u00ean t\u00e2m tuy\u1ec7t \u0111\u1ed1i cho ng\u01b0\u1eddi ti\u00eau d\u00f9ng.<\/p>\n<p><strong>5. H\u1ec7 th\u1ed1ng l\u1ecdc m\u1ea1nh m\u1ebd<\/strong>:<\/p>\n<p><strong>L\u00f5i l\u1ecdc 1: PP 5 micron<\/strong><\/p>\n<ul>\n<li>Ch\u1ee9c n\u0103ng: L\u1ecdc nh\u1eefng h\u00e0m l\u01b0\u1ee3ng c\u1eb7n l\u01a1 l\u1eedng, r\u1ec9 s\u00e9t, c\u00e1t, mu\u1ed1i \u0111\u1ea5t\u00a0 c\u00f3 k\u00edch th\u01b0\u1edbc l\u1edbn h\u01a1n 5 micron.<\/li>\n<li>Th\u1eddi gian s\u1eed d\u1ee5ng: 3 \u2013 6 th\u00e1ng<\/li>\n<\/ul>\n<p><strong>L\u00f5i l\u1ecdc 2: OCB \u2013 GAC<\/strong><\/p>\n<ul>\n<li>Ch\u1ee9c n\u0103ng: H\u1ea5p th\u1ee5 m\u00f9i v\u1ecb, ch\u1ea5t h\u1eefu c\u01a1, thu\u1ed1c tr\u1eeb s\u00e2u, thu\u1ed1c di\u1ec7t c\u00f4n tr\u00f9ng, kim lo\u1ea1i n\u1eb7ng v\u00e0 clo d\u01b0 trong n\u01b0\u1edbc.<\/li>\n<li>Th\u1eddi gian s\u1eed d\u1ee5ng: 3 \u2013 6 th\u00e1ng<\/li>\n<\/ul>\n<p><strong>L\u00f5i l\u1ecdc 3: PP 1 micron<\/strong><\/p>\n<ul>\n<li>Ch\u1ee9c n\u0103ng: Lo\u1ea1i b\u1ecf c\u00e1c t\u1ea1p ch\u1ea5t, vi khu\u1ea9n c\u00f2n s\u00f3t l\u1ea1i trong qu\u00e1 tr\u00ecnh l\u1ecdc c\u00f3 k\u00edch th\u01b0\u1edbc l\u1edbn h\u01a1n 3 micron.<\/li>\n<li>Th\u1eddi gian s\u1eed d\u1ee5ng: 06 \u2013 09 th\u00e1ng<\/li>\n<\/ul>\n<p><strong>L\u00f5i l\u1ecdc 4: R.O Primer<\/strong><\/p>\n<ul>\n<li>Ch\u1ee9c n\u0103ng: L\u1ecdc s\u1ea1ch c\u00e1c c\u1ea5p \u0111\u1ed9 ph\u00e2n t\u1eed, c\u00e1c ion kim lo\u1ea1i n\u1eb7ng, amoni, asen, c\u00e1c ch\u1ea5t h\u1eefu c\u01a1 nh\u1ecf nh\u1ea5t.<\/li>\n<li>Th\u1eddi gian s\u1eed d\u1ee5ng: 24 \u2013 36 th\u00e1ng<\/li>\n<\/ul>\n<p><strong>L\u00f5i 5: GAC \u2013 T33<\/strong><\/p>\n<ul>\n<li>Ch\u1ee9c n\u0103ng: Lo\u1ea1i b\u1ecf m\u00f9i h\u00f4i, l\u1ecdc tr\u1ea7m t\u00edch h\u1eefu c\u01a1 trong n\u01b0\u1edbc. Than ho\u1ea1t t\u00ednh c\u00f3 kh\u1ea3 n\u0103ng h\u1ea5p th\u1ee5 m\u1ea1nh c\u00e1c lo\u1ea1i ch\u1ea5t nh\u1eddn, m\u00f9i v\u00e0 h\u1eefu c\u01a1 h\u00f2a tan, c\u00f3 t\u00ednh \u201c\u01b0a nh\u1eddn gh\u00e9t n\u01b0\u1edbc\u201d.<\/li>\n<li>Th\u1eddi gian s\u1eed d\u1ee5ng: 12 th\u00e1ng<\/li>\n<\/ul>\n<p><strong>L\u00f5i 6: Post Carbon<\/strong><\/p>\n<ul>\n<li>Ch\u1ee9c n\u0103ng: B\u1ea3o \u0111\u1ea3m t\u1ed1i \u0111a ch\u1ea5t l\u01b0\u1ee3ng n\u01b0\u1edbc \u0111\u1ea7u ra t\u1ea1o v\u1ecb ng\u1ecdt m\u00e1t t\u1ef1 nhi\u00ean.<\/li>\n<li>Th\u1eddi gian s\u1eed d\u1ee5ng: 12 th\u00e1ng<\/li>\n<\/ul>\n<p><strong>L\u00f5i 7: Fix oxygen<\/strong><\/p>\n<ul>\n<li>Ch\u1ee9c n\u0103ng: L\u00f5i ch\u1ee9a c\u00e1c h\u1ea1t b\u00f3ng g\u1ed1m, c\u00f3 kh\u1ea3 n\u0103ng h\u1ea5p th\u1ee5 n\u0103ng l\u01b0\u1ee3ng nhi\u1ec7t b\u00ean ngo\u00e0i \u0111\u1ec3 ph\u00e1t ra c\u00e1c tia h\u1ed3ng ngo\u1ea1i xa.\u00a0D\u01b0\u1edbi t\u00e1c d\u1ee5ng c\u1ee7a tia h\u1ed3ng ngo\u1ea1i xa, n\u01b0\u1edbc s\u1ebd \u0111\u01b0\u1ee3c ho\u1ea1t h\u00f3a d\u1ec5 h\u1ea5p th\u1ee5 v\u00e0o m\u00e1u h\u01a1n.<\/li>\n<li>Th\u1eddi gian s\u1eed d\u1ee5ng: 12 th\u00e1ng<\/li>\n<\/ul>\n<p><strong>L\u00f5i 8: Maifan (\u0110\u00e1 t\u1ea1o kho\u00e1ng)<\/strong><\/p>\n<ul>\n<li>Ch\u1ee9c n\u0103ng: B\u1ed5 sung m\u1ed9t s\u1ed1 kho\u00e1ng ch\u1ea5t, ch\u1ea5t \u0111i\u1ec7n gi\u1ea3i c\u00f3 \u00edch c\u1ea7n thi\u1ebft cho c\u01a1 th\u1ec3. L\u00e0m v\u1ecb n\u01b0\u1edbc ngon h\u01a1n<\/li>\n<li>Th\u1eddi gian s\u1eed d\u1ee5ng: 12 th\u00e1ng<\/li>\n<\/ul>\n<p><strong>L\u00f5i 9: Alkaline<\/strong><\/p>\n<ul>\n<li>Ch\u1ee9c n\u0103ng: L\u00e0m gi\u1ea3m ORP c\u1ee7a n\u01b0\u1edbc, gi\u00fap t\u0103ng c\u01b0\u1eddng mi\u1ec5n d\u1ecbch cho c\u01a1 th\u1ec3 ng\u01b0\u1eddi s\u1eed d\u1ee5ng, \u0111\u1ed3ng th\u1eddi l\u00e0m gi\u1ea3m m\u1ed9t s\u1ed1 b\u1ec7nh th\u00f4ng th\u01b0\u1eddng li\u00ean quan \u0111\u1ebfn c\u1ea3m c\u00fam v\u00e0 b\u1ec7nh li\u00ean quan \u0111\u1ebfn c\u00e1c g\u1ed1c axit t\u1ef1 do. Kh\u00f4ng nh\u1eefng v\u1eady, n\u01b0\u1edbc qua l\u00f5i Alkaline c\u00f2n gi\u00fap b\u1ed5 sung kho\u00e1ng ch\u1ea5t v\u00e0 c\u00e1c ch\u1ea5t \u0111i\u1ec7n gi\u1ea3i c\u00f3 \u00edch cho c\u01a1 th\u1ec3.<\/li>\n<li>Th\u1eddi gian s\u1eed d\u1ee5ng: 12 th\u00e1ng<\/li>\n<\/ul>\n<p><strong>L\u00f5i 10: Nanosilver Mineral<\/strong><\/p>\n<ul>\n<li>Ch\u1ee9c n\u0103ng: Ng\u0103n ch\u1eb7n v\u00e0 ti\u00eau di\u1ec7t 100% vi khu\u1ea9n t\u1eeb kh\u00f4ng kh\u00ed th\u00e2m nh\u1eadp. C\u00f3 t\u00e1c d\u1ee5ng b\u1ed5 sung kho\u00e1ng ch\u1ea5t, ch\u1ea5t \u0111i\u1ec7n gi\u1ea3i c\u00f3 \u00edch. N\u00e2ng cao pH, trung h\u00f2a axit d\u01b0 l\u00e0m c\u01a1 th\u1ec3 kh\u1ecfe h\u01a1n<\/li>\n<li>Th\u1eddi gian s\u1eed d\u1ee5ng: 12 th\u00e1ng<\/li>\n<\/ul>\n<p><strong>L\u00f5i Tourmaline:<\/strong><\/p>\n<ul>\n<li>Ch\u1ee9c n\u0103ng: L\u00f5i l\u1ecdc n\u01b0\u1edbc Tourmaline c\u00f3 t\u00e1c d\u1ee5ng t\u1ea1o ion \u00e2m c\u00f3 l\u1ee3i cho c\u01a1 th\u1ec3 v\u00e0 gi\u1ea3m c\u00e1c t\u00e1c nh\u00e2n c\u00f3 h\u1ea1i trong n\u01b0\u1edbc. Ho\u1ea1t ho\u00e1 n\u01b0\u1edbc, gi\u00fap d\u1ec5 d\u00e0ng h\u1ea5p thu v\u00e0o c\u01a1 th\u1ec3<\/li>\n<li>Th\u1eddi gian s\u1eed d\u1ee5ng: 10 \u2013 12 th\u00e1ng<\/li>\n<\/ul>\n<p><iframe loading=\"lazy\" title=\"YouTube video player\" src=\"https:\/\/www.youtube.com\/embed\/F8Lomq0Poio?si=GCfdgZ8crLBpFNPM\" width=\"560\" height=\"315\" frameborder=\"0\" sandbox=\"allow-same-origin allow-scripts allow-popups allow-forms\" allowfullscreen=\"allowfullscreen\" data-mce-fragment=\"1\"><\/iframe><\/p>\n<h3><strong>L\u1ee3i \u00edch khi s\u1eed d\u1ee5ng M\u00e1y L\u1ecdc N\u01b0\u1edbc Primer QS3<\/strong><\/h3>\n<ul>\n<li><strong>Cung c\u1ea5p ngu\u1ed3n n\u01b0\u1edbc tinh khi\u1ebft, an to\u00e0n:<\/strong>\u00a0Lo\u1ea1i b\u1ecf c\u00e1c t\u1ea1p ch\u1ea5t, vi khu\u1ea9n, kim lo\u1ea1i n\u1eb7ng, mang l\u1ea1i n\u01b0\u1edbc s\u1ea1ch t\u1ed1t cho s\u1ee9c kh\u1ecfe.<\/li>\n<li><strong>Ti\u1ebft ki\u1ec7m di\u1ec7n t\u00edch:<\/strong>\u00a0Ph\u00f9 h\u1ee3p v\u1edbi kh\u00f4ng gian b\u1ebfp nh\u1ecf, kh\u00f4ng c\u1ea7n t\u1ee7 \u0111i k\u00e8m.<\/li>\n<li><strong>D\u1ec5 d\u00e0ng l\u1eafp \u0111\u1eb7t v\u00e0 b\u1ea3o tr\u00ec:<\/strong>\u00a0H\u01b0\u1edbng d\u1eabn s\u1eed d\u1ee5ng chi ti\u1ebft \u0111i k\u00e8m gi\u00fap ng\u01b0\u1eddi d\u00f9ng thao t\u00e1c \u0111\u01a1n gi\u1ea3n.<\/li>\n<li><strong>B\u1ec1n b\u1ec9 v\u00e0 ti\u1ebft ki\u1ec7m \u0111i\u1ec7n:<\/strong>\u00a0Thi\u1ebft k\u1ebf t\u1ed1i \u01b0u \u0111\u1ea3m b\u1ea3o hi\u1ec7u su\u1ea5t cao m\u00e0 v\u1eabn ti\u1ebft ki\u1ec7m chi ph\u00ed \u0111i\u1ec7n n\u0103ng.<\/li>\n<\/ul>\n<div class=\"pi-1\">\n<p>TH\u00d4NG S\u1ed0 K\u0128 THU\u1eacT<\/p>\n<\/div>\n<div class=\"col-inner\">\n<figure class=\"table\">\n<table>\n<thead>\n<tr>\n<th><strong>Th\u00f4ng tin<\/strong><\/th>\n<th><strong>Chi ti\u1ebft<\/strong><\/th>\n<\/tr>\n<\/thead>\n<tbody>\n<tr>\n<td><strong>T\u00ean s\u1ea3n ph\u1ea9m<\/strong><\/td>\n<td>M\u00e1y l\u1ecdc n\u01b0\u1edbc QS3<\/td>\n<\/tr>\n<tr>\n<td><strong>Model<\/strong><\/td>\n<td>QS3<\/td>\n<\/tr>\n<tr>\n<td><strong>\u0110i\u1ec7n \u00e1p v\u00e0o<\/strong><\/td>\n<td>220V<\/td>\n<\/tr>\n<tr>\n<td><strong>\u0110i\u1ec7n \u00e1p ra<\/strong><\/td>\n<td>24V<\/td>\n<\/tr>\n<tr>\n<td><strong>C\u00f4ng su\u1ea5t l\u1ecdc<\/strong><\/td>\n<td>15-20 l\u00edt\/gi\u1edd<\/td>\n<\/tr>\n<tr>\n<td><strong>K\u00edch th\u01b0\u1edbc<\/strong><\/td>\n<td>430 x 300 x 190 mm<\/td>\n<\/tr>\n<\/tbody>\n<\/table>\n<\/figure>\n<\/div>\n<\/div>\n","protected":false},"excerpt":{"rendered":"<p>M\u00d4 T\u1ea2 S\u1ea2N PH\u1ea8M B\u1ea1n \u0111ang t\u00ecm ki\u1ebfm m\u1ed9t chi\u1ebfc m\u00e1y l\u1ecdc n\u01b0\u1edbc\u00a0\u0111\u1ec3 g\u1ea7m (kh\u00f4ng t\u1ee7), nh\u1ecf g\u1ecdn nh\u01b0ng v\u1eabn \u0111\u1ea3m b\u1ea3o hi\u1ec7u qu\u1ea3 l\u1ecdc v\u01b0\u1ee3t tr\u1ed9i?\u00a0M\u00e1y l\u1ecdc n\u01b0\u1edbc Primer QS3\u00a0ch\u00ednh l\u00e0 l\u1ef1a ch\u1ecdn l\u00fd t\u01b0\u1edfng, mang \u0111\u1ebfn ngu\u1ed3n n\u01b0\u1edbc s\u1ea1ch an to\u00e0n cho s\u1ee9c kh\u1ecfe c\u1ea3 gia \u0111\u00ecnh b\u1ea1n. \u0110\u1eb7c \u0111i\u1ec3m n\u1ed5i b\u1eadt 1&#8230;.<\/p>\n","protected":false},"featured_media":5801,"comment_status":"open","ping_status":"closed","template":"","meta":[],"product_brand":[],"product_cat":[83,134],"product_tag":[],"class_list":{"0":"post-5800","1":"product","2":"type-product","3":"status-publish","4":"has-post-thumbnail","6":"product_cat-may-loc-nuoc","7":"product_cat-primer","9":"first","10":"instock","11":"shipping-taxable","12":"product-type-simple"},"_links":{"self":[{"href":"https:\/\/nhadepbepxinh.com.vn\/index.php?rest_route=\/wp\/v2\/product\/5800","targetHints":{"allow":["GET"]}}],"collection":[{"href":"https:\/\/nhadepbepxinh.com.vn\/index.php?rest_route=\/wp\/v2\/product"}],"about":[{"href":"https:\/\/nhadepbepxinh.com.vn\/index.php?rest_route=\/wp\/v2\/types\/product"}],"replies":[{"embeddable":true,"href":"https:\/\/nhadepbepxinh.com.vn\/index.php?rest_route=%2Fwp%2Fv2%2Fcomments&post=5800"}],"wp:featuredmedia":[{"embeddable":true,"href":"https:\/\/nhadepbepxinh.com.vn\/index.php?rest_route=\/wp\/v2\/media\/5801"}],"wp:attachment":[{"href":"https:\/\/nhadepbepxinh.com.vn\/index.php?rest_route=%2Fwp%2Fv2%2Fmedia&parent=5800"}],"wp:term":[{"taxonomy":"product_brand","embeddable":true,"href":"https:\/\/nhadepbepxinh.com.vn\/index.php?rest_route=%2Fwp%2Fv2%2Fproduct_brand&post=5800"},{"taxonomy":"product_cat","embeddable":true,"href":"https:\/\/nhadepbepxinh.com.vn\/index.php?rest_route=%2Fwp%2Fv2%2Fproduct_cat&post=5800"},{"taxonomy":"product_tag","embeddable":true,"href":"https:\/\/nhadepbepxinh.com.vn\/index.php?rest_route=%2Fwp%2Fv2%2Fproduct_tag&post=5800"}],"curies":[{"name":"wp","href":"https:\/\/api.w.org\/{rel}","templated":true}]}}