{"id":5795,"date":"2025-07-16T15:56:39","date_gmt":"2025-07-16T08:56:39","guid":{"rendered":"https:\/\/nhadepbepxinh.com.vn\/?post_type=product&#038;p=5795"},"modified":"2025-07-16T15:56:40","modified_gmt":"2025-07-16T08:56:40","slug":"cay-nuoc-nong-lanh-hut-binh-primer-pl68","status":"publish","type":"product","link":"https:\/\/nhadepbepxinh.com.vn\/?product=cay-nuoc-nong-lanh-hut-binh-primer-pl68","title":{"rendered":"C\u00e2y n\u01b0\u1edbc n\u00f3ng l\u1ea1nh h\u00fat b\u00ecnh Primer PL68"},"content":{"rendered":"<div class=\"pi-1\">\n<p>M\u00d4 T\u1ea2 S\u1ea2N PH\u1ea8M<\/p>\n<\/div>\n<div class=\"col-inner\">\n<p><strong>PL68<\/strong>\u00a0l\u00e0 m\u1eabu\u00a0<strong>c\u00e2y l\u1ecdc n\u01b0\u1edbc n\u00f3ng l\u1ea1nh h\u00fat b\u00ecnh<\/strong>\u00a0hi\u1ec7n \u0111\u1ea1i, t\u00edch h\u1ee3p 3 ch\u1ebf \u0111\u1ed9\u00a0<strong>n\u00f3ng \u2013 l\u1ea1nh \u2013 ngu\u1ed9i<\/strong>\u00a0\u0111\u00e1p \u1ee9ng \u0111\u1ea7y \u0111\u1ee7 nhu c\u1ea7u s\u1eed d\u1ee5ng n\u01b0\u1edbc cho gia \u0111\u00ecnh, v\u0103n ph\u00f2ng, l\u1edbp h\u1ecdc, b\u1ec7nh vi\u1ec7n,\u2026<\/p>\n<p>M\u00e1y n\u1ed5i b\u1eadt v\u1edbi thi\u1ebft k\u1ebf\u00a0<strong>d\u1ea5u b\u00ecnh tinh t\u1ebf<\/strong>, gi\u00fap ti\u1ebft ki\u1ec7m kh\u00f4ng gian, n\u00e2ng cao th\u1ea9m m\u1ef9 cho kh\u00f4ng gian s\u1ed1ng v\u00e0 l\u00e0m vi\u1ec7c.\u00a0<strong>H\u1ec7 th\u1ed1ng l\u00e0m l\u1ea1nh b\u1eb1ng Block<\/strong>\u00a0cho hi\u1ec7u su\u1ea5t l\u00e0m l\u1ea1nh nhanh, s\u00e2u v\u00e0 \u1ed5n \u0111\u1ecbnh.<\/p>\n<p>S\u1ea3n ph\u1ea9m s\u1eed d\u1ee5ng\u00a0<strong>linh ki\u1ec7n cao c\u1ea5p<\/strong>, c\u00f3 \u0111\u1ed9 b\u1ec1n cao, th\u00e2n thi\u1ec7n v\u1edbi m\u00f4i tr\u01b0\u1eddng, \u0111\u1ea3m b\u1ea3o v\u1eadn h\u00e0nh \u00eam \u00e1i v\u00e0 ti\u1ebft ki\u1ec7m \u0111i\u1ec7n n\u0103ng. L\u00e0 gi\u1ea3i ph\u00e1p n\u01b0\u1edbc s\u1ea1ch ti\u1ec7n l\u1ee3i v\u00e0 hi\u1ec7n \u0111\u1ea1i m\u00e0 m\u1ecdi gia \u0111\u00ecnh \u0111\u1ec1u n\u00ean s\u1edf h\u1eefu.<\/p>\n<h3>\u01afu \u0111i\u1ec3m n\u1ed5i b\u1eadt<\/h3>\n<ul>\n<li>T\u00edch h\u1ee3p 3 ch\u1ebf \u0111\u1ed9 n\u01b0\u1edbc:\u00a0<strong>N\u00f3ng \u2013 L\u1ea1nh \u2013 Ngu\u1ed9i<\/strong><\/li>\n<li><strong>Thi\u1ebft k\u1ebf d\u1ea5u b\u00ecnh (h\u00fat b\u00ecnh t\u1eeb \u0111\u00e1y)<\/strong>\u00a0sang tr\u1ecdng, g\u1ecdn g\u00e0ng<\/li>\n<li>L\u00e0m l\u1ea1nh b\u1eb1ng\u00a0<strong>Block<\/strong>\u00a0gi\u00fap l\u00e0m l\u1ea1nh nhanh v\u00e0 s\u00e2u<\/li>\n<li>Nhi\u1ec7t \u0111\u1ed9 n\u01b0\u1edbc \u1ed5n \u0111\u1ecbnh, ph\u00f9 h\u1ee3p nhi\u1ec1u m\u1ee5c \u0111\u00edch s\u1eed d\u1ee5ng<\/li>\n<li><strong>Ph\u1ee5 ki\u1ec7n cao c\u1ea5p<\/strong>, \u0111\u1ed9 b\u1ec1n cao, an to\u00e0n cho ng\u01b0\u1eddi d\u00f9ng<\/li>\n<\/ul>\n<div class=\"pi-1\">\n<p>TH\u00d4NG S\u1ed0 K\u0128 THU\u1eacT<\/p>\n<\/div>\n<div class=\"col-inner\">\n<figure class=\"table\">\n<table>\n<thead>\n<tr>\n<th><strong>Th\u00f4ng s\u1ed1 k\u1ef9 thu\u1eadt<\/strong><\/th>\n<th><strong>Gi\u00e1 tr\u1ecb<\/strong><\/th>\n<\/tr>\n<\/thead>\n<tbody>\n<tr>\n<td>\u0110i\u1ec7n \u00e1p v\u00e0o<\/td>\n<td>220V \u2013 50Hz<\/td>\n<\/tr>\n<tr>\n<td>C\u00f4ng su\u1ea5t l\u00e0m n\u00f3ng<\/td>\n<td>500W<\/td>\n<\/tr>\n<tr>\n<td>C\u00f4ng su\u1ea5t l\u00e0m l\u1ea1nh<\/td>\n<td>80W<\/td>\n<\/tr>\n<tr>\n<td>Nhi\u1ec7t \u0111\u1ed9 n\u01b0\u1edbc n\u00f3ng<\/td>\n<td>85 \u2013 90\u00b0C<\/td>\n<\/tr>\n<tr>\n<td>Nhi\u1ec7t \u0111\u1ed9 n\u01b0\u1edbc l\u1ea1nh<\/td>\n<td>6 \u2013 10\u00b0C<\/td>\n<\/tr>\n<tr>\n<td>H\u1ec7 th\u1ed1ng l\u00e0m l\u1ea1nh<\/td>\n<td>Block l\u00e0m l\u1ea1nh nhanh<\/td>\n<\/tr>\n<tr>\n<td>Thi\u1ebft k\u1ebf<\/td>\n<td>D\u1ea5u b\u00ecnh (h\u00fat b\u00ecnh t\u1eeb d\u01b0\u1edbi)<\/td>\n<\/tr>\n<tr>\n<td>K\u00edch th\u01b0\u1edbc s\u1ea3n ph\u1ea9m (mm)<\/td>\n<td>310 x 340 x 1060<\/td>\n<\/tr>\n<\/tbody>\n<\/table>\n<\/figure>\n<\/div>\n<\/div>\n","protected":false},"excerpt":{"rendered":"<p>M\u00d4 T\u1ea2 S\u1ea2N PH\u1ea8M PL68\u00a0l\u00e0 m\u1eabu\u00a0c\u00e2y l\u1ecdc n\u01b0\u1edbc n\u00f3ng l\u1ea1nh h\u00fat b\u00ecnh\u00a0hi\u1ec7n \u0111\u1ea1i, t\u00edch h\u1ee3p 3 ch\u1ebf \u0111\u1ed9\u00a0n\u00f3ng \u2013 l\u1ea1nh \u2013 ngu\u1ed9i\u00a0\u0111\u00e1p \u1ee9ng \u0111\u1ea7y \u0111\u1ee7 nhu c\u1ea7u s\u1eed d\u1ee5ng n\u01b0\u1edbc cho gia \u0111\u00ecnh, v\u0103n ph\u00f2ng, l\u1edbp h\u1ecdc, b\u1ec7nh vi\u1ec7n,\u2026 M\u00e1y n\u1ed5i b\u1eadt v\u1edbi thi\u1ebft k\u1ebf\u00a0d\u1ea5u b\u00ecnh tinh t\u1ebf, gi\u00fap ti\u1ebft ki\u1ec7m kh\u00f4ng gian, n\u00e2ng cao&#8230;<\/p>\n","protected":false},"featured_media":5796,"comment_status":"open","ping_status":"closed","template":"","meta":[],"product_brand":[],"product_cat":[83,134],"product_tag":[],"class_list":{"0":"post-5795","1":"product","2":"type-product","3":"status-publish","4":"has-post-thumbnail","6":"product_cat-may-loc-nuoc","7":"product_cat-primer","9":"first","10":"instock","11":"shipping-taxable","12":"product-type-simple"},"_links":{"self":[{"href":"https:\/\/nhadepbepxinh.com.vn\/index.php?rest_route=\/wp\/v2\/product\/5795","targetHints":{"allow":["GET"]}}],"collection":[{"href":"https:\/\/nhadepbepxinh.com.vn\/index.php?rest_route=\/wp\/v2\/product"}],"about":[{"href":"https:\/\/nhadepbepxinh.com.vn\/index.php?rest_route=\/wp\/v2\/types\/product"}],"replies":[{"embeddable":true,"href":"https:\/\/nhadepbepxinh.com.vn\/index.php?rest_route=%2Fwp%2Fv2%2Fcomments&post=5795"}],"wp:featuredmedia":[{"embeddable":true,"href":"https:\/\/nhadepbepxinh.com.vn\/index.php?rest_route=\/wp\/v2\/media\/5796"}],"wp:attachment":[{"href":"https:\/\/nhadepbepxinh.com.vn\/index.php?rest_route=%2Fwp%2Fv2%2Fmedia&parent=5795"}],"wp:term":[{"taxonomy":"product_brand","embeddable":true,"href":"https:\/\/nhadepbepxinh.com.vn\/index.php?rest_route=%2Fwp%2Fv2%2Fproduct_brand&post=5795"},{"taxonomy":"product_cat","embeddable":true,"href":"https:\/\/nhadepbepxinh.com.vn\/index.php?rest_route=%2Fwp%2Fv2%2Fproduct_cat&post=5795"},{"taxonomy":"product_tag","embeddable":true,"href":"https:\/\/nhadepbepxinh.com.vn\/index.php?rest_route=%2Fwp%2Fv2%2Fproduct_tag&post=5795"}],"curies":[{"name":"wp","href":"https:\/\/api.w.org\/{rel}","templated":true}]}}