{"id":5777,"date":"2025-07-16T15:24:50","date_gmt":"2025-07-16T08:24:50","guid":{"rendered":"https:\/\/nhadepbepxinh.com.vn\/?post_type=product&#038;p=5777"},"modified":"2025-07-16T15:24:50","modified_gmt":"2025-07-16T08:24:50","slug":"may-loc-nuoc-primer-ion-kiem-loi-pkl-10","status":"publish","type":"product","link":"https:\/\/nhadepbepxinh.com.vn\/?product=may-loc-nuoc-primer-ion-kiem-loi-pkl-10","title":{"rendered":"M\u00e1y l\u1ecdc n\u01b0\u1edbc Primer ion ki\u1ec1m l\u00f5i PKL 10"},"content":{"rendered":"<div class=\"pi-1\">\n<p>M\u00d4 T\u1ea2 S\u1ea2N PH\u1ea8M<\/p>\n<\/div>\n<div class=\"col-inner\">\n<p><strong>PKL 10<\/strong>\u00a0l\u00e0 d\u00f2ng m\u00e1y l\u1ecdc n\u01b0\u1edbc ion ki\u1ec1m l\u00f5i ti\u00eau chu\u1ea9n, ph\u00f9 h\u1ee3p v\u1edbi nhu c\u1ea7u s\u1eed d\u1ee5ng n\u01b0\u1edbc s\u1ea1ch v\u00e0 t\u1ed1t cho s\u1ee9c kh\u1ecfe c\u1ee7a c\u00e1c gia \u0111\u00ecnh, v\u0103n ph\u00f2ng ho\u1eb7c c\u1eeda h\u00e0ng. M\u00e1y \u0111\u01b0\u1ee3c t\u00edch h\u1ee3p\u00a0<strong>2 ch\u1ebf \u0111\u1ed9 n\u01b0\u1edbc<\/strong>:\u00a0<strong>N\u01b0\u1edbc tinh khi\u1ebft<\/strong>\u00a0v\u00e0\u00a0<strong>n\u01b0\u1edbc ion ki\u1ec1m<\/strong>, gi\u00fap ng\u01b0\u1eddi d\u00f9ng linh ho\u1ea1t s\u1eed d\u1ee5ng theo t\u1eebng m\u1ee5c \u0111\u00edch kh\u00e1c nhau nh\u01b0 u\u1ed1ng tr\u1ef1c ti\u1ebfp, n\u1ea5u \u0103n hay h\u1ed7 tr\u1ee3 c\u1ea3i thi\u1ec7n s\u1ee9c kh\u1ecfe.<\/p>\n<p>V\u1edbi\u00a0<strong>h\u1ec7 th\u1ed1ng 10 c\u1ea5p l\u1ecdc hi\u1ec7n \u0111\u1ea1i<\/strong>, k\u1ebft h\u1ee3p m\u00e0ng RO cao c\u1ea5p, PKL 10 c\u00f3 kh\u1ea3 n\u0103ng lo\u1ea1i b\u1ecf \u0111\u1ebfn 99,99% t\u1ea1p ch\u1ea5t, vi khu\u1ea9n, kim lo\u1ea1i n\u1eb7ng, \u0111\u1ed3ng th\u1eddi gi\u1eef l\u1ea1i kho\u00e1ng ch\u1ea5t c\u1ea7n thi\u1ebft cho c\u01a1 th\u1ec3. \u0110\u1eb7c bi\u1ec7t,\u00a0<strong>b\u1ed9 2 l\u00f5i ki\u1ec1m<\/strong>\u00a0gi\u00fap n\u00e2ng \u0111\u1ed9 pH c\u1ee7a n\u01b0\u1edbc l\u00ean 8.5 \u2013 9.5, h\u1ed7 tr\u1ee3 c\u00e2n b\u1eb1ng axit ki\u1ec1m trong c\u01a1 th\u1ec3 v\u00e0 ph\u00f2ng ng\u1eeba nhi\u1ec1u v\u1ea5n \u0111\u1ec1 s\u1ee9c kh\u1ecfe.<\/p>\n<h3>\u01afu \u0111i\u1ec3m n\u1ed5i b\u1eadt<\/h3>\n<ul>\n<li><strong>2 ch\u1ebf \u0111\u1ed9 n\u01b0\u1edbc<\/strong>: N\u01b0\u1edbc tinh khi\u1ebft v\u00e0 n\u01b0\u1edbc ion ki\u1ec1m \u2013 \u0111\u00e1p \u1ee9ng nhu c\u1ea7u u\u1ed1ng tr\u1ef1c ti\u1ebfp, n\u1ea5u \u0103n, pha s\u1eefa,\u2026<\/li>\n<li><strong>10 c\u1ea5p l\u1ecdc ti\u00ean ti\u1ebfn<\/strong>, m\u00e0ng RO lo\u1ea1i b\u1ecf vi khu\u1ea9n, t\u1ea1p ch\u1ea5t, Clo v\u00e0 kim lo\u1ea1i n\u1eb7ng.<\/li>\n<li><strong>2 l\u00f5i ki\u1ec1m cao c\u1ea5p<\/strong>\u00a0t\u1ea1o ra n\u01b0\u1edbc gi\u00e0u hydrogen, h\u1ed7 tr\u1ee3 trung h\u00f2a axit d\u01b0 trong c\u01a1 th\u1ec3.<\/li>\n<li><strong>B\u00ecnh \u00e1p nh\u1ef1a 6 l\u00edt<\/strong>, kh\u00f4ng m\u00f9i, an to\u00e0n, \u0111\u1ea3m b\u1ea3o n\u01b0\u1edbc s\u1ea1ch l\u00e2u d\u00e0i.<\/li>\n<li><strong>Thi\u1ebft k\u1ebf hi\u1ec7n \u0111\u1ea1i, nh\u1ecf g\u1ecdn<\/strong>, ph\u00f9 h\u1ee3p m\u1ecdi kh\u00f4ng gian s\u1eed d\u1ee5ng.<\/li>\n<li><strong>Gi\u00e1 th\u00e0nh h\u1ee3p l\u00fd<\/strong>, d\u1ec5 d\u00e0ng ti\u1ebfp c\u1eadn v\u1edbi m\u1ecdi gia \u0111\u00ecnh.<\/li>\n<\/ul>\n<div class=\"pi-1\">\n<p>TH\u00d4NG S\u1ed0 K\u0128 THU\u1eacT<\/p>\n<\/div>\n<div class=\"col-inner\">\n<figure class=\"table\">\n<table>\n<thead>\n<tr>\n<th>Th\u00f4ng s\u1ed1 k\u1ef9 thu\u1eadt<\/th>\n<th>Gi\u00e1 tr\u1ecb<\/th>\n<\/tr>\n<\/thead>\n<tbody>\n<tr>\n<td>S\u1ed1 c\u1ea5p l\u1ecdc<\/td>\n<td>10 c\u1ea5p<\/td>\n<\/tr>\n<tr>\n<td>Ch\u1ebf \u0111\u1ed9 n\u01b0\u1edbc<\/td>\n<td>N\u01b0\u1edbc tinh khi\u1ebft \u2013 N\u01b0\u1edbc ion ki\u1ec1m<\/td>\n<\/tr>\n<tr>\n<td>C\u00f4ng ngh\u1ec7 t\u1ea1o n\u01b0\u1edbc ki\u1ec1m<\/td>\n<td>Ki\u1ec1m l\u00f5i<\/td>\n<\/tr>\n<tr>\n<td>\u0110i\u1ec7n \u00e1p v\u00e0o<\/td>\n<td>220V \/ 50Hz<\/td>\n<\/tr>\n<tr>\n<td>C\u00f4ng su\u1ea5t ti\u00eau th\u1ee5 \u0111i\u1ec7n<\/td>\n<td>24W<\/td>\n<\/tr>\n<tr>\n<td>C\u00f4ng su\u1ea5t l\u1ecdc<\/td>\n<td>15 \u2013 20 l\u00edt\/gi\u1edd<\/td>\n<\/tr>\n<tr>\n<td>\u0110\u1ed9 pH c\u1ee7a n\u01b0\u1edbc ki\u1ec1m<\/td>\n<td>8.5 \u2013 9.5<\/td>\n<\/tr>\n<tr>\n<td>Dung t\u00edch b\u00ecnh \u00e1p<\/td>\n<td>6 l\u00edt (nh\u1ef1a kh\u00f4ng m\u00f9i, an to\u00e0n)<\/td>\n<\/tr>\n<tr>\n<td>Kh\u1ed1i l\u01b0\u1ee3ng t\u1ecbnh \/ t\u1ed5ng<\/td>\n<td>26kg \/ 28kg<\/td>\n<\/tr>\n<tr>\n<td>K\u00edch th\u01b0\u1edbc s\u1ea3n ph\u1ea9m (mm)<\/td>\n<td>320 x 400 x 1000<\/td>\n<\/tr>\n<tr>\n<td>B\u1ea3o h\u00e0nh<\/td>\n<td>2 n\u0103m<\/td>\n<\/tr>\n<\/tbody>\n<\/table>\n<\/figure>\n<\/div>\n<\/div>\n","protected":false},"excerpt":{"rendered":"<p>M\u00d4 T\u1ea2 S\u1ea2N PH\u1ea8M PKL 10\u00a0l\u00e0 d\u00f2ng m\u00e1y l\u1ecdc n\u01b0\u1edbc ion ki\u1ec1m l\u00f5i ti\u00eau chu\u1ea9n, ph\u00f9 h\u1ee3p v\u1edbi nhu c\u1ea7u s\u1eed d\u1ee5ng n\u01b0\u1edbc s\u1ea1ch v\u00e0 t\u1ed1t cho s\u1ee9c kh\u1ecfe c\u1ee7a c\u00e1c gia \u0111\u00ecnh, v\u0103n ph\u00f2ng ho\u1eb7c c\u1eeda h\u00e0ng. M\u00e1y \u0111\u01b0\u1ee3c t\u00edch h\u1ee3p\u00a02 ch\u1ebf \u0111\u1ed9 n\u01b0\u1edbc:\u00a0N\u01b0\u1edbc tinh khi\u1ebft\u00a0v\u00e0\u00a0n\u01b0\u1edbc ion ki\u1ec1m, gi\u00fap ng\u01b0\u1eddi d\u00f9ng linh ho\u1ea1t s\u1eed&#8230;<\/p>\n","protected":false},"featured_media":5778,"comment_status":"open","ping_status":"closed","template":"","meta":[],"product_brand":[],"product_cat":[83,134],"product_tag":[],"class_list":{"0":"post-5777","1":"product","2":"type-product","3":"status-publish","4":"has-post-thumbnail","6":"product_cat-may-loc-nuoc","7":"product_cat-primer","9":"first","10":"instock","11":"shipping-taxable","12":"product-type-simple"},"_links":{"self":[{"href":"https:\/\/nhadepbepxinh.com.vn\/index.php?rest_route=\/wp\/v2\/product\/5777","targetHints":{"allow":["GET"]}}],"collection":[{"href":"https:\/\/nhadepbepxinh.com.vn\/index.php?rest_route=\/wp\/v2\/product"}],"about":[{"href":"https:\/\/nhadepbepxinh.com.vn\/index.php?rest_route=\/wp\/v2\/types\/product"}],"replies":[{"embeddable":true,"href":"https:\/\/nhadepbepxinh.com.vn\/index.php?rest_route=%2Fwp%2Fv2%2Fcomments&post=5777"}],"wp:featuredmedia":[{"embeddable":true,"href":"https:\/\/nhadepbepxinh.com.vn\/index.php?rest_route=\/wp\/v2\/media\/5778"}],"wp:attachment":[{"href":"https:\/\/nhadepbepxinh.com.vn\/index.php?rest_route=%2Fwp%2Fv2%2Fmedia&parent=5777"}],"wp:term":[{"taxonomy":"product_brand","embeddable":true,"href":"https:\/\/nhadepbepxinh.com.vn\/index.php?rest_route=%2Fwp%2Fv2%2Fproduct_brand&post=5777"},{"taxonomy":"product_cat","embeddable":true,"href":"https:\/\/nhadepbepxinh.com.vn\/index.php?rest_route=%2Fwp%2Fv2%2Fproduct_cat&post=5777"},{"taxonomy":"product_tag","embeddable":true,"href":"https:\/\/nhadepbepxinh.com.vn\/index.php?rest_route=%2Fwp%2Fv2%2Fproduct_tag&post=5777"}],"curies":[{"name":"wp","href":"https:\/\/api.w.org\/{rel}","templated":true}]}}