{"id":5763,"date":"2025-07-16T15:21:57","date_gmt":"2025-07-16T08:21:57","guid":{"rendered":"https:\/\/nhadepbepxinh.com.vn\/?post_type=product&#038;p=5763"},"modified":"2025-07-16T15:21:57","modified_gmt":"2025-07-16T08:21:57","slug":"may-loc-nuoc-primer-ion-kiem-loi-pnk-10","status":"publish","type":"product","link":"https:\/\/nhadepbepxinh.com.vn\/?product=may-loc-nuoc-primer-ion-kiem-loi-pnk-10","title":{"rendered":"M\u00e1y l\u1ecdc n\u01b0\u1edbc Primer ion ki\u1ec1m l\u00f5i PNK 10"},"content":{"rendered":"<div class=\"pi-1\">\n<p>M\u00d4 T\u1ea2 S\u1ea2N PH\u1ea8M<\/p>\n<\/div>\n<div class=\"col-inner\">\n<p><strong>PNK 10<\/strong>\u00a0l\u00e0 d\u00f2ng m\u00e1y l\u1ecdc n\u01b0\u1edbc ion ki\u1ec1m l\u00f5i \u0111\u01b0\u1ee3c t\u00edch h\u1ee3p 3 ch\u1ebf \u0111\u1ed9 n\u01b0\u1edbc:\u00a0<strong>N\u00f3ng \u2013 Ngu\u1ed9i \u2013 Ion Ki\u1ec1m<\/strong>, ph\u00f9 h\u1ee3p s\u1eed d\u1ee5ng cho gia \u0111\u00ecnh, v\u0103n ph\u00f2ng, c\u1eeda h\u00e0ng,\u2026 M\u00e1y s\u1eed d\u1ee5ng h\u1ec7 th\u1ed1ng\u00a0<strong>10 c\u1ea5p l\u1ecdc ti\u00ean ti\u1ebfn<\/strong>, k\u1ebft h\u1ee3p v\u1edbi\u00a0<strong>m\u00e0ng l\u1ecdc RO cao c\u1ea5p<\/strong>, gi\u00fap lo\u1ea1i b\u1ecf t\u1ea1p ch\u1ea5t, vi khu\u1ea9n, kim lo\u1ea1i n\u1eb7ng,\u2026 mang \u0111\u1ebfn ngu\u1ed3n n\u01b0\u1edbc s\u1ea1ch, an to\u00e0n v\u00e0 t\u1ed1t cho s\u1ee9c kh\u1ecfe.<\/p>\n<p>\u0110\u1eb7c bi\u1ec7t,\u00a0<strong>b\u1ed9 2 l\u00f5i ki\u1ec1m<\/strong>\u00a0gi\u00fap t\u1ea1o ra ngu\u1ed3n n\u01b0\u1edbc gi\u00e0u hydrogen v\u00e0 t\u00ednh ki\u1ec1m t\u1ef1 nhi\u00ean (pH 8.5 \u2013 9.5), h\u1ed7 tr\u1ee3 trung h\u00f2a axit d\u01b0 trong c\u01a1 th\u1ec3. Thi\u1ebft k\u1ebf m\u00e1y hi\u1ec7n \u0111\u1ea1i v\u1edbi\u00a0<strong>3 n\u00fam v\u1eb7n ri\u00eang bi\u1ec7t<\/strong>, d\u1ec5 d\u00e0ng l\u1ef1a ch\u1ecdn ch\u1ebf \u0111\u1ed9 n\u01b0\u1edbc ph\u00f9 h\u1ee3p. Ng\u01b0\u1eddi d\u00f9ng c\u00f3 th\u1ec3 ch\u1ecdn gi\u1eefa hai m\u00e0u\u00a0<strong>\u0111en<\/strong>\u00a0v\u00e0\u00a0<strong>xanh<\/strong>\u00a0t\u00f9y theo s\u1edf th\u00edch v\u00e0 kh\u00f4ng gian n\u1ed9i th\u1ea5t.<\/p>\n<h3>\u0110i\u1ec3m n\u1ed5i b\u1eadt<\/h3>\n<ul>\n<li><strong>3 ch\u1ebf \u0111\u1ed9 n\u01b0\u1edbc ti\u1ec7n l\u1ee3i<\/strong>: N\u00f3ng \u2013 Ngu\u1ed9i \u2013 Ki\u1ec1m, ph\u1ee5c v\u1ee5 \u0111a d\u1ea1ng nhu c\u1ea7u s\u1eed d\u1ee5ng.<\/li>\n<li><strong>H\u1ec7 th\u1ed1ng 10 c\u1ea5p l\u1ecdc + m\u00e0ng RO<\/strong>, l\u1ecdc s\u1ea1ch t\u1ed1i \u01b0u, n\u01b0\u1edbc c\u00f3 th\u1ec3 u\u1ed1ng tr\u1ef1c ti\u1ebfp.<\/li>\n<li><strong>2 l\u00f5i t\u1ea1o ki\u1ec1m<\/strong>, cho n\u01b0\u1edbc pH \u1ed5n \u0111\u1ecbnh t\u1eeb 8.5 \u2013 9.5, t\u1ed1t cho s\u1ee9c kh\u1ecfe.<\/li>\n<li><strong>T\u00edch h\u1ee3p ch\u1ebf \u0111\u1ed9 l\u00e0m n\u00f3ng nhanh<\/strong>, ti\u1ec7n l\u1ee3i m\u1ecdi l\u00fac c\u1ea7n d\u00f9ng n\u01b0\u1edbc n\u00f3ng.<\/li>\n<li><strong>3 n\u00fam v\u1eb7n ri\u00eang bi\u1ec7t<\/strong>, d\u1ec5 thao t\u00e1c, b\u1ec1n b\u1ec9 theo th\u1eddi gian.<\/li>\n<li><strong>Thi\u1ebft k\u1ebf hi\u1ec7n \u0111\u1ea1i<\/strong>, c\u00f3 2 m\u00e0u l\u1ef1a ch\u1ecdn:\u00a0<strong>Xanh<\/strong>\u00a0v\u00e0\u00a0<strong>\u0110en<\/strong>.<\/li>\n<li><strong>Gi\u00e1 th\u00e0nh h\u1ee3p l\u00fd<\/strong>, ph\u00f9 h\u1ee3p cho \u0111a d\u1ea1ng \u0111\u1ed1i t\u01b0\u1ee3ng ng\u01b0\u1eddi d\u00f9ng.<\/li>\n<\/ul>\n<div class=\"pi-1\">\n<p>TH\u00d4NG S\u1ed0 K\u0128 THU\u1eacT<\/p>\n<\/div>\n<div class=\"col-inner\">\n<figure class=\"table\">\n<table>\n<thead>\n<tr>\n<th>Th\u00f4ng s\u1ed1 k\u1ef9 thu\u1eadt<\/th>\n<th>Gi\u00e1 tr\u1ecb<\/th>\n<\/tr>\n<\/thead>\n<tbody>\n<tr>\n<td>\u0110i\u1ec7n \u00e1p v\u00e0o<\/td>\n<td>220V \/ 50Hz<\/td>\n<\/tr>\n<tr>\n<td>\u0110i\u1ec7n \u00e1p ra \/ C\u00f4ng su\u1ea5t<\/td>\n<td>24V \/ 500W<\/td>\n<\/tr>\n<tr>\n<td>S\u1ed1 c\u1ea5p l\u1ecdc<\/td>\n<td>10 c\u1ea5p<\/td>\n<\/tr>\n<tr>\n<td>C\u00f4ng su\u1ea5t l\u1ecdc<\/td>\n<td>15 \u2013 20 l\u00edt\/gi\u1edd<\/td>\n<\/tr>\n<tr>\n<td>C\u00f4ng ngh\u1ec7 t\u1ea1o n\u01b0\u1edbc ki\u1ec1m<\/td>\n<td>Ki\u1ec1m l\u00f5i<\/td>\n<\/tr>\n<tr>\n<td>\u0110\u1ed9 pH n\u01b0\u1edbc ki\u1ec1m<\/td>\n<td>8.5 \u2013 9.5<\/td>\n<\/tr>\n<tr>\n<td>S\u1ed1 ch\u1ebf \u0111\u1ed9 n\u01b0\u1edbc<\/td>\n<td>3 ch\u1ebf \u0111\u1ed9 (N\u00f3ng \u2013 Ngu\u1ed9i \u2013 Ki\u1ec1m)<\/td>\n<\/tr>\n<tr>\n<td>H\u1ec7 th\u1ed1ng \u0111i\u1ec1u khi\u1ec3n<\/td>\n<td>3 n\u00fam v\u1eb7n ri\u00eang bi\u1ec7t<\/td>\n<\/tr>\n<tr>\n<td>K\u00edch th\u01b0\u1edbc s\u1ea3n ph\u1ea9m (mm)<\/td>\n<td>320 x 400 x 1000<\/td>\n<\/tr>\n<tr>\n<td>M\u00e0u s\u1eafc<\/td>\n<td>Xanh ho\u1eb7c \u0110en<\/td>\n<\/tr>\n<tr>\n<td>B\u1ea3o h\u00e0nh<\/td>\n<td>2 n\u0103m<\/td>\n<\/tr>\n<\/tbody>\n<\/table>\n<\/figure>\n<\/div>\n<\/div>\n","protected":false},"excerpt":{"rendered":"<p>M\u00d4 T\u1ea2 S\u1ea2N PH\u1ea8M PNK 10\u00a0l\u00e0 d\u00f2ng m\u00e1y l\u1ecdc n\u01b0\u1edbc ion ki\u1ec1m l\u00f5i \u0111\u01b0\u1ee3c t\u00edch h\u1ee3p 3 ch\u1ebf \u0111\u1ed9 n\u01b0\u1edbc:\u00a0N\u00f3ng \u2013 Ngu\u1ed9i \u2013 Ion Ki\u1ec1m, ph\u00f9 h\u1ee3p s\u1eed d\u1ee5ng cho gia \u0111\u00ecnh, v\u0103n ph\u00f2ng, c\u1eeda h\u00e0ng,\u2026 M\u00e1y s\u1eed d\u1ee5ng h\u1ec7 th\u1ed1ng\u00a010 c\u1ea5p l\u1ecdc ti\u00ean ti\u1ebfn, k\u1ebft h\u1ee3p v\u1edbi\u00a0m\u00e0ng l\u1ecdc RO cao c\u1ea5p, gi\u00fap lo\u1ea1i b\u1ecf&#8230;<\/p>\n","protected":false},"featured_media":5764,"comment_status":"open","ping_status":"closed","template":"","meta":[],"product_brand":[],"product_cat":[83,134],"product_tag":[],"class_list":{"0":"post-5763","1":"product","2":"type-product","3":"status-publish","4":"has-post-thumbnail","6":"product_cat-may-loc-nuoc","7":"product_cat-primer","9":"first","10":"instock","11":"shipping-taxable","12":"product-type-simple"},"_links":{"self":[{"href":"https:\/\/nhadepbepxinh.com.vn\/index.php?rest_route=\/wp\/v2\/product\/5763","targetHints":{"allow":["GET"]}}],"collection":[{"href":"https:\/\/nhadepbepxinh.com.vn\/index.php?rest_route=\/wp\/v2\/product"}],"about":[{"href":"https:\/\/nhadepbepxinh.com.vn\/index.php?rest_route=\/wp\/v2\/types\/product"}],"replies":[{"embeddable":true,"href":"https:\/\/nhadepbepxinh.com.vn\/index.php?rest_route=%2Fwp%2Fv2%2Fcomments&post=5763"}],"wp:featuredmedia":[{"embeddable":true,"href":"https:\/\/nhadepbepxinh.com.vn\/index.php?rest_route=\/wp\/v2\/media\/5764"}],"wp:attachment":[{"href":"https:\/\/nhadepbepxinh.com.vn\/index.php?rest_route=%2Fwp%2Fv2%2Fmedia&parent=5763"}],"wp:term":[{"taxonomy":"product_brand","embeddable":true,"href":"https:\/\/nhadepbepxinh.com.vn\/index.php?rest_route=%2Fwp%2Fv2%2Fproduct_brand&post=5763"},{"taxonomy":"product_cat","embeddable":true,"href":"https:\/\/nhadepbepxinh.com.vn\/index.php?rest_route=%2Fwp%2Fv2%2Fproduct_cat&post=5763"},{"taxonomy":"product_tag","embeddable":true,"href":"https:\/\/nhadepbepxinh.com.vn\/index.php?rest_route=%2Fwp%2Fv2%2Fproduct_tag&post=5763"}],"curies":[{"name":"wp","href":"https:\/\/api.w.org\/{rel}","templated":true}]}}