{"id":5759,"date":"2025-07-16T15:18:58","date_gmt":"2025-07-16T08:18:58","guid":{"rendered":"https:\/\/nhadepbepxinh.com.vn\/?post_type=product&#038;p=5759"},"modified":"2025-07-16T15:18:58","modified_gmt":"2025-07-16T08:18:58","slug":"may-loc-nuoc-primer-ion-kiem-plus-338","status":"publish","type":"product","link":"https:\/\/nhadepbepxinh.com.vn\/?product=may-loc-nuoc-primer-ion-kiem-plus-338","title":{"rendered":"M\u00e1y l\u1ecdc n\u01b0\u1edbc Primer ion ki\u1ec1m Plus 338"},"content":{"rendered":"<div class=\"pi-1\">\n<p>M\u00d4 T\u1ea2 S\u1ea2N PH\u1ea8M<\/p>\n<\/div>\n<div class=\"col-inner\">\n<p><strong>PLUS 338<\/strong>\u00a0l\u00e0 m\u1eabu m\u00e1y l\u1ecdc n\u01b0\u1edbc ion ki\u1ec1m \u0111a ch\u1ee9c n\u0103ng, t\u00edch h\u1ee3p c\u1ea3 n\u00f3ng \u2013 l\u1ea1nh \u2013 ion ki\u1ec1m \u2013 n\u01b0\u1edbc baby trong c\u00f9ng m\u1ed9t thi\u1ebft b\u1ecb, gi\u00fap ng\u01b0\u1eddi d\u00f9ng d\u1ec5 d\u00e0ng ti\u1ebfp c\u1eadn ngu\u1ed3n n\u01b0\u1edbc s\u1ea1ch, an to\u00e0n v\u00e0 t\u1ed1t cho s\u1ee9c kh\u1ecfe m\u1ed7i ng\u00e0y.<\/p>\n<p>S\u1ea3n ph\u1ea9m n\u1ed5i b\u1eadt v\u1edbi h\u1ec7 th\u1ed1ng\u00a0<strong>10 c\u1ea5p l\u1ecdc hi\u1ec7n \u0111\u1ea1i<\/strong>, kh\u00f4ng ch\u1ec9 lo\u1ea1i b\u1ecf t\u1ea1p ch\u1ea5t, vi khu\u1ea9n, kim lo\u1ea1i n\u1eb7ng\u2026 m\u00e0 c\u00f2n\u00a0<strong>b\u1ed5 sung kho\u00e1ng ch\u1ea5t t\u1ef1 nhi\u00ean<\/strong>, t\u1ea1o ra d\u00f2ng n\u01b0\u1edbc c\u00f3 l\u1ee3i cho c\u01a1 th\u1ec3. \u0110\u1eb7c bi\u1ec7t, c\u00f4ng ngh\u1ec7 t\u1ea1o ki\u1ec1m b\u1eb1ng l\u00f5i l\u1ecdc chuy\u00ean d\u1ee5ng gi\u00fap \u1ed5n \u0111\u1ecbnh \u0111\u1ed9 pH \u1edf m\u1ee9c t\u1ed1i \u01b0u t\u1eeb 8.5 \u2013 9.5, ph\u00f9 h\u1ee3p v\u1edbi nhu c\u1ea7u s\u1eed d\u1ee5ng n\u01b0\u1edbc ki\u1ec1m h\u1eb1ng ng\u00e0y.<\/p>\n<p>V\u1edbi thi\u1ebft k\u1ebf nh\u1ecf g\u1ecdn, hi\u1ec7n \u0111\u1ea1i, dung t\u00edch ch\u1ee9a n\u01b0\u1edbc n\u00f3ng v\u00e0 l\u1ea1nh ph\u00f9 h\u1ee3p, PLUS 338 l\u00e0 l\u1ef1a ch\u1ecdn l\u00fd t\u01b0\u1edfng cho gia \u0111\u00ecnh, v\u0103n ph\u00f2ng ho\u1eb7c c\u00e1c c\u01a1 s\u1edf ch\u0103m s\u00f3c s\u1ee9c kh\u1ecfe.<\/p>\n<h3>\u0110i\u1ec3m n\u1ed5i b\u1eadt<\/h3>\n<ul>\n<li><strong>4 ch\u1ebf \u0111\u1ed9 n\u01b0\u1edbc<\/strong>: N\u00f3ng, l\u1ea1nh, n\u01b0\u1edbc ion ki\u1ec1m v\u00e0 n\u01b0\u1edbc baby (pH trung t\u00ednh) \u2013 ph\u1ee5c v\u1ee5 linh ho\u1ea1t m\u1ecdi nhu c\u1ea7u sinh ho\u1ea1t v\u00e0 ch\u0103m s\u00f3c s\u1ee9c kh\u1ecfe.<\/li>\n<li><strong>T\u1ea1o n\u01b0\u1edbc ion ki\u1ec1m b\u1eb1ng l\u00f5i l\u1ecdc<\/strong>: Gi\u00fap b\u1ed5 sung hydrogen v\u00e0 t\u00ednh ki\u1ec1m t\u1ef1 nhi\u00ean, h\u1ed7 tr\u1ee3 trung h\u00f2a axit trong c\u01a1 th\u1ec3.<\/li>\n<li><strong>H\u1ec7 th\u1ed1ng l\u1ecdc 10 c\u1ea5p<\/strong>: Lo\u1ea1i b\u1ecf hi\u1ec7u qu\u1ea3 vi khu\u1ea9n, kim lo\u1ea1i n\u1eb7ng, t\u1ea1p ch\u1ea5t v\u00e0 b\u1ed5 sung kho\u00e1ng ch\u1ea5t c\u1ea7n thi\u1ebft cho c\u01a1 th\u1ec3.<\/li>\n<li><strong>N\u01b0\u1edbc baby pH 7.0<\/strong>: Ph\u00f9 h\u1ee3p pha s\u1eefa, u\u1ed1ng thu\u1ed1c ho\u1eb7c s\u1eed d\u1ee5ng cho tr\u1ebb nh\u1ecf v\u00e0 ng\u01b0\u1eddi c\u00f3 h\u1ec7 ti\u00eau h\u00f3a nh\u1ea1y c\u1ea3m.<\/li>\n<li>Thi\u1ebft k\u1ebf hi\u1ec7n \u0111\u1ea1i, d\u1ec5 l\u1eafp \u0111\u1eb7t v\u00e0 s\u1eed d\u1ee5ng.<\/li>\n<\/ul>\n<div class=\"pi-1\">\n<p>TH\u00d4NG S\u1ed0 K\u0128 THU\u1eacT<\/p>\n<\/div>\n<div class=\"col-inner\">\n<figure class=\"table\">\n<table class=\"min-w-full\">\n<thead>\n<tr>\n<th>Th\u00f4ng s\u1ed1<\/th>\n<th>Gi\u00e1 tr\u1ecb<\/th>\n<\/tr>\n<\/thead>\n<tbody>\n<tr>\n<td>\u0110i\u1ec7n \u00e1p v\u00e0o \/ ra<\/td>\n<td>220V \/ 50Hz \u2013 24V DC<\/td>\n<\/tr>\n<tr>\n<td>Dung t\u00edch b\u1ea7u n\u00f3ng \/ l\u1ea1nh<\/td>\n<td>2 l\u00edt \/ 1,5 l\u00edt<\/td>\n<\/tr>\n<tr>\n<td>C\u00f4ng su\u1ea5t n\u00f3ng \/ l\u1ea1nh \/ RO<\/td>\n<td>430W \/ 80W \/ 30W<\/td>\n<\/tr>\n<tr>\n<td>Dung t\u00edch b\u00ecnh \u00e1p<\/td>\n<td>6 l\u00edt<\/td>\n<\/tr>\n<tr>\n<td>C\u00f4ng ngh\u1ec7 t\u1ea1o n\u01b0\u1edbc ki\u1ec1m<\/td>\n<td>T\u1ea1o ki\u1ec1m b\u1eb1ng l\u00f5i l\u1ecdc<\/td>\n<\/tr>\n<tr>\n<td>\u0110\u1ed9 pH n\u01b0\u1edbc ion ki\u1ec1m<\/td>\n<td>8.5 \u2013 9.5<\/td>\n<\/tr>\n<tr>\n<td>S\u1ed1 ch\u1ebf \u0111\u1ed9 n\u01b0\u1edbc<\/td>\n<td>4 ch\u1ebf \u0111\u1ed9 (N\u00f3ng \u2013 L\u1ea1nh \u2013 Ki\u1ec1m \u2013 Baby)<\/td>\n<\/tr>\n<tr>\n<td>S\u1ed1 c\u1ea5p l\u1ecdc<\/td>\n<td>10 c\u1ea5p<\/td>\n<\/tr>\n<tr>\n<td>K\u00edch th\u01b0\u1edbc s\u1ea3n ph\u1ea9m (mm)<\/td>\n<td>320 x 400 x 1000<\/td>\n<\/tr>\n<tr>\n<td>Kh\u1ed1i l\u01b0\u1ee3ng t\u1ecbnh \/ t\u1ed5ng<\/td>\n<td>28 \u2013 32 kg \/ 32 \u2013 34 kg<\/td>\n<\/tr>\n<tr>\n<td>B\u1ea3o h\u00e0nh<\/td>\n<td>2 n\u0103m<\/td>\n<\/tr>\n<\/tbody>\n<\/table>\n<\/figure>\n<\/div>\n<\/div>\n","protected":false},"excerpt":{"rendered":"<p>M\u00d4 T\u1ea2 S\u1ea2N PH\u1ea8M PLUS 338\u00a0l\u00e0 m\u1eabu m\u00e1y l\u1ecdc n\u01b0\u1edbc ion ki\u1ec1m \u0111a ch\u1ee9c n\u0103ng, t\u00edch h\u1ee3p c\u1ea3 n\u00f3ng \u2013 l\u1ea1nh \u2013 ion ki\u1ec1m \u2013 n\u01b0\u1edbc baby trong c\u00f9ng m\u1ed9t thi\u1ebft b\u1ecb, gi\u00fap ng\u01b0\u1eddi d\u00f9ng d\u1ec5 d\u00e0ng ti\u1ebfp c\u1eadn ngu\u1ed3n n\u01b0\u1edbc s\u1ea1ch, an to\u00e0n v\u00e0 t\u1ed1t cho s\u1ee9c kh\u1ecfe m\u1ed7i ng\u00e0y. S\u1ea3n ph\u1ea9m n\u1ed5i b\u1eadt&#8230;<\/p>\n","protected":false},"featured_media":5760,"comment_status":"open","ping_status":"closed","template":"","meta":[],"product_brand":[],"product_cat":[134,83],"product_tag":[],"class_list":{"0":"post-5759","1":"product","2":"type-product","3":"status-publish","4":"has-post-thumbnail","6":"product_cat-primer","7":"product_cat-may-loc-nuoc","9":"first","10":"instock","11":"shipping-taxable","12":"product-type-simple"},"_links":{"self":[{"href":"https:\/\/nhadepbepxinh.com.vn\/index.php?rest_route=\/wp\/v2\/product\/5759","targetHints":{"allow":["GET"]}}],"collection":[{"href":"https:\/\/nhadepbepxinh.com.vn\/index.php?rest_route=\/wp\/v2\/product"}],"about":[{"href":"https:\/\/nhadepbepxinh.com.vn\/index.php?rest_route=\/wp\/v2\/types\/product"}],"replies":[{"embeddable":true,"href":"https:\/\/nhadepbepxinh.com.vn\/index.php?rest_route=%2Fwp%2Fv2%2Fcomments&post=5759"}],"wp:featuredmedia":[{"embeddable":true,"href":"https:\/\/nhadepbepxinh.com.vn\/index.php?rest_route=\/wp\/v2\/media\/5760"}],"wp:attachment":[{"href":"https:\/\/nhadepbepxinh.com.vn\/index.php?rest_route=%2Fwp%2Fv2%2Fmedia&parent=5759"}],"wp:term":[{"taxonomy":"product_brand","embeddable":true,"href":"https:\/\/nhadepbepxinh.com.vn\/index.php?rest_route=%2Fwp%2Fv2%2Fproduct_brand&post=5759"},{"taxonomy":"product_cat","embeddable":true,"href":"https:\/\/nhadepbepxinh.com.vn\/index.php?rest_route=%2Fwp%2Fv2%2Fproduct_cat&post=5759"},{"taxonomy":"product_tag","embeddable":true,"href":"https:\/\/nhadepbepxinh.com.vn\/index.php?rest_route=%2Fwp%2Fv2%2Fproduct_tag&post=5759"}],"curies":[{"name":"wp","href":"https:\/\/api.w.org\/{rel}","templated":true}]}}