{"id":5746,"date":"2025-07-15T16:20:52","date_gmt":"2025-07-15T09:20:52","guid":{"rendered":"https:\/\/nhadepbepxinh.com.vn\/?post_type=product&#038;p=5746"},"modified":"2025-07-15T16:20:52","modified_gmt":"2025-07-15T09:20:52","slug":"ke-gia-bat-nang-ha-higold","status":"publish","type":"product","link":"https:\/\/nhadepbepxinh.com.vn\/?product=ke-gia-bat-nang-ha-higold","title":{"rendered":"K\u1ec7 gi\u00e1 b\u00e1t n\u00e2ng h\u1ea1 Higold"},"content":{"rendered":"<p><strong>HIGOLD<\/strong>\u00a0l\u00e0 th\u01b0\u01a1ng hi\u1ec7u\u00a0<strong>ph\u1ee5 ki\u1ec7n n\u1ed9i th\u1ea5t, ph\u1ee5 ki\u1ec7n t\u1ee7 b\u1ebfp<\/strong>\u00a0ch\u00ednh h\u00e3ng t\u1ea1i Trung Qu\u1ed1c. \u0110\u00e2y l\u00e0 m\u1ed9t trong nh\u1eefng th\u01b0\u01a1ng hi\u1ec7u h\u00e0ng \u0111\u1ea7u v\u1ec1\u00a0<strong>ph\u1ee5 ki\u1ec7n t\u1ee7 b\u1ebfp<\/strong>\u00a0v\u1edbi d\u00e2y chuy\u1ec1n c\u00f4ng ngh\u1ec7 s\u1ea3n xu\u1ea5t theo ti\u00eau chu\u1ea9n ch\u00e2u \u00c2u, c\u00f9ng v\u1edbi \u0111\u1ed9i ng\u0169 thi\u1ebft k\u1ebf chuy\u00ean nghi\u1ec7p \u0111\u00e3 t\u1ea1o ra nh\u1eefng s\u1ea3n ph\u1ea9m ch\u1ea5t l\u01b0\u1ee3ng, t\u00ednh th\u1ea9m m\u1ef9 cao.<\/p>\n<p>Hi\u1ec7n t\u1ea1i nh\u1eefng s\u1ea3n ph\u1ea9m mang th\u01b0\u01a1ng hi\u1ec7u\u00a0<strong>Higold<\/strong>\u00a0\u0111\u00e3 v\u00e0 \u0111ang xu\u1ea5t \u0111i r\u1ea5t nhi\u1ec1u n\u01b0\u1edbc ch\u00e2u \u00c1 v\u00e0 ch\u00e2u \u00c2u tin d\u00f9ng trong vi\u1ec7c b\u1ed1 tr\u00ed thi\u1ebft k\u1ebf v\u00e0 thi c\u00f4ng l\u1eafp \u0111\u1eb7t ph\u1ee5 ki\u1ec7n t\u1ee7 b\u1ebfp.\u00a0<strong>Ph\u1ee5 ki\u1ec7n t\u1ee7 b\u1ebfp Higold<\/strong>\u00a0\u0111ang ng\u00e0y c\u00e0ng \u0111a d\u1ea1ng m\u1eabu m\u00e3, gi\u00fap thay \u0111\u1ed5i ho\u00e0n to\u00e0n c\u00f4ng n\u0103ng, t\u0103ng t\u00ednh th\u1ea9m m\u1ef9 v\u00e0 hi\u1ec7n \u0111\u1ea1i cho kh\u00f4ng gian\u00a0<strong>t\u1ee7 b\u1ebfp.<\/strong><\/p>\n<p><strong>K\u1ec7 gi\u00e1 b\u00e1t n\u00e2ng h\u1ea1 Higold\u00a0 <\/strong>l\u00e0 ph\u1ee5 ki\u1ec7n d\u00f9ng cho h\u1ec7 t\u1ee7 b\u1ebfp tr\u00ean. \u0110\u00e2y \u0111\u01b0\u1ee3c xem l\u00e0 ph\u1ee5 ki\u1ec7n gi\u00fap qu\u00fd kh\u00e1ch h\u00e0ng c\u00f3 th\u1ec3 l\u1ea5y \u0111\u01b0\u1ee3c ch\u00e9n, b\u00e1t, \u0111\u0129a \u1edf tr\u00ean cao m\u1ed9t c\u00e1ch d\u1ec5 d\u00e0ng.<\/p>\n<p><strong>Higold <\/strong>l\u00e0 d\u00f2ng s\u1ea3n ph\u1ea9m cao c\u1ea5p, \u0111\u01b0\u1ee3c nh\u1eadp v\u1edbi tr\u00ean d\u00e2y chuy\u1ec1n s\u1ea3n xu\u1ea5t hi\u1ec7n \u0111\u1ea1i. V\u00ec v\u1eady s\u1ea3n ph\u1ea9m c\u00f3 \u0111\u1ed9 b\u1ec1n v\u1ec1 th\u1eddi gian v\u00e0 t\u00ednh th\u1ea9m m\u1ef9 r\u1ea5t cao. C\u00e1c chi ti\u1ebft m\u1ed1i h\u00e0n inox r\u1ea5t th\u1eabm m\u1ef9 s\u1eafc s\u1ea3o, n\u00ean qu\u00fd kh\u00e1ch ho\u00e0n to\u00e0n y\u00ean t\u00e2m v\u1edbi\u00a0<strong>K\u1ec7 gi\u00e1 b\u00e1t n\u00e2ng h\u1ea1 Higold\u00a0<\/strong><\/p>\n<h1><strong>H\u00ccNH \u1ea2NH MINH H\u1eccA K\u1ec6 GI\u00c1 B\u00c1T N\u00c2NG H\u1ea0 HIGOLD\u00a0<\/strong><\/h1>\n<figure id=\"attachment_114\" class=\"wp-caption aligncenter\" aria-describedby=\"caption-attachment-114\"><a href=\"https:\/\/higoldvietnam.com\/?attachment_id=114\" rel=\"attachment wp-att-114 noopener\" target=\"_blank\"><img loading=\"lazy\" decoding=\"async\" class=\"size-full wp-image-114\" src=\"https:\/\/higoldvietnam.com\/wp-content\/uploads\/2025\/03\/HIGOLD-401331-401332-401333-401334.jpg\" alt=\"\" width=\"1000\" height=\"800\" \/><\/a><figcaption id=\"caption-attachment-114\" class=\"wp-caption-text\">HIGOLD \u2013 K\u1ec6 GI\u00c1 B\u00c1T N\u00c2NG H\u1ea0 INOX 304 C\u00d3 T\u00cdCH H\u1ee2P \u1ed0NG \u0110\u0168A \u0110\u1ee8NG<\/figcaption><\/figure>\n<figure id=\"attachment_113\" class=\"wp-caption aligncenter\" aria-describedby=\"caption-attachment-113\"><a href=\"https:\/\/higoldvietnam.com\/?attachment_id=113\" rel=\"attachment wp-att-113 noopener\" target=\"_blank\"><img loading=\"lazy\" decoding=\"async\" class=\"size-full wp-image-113\" src=\"https:\/\/higoldvietnam.com\/wp-content\/uploads\/2025\/03\/HIGOLD-401331-401332-401333-401334-_H5.jpg\" alt=\"\" width=\"1000\" height=\"800\" \/><\/a><figcaption id=\"caption-attachment-113\" class=\"wp-caption-text\">HIGOLD \u2013 K\u1ec6 GI\u00c1 B\u00c1T N\u00c2NG H\u1ea0 INOX 304 C\u00d3 T\u00cdCH H\u1ee2P \u1ed0NG \u0110\u0168A \u0110\u1ee8NG<\/figcaption><\/figure>\n<figure id=\"attachment_112\" class=\"wp-caption aligncenter\" aria-describedby=\"caption-attachment-112\"><a href=\"https:\/\/higoldvietnam.com\/?attachment_id=112\" rel=\"attachment wp-att-112 noopener\" target=\"_blank\"><img loading=\"lazy\" decoding=\"async\" class=\"size-full wp-image-112\" src=\"https:\/\/higoldvietnam.com\/wp-content\/uploads\/2025\/03\/HIGOLD-401331-401332-401333-401334-_H4.jpg\" alt=\"\" width=\"1000\" height=\"800\" \/><\/a><figcaption id=\"caption-attachment-112\" class=\"wp-caption-text\">HIGOLD \u2013 K\u1ec6 GI\u00c1 B\u00c1T N\u00c2NG H\u1ea0 INOX 304 C\u00d3 T\u00cdCH H\u1ee2P \u1ed0NG \u0110\u0168A \u0110\u1ee8NG<\/figcaption><\/figure>\n<figure id=\"attachment_111\" class=\"wp-caption aligncenter\" aria-describedby=\"caption-attachment-111\"><a href=\"https:\/\/higoldvietnam.com\/?attachment_id=111\" rel=\"attachment wp-att-111 noopener\" target=\"_blank\"><img loading=\"lazy\" decoding=\"async\" class=\"size-full wp-image-111\" src=\"https:\/\/higoldvietnam.com\/wp-content\/uploads\/2025\/03\/HIGOLD-401331-401332-401333-401334-_H3.jpg\" alt=\"\" width=\"1000\" height=\"800\" \/><\/a><figcaption id=\"caption-attachment-111\" class=\"wp-caption-text\">HIGOLD \u2013 K\u1ec6 GI\u00c1 B\u00c1T N\u00c2NG H\u1ea0 INOX 304 C\u00d3 T\u00cdCH H\u1ee2P \u1ed0NG \u0110\u0168A \u0110\u1ee8NG<\/figcaption><\/figure>\n<figure id=\"attachment_110\" class=\"wp-caption aligncenter\" aria-describedby=\"caption-attachment-110\"><a href=\"https:\/\/higoldvietnam.com\/?attachment_id=110\" rel=\"attachment wp-att-110 noopener\" target=\"_blank\"><img loading=\"lazy\" decoding=\"async\" class=\"size-full wp-image-110\" src=\"https:\/\/higoldvietnam.com\/wp-content\/uploads\/2025\/03\/HIGOLD-401331-401332-401333-401334-_H2.jpg\" alt=\"\" width=\"1000\" height=\"800\" \/><\/a><figcaption id=\"caption-attachment-110\" class=\"wp-caption-text\">HIGOLD \u2013 K\u1ec6 GI\u00c1 B\u00c1T N\u00c2NG H\u1ea0 INOX 304 C\u00d3 T\u00cdCH H\u1ee2P \u1ed0NG \u0110\u0168A \u0110\u1ee8NG<br \/>\nK\u00cdCH TH\u01af\u1edaC: <strong>600-700-800-900 mm<\/strong><\/figcaption><\/figure>\n","protected":false},"excerpt":{"rendered":"<p>HIGOLD\u00a0l\u00e0 th\u01b0\u01a1ng hi\u1ec7u\u00a0ph\u1ee5 ki\u1ec7n n\u1ed9i th\u1ea5t, ph\u1ee5 ki\u1ec7n t\u1ee7 b\u1ebfp\u00a0ch\u00ednh h\u00e3ng t\u1ea1i Trung Qu\u1ed1c. \u0110\u00e2y l\u00e0 m\u1ed9t trong nh\u1eefng th\u01b0\u01a1ng hi\u1ec7u h\u00e0ng \u0111\u1ea7u v\u1ec1\u00a0ph\u1ee5 ki\u1ec7n t\u1ee7 b\u1ebfp\u00a0v\u1edbi d\u00e2y chuy\u1ec1n c\u00f4ng ngh\u1ec7 s\u1ea3n xu\u1ea5t theo ti\u00eau chu\u1ea9n ch\u00e2u \u00c2u, c\u00f9ng v\u1edbi \u0111\u1ed9i ng\u0169 thi\u1ebft k\u1ebf chuy\u00ean nghi\u1ec7p \u0111\u00e3 t\u1ea1o ra nh\u1eefng s\u1ea3n ph\u1ea9m ch\u1ea5t l\u01b0\u1ee3ng, t\u00ednh&#8230;<\/p>\n","protected":false},"featured_media":5747,"comment_status":"open","ping_status":"closed","template":"","meta":[],"product_brand":[],"product_cat":[55,133],"product_tag":[],"class_list":{"0":"post-5746","1":"product","2":"type-product","3":"status-publish","4":"has-post-thumbnail","6":"product_cat-phu-kien-tu-bep","7":"product_cat-higold","9":"first","10":"instock","11":"shipping-taxable","12":"product-type-simple"},"_links":{"self":[{"href":"https:\/\/nhadepbepxinh.com.vn\/index.php?rest_route=\/wp\/v2\/product\/5746","targetHints":{"allow":["GET"]}}],"collection":[{"href":"https:\/\/nhadepbepxinh.com.vn\/index.php?rest_route=\/wp\/v2\/product"}],"about":[{"href":"https:\/\/nhadepbepxinh.com.vn\/index.php?rest_route=\/wp\/v2\/types\/product"}],"replies":[{"embeddable":true,"href":"https:\/\/nhadepbepxinh.com.vn\/index.php?rest_route=%2Fwp%2Fv2%2Fcomments&post=5746"}],"wp:featuredmedia":[{"embeddable":true,"href":"https:\/\/nhadepbepxinh.com.vn\/index.php?rest_route=\/wp\/v2\/media\/5747"}],"wp:attachment":[{"href":"https:\/\/nhadepbepxinh.com.vn\/index.php?rest_route=%2Fwp%2Fv2%2Fmedia&parent=5746"}],"wp:term":[{"taxonomy":"product_brand","embeddable":true,"href":"https:\/\/nhadepbepxinh.com.vn\/index.php?rest_route=%2Fwp%2Fv2%2Fproduct_brand&post=5746"},{"taxonomy":"product_cat","embeddable":true,"href":"https:\/\/nhadepbepxinh.com.vn\/index.php?rest_route=%2Fwp%2Fv2%2Fproduct_cat&post=5746"},{"taxonomy":"product_tag","embeddable":true,"href":"https:\/\/nhadepbepxinh.com.vn\/index.php?rest_route=%2Fwp%2Fv2%2Fproduct_tag&post=5746"}],"curies":[{"name":"wp","href":"https:\/\/api.w.org\/{rel}","templated":true}]}}